{"id":5814,"date":"2022-04-20T15:13:51","date_gmt":"2022-04-20T13:13:51","guid":{"rendered":"https:\/\/agora.xtec.cat\/escolacolors\/?page_id=5814"},"modified":"2022-07-09T15:37:46","modified_gmt":"2022-07-09T13:37:46","slug":"estrategia-digital-de-centre-edc","status":"publish","type":"page","link":"https:\/\/agora.xtec.cat\/escolacolors\/projecte-educatiu\/estrategia-digital-de-centre-edc\/","title":{"rendered":"Estrat\u00e8gia Digital de Centre (EDC)"},"content":{"rendered":"<p style=\"text-align: justify;\"><span style=\"color: #000000;\">L\u2019<a href=\"https:\/\/educacio.gencat.cat\/web\/.content\/home\/departament\/publicacions\/colleccions\/pla-educacio-digital\/estrategia-digital-centre\/estrategia-digital-centre.pdf\">Estrat\u00e8gia Digital de Centre<\/a> (EDC) \u00e9s el document que recull totes les accions que es realitzen a l&#8217;escola, i les que es realitzaran a mitj\u00e0 termini, per aconseguir la m\u00e0xima compet\u00e8ncia digital de l\u2019alumnat, del professorat i del centre educatiu. T\u00e9 com a referent el <a href=\"https:\/\/educacio.gencat.cat\/web\/.content\/home\/departament\/publicacions\/colleccions\/pla-educacio-digital\/pla-educacio-digital-catalunya\/pla-educacio-digital.pdf\">Pla d\u2019educaci\u00f3 digital de Catalunya<\/a> (PEDC), on s\u2019indica la necessitat d\u2019assolir la fita d\u2019una societat digitalment competent, fent \u00e8mfasi en l\u2019equitat i tenint en compte l\u2019evoluci\u00f3 del context social i tecnol\u00f2gic.<\/span><\/p>\n<p style=\"text-align: justify;\">L\u2019EDC defineix i concreta les l\u00ednies d\u2019actuaci\u00f3 que fan possible que docents, alumnat i centre assoleixin la compet\u00e8ncia digital. Per aconseguir aquesta compet\u00e8ncia digital, l\u2019EDC compr\u00e8n tots els \u00e0mbits del centre: organitzatius, metodol\u00f2gics, curriculars i comunicatius, els quals s\u2019han de veure necess\u00e0riament implicats i, si escau, transformats, des d\u2019una perspectiva d\u2019innovaci\u00f3 i de millora cont\u00ednua.<\/p>\n<p style=\"text-align: justify;\">Per elaborar l&#8217;EDC, primer s&#8217;ha realitzat una <strong>diagnosi<\/strong> del centre a partir d&#8217;informaci\u00f3 obtinguda d&#8217;enquestes realitzades a docents i alumnat (<a href=\"https:\/\/education.ec.europa.eu\/selfie\">eina SELFIE<\/a>) i a fam\u00edlies. A partir del resultat d&#8217;aquesta diagnosi, dels objectius que marca el PEC, dels objectius que marca el Pla d&#8217;Educaci\u00f3 Digital de Catalunya i d&#8217;una <strong>visi\u00f3\u00a0<\/strong>clara d&#8217;on vol arribar el centre en termes digitals, s&#8217;estableixen els <strong>objectius<\/strong> i es defineix la <strong>planificaci\u00f3<\/strong> d&#8217;accions concretes per aconseguir-los. De forma peri\u00f2dica s&#8217;<strong>avaluar\u00e0<\/strong> el seguiment d&#8217;aquestes activitats i de l&#8217;assoliment dels objectius per si cal modificar i millorar l&#8217;estrat\u00e8gia digital. L&#8217;EDC tamb\u00e9 recull les accions ja consolidades al centre, plans, protocols, normatives, etc. que conformen la <strong>cultura digital del centre<\/strong>.<\/p>\n<table style=\"border-collapse: collapse; width: 100%;\">\n<tbody>\n<tr>\n<td style=\"width: 100%; text-align: center;\"><a href=\"https:\/\/agora.xtec.cat\/escolacolors\/projecte-educatiu\/estrategia-digital-de-centre-edc\/estrategia-digital\/\"><span style=\"font-size: 16px; text-align: start;\">Estrat\u00e8gia digital<\/span><\/a><\/td>\n<\/tr>\n<tr>\n<td style=\"width: 100%; text-align: center;\"><a href=\"https:\/\/agora.xtec.cat\/escolacolors\/projecte-educatiu\/estrategia-digital-de-centre-edc\/cultura-digital\/\"><span style=\"font-size: 16px; text-align: start; background-color: #ffffff;\">Cultura digital<\/span><\/a><\/td>\n<\/tr>\n<\/tbody>\n<\/table>\n<p>&nbsp;<\/p>\n","protected":false},"excerpt":{"rendered":"<p>L\u2019<a href=\"https:\/\/educacio.gencat.cat\/web\/.content\/home\/departament\/publicacions\/colleccions\/pla-educacio-digital\/estrategia-digital-centre\/estrategia-digital-centre.pdf\">Estrat\u00e8gia Digital de Centre<\/a> (EDC) \u00e9s el document que recull totes les accions que es realitzen a l&#8217;escola, i les que es realitzaran a mitj\u00e0 termini, per aconseguir la m\u00e0xima compet\u00e8ncia digital de l\u2019alumnat, del professorat i del centre educatiu. T\u00e9 com a referent&hellip;  <a href=\"https:\/\/agora.xtec.cat\/escolacolors\/projecte-educatiu\/estrategia-digital-de-centre-edc\/\" title=\"Read Estrat\u00e8gia Digital de Centre (EDC)\">Llegeix m\u00e9s\u00bb<\/a><\/p>\n","protected":false},"author":1,"featured_media":0,"parent":64,"menu_order":15,"comment_status":"closed","ping_status":"closed","template":"page-templates\/side-menu.php","meta":{"_bbp_topic_count":0,"_bbp_reply_count":0,"_bbp_total_topic_count":0,"_bbp_total_reply_count":0,"_bbp_voice_count":0,"_bbp_anonymous_reply_count":0,"_bbp_topic_count_hidden":0,"_bbp_reply_count_hidden":0,"_bbp_forum_subforum_count":0,"footnotes":""},"class_list":["post-5814","page","type-page","status-publish","hentry"],"post_mailing_queue_ids":[],"_links":{"self":[{"href":"https:\/\/agora.xtec.cat\/escolacolors\/wp-json\/wp\/v2\/pages\/5814","targetHints":{"allow":["GET"]}}],"collection":[{"href":"https:\/\/agora.xtec.cat\/escolacolors\/wp-json\/wp\/v2\/pages"}],"about":[{"href":"https:\/\/agora.xtec.cat\/escolacolors\/wp-json\/wp\/v2\/types\/page"}],"author":[{"embeddable":true,"href":"https:\/\/agora.xtec.cat\/escolacolors\/wp-json\/wp\/v2\/users\/1"}],"replies":[{"embeddable":true,"href":"https:\/\/agora.xtec.cat\/escolacolors\/wp-json\/wp\/v2\/comments?post=5814"}],"version-history":[{"count":4,"href":"https:\/\/agora.xtec.cat\/escolacolors\/wp-json\/wp\/v2\/pages\/5814\/revisions"}],"predecessor-version":[{"id":6082,"href":"https:\/\/agora.xtec.cat\/escolacolors\/wp-json\/wp\/v2\/pages\/5814\/revisions\/6082"}],"up":[{"embeddable":true,"href":"https:\/\/agora.xtec.cat\/escolacolors\/wp-json\/wp\/v2\/pages\/64"}],"wp:attachment":[{"href":"https:\/\/agora.xtec.cat\/escolacolors\/wp-json\/wp\/v2\/media?parent=5814"}],"curies":[{"name":"wp","href":"https:\/\/api.w.org\/{rel}","templated":true}]}}