{"id":32,"date":"2014-09-18T12:31:33","date_gmt":"2014-09-18T11:31:33","guid":{"rendered":"http:\/\/agora.xtec.cat\/escolacolors\/?page_id=32"},"modified":"2025-09-08T12:31:16","modified_gmt":"2025-09-08T10:31:16","slug":"calendari-del-curs","status":"publish","type":"page","link":"https:\/\/agora.xtec.cat\/escolacolors\/lescola\/calendari-del-curs\/","title":{"rendered":"Calendari curs 25-26"},"content":{"rendered":"<p>L\u2019<b>horari lectiu<\/b> del centre \u00e9s de 9 a 12.30 h i de 15.00 a 16.30 h per a tots els alumnes del centre. L&#8217;horari durant la jornada intensiva \u00e9s de 9 a 13 h.<\/p>\n<p>Per als infants que inicien l\u2019escolaritzaci\u00f3 a I3 s\u2019organitza un breu per\u00edode d\u2019adaptaci\u00f3 que suposa una certa modificaci\u00f3 dels horaris dels primers dies de classe, i que es fa saber a les fam\u00edlies a les reunions pr\u00e8vies corresponents.<\/p>\n<p>Per si voleu descarregar-lo, aqu\u00ed teniu el <a href=\"https:\/\/agora.xtec.cat\/escolacolors\/wp-content\/uploads\/usu1205\/2025\/09\/CALENDARI-ESCOLAR-amb-festius-25-26-.pdf\">CALENDARI ESCOLAR amb festius 25-26<\/a><\/p>\n<h3><strong>Dates curs 25-26:\u00a0<\/strong><\/h3>\n<h4><\/h4>\n<h4><strong>Inici i final de curs<\/strong><\/h4>\n<p>8 de setembre de 2025 i 19 de juny de 2026<\/p>\n<h4><strong>Vacances<\/strong><\/h4>\n<p>Del 20 de desembre de 2025 al 7 de gener de 2026<\/p>\n<p>Del 28 de mar\u00e7 2026 al 6 d&#8217;abril de 2026<\/p>\n<p>A partir del 20 de juny de 2026<\/p>\n<h4><\/h4>\n<h4><strong>Dies festius<\/strong><\/h4>\n<p>11 i 19 de setembre de 2025<\/p>\n<p>12 d&#8217;octubre de 2025<\/p>\n<p>1 de novembre de 2025<\/p>\n<p>6 i 8 de desembre de 2025<\/p>\n<p>1 de maig de 2026<\/p>\n<p>15 de maig de 2026<\/p>\n<h4><\/h4>\n<h4><strong>Dies festius de lliure disposici\u00f3<\/strong><\/h4>\n<p>3 de novembre de 2025<\/p>\n<p>5 de desembre de 2025<\/p>\n<p>16 de febrer de 2026<\/p>\n<p>14 de maig de 2026<\/p>\n<h4><\/h4>\n<h4><strong>Jornada intensiva (9.00h a 13.00h)<\/strong><\/h4>\n<p>19 de desembre de 2025<\/p>\n<p>Del 8 al 19 de juny de 2026<\/p>\n","protected":false},"excerpt":{"rendered":"<p>L\u2019horari lectiu del centre \u00e9s de 9 a 12.30 h i de 15.00 a 16.30 h per a tots els alumnes del centre. L&#8217;horari durant la jornada intensiva \u00e9s de 9 a 13 h.<br \/>\nPer als infants que inicien l\u2019escolaritzaci\u00f3 a I3 s\u2019organitza un breu per\u00edode&hellip;  <a href=\"https:\/\/agora.xtec.cat\/escolacolors\/lescola\/calendari-del-curs\/\" title=\"Read Calendari curs 25-26\">Llegeix m\u00e9s\u00bb<\/a><\/p>\n","protected":false},"author":1,"featured_media":0,"parent":22,"menu_order":20,"comment_status":"closed","ping_status":"closed","template":"page-templates\/side-menu.php","meta":{"_bbp_topic_count":0,"_bbp_reply_count":0,"_bbp_total_topic_count":0,"_bbp_total_reply_count":0,"_bbp_voice_count":0,"_bbp_anonymous_reply_count":0,"_bbp_topic_count_hidden":0,"_bbp_reply_count_hidden":0,"_bbp_forum_subforum_count":0,"footnotes":""},"class_list":["post-32","page","type-page","status-publish","hentry"],"post_mailing_queue_ids":[],"_links":{"self":[{"href":"https:\/\/agora.xtec.cat\/escolacolors\/wp-json\/wp\/v2\/pages\/32","targetHints":{"allow":["GET"]}}],"collection":[{"href":"https:\/\/agora.xtec.cat\/escolacolors\/wp-json\/wp\/v2\/pages"}],"about":[{"href":"https:\/\/agora.xtec.cat\/escolacolors\/wp-json\/wp\/v2\/types\/page"}],"author":[{"embeddable":true,"href":"https:\/\/agora.xtec.cat\/escolacolors\/wp-json\/wp\/v2\/users\/1"}],"replies":[{"embeddable":true,"href":"https:\/\/agora.xtec.cat\/escolacolors\/wp-json\/wp\/v2\/comments?post=32"}],"version-history":[{"count":7,"href":"https:\/\/agora.xtec.cat\/escolacolors\/wp-json\/wp\/v2\/pages\/32\/revisions"}],"predecessor-version":[{"id":8547,"href":"https:\/\/agora.xtec.cat\/escolacolors\/wp-json\/wp\/v2\/pages\/32\/revisions\/8547"}],"up":[{"embeddable":true,"href":"https:\/\/agora.xtec.cat\/escolacolors\/wp-json\/wp\/v2\/pages\/22"}],"wp:attachment":[{"href":"https:\/\/agora.xtec.cat\/escolacolors\/wp-json\/wp\/v2\/media?parent=32"}],"curies":[{"name":"wp","href":"https:\/\/api.w.org\/{rel}","templated":true}]}}