{"id":28,"date":"2014-09-18T12:29:35","date_gmt":"2014-09-18T11:29:35","guid":{"rendered":"http:\/\/agora.xtec.cat\/escolacolors\/?page_id=28"},"modified":"2026-03-10T11:43:50","modified_gmt":"2026-03-10T10:43:50","slug":"consell-escolar","status":"publish","type":"page","link":"https:\/\/agora.xtec.cat\/escolacolors\/lescola\/consell-escolar\/","title":{"rendered":"Consell escolar"},"content":{"rendered":"<p>El <a href=\"http:\/\/familiaiescola.gencat.cat\/ca\/escolaritat\/participacio-compromis\/participacio-coresponsabilitzacio\/participacio-funcionament-centre\/consell-escolar\/\">Consell Escolar<\/a> del Centre \u00e9s l\u2019\u00f2rgan de participaci\u00f3 de la comunitat educativa en el govern de l&#8217;escola. Est\u00e0 format per representants de mestres, mares i pares, personal no docent i un representant de l\u2019ajuntament.<\/p>\n<p>Els representants de les mares i pares s\u00f3n els interlocutors que poden recollir i canalitzar els suggeriments i aportacions d\u2019aquest sector.<\/p>\n<p>El Consell Escolar de la nostra escola est\u00e0 format per:<\/p>\n<table style=\"width: 49.181%; height: 567px;\">\n<tbody>\n<tr style=\"height: 137px;\">\n<td style=\"height: 137px;\">Equip Directiu<\/td>\n<td style=\"height: 137px;\">Ana M\u00aa Tar\u00edn Garcia (directora)<\/p>\n<p>Raquel Garc\u00eda Silgado (cap d&#8217;estudis)<\/p>\n<p>Emilia Bricio S\u00e1nchez (secret\u00e0ria)<\/td>\n<\/tr>\n<tr style=\"height: 177px;\">\n<td style=\"height: 177px;\">Sector mestres<\/td>\n<td style=\"height: 177px;\">N\u00faria Pont Bramona<\/p>\n<p>M.Jos\u00e9 Mu\u00f1oz Abella<\/p>\n<p>M\u00f2nica Centeno Ordeix<\/p>\n<p>Alberto C\u00e1novas Garc\u00eda<\/p>\n<p>Laura Ruiz Romero<\/td>\n<\/tr>\n<tr style=\"height: 177px;\">\n<td style=\"height: 177px;\">Sector pares i mares<\/td>\n<td style=\"height: 177px;\">Claudina Jamardo Beade<\/p>\n<p>Rub\u00e9n Guti\u00e9rrez Mart\u00edn<\/p>\n<p>Manel Ruiz Izquierdo<\/p>\n<p>Sandra Pulido P\u00e9rez<\/td>\n<\/tr>\n<tr style=\"height: 33px;\">\n<td style=\"height: 33px;\">Rep. de l&#8217;AFA<\/td>\n<td style=\"height: 33px;\">\u00a0Fran Carballo Sanz<\/td>\n<\/tr>\n<tr style=\"height: 10px;\">\n<td style=\"height: 10px;\">Rep. de l&#8217;ajuntament<\/td>\n<td style=\"height: 10px;\">Jos\u00e9 Antonio Aguilera Galera<\/td>\n<\/tr>\n<tr style=\"height: 33px;\">\n<td style=\"height: 33px;\">Rep. del PAS<\/td>\n<td style=\"height: 33px;\">Emilio Alonso Ru\u00edz<\/td>\n<\/tr>\n<\/tbody>\n<\/table>\n<p><a href=\"https:\/\/agora.xtec.cat\/escolacolors\/wp-content\/uploads\/usu1205\/2026\/03\/20260129_Certacords_CE3.pdf\">Acords Consell Escolar 29-01-26<\/a><\/p>\n<p><a href=\"https:\/\/agora.xtec.cat\/escolacolors\/wp-content\/uploads\/usu1205\/2026\/01\/20251209_Certacords_CE2.pdf\">Acords Consell Escolar 09-12-25<\/a><\/p>\n<p><a href=\"https:\/\/agora.xtec.cat\/escolacolors\/wp-content\/uploads\/usu1205\/2025\/11\/20251028_Certacords_CE1.pdf\">Acords Consell Escolar 28-10-25<\/a><\/p>\n<p><a href=\"https:\/\/agora.xtec.cat\/escolacolors\/wp-content\/uploads\/usu1205\/2025\/07\/20250630certacordsCE4.pdf\">Acords Consell Escolar 30-06-25<\/a><\/p>\n<p><a href=\"https:\/\/agora.xtec.cat\/escolacolors\/wp-content\/uploads\/usu1205\/2025\/03\/20250327certacordsCE3.pdf\">Acords Consell Escolar 27-03-25<\/a><\/p>\n<p><a href=\"https:\/\/agora.xtec.cat\/escolacolors\/wp-content\/uploads\/usu1205\/2025\/02\/20250204124008388.pdf\">Acords Consell Escolar 27-01-25<\/a><\/p>\n<p><a href=\"https:\/\/agora.xtec.cat\/escolacolors\/wp-content\/uploads\/usu1205\/2024\/10\/20241015certacordsCE1.pdf\">Acords Consell Escolar 15-10-24<\/a><\/p>\n<p><a href=\"https:\/\/agora.xtec.cat\/escolacolors\/wp-content\/uploads\/usu1205\/2024\/07\/20240702CE4.pdf\">Acords Consell Escolar 02-07-24<\/a><\/p>\n<p><a href=\"https:\/\/agora.xtec.cat\/escolacolors\/wp-content\/uploads\/usu1205\/2024\/02\/20230130acordsCE3.pdf\">Acords Consell Escolar 30-01-24<\/a><\/p>\n<p><a href=\"https:\/\/agora.xtec.cat\/escolacolors\/wp-content\/uploads\/usu1205\/2023\/12\/20231219certificatCE2.pdf\">Acords Consell Escolar 28-11-23<\/a><\/p>\n<p><a href=\"https:\/\/agora.xtec.cat\/escolacolors\/wp-content\/uploads\/usu1205\/2023\/11\/20231121115028727.pdf\">Acords Consell Escolar 30-10-23<\/a><\/p>\n<p><a href=\"https:\/\/agora.xtec.cat\/escolacolors\/wp-content\/uploads\/usu1205\/2023\/07\/acordCE6.pdf\">Acords Consell Escolar 04-07-23<\/a><\/p>\n<p><a href=\"https:\/\/agora.xtec.cat\/escolacolors\/wp-content\/uploads\/usu1205\/2023\/07\/acordsCE5.pdf\">Acords Consell Escolar 30-05-23<\/a><\/p>\n<p><a href=\"https:\/\/agora.xtec.cat\/escolacolors\/wp-content\/uploads\/usu1205\/2023\/04\/20230328cert_acordsCE.pdf\">Acords Consell Escolar 28-03-23<\/a><\/p>\n<p><a href=\"https:\/\/agora.xtec.cat\/escolacolors\/wp-content\/uploads\/usu1205\/2023\/02\/20230130-Certificat-CE3.pdf\">Acords Consell Escolar 30-01-23B<\/a><\/p>\n<p><a href=\"https:\/\/agora.xtec.cat\/escolacolors\/wp-content\/uploads\/usu1205\/2023\/02\/20230130-Certificat-CE2.pdf\">Acords Consell Escolar 30-01-23<\/a><\/p>\n<p><a href=\"https:\/\/agora.xtec.cat\/escolacolors\/wp-content\/uploads\/usu1205\/2022\/11\/Certificat-dels-acords.pdf\">Acords Consell Escolar 24-10-22<\/a><\/p>\n<p><a href=\"https:\/\/agora.xtec.cat\/escolacolors\/wp-content\/uploads\/usu1205\/2022\/07\/acords060722B.pdf\">Acords Consell Escolar 06-07-22B<\/a><\/p>\n<p><a href=\"https:\/\/agora.xtec.cat\/escolacolors\/wp-content\/uploads\/usu1205\/2022\/07\/acords060722.pdf\">Acords Consell Escolar 06-07-22<\/a><\/p>\n<p><a href=\"https:\/\/agora.xtec.cat\/escolacolors\/wp-content\/uploads\/usu1205\/2022\/05\/Certificat-Consell-Escolar-16-05-22.pdf\">Acords Consell Escolar 16-05-22<\/a><\/p>\n<p><a href=\"https:\/\/agora.xtec.cat\/escolacolors\/wp-content\/uploads\/usu1205\/2022\/03\/acordsCE210222.pdf\">Acords Consell Escolar 21-02-22<\/a><\/p>\n<p><a href=\"https:\/\/agora.xtec.cat\/escolacolors\/wp-content\/uploads\/usu1205\/2022\/02\/acords270122.pdf\">Acords Consell Escolar 27-01-22<\/a><\/p>\n<p><a href=\"https:\/\/agora.xtec.cat\/escolacolors\/wp-content\/uploads\/usu1205\/2022\/01\/acordsCE9-12-21B.pdf\">Acords Consell Escolar 9-12-21<\/a><\/p>\n<p><a href=\"https:\/\/agora.xtec.cat\/escolacolors\/wp-content\/uploads\/usu1205\/2022\/01\/acordsCE9-12-21A.pdf\">Acords Consell Escolar extraordinari 9-12-21<\/a><\/p>\n<p><a href=\"https:\/\/agora.xtec.cat\/escolacolors\/wp-content\/uploads\/usu1205\/2021\/11\/AcordsCE27-10-21.pdf\">Acords Consell Escolar 27-10-21<\/a><\/p>\n<p><a href=\"https:\/\/agora.xtec.cat\/escolacolors\/wp-content\/uploads\/usu1205\/2021\/10\/Certificat-Consell-Escolar-extra23-09-21.pdf\">Acords Consell Escolar extraordinari 23-09-21<\/a><\/p>\n<p><a href=\"https:\/\/agora.xtec.cat\/escolacolors\/wp-content\/uploads\/usu1205\/2021\/10\/Certificat-Consell-Escolar-23-09-21.pdf\">Acords Consell Escolar 23-09-21<\/a><\/p>\n<p><a href=\"https:\/\/agora.xtec.cat\/escolacolors\/wp-content\/uploads\/usu1205\/2021\/10\/Certificat-Consell-Escolar-08-09-21.pdf\">Acords Consell Escolar 08-09-21<\/a><\/p>\n<p><a href=\"https:\/\/agora.xtec.cat\/escolacolors\/wp-content\/uploads\/usu1205\/2021\/07\/acords-ce-060721.pdf\">Acords Consell Escolar 06-07-21<\/a><\/p>\n<p><a style=\"color: #2795b6;\" href=\"https:\/\/agora.xtec.cat\/escolacolors\/wp-content\/uploads\/usu1205\/2021\/05\/acords-CE060521.pdf\">Acords Consell Escolar 06-05-21<\/a><\/p>\n<p><a style=\"color: #2795b6;\" href=\"https:\/\/agora.xtec.cat\/escolacolors\/wp-content\/uploads\/usu1205\/2021\/02\/consell02022021acord.pdf\">Acords Consell Escolar 02-02-21<\/a><\/p>\n","protected":false},"excerpt":{"rendered":"<p>El <a href=\"http:\/\/familiaiescola.gencat.cat\/ca\/escolaritat\/participacio-compromis\/participacio-coresponsabilitzacio\/participacio-funcionament-centre\/consell-escolar\/\">Consell Escolar<\/a> del Centre \u00e9s l\u2019\u00f2rgan de participaci\u00f3 de la comunitat educativa en el govern de l&#8217;escola. Est\u00e0 format per representants de mestres, mares i pares, personal no docent i un representant de l\u2019ajuntament.<br \/>\nEls representants de les mares i pares s\u00f3n els interlocutors&hellip;  <a href=\"https:\/\/agora.xtec.cat\/escolacolors\/lescola\/consell-escolar\/\" title=\"Read Consell escolar\">Llegeix m\u00e9s\u00bb<\/a><\/p>\n","protected":false},"author":1,"featured_media":0,"parent":22,"menu_order":40,"comment_status":"closed","ping_status":"closed","template":"page-templates\/side-menu.php","meta":{"_bbp_topic_count":0,"_bbp_reply_count":0,"_bbp_total_topic_count":0,"_bbp_total_reply_count":0,"_bbp_voice_count":0,"_bbp_anonymous_reply_count":0,"_bbp_topic_count_hidden":0,"_bbp_reply_count_hidden":0,"_bbp_forum_subforum_count":0,"footnotes":""},"class_list":["post-28","page","type-page","status-publish","hentry"],"post_mailing_queue_ids":[],"_links":{"self":[{"href":"https:\/\/agora.xtec.cat\/escolacolors\/wp-json\/wp\/v2\/pages\/28","targetHints":{"allow":["GET"]}}],"collection":[{"href":"https:\/\/agora.xtec.cat\/escolacolors\/wp-json\/wp\/v2\/pages"}],"about":[{"href":"https:\/\/agora.xtec.cat\/escolacolors\/wp-json\/wp\/v2\/types\/page"}],"author":[{"embeddable":true,"href":"https:\/\/agora.xtec.cat\/escolacolors\/wp-json\/wp\/v2\/users\/1"}],"replies":[{"embeddable":true,"href":"https:\/\/agora.xtec.cat\/escolacolors\/wp-json\/wp\/v2\/comments?post=28"}],"version-history":[{"count":7,"href":"https:\/\/agora.xtec.cat\/escolacolors\/wp-json\/wp\/v2\/pages\/28\/revisions"}],"predecessor-version":[{"id":640,"href":"https:\/\/agora.xtec.cat\/escolacolors\/wp-json\/wp\/v2\/pages\/28\/revisions\/640"}],"up":[{"embeddable":true,"href":"https:\/\/agora.xtec.cat\/escolacolors\/wp-json\/wp\/v2\/pages\/22"}],"wp:attachment":[{"href":"https:\/\/agora.xtec.cat\/escolacolors\/wp-json\/wp\/v2\/media?parent=28"}],"curies":[{"name":"wp","href":"https:\/\/api.w.org\/{rel}","templated":true}]}}