{"id":2435,"date":"2019-09-27T23:25:36","date_gmt":"2019-09-27T21:25:36","guid":{"rendered":"http:\/\/agora.xtec.cat\/escolacolors\/?page_id=2435"},"modified":"2025-02-10T16:18:19","modified_gmt":"2025-02-10T15:18:19","slug":"material-pedagogic","status":"publish","type":"page","link":"https:\/\/agora.xtec.cat\/escolacolors\/lescola\/material-pedagogic\/","title":{"rendered":"Material escolar i pedag\u00f2gic"},"content":{"rendered":"<table>\n<tbody>\n<tr>\n<td><a href=\"https:\/\/agora.xtec.cat\/escolacolors\/wp-content\/uploads\/usu1205\/2022\/07\/mat1.png\"><img loading=\"lazy\" decoding=\"async\" class=\"alignnone size-full wp-image-6095\" src=\"https:\/\/agora.xtec.cat\/escolacolors\/wp-content\/uploads\/usu1205\/2022\/07\/mat1.png\" alt=\"\" width=\"507\" height=\"651\" srcset=\"https:\/\/agora.xtec.cat\/escolacolors\/wp-content\/uploads\/usu1205\/2022\/07\/mat1.png 507w, https:\/\/agora.xtec.cat\/escolacolors\/wp-content\/uploads\/usu1205\/2022\/07\/mat1-234x300.png 234w\" sizes=\"auto, (max-width: 507px) 100vw, 507px\" \/><\/a><\/td>\n<td><a href=\"https:\/\/agora.xtec.cat\/escolacolors\/wp-content\/uploads\/usu1205\/2022\/07\/mat2.png\"><img loading=\"lazy\" decoding=\"async\" class=\"alignnone size-full wp-image-6092\" src=\"https:\/\/agora.xtec.cat\/escolacolors\/wp-content\/uploads\/usu1205\/2022\/07\/mat2.png\" alt=\"\" width=\"507\" height=\"696\" srcset=\"https:\/\/agora.xtec.cat\/escolacolors\/wp-content\/uploads\/usu1205\/2022\/07\/mat2.png 507w, https:\/\/agora.xtec.cat\/escolacolors\/wp-content\/uploads\/usu1205\/2022\/07\/mat2-219x300.png 219w\" sizes=\"auto, (max-width: 507px) 100vw, 507px\" \/><\/a><\/td>\n<\/tr>\n<tr>\n<td><a href=\"https:\/\/agora.xtec.cat\/escolacolors\/wp-content\/uploads\/usu1205\/2022\/07\/mat3.png\"><img loading=\"lazy\" decoding=\"async\" class=\"alignnone size-full wp-image-6093\" src=\"https:\/\/agora.xtec.cat\/escolacolors\/wp-content\/uploads\/usu1205\/2022\/07\/mat3.png\" alt=\"\" width=\"510\" height=\"689\" srcset=\"https:\/\/agora.xtec.cat\/escolacolors\/wp-content\/uploads\/usu1205\/2022\/07\/mat3.png 510w, https:\/\/agora.xtec.cat\/escolacolors\/wp-content\/uploads\/usu1205\/2022\/07\/mat3-222x300.png 222w\" sizes=\"auto, (max-width: 510px) 100vw, 510px\" \/><\/a><\/td>\n<td><a href=\"https:\/\/agora.xtec.cat\/escolacolors\/wp-content\/uploads\/usu1205\/2022\/07\/mat4.png\"><img loading=\"lazy\" decoding=\"async\" class=\"alignnone size-full wp-image-6094\" src=\"https:\/\/agora.xtec.cat\/escolacolors\/wp-content\/uploads\/usu1205\/2022\/07\/mat4.png\" alt=\"\" width=\"515\" height=\"696\" srcset=\"https:\/\/agora.xtec.cat\/escolacolors\/wp-content\/uploads\/usu1205\/2022\/07\/mat4.png 515w, https:\/\/agora.xtec.cat\/escolacolors\/wp-content\/uploads\/usu1205\/2022\/07\/mat4-222x300.png 222w\" sizes=\"auto, (max-width: 515px) 100vw, 515px\" \/><\/a><\/td>\n<\/tr>\n<\/tbody>\n<\/table>\n<p><a href=\"https:\/\/agora.xtec.cat\/escolacolors\/wp-content\/uploads\/usu1205\/2024\/07\/2024QUOTA-MATERIAL-ESCOLAR-I-SORTIDES-INF-CURS-2425.pdf\">Quota de material i sortides 24-25 (Educaci\u00f3 Infantil: I3, I4, I5)<\/a><\/p>\n<p><a href=\"https:\/\/agora.xtec.cat\/escolacolors\/wp-content\/uploads\/usu1205\/2024\/07\/2024QUOTA-MATERIAL-ESCOLAR-I-SORTIDES-PRI-CURS-2425vals.pdf\">Quota de material i sortides 24-25 (Educaci\u00f3 Prim\u00e0ria: 1r, 2n, 3r, 4t, 5\u00e8, 6\u00e8)<\/a><\/p>\n<p><a href=\"https:\/\/agora.xtec.cat\/escolacolors\/wp-content\/uploads\/usu1205\/2025\/02\/Dades-del-pressupost.pdf\">Pressupost 2025<\/a><\/p>\n<p><a href=\"https:\/\/agora.xtec.cat\/escolacolors\/wp-content\/uploads\/usu1205\/2021\/07\/Llistat-de-llibres-21-22.pdf\">Llistat quaderns 24-25<\/a><\/p>\n","protected":false},"excerpt":{"rendered":"<p><a href=\"https:\/\/agora.xtec.cat\/escolacolors\/wp-content\/uploads\/usu1205\/2022\/07\/mat1.png\"><\/a><br \/>\n<a href=\"https:\/\/agora.xtec.cat\/escolacolors\/wp-content\/uploads\/usu1205\/2022\/07\/mat2.png\"><\/a><\/p>\n<p><a href=\"https:\/\/agora.xtec.cat\/escolacolors\/wp-content\/uploads\/usu1205\/2022\/07\/mat3.png\"><\/a><br \/>\n<a href=\"https:\/\/agora.xtec.cat\/escolacolors\/wp-content\/uploads\/usu1205\/2022\/07\/mat4.png\"><\/a><\/p>\n<p><a href=\"https:\/\/agora.xtec.cat\/escolacolors\/wp-content\/uploads\/usu1205\/2024\/07\/2024QUOTA-MATERIAL-ESCOLAR-I-SORTIDES-INF-CURS-2425.pdf\">Quota de material i sortides 24-25 (Educaci\u00f3 Infantil: I3, I4, I5)<\/a><br \/>\n<a href=\"https:\/\/agora.xtec.cat\/escolacolors\/wp-content\/uploads\/usu1205\/2024\/07\/2024QUOTA-MATERIAL-ESCOLAR-I-SORTIDES-PRI-CURS-2425vals.pdf\">Quota de material i sortides 24-25 (Educaci\u00f3 Prim\u00e0ria: 1r, 2n, 3r, 4t, 5\u00e8, 6\u00e8)<\/a><br \/>\n<a href=\"https:\/\/agora.xtec.cat\/escolacolors\/wp-content\/uploads\/usu1205\/2025\/02\/Dades-del-pressupost.pdf\">Pressupost 2025<\/a><br \/>\n<a href=\"https:\/\/agora.xtec.cat\/escolacolors\/wp-content\/uploads\/usu1205\/2021\/07\/Llistat-de-llibres-21-22.pdf\">Llistat quaderns 24-25<\/a><\/p>\n","protected":false},"author":1,"featured_media":0,"parent":22,"menu_order":70,"comment_status":"closed","ping_status":"closed","template":"page-templates\/side-menu.php","meta":{"_bbp_topic_count":0,"_bbp_reply_count":0,"_bbp_total_topic_count":0,"_bbp_total_reply_count":0,"_bbp_voice_count":0,"_bbp_anonymous_reply_count":0,"_bbp_topic_count_hidden":0,"_bbp_reply_count_hidden":0,"_bbp_forum_subforum_count":0,"footnotes":""},"class_list":["post-2435","page","type-page","status-publish","hentry"],"post_mailing_queue_ids":[],"_links":{"self":[{"href":"https:\/\/agora.xtec.cat\/escolacolors\/wp-json\/wp\/v2\/pages\/2435","targetHints":{"allow":["GET"]}}],"collection":[{"href":"https:\/\/agora.xtec.cat\/escolacolors\/wp-json\/wp\/v2\/pages"}],"about":[{"href":"https:\/\/agora.xtec.cat\/escolacolors\/wp-json\/wp\/v2\/types\/page"}],"author":[{"embeddable":true,"href":"https:\/\/agora.xtec.cat\/escolacolors\/wp-json\/wp\/v2\/users\/1"}],"replies":[{"embeddable":true,"href":"https:\/\/agora.xtec.cat\/escolacolors\/wp-json\/wp\/v2\/comments?post=2435"}],"version-history":[{"count":8,"href":"https:\/\/agora.xtec.cat\/escolacolors\/wp-json\/wp\/v2\/pages\/2435\/revisions"}],"predecessor-version":[{"id":8093,"href":"https:\/\/agora.xtec.cat\/escolacolors\/wp-json\/wp\/v2\/pages\/2435\/revisions\/8093"}],"up":[{"embeddable":true,"href":"https:\/\/agora.xtec.cat\/escolacolors\/wp-json\/wp\/v2\/pages\/22"}],"wp:attachment":[{"href":"https:\/\/agora.xtec.cat\/escolacolors\/wp-json\/wp\/v2\/media?parent=2435"}],"curies":[{"name":"wp","href":"https:\/\/api.w.org\/{rel}","templated":true}]}}