{"id":24,"date":"2014-09-18T12:23:15","date_gmt":"2014-09-18T11:23:15","guid":{"rendered":"http:\/\/agora.xtec.cat\/escolacolors\/?page_id=24"},"modified":"2026-03-03T11:45:56","modified_gmt":"2026-03-03T10:45:56","slug":"benvinguda","status":"publish","type":"page","link":"https:\/\/agora.xtec.cat\/escolacolors\/lescola\/benvinguda\/","title":{"rendered":"Benvinguda"},"content":{"rendered":"<div>\n<div style=\"text-align: justify;\">\n<p><span style=\"font-size: medium;\">Benvolguts\/des mares, pares i alumnes,<\/span><\/p>\n<p><span style=\"font-size: medium;\">Com no podria ser d&#8217;una altra manera us donem la benvinguda a l&#8217;escola i a un nou curs.<\/span><\/p>\n<\/div>\n<p>Sou moltes les fam\u00edlies que sentiu l&#8217;emoci\u00f3 de deixar els vostres fills i filles a l&#8217;escola per primera vegada i tamb\u00e9 sou algunes les mestres que comenceu una nova etapa professional a l&#8217;Escola Colors i sentiu el nerviosisme d&#8217;un comen\u00e7ament de curs incert. Benvinguts a tots i a totes! Segurament res ser\u00e0 tan complicat com sembla.<\/p>\n<p>Quan comen\u00e7a un nou curs es tenen per davant innumerables reptes de superaci\u00f3, de creixement i tamb\u00e9 s&#8217;obren, cal dir-ho, incerteses. Esperem acompanyar-vos de la manera m\u00e9s encertada que sapiguem en ambd\u00f3s camins i arribar en acabar el curs que tot just comen\u00e7a, a estar satisfets del cam\u00ed recorregut.<\/p>\n<p style=\"text-align: justify;\">\u00a0<span style=\"font-size: medium;\">Bon curs 2025-2026!<\/span><\/p>\n<\/div>\n<p style=\"text-align: justify;\"><a href=\"http:\/\/agora.xtec.cat\/escolacolors\/wp-content\/uploads\/usu1205\/2016\/09\/P1130098.jpg\"><img loading=\"lazy\" decoding=\"async\" class=\"wp-image-459 alignright\" src=\"http:\/\/agora.xtec.cat\/escolacolors\/wp-content\/uploads\/usu1205\/2016\/09\/P1130098-1024x683.jpg\" alt=\"Olivera\" width=\"524\" height=\"350\" srcset=\"https:\/\/agora.xtec.cat\/escolacolors\/wp-content\/uploads\/usu1205\/2016\/09\/P1130098-1024x683.jpg 1024w, https:\/\/agora.xtec.cat\/escolacolors\/wp-content\/uploads\/usu1205\/2016\/09\/P1130098-300x200.jpg 300w, https:\/\/agora.xtec.cat\/escolacolors\/wp-content\/uploads\/usu1205\/2016\/09\/P1130098-768x512.jpg 768w\" sizes=\"auto, (max-width: 524px) 100vw, 524px\" \/><\/a><\/p>\n","protected":false},"excerpt":{"rendered":"<p>Benvolguts\/des mares, pares i alumnes,<br \/>\nCom no podria ser d&#8217;una altra manera us donem la benvinguda a l&#8217;escola i a un nou curs.<\/p>\n<p>Sou moltes les fam\u00edlies que sentiu l&#8217;emoci\u00f3 de deixar els vostres fills i filles a l&#8217;escola per primera vegada i tamb\u00e9 sou algunes les&hellip;  <a href=\"https:\/\/agora.xtec.cat\/escolacolors\/lescola\/benvinguda\/\" title=\"Read Benvinguda\">Llegeix m\u00e9s\u00bb<\/a><\/p>\n","protected":false},"author":1,"featured_media":0,"parent":22,"menu_order":10,"comment_status":"closed","ping_status":"closed","template":"page-templates\/side-menu.php","meta":{"_bbp_topic_count":0,"_bbp_reply_count":0,"_bbp_total_topic_count":0,"_bbp_total_reply_count":0,"_bbp_voice_count":0,"_bbp_anonymous_reply_count":0,"_bbp_topic_count_hidden":0,"_bbp_reply_count_hidden":0,"_bbp_forum_subforum_count":0,"footnotes":""},"class_list":["post-24","page","type-page","status-publish","hentry"],"post_mailing_queue_ids":[],"_links":{"self":[{"href":"https:\/\/agora.xtec.cat\/escolacolors\/wp-json\/wp\/v2\/pages\/24","targetHints":{"allow":["GET"]}}],"collection":[{"href":"https:\/\/agora.xtec.cat\/escolacolors\/wp-json\/wp\/v2\/pages"}],"about":[{"href":"https:\/\/agora.xtec.cat\/escolacolors\/wp-json\/wp\/v2\/types\/page"}],"author":[{"embeddable":true,"href":"https:\/\/agora.xtec.cat\/escolacolors\/wp-json\/wp\/v2\/users\/1"}],"replies":[{"embeddable":true,"href":"https:\/\/agora.xtec.cat\/escolacolors\/wp-json\/wp\/v2\/comments?post=24"}],"version-history":[{"count":5,"href":"https:\/\/agora.xtec.cat\/escolacolors\/wp-json\/wp\/v2\/pages\/24\/revisions"}],"predecessor-version":[{"id":8958,"href":"https:\/\/agora.xtec.cat\/escolacolors\/wp-json\/wp\/v2\/pages\/24\/revisions\/8958"}],"up":[{"embeddable":true,"href":"https:\/\/agora.xtec.cat\/escolacolors\/wp-json\/wp\/v2\/pages\/22"}],"wp:attachment":[{"href":"https:\/\/agora.xtec.cat\/escolacolors\/wp-json\/wp\/v2\/media?parent=24"}],"curies":[{"name":"wp","href":"https:\/\/api.w.org\/{rel}","templated":true}]}}