{"id":2319,"date":"2019-05-06T16:44:19","date_gmt":"2019-05-06T14:44:19","guid":{"rendered":"http:\/\/agora.xtec.cat\/escolacolors\/?page_id=2319"},"modified":"2022-04-20T15:12:55","modified_gmt":"2022-04-20T13:12:55","slug":"projecte-de-direccio","status":"publish","type":"page","link":"https:\/\/agora.xtec.cat\/escolacolors\/projecte-educatiu\/projecte-de-direccio\/","title":{"rendered":"Projecte de Direcci\u00f3 (PdD)"},"content":{"rendered":"<p>El<a href=\"http:\/\/ensenyament.gencat.cat\/web\/.content\/home\/serveis_territorials\/girona\/inspeccio\/documents_centre\/projecte_direccio\/projecte_direccio.pdf\"> <strong>Projecte de direcci\u00f3<\/strong><\/a>\u00a0\u00e9s un document b\u00e0sic de gesti\u00f3 del centre docent que ordena el desplegament i l&#8217;aplicaci\u00f3 del <a href=\"https:\/\/agora.xtec.cat\/escolacolors\/projecte-educatiu\/pec\/\">PEC<\/a> per al per\u00edode de mandat de la direcci\u00f3, concreta l&#8217;estructura organitzativa i hi inclou uns indicadors que serveixen per avaluar l&#8217;exercici de la direcci\u00f3.\u00a0 El PdD es concreta cada curs mitjan\u00e7ant les <a href=\"https:\/\/agora.xtec.cat\/escolacolors\/projecte-educatiu\/programacio-general-anual-pga\/\">Programacions Generals Anuals<\/a> per tal d&#8217;assolir els objectius formulats al projecte.<\/p>\n<p><span style=\"font-family: inherit; font-size: 1em;\">Aqu\u00ed podeu llegir el <a href=\"https:\/\/agora.xtec.cat\/escolacolors\/wp-content\/uploads\/usu1205\/2021\/07\/PdD-21-25-Escola-Colors.pdf\">Projecte de Direcci\u00f3 de l&#8217;escola Colors<\/a><\/span><span style=\"font-family: inherit; font-size: 1em;\"> pels cursos 2021-2025.<\/span><\/p>\n<table>\n<tbody>\n<tr>\n<td style=\"text-align: center;\"><a href=\"https:\/\/agora.xtec.cat\/escolacolors\/wp-content\/uploads\/usu1205\/2021\/07\/imatge-pdd.png\"><img loading=\"lazy\" decoding=\"async\" class=\"size-full wp-image-4992 aligncenter\" src=\"https:\/\/agora.xtec.cat\/escolacolors\/wp-content\/uploads\/usu1205\/2021\/07\/imatge-pdd.png\" alt=\"\" width=\"531\" height=\"612\" srcset=\"https:\/\/agora.xtec.cat\/escolacolors\/wp-content\/uploads\/usu1205\/2021\/07\/imatge-pdd.png 531w, https:\/\/agora.xtec.cat\/escolacolors\/wp-content\/uploads\/usu1205\/2021\/07\/imatge-pdd-260x300.png 260w\" sizes=\"auto, (max-width: 531px) 100vw, 531px\" \/><\/a><\/td>\n<\/tr>\n<\/tbody>\n<\/table>\n<p>&nbsp;<\/p>\n<p><span style=\"font-family: inherit; font-size: 1em;\">Aqu\u00ed podeu llegir el <\/span><a style=\"font-family: inherit; font-size: 1em;\" href=\"https:\/\/agora.xtec.cat\/escolacolors\/wp-content\/uploads\/usu1205\/2019\/05\/PdDEDAdefinitiu.pdf\">Projecte de Direcci\u00f3 de l&#8217;Escola Colors<\/a><span style=\"font-family: inherit; font-size: 1em;\">\u00a0pels cursos 2017-2021<\/span><\/p>\n","protected":false},"excerpt":{"rendered":"<p>El<a href=\"http:\/\/ensenyament.gencat.cat\/web\/.content\/home\/serveis_territorials\/girona\/inspeccio\/documents_centre\/projecte_direccio\/projecte_direccio.pdf\"> Projecte de direcci\u00f3<\/a>\u00a0\u00e9s un document b\u00e0sic de gesti\u00f3 del centre docent que ordena el desplegament i l&#8217;aplicaci\u00f3 del <a href=\"https:\/\/agora.xtec.cat\/escolacolors\/projecte-educatiu\/pec\/\">PEC<\/a> per al per\u00edode de mandat de la direcci\u00f3, concreta l&#8217;estructura organitzativa i hi inclou uns indicadors que serveixen per avaluar l&#8217;exercici de la&hellip;  <a href=\"https:\/\/agora.xtec.cat\/escolacolors\/projecte-educatiu\/projecte-de-direccio\/\" title=\"Read Projecte de Direcci\u00f3 (PdD)\">Llegeix m\u00e9s\u00bb<\/a><\/p>\n","protected":false},"author":1,"featured_media":0,"parent":64,"menu_order":50,"comment_status":"closed","ping_status":"closed","template":"page-templates\/side-menu.php","meta":{"_bbp_topic_count":0,"_bbp_reply_count":0,"_bbp_total_topic_count":0,"_bbp_total_reply_count":0,"_bbp_voice_count":0,"_bbp_anonymous_reply_count":0,"_bbp_topic_count_hidden":0,"_bbp_reply_count_hidden":0,"_bbp_forum_subforum_count":0,"footnotes":""},"class_list":["post-2319","page","type-page","status-publish","hentry"],"post_mailing_queue_ids":[],"_links":{"self":[{"href":"https:\/\/agora.xtec.cat\/escolacolors\/wp-json\/wp\/v2\/pages\/2319","targetHints":{"allow":["GET"]}}],"collection":[{"href":"https:\/\/agora.xtec.cat\/escolacolors\/wp-json\/wp\/v2\/pages"}],"about":[{"href":"https:\/\/agora.xtec.cat\/escolacolors\/wp-json\/wp\/v2\/types\/page"}],"author":[{"embeddable":true,"href":"https:\/\/agora.xtec.cat\/escolacolors\/wp-json\/wp\/v2\/users\/1"}],"replies":[{"embeddable":true,"href":"https:\/\/agora.xtec.cat\/escolacolors\/wp-json\/wp\/v2\/comments?post=2319"}],"version-history":[{"count":3,"href":"https:\/\/agora.xtec.cat\/escolacolors\/wp-json\/wp\/v2\/pages\/2319\/revisions"}],"predecessor-version":[{"id":4995,"href":"https:\/\/agora.xtec.cat\/escolacolors\/wp-json\/wp\/v2\/pages\/2319\/revisions\/4995"}],"up":[{"embeddable":true,"href":"https:\/\/agora.xtec.cat\/escolacolors\/wp-json\/wp\/v2\/pages\/64"}],"wp:attachment":[{"href":"https:\/\/agora.xtec.cat\/escolacolors\/wp-json\/wp\/v2\/media?parent=2319"}],"curies":[{"name":"wp","href":"https:\/\/api.w.org\/{rel}","templated":true}]}}