{"id":2211,"date":"2019-03-29T13:16:39","date_gmt":"2019-03-29T12:16:39","guid":{"rendered":"http:\/\/agora.xtec.cat\/escolacolors\/?page_id=2211"},"modified":"2022-07-18T23:41:28","modified_gmt":"2022-07-18T21:41:28","slug":"programacio-general-anual-pga","status":"publish","type":"page","link":"https:\/\/agora.xtec.cat\/escolacolors\/projecte-educatiu\/programacio-general-anual-pga\/","title":{"rendered":"Programaci\u00f3 General Anual (PGA)"},"content":{"rendered":"<p style=\"text-align: justify;\">La Programaci\u00f3 General Anual \u00e9s el document normatiu que concreta\u00a0les actuacions per a cada curs a partir del\u00a0<a href=\"https:\/\/agora.xtec.cat\/escolacolors\/projecte-educatiu\/pec\/\">Projecte Educatiu de Centre<\/a>. <em>Ha d\u2019explicitar les prioritats i els aspectes relatius al funcionament dels centres per\u00a0<\/em><em>al curs escolar, fent \u00e8mfasi en els seg\u00fcents aspectes:<\/em><\/p>\n<ul style=\"list-style-type: circle; text-align: justify;\">\n<li><em>Prioritats del curs: concrecions d\u2019objectius, actuacions (temporitzaci\u00f3 i<\/em><br \/>\n<em>responsabilitats) i indicadors d\u2019avaluaci\u00f3.<\/em><\/li>\n<li><em>Funcionament i organitzaci\u00f3 del curs: informacions m\u00e9s rellevants que<\/em><br \/>\n<em>conformen la planificaci\u00f3 de l\u2019any escolar.*<\/em><\/li>\n<\/ul>\n<p style=\"text-align: justify;\">La PGA \u00e9s valorada al final del curs a partir dels indicadors d\u2019avaluaci\u00f3 previstos a l&#8217;inici. La Mem\u00f2ria del curs recollir\u00e0 la valoraci\u00f3 de les actuacions fetes i pendents.<\/p>\n<p>&nbsp;<\/p>\n<p>&nbsp;<\/p>\n<p style=\"text-align: justify;\"><em>* Extret de\u00a0<a href=\"http:\/\/ensenyament.gencat.cat\/web\/.content\/home\/departament\/inspecccio-educacio\/estudis\/programacio-general-anual.pdf\">Pautes per a l\u2019assessorament dels centres en l\u2019elaboraci\u00f3 <\/a>de la Programaci\u00f3 General Anual (PGA) i la Mem\u00f2ria Anual (MA) de centre\u00a0<\/em><\/p>\n","protected":false},"excerpt":{"rendered":"<p>La Programaci\u00f3 General Anual \u00e9s el document normatiu que concreta\u00a0les actuacions per a cada curs a partir del\u00a0<a href=\"https:\/\/agora.xtec.cat\/escolacolors\/projecte-educatiu\/pec\/\">Projecte Educatiu de Centre<\/a>. Ha d\u2019explicitar les prioritats i els aspectes relatius al funcionament dels centres per\u00a0al curs escolar, fent \u00e8mfasi en els seg\u00fcents aspectes:<\/p>\n<ul style=\"list-style-type: circle;&hellip;  <a href=\"https:\/\/agora.xtec.cat\/escolacolors\/projecte-educatiu\/programacio-general-anual-pga\/\" title=\"Read Programaci\u00f3 General Anual (PGA)\">Llegeix m\u00e9s\u00bb<\/a><\/p>\n","protected":false},"author":1,"featured_media":0,"parent":64,"menu_order":60,"comment_status":"closed","ping_status":"closed","template":"page-templates\/side-menu.php","meta":{"_bbp_topic_count":0,"_bbp_reply_count":0,"_bbp_total_topic_count":0,"_bbp_total_reply_count":0,"_bbp_voice_count":0,"_bbp_anonymous_reply_count":0,"_bbp_topic_count_hidden":0,"_bbp_reply_count_hidden":0,"_bbp_forum_subforum_count":0,"footnotes":""},"class_list":["post-2211","page","type-page","status-publish","hentry"],"post_mailing_queue_ids":[],"_links":{"self":[{"href":"https:\/\/agora.xtec.cat\/escolacolors\/wp-json\/wp\/v2\/pages\/2211","targetHints":{"allow":["GET"]}}],"collection":[{"href":"https:\/\/agora.xtec.cat\/escolacolors\/wp-json\/wp\/v2\/pages"}],"about":[{"href":"https:\/\/agora.xtec.cat\/escolacolors\/wp-json\/wp\/v2\/types\/page"}],"author":[{"embeddable":true,"href":"https:\/\/agora.xtec.cat\/escolacolors\/wp-json\/wp\/v2\/users\/1"}],"replies":[{"embeddable":true,"href":"https:\/\/agora.xtec.cat\/escolacolors\/wp-json\/wp\/v2\/comments?post=2211"}],"version-history":[{"count":3,"href":"https:\/\/agora.xtec.cat\/escolacolors\/wp-json\/wp\/v2\/pages\/2211\/revisions"}],"predecessor-version":[{"id":6128,"href":"https:\/\/agora.xtec.cat\/escolacolors\/wp-json\/wp\/v2\/pages\/2211\/revisions\/6128"}],"up":[{"embeddable":true,"href":"https:\/\/agora.xtec.cat\/escolacolors\/wp-json\/wp\/v2\/pages\/64"}],"wp:attachment":[{"href":"https:\/\/agora.xtec.cat\/escolacolors\/wp-json\/wp\/v2\/media?parent=2211"}],"curies":[{"name":"wp","href":"https:\/\/api.w.org\/{rel}","templated":true}]}}