{"id":2144,"date":"2019-03-09T19:15:14","date_gmt":"2019-03-09T18:15:14","guid":{"rendered":"http:\/\/agora.xtec.cat\/escolacolors\/?page_id=2144"},"modified":"2025-06-16T09:25:08","modified_gmt":"2025-06-16T07:25:08","slug":"preinscripcio-i-matricula","status":"publish","type":"page","link":"https:\/\/agora.xtec.cat\/escolacolors\/lescola\/preinscripcio-i-matricula\/","title":{"rendered":"Preinscripci\u00f3 i matr\u00edcula curs 25-26"},"content":{"rendered":"<p><a href=\"https:\/\/agora.xtec.cat\/escolacolors\/wp-content\/uploads\/usu1205\/2025\/02\/Exports_V03.jpg\"><img loading=\"lazy\" decoding=\"async\" class=\"aligncenter size-large wp-image-8134\" src=\"https:\/\/agora.xtec.cat\/escolacolors\/wp-content\/uploads\/usu1205\/2025\/02\/Exports_V03-1024x200.jpg\" alt=\"\" width=\"1024\" height=\"200\" srcset=\"https:\/\/agora.xtec.cat\/escolacolors\/wp-content\/uploads\/usu1205\/2025\/02\/Exports_V03-1024x200.jpg 1024w, https:\/\/agora.xtec.cat\/escolacolors\/wp-content\/uploads\/usu1205\/2025\/02\/Exports_V03-300x59.jpg 300w, https:\/\/agora.xtec.cat\/escolacolors\/wp-content\/uploads\/usu1205\/2025\/02\/Exports_V03-768x150.jpg 768w, https:\/\/agora.xtec.cat\/escolacolors\/wp-content\/uploads\/usu1205\/2025\/02\/Exports_V03-1536x301.jpg 1536w, https:\/\/agora.xtec.cat\/escolacolors\/wp-content\/uploads\/usu1205\/2025\/02\/Exports_V03.jpg 1900w\" sizes=\"auto, (max-width: 1024px) 100vw, 1024px\" \/><\/a><\/p>\n<p style=\"text-align: center;\"><strong>Tota la informaci\u00f3 a la web del Departament d&#8217;Educaci\u00f3\u00a0<a href=\"https:\/\/preinscripcio.gencat.cat\">https:\/\/preinscripcio.gencat.cat<\/a><\/strong><\/p>\n<p style=\"text-align: center;\"><a href=\"https:\/\/preinscripcio.gencat.cat\/ca\/estudis\/infantil-3-6\/informat\/calendari\/\">CALENDARI<\/a><\/p>\n<table class=\" aligncenter\" style=\"border-collapse: collapse; width: 70.2335%;\">\n<tbody>\n<tr>\n<td style=\"width: 47.8794%;\"><a href=\"https:\/\/agora.xtec.cat\/escolacolors\/wp-content\/uploads\/usu1205\/2025\/02\/Captura-de-pantalla-2025-02-04-101405-e1738664183350.jpg\"><img loading=\"lazy\" decoding=\"async\" class=\"aligncenter wp-image-8065 \" src=\"https:\/\/agora.xtec.cat\/escolacolors\/wp-content\/uploads\/usu1205\/2025\/02\/Captura-de-pantalla-2025-02-04-101405-e1738664183350-1024x556.jpg\" alt=\"\" width=\"586\" height=\"318\" srcset=\"https:\/\/agora.xtec.cat\/escolacolors\/wp-content\/uploads\/usu1205\/2025\/02\/Captura-de-pantalla-2025-02-04-101405-e1738664183350-1024x556.jpg 1024w, https:\/\/agora.xtec.cat\/escolacolors\/wp-content\/uploads\/usu1205\/2025\/02\/Captura-de-pantalla-2025-02-04-101405-e1738664183350-300x163.jpg 300w, https:\/\/agora.xtec.cat\/escolacolors\/wp-content\/uploads\/usu1205\/2025\/02\/Captura-de-pantalla-2025-02-04-101405-e1738664183350-768x417.jpg 768w, https:\/\/agora.xtec.cat\/escolacolors\/wp-content\/uploads\/usu1205\/2025\/02\/Captura-de-pantalla-2025-02-04-101405-e1738664183350.jpg 1147w\" sizes=\"auto, (max-width: 586px) 100vw, 586px\" \/><\/a><\/td>\n<td style=\"width: 20.6706%;\"><a href=\"https:\/\/agora.xtec.cat\/escolacolors\/wp-content\/uploads\/usu1205\/2025\/05\/IMG-20250508-WA00001.jpg\"><img loading=\"lazy\" decoding=\"async\" class=\"wp-image-8360 alignleft\" src=\"https:\/\/agora.xtec.cat\/escolacolors\/wp-content\/uploads\/usu1205\/2025\/05\/IMG-20250508-WA00001-819x1024.jpg\" alt=\"\" width=\"234\" height=\"293\" srcset=\"https:\/\/agora.xtec.cat\/escolacolors\/wp-content\/uploads\/usu1205\/2025\/05\/IMG-20250508-WA00001-819x1024.jpg 819w, https:\/\/agora.xtec.cat\/escolacolors\/wp-content\/uploads\/usu1205\/2025\/05\/IMG-20250508-WA00001-240x300.jpg 240w, https:\/\/agora.xtec.cat\/escolacolors\/wp-content\/uploads\/usu1205\/2025\/05\/IMG-20250508-WA00001-768x960.jpg 768w, https:\/\/agora.xtec.cat\/escolacolors\/wp-content\/uploads\/usu1205\/2025\/05\/IMG-20250508-WA00001.jpg 1080w\" sizes=\"auto, (max-width: 234px) 100vw, 234px\" \/><\/a><\/td>\n<\/tr>\n<\/tbody>\n<\/table>\n<p>&nbsp;<\/p>\n<p><span style=\"color: #ff0000;\"><strong>NOVETAT <span style=\"color: #000000;\">(16-06-25)<\/span><\/strong> <strong><a href=\"https:\/\/agora.xtec.cat\/escolacolors\/wp-content\/uploads\/usu1205\/2025\/06\/INFORME_ASSIGNADES_INFORME_ASSIGNADES.pdf\">Llista d&#8217;admesos<\/a><span style=\"color: #000000;\"> i<\/span> <a href=\"https:\/\/agora.xtec.cat\/escolacolors\/wp-content\/uploads\/usu1205\/2025\/06\/INFORME_LLISTA_ESPERA_OME_LLISTA_ESPERA.pdf\">Llista d&#8217;espera<\/a><span style=\"color: #000000;\">.<\/span><\/strong><\/span><\/p>\n<p>(09-05-25) <a href=\"https:\/\/agora.xtec.cat\/escolacolors\/wp-content\/uploads\/usu1205\/2025\/05\/20250509_INFORME_BAREM_DEFINITIU_BAREM.pdf\">Llista de sol\u00b7licituds ordenada<\/a><\/p>\n<p><span style=\"color: #ff0000;\"><span style=\"color: #000000;\">(08-05-25) <\/span><span style=\"color: #000000;\">N\u00famero de desempat: <\/span><span style=\"color: #0000ff;\"><span class=\"ui-provider gr b c d e f g h i j k l m n o p q r s t u v w x y z ab ac ae af ag ah ai aj ak\" dir=\"ltr\">76.261<\/span><\/span><\/span><\/p>\n<p><span style=\"color: #ff0000;\"><span style=\"color: #000000;\">(05-05-25) <a href=\"https:\/\/agora.xtec.cat\/escolacolors\/wp-content\/uploads\/usu1205\/2025\/05\/20250505_INFORME_BAREM_RESOLTES_BAREM.pdf\">Llista de sol\u00b7licituds amb puntuaci\u00f3 (resoltes reclamacions)<\/a><\/span><\/span><\/p>\n<p><span style=\"color: #ff0000;\"><span style=\"color: #000000;\">(24-04-25) <\/span><span style=\"color: #000000;\"><a href=\"https:\/\/agora.xtec.cat\/escolacolors\/wp-content\/uploads\/usu1205\/2025\/04\/20250424_INFORME_BAREM_PROVISIONAL_BAREM.pdf\">Llista de sol\u00b7licituds amb puntuaci\u00f3 provisional<\/a><\/span><\/span><\/p>\n<p><span style=\"color: #ff0000;\"><span style=\"color: #000000;\">(11-03-25)<\/span><span style=\"color: #000000;\"> <a href=\"https:\/\/agora.xtec.cat\/escolacolors\/wp-content\/uploads\/usu1205\/2025\/03\/20250311_Publicacio_Oferta_Inicial.pdf\">Oferta inicial de places<\/a><\/span><\/span><\/p>\n<p><strong>Presentaci\u00f3 de sol\u00b7licituds de preinscripci\u00f3:<\/strong> del 12 al 26 de mar\u00e7 de 2025.<\/p>\n<p><strong>Jornades de Portes Obertes a l&#8217;escola Colors:<\/strong> 04-03-25 a les 15.15h.<\/p>\n<p><strong>Jornada &#8220;Comen\u00e7a el viatge a l&#8217;escola dels grans&#8221;<\/strong>: 13-02-25, a les 18.00h al Teatre Auditori de Bellavista.<\/p>\n<table style=\"border-collapse: collapse; width: 93.6135%;\">\n<tbody>\n<tr>\n<td style=\"width: 46.7632%;\"><a href=\"https:\/\/agora.xtec.cat\/escolacolors\/wp-content\/uploads\/usu1205\/2025\/02\/Captura-de-pantalla-2025-02-04-112730.jpg\"><img loading=\"lazy\" decoding=\"async\" class=\"aligncenter wp-image-8071\" src=\"https:\/\/agora.xtec.cat\/escolacolors\/wp-content\/uploads\/usu1205\/2025\/02\/Captura-de-pantalla-2025-02-04-112730.jpg\" alt=\"\" width=\"514\" height=\"729\" srcset=\"https:\/\/agora.xtec.cat\/escolacolors\/wp-content\/uploads\/usu1205\/2025\/02\/Captura-de-pantalla-2025-02-04-112730.jpg 587w, https:\/\/agora.xtec.cat\/escolacolors\/wp-content\/uploads\/usu1205\/2025\/02\/Captura-de-pantalla-2025-02-04-112730-212x300.jpg 212w\" sizes=\"auto, (max-width: 514px) 100vw, 514px\" \/><\/a><\/td>\n<td style=\"width: 46.7224%;\"><a href=\"https:\/\/agora.xtec.cat\/escolacolors\/wp-content\/uploads\/usu1205\/2025\/02\/Captura-de-pantalla-2025-02-04-101837.jpg\"><img loading=\"lazy\" decoding=\"async\" class=\"aligncenter wp-image-8066\" src=\"https:\/\/agora.xtec.cat\/escolacolors\/wp-content\/uploads\/usu1205\/2025\/02\/Captura-de-pantalla-2025-02-04-101837.jpg\" alt=\"\" width=\"513\" height=\"734\" srcset=\"https:\/\/agora.xtec.cat\/escolacolors\/wp-content\/uploads\/usu1205\/2025\/02\/Captura-de-pantalla-2025-02-04-101837.jpg 552w, https:\/\/agora.xtec.cat\/escolacolors\/wp-content\/uploads\/usu1205\/2025\/02\/Captura-de-pantalla-2025-02-04-101837-210x300.jpg 210w\" sizes=\"auto, (max-width: 513px) 100vw, 513px\" \/><\/a><\/td>\n<\/tr>\n<\/tbody>\n<\/table>\n<p>&nbsp;<\/p>\n<p>Us convidem a navegar pel men\u00fa de la nostra p\u00e0gina web on trobareu documents tan importants com <a href=\"https:\/\/agora.xtec.cat\/escolacolors\/projecte-educatiu\/pec\/\">el projecte educatiu<\/a> o descobrir algunes de les <a href=\"https:\/\/agora.xtec.cat\/escolacolors\/projecte-educatiu\/activitats-del-centre\/\">activitats<\/a> que fem al centre. Tamb\u00e9 podeu veure algunes imatges de les <a href=\"https:\/\/agora.xtec.cat\/escolacolors\/lescola\/instal%c2%b7lacions\/\">instal\u00b7lacions<\/a> i llegir informaci\u00f3 sobre els <a href=\"https:\/\/agora.xtec.cat\/escolacolors\/serveis\/\">serveis que ofereix l&#8217;AFA<\/a> (Associaci\u00f3 de Fam\u00edlies).<\/p>\n<p>Per a consultar qualsevol dubte sobre el projecte educatiu o el proc\u00e9s de preinscripci\u00f3 i matr\u00edcula, poseu-vos en contacte a trav\u00e9s del correu <a href=\"a8066413@xtec.cat\">a8066413@xtec.cat<\/a> o telef\u00f2nicament al 938497222.<\/p>\n<p>Directe de la Jornada virtual de <span style=\"color: #ff00ff;\"><strong>Portes obertes<\/strong><\/span> a l&#8217;escola Colors realitzada el dijous 24 de febrer de 2022:<strong><br \/>\n<\/strong><\/p>\n<p><iframe loading=\"lazy\" src=\"\/\/www.youtube.com\/embed\/ylU_JpwUrrM\" width=\"560\" height=\"314\" allowfullscreen=\"allowfullscreen\" data-mce-fragment=\"1\"><\/iframe><\/p>\n<p>&nbsp;<\/p>\n","protected":false},"excerpt":{"rendered":"<p><a href=\"https:\/\/agora.xtec.cat\/escolacolors\/wp-content\/uploads\/usu1205\/2025\/02\/Exports_V03.jpg\"><\/a><br \/>\nTota la informaci\u00f3 a la web del Departament d&#8217;Educaci\u00f3\u00a0<a href=\"https:\/\/preinscripcio.gencat.cat\">https:\/\/preinscripcio.gencat.cat<\/a><br \/>\n<a href=\"https:\/\/preinscripcio.gencat.cat\/ca\/estudis\/infantil-3-6\/informat\/calendari\/\">CALENDARI<\/a><\/p>\n<p><a href=\"https:\/\/agora.xtec.cat\/escolacolors\/wp-content\/uploads\/usu1205\/2025\/02\/Captura-de-pantalla-2025-02-04-101405-e1738664183350.jpg\"><\/a><br \/>\n<a href=\"https:\/\/agora.xtec.cat\/escolacolors\/wp-content\/uploads\/usu1205\/2025\/05\/IMG-20250508-WA00001.jpg\"><\/a><\/p>\n<p>&nbsp;<br \/>\nNOVETAT (16-06-25) <a href=\"https:\/\/agora.xtec.cat\/escolacolors\/wp-content\/uploads\/usu1205\/2025\/06\/INFORME_ASSIGNADES_INFORME_ASSIGNADES.pdf\">Llista d&#8217;admesos<\/a> i <a href=\"https:\/\/agora.xtec.cat\/escolacolors\/wp-content\/uploads\/usu1205\/2025\/06\/INFORME_LLISTA_ESPERA_OME_LLISTA_ESPERA.pdf\">Llista d&#8217;espera<\/a>.<br \/>\n(09-05-25) <a href=\"https:\/\/agora.xtec.cat\/escolacolors\/wp-content\/uploads\/usu1205\/2025\/05\/20250509_INFORME_BAREM_DEFINITIU_BAREM.pdf\">Llista de sol\u00b7licituds ordenada<\/a><br \/>\n(08-05-25) N\u00famero de desempat: 76.261<br \/>\n(05-05-25) <a href=\"https:\/\/agora.xtec.cat\/escolacolors\/wp-content\/uploads\/usu1205\/2025\/05\/20250505_INFORME_BAREM_RESOLTES_BAREM.pdf\">Llista de sol\u00b7licituds amb puntuaci\u00f3 (resoltes reclamacions)<\/a><br \/>\n(24-04-25) <a href=\"https:\/\/agora.xtec.cat\/escolacolors\/wp-content\/uploads\/usu1205\/2025\/04\/20250424_INFORME_BAREM_PROVISIONAL_BAREM.pdf\">Llista de sol\u00b7licituds amb puntuaci\u00f3&hellip;  <a href=\"https:\/\/agora.xtec.cat\/escolacolors\/lescola\/preinscripcio-i-matricula\/\" title=\"Read Preinscripci\u00f3 i matr\u00edcula curs 25-26\">Llegeix m\u00e9s\u00bb<\/a><\/p>\n","protected":false},"author":1,"featured_media":0,"parent":22,"menu_order":60,"comment_status":"closed","ping_status":"closed","template":"page-templates\/side-menu.php","meta":{"_bbp_topic_count":0,"_bbp_reply_count":0,"_bbp_total_topic_count":0,"_bbp_total_reply_count":0,"_bbp_voice_count":0,"_bbp_anonymous_reply_count":0,"_bbp_topic_count_hidden":0,"_bbp_reply_count_hidden":0,"_bbp_forum_subforum_count":0,"footnotes":""},"class_list":["post-2144","page","type-page","status-publish","hentry"],"post_mailing_queue_ids":[],"_links":{"self":[{"href":"https:\/\/agora.xtec.cat\/escolacolors\/wp-json\/wp\/v2\/pages\/2144","targetHints":{"allow":["GET"]}}],"collection":[{"href":"https:\/\/agora.xtec.cat\/escolacolors\/wp-json\/wp\/v2\/pages"}],"about":[{"href":"https:\/\/agora.xtec.cat\/escolacolors\/wp-json\/wp\/v2\/types\/page"}],"author":[{"embeddable":true,"href":"https:\/\/agora.xtec.cat\/escolacolors\/wp-json\/wp\/v2\/users\/1"}],"replies":[{"embeddable":true,"href":"https:\/\/agora.xtec.cat\/escolacolors\/wp-json\/wp\/v2\/comments?post=2144"}],"version-history":[{"count":8,"href":"https:\/\/agora.xtec.cat\/escolacolors\/wp-json\/wp\/v2\/pages\/2144\/revisions"}],"predecessor-version":[{"id":8457,"href":"https:\/\/agora.xtec.cat\/escolacolors\/wp-json\/wp\/v2\/pages\/2144\/revisions\/8457"}],"up":[{"embeddable":true,"href":"https:\/\/agora.xtec.cat\/escolacolors\/wp-json\/wp\/v2\/pages\/22"}],"wp:attachment":[{"href":"https:\/\/agora.xtec.cat\/escolacolors\/wp-json\/wp\/v2\/media?parent=2144"}],"curies":[{"name":"wp","href":"https:\/\/api.w.org\/{rel}","templated":true}]}}