{"id":2083,"date":"2019-02-20T17:34:01","date_gmt":"2019-02-20T16:34:01","guid":{"rendered":"http:\/\/agora.xtec.cat\/escolacolors\/?page_id=2083"},"modified":"2024-02-02T13:04:01","modified_gmt":"2024-02-02T12:04:01","slug":"activitats-del-centre","status":"publish","type":"page","link":"https:\/\/agora.xtec.cat\/escolacolors\/projecte-educatiu\/activitats-del-centre\/","title":{"rendered":"Activitats del centre"},"content":{"rendered":"<p>Aquest \u00e9s un recull d&#8217;activitats i projectes en els que participen els nens i nenes de l&#8217;Escola Colors, que es fonamenten en el PEC i que concreten la identitat del centre.<\/p>\n<table style=\"width: 100%; border-collapse: collapse; background-color: #25dbd8;\" border=\"1\">\n<tbody>\n<tr style=\"height: 30px;\">\n<td style=\"width: 100%; text-align: center; height: 30px;\">EDUCACI\u00d3 INFANTIL<\/td>\n<\/tr>\n<tr style=\"height: 30px;\">\n<td style=\"width: 100%; height: 30px; text-align: left;\">Visita a la biblioteca municipal (I3,I5)<\/p>\n<p>Contacontes en catal\u00e0 (I3, I4)<\/p>\n<p>Taller d&#8217;art &#8211; Aventurina (I5)<\/p>\n<p>Racons amb fam\u00edlies (I3, I4, I5)<\/p>\n<p>Apadrinament lector amb alumnes de 5\u00e8 (I5)<\/p>\n<p>Activitats culturals &#8211; Auditori de Bellavista (I3, I4, I5 &#8211; una per cada trimestre)<\/p>\n<p>Sortides relacionades amb els projectes d&#8217;aula (I3, I4, I5 &#8211; dues al curs cada nivell)<\/p>\n<p>CLIL Routines (I3, I4, I5)<\/p>\n<p><span style=\"color: #000000;\">Revisi\u00f3 bucodental (I4)<\/span><\/p>\n<p>Ambients de lliure circulaci\u00f3 (I3, I4, I5)<\/p>\n<p>Col\u00f2nies (I3, I4, I5)<\/td>\n<\/tr>\n<tr style=\"height: 30px;\">\n<td style=\"width: 100%; text-align: center; height: 30px;\">CICLE INICIAL<\/td>\n<\/tr>\n<tr style=\"height: 30px;\">\n<td style=\"width: 100%; height: 30px; text-align: left;\">Visita a la biblioteca municipal (1r)<\/p>\n<p>Contacontes en castell\u00e0 (1r)<\/p>\n<p>Taller d&#8217;art &#8211; Aventurina (2n)<\/p>\n<p>Apadrinament lector amb alumnes de 6\u00e8 (1r)<\/p>\n<p>Cantata municipal (2n)<\/p>\n<p>CLIL Art &amp; Crafts (1r, 2n)<\/p>\n<p>Activitats culturals &#8211; Auditori de Bellavista (1r, 2n &#8211; una per cada trimestre)<\/p>\n<p>Patis de rodes (1r, 2n)<\/p>\n<p><span style=\"color: #000000;\">Revisi\u00f3 bucodental (1r)<\/span><\/p>\n<p>Tallers de lliure elecci\u00f3 (1r, 2n)<\/p>\n<p>Sortides relacionades amb els projectes d&#8217;aula (1r, 2n &#8211; dues al curs cada nivell)<\/p>\n<p>Programa esportiu P.E.P.E: Piscina (1r, 2n) i Mat\u00ed esportiu (2n)<\/p>\n<p>Col\u00f2nies (1r, 2n)<\/td>\n<\/tr>\n<tr style=\"height: 30px;\">\n<td style=\"width: 100%; text-align: center; height: 30px;\">CICLE MITJ\u00c0<\/td>\n<\/tr>\n<tr style=\"height: 30px;\">\n<td style=\"width: 100%; height: 30px; text-align: left;\">Visita a la biblioteca municipal (3r)<\/p>\n<p>Contacontes en angl\u00e8s (3r)<\/p>\n<p>Taller d&#8217;art &#8211; Aventurina (4t)<\/p>\n<p>Taller de jocs matem\u00e0tics en col\u00b7laboraci\u00f3 amb l&#8217;IES Lauro (4t)<\/p>\n<p>Sardanes amb col\u00b7laboraci\u00f3 amb el grup sardanista de Les Franqueses (4t)<\/p>\n<p>Obra de teatre de Sant Jordi per a l&#8217;Escola Bressol (3r)<\/p>\n<p>Projecte Hort (3r)<\/p>\n<p>Projecte Donaci\u00f3 de sang (4t)<\/p>\n<p>CLIL Science (3r, 4t)<\/p>\n<p>Projecte Municipi i Visita a l&#8217;Ajuntament (3r)<\/p>\n<p>Activitats culturals &#8211; Auditori de Bellavista (3r, 4t &#8211; una per cada trimestre)<\/p>\n<p>Patis de rodes (3r, 4t)<\/p>\n<p>Tallers de lliure elecci\u00f3 (3r, 4t)<\/p>\n<p>Sortides relacionades amb els projectes d&#8217;aula (3r, 4t &#8211; dues al curs cada nivell)<\/p>\n<p>Mobilitat segura: en col\u00b7laboraci\u00f3 amb la Policia Local (3r)<\/p>\n<p>Programa esportiu P.E.P.E: Minib\u00e0squet i minihanbol (3r) i Mat\u00ed esportiu (4t)<\/p>\n<p>Col\u00f2nies (3r, 4t)<\/td>\n<\/tr>\n<tr style=\"height: 30px;\">\n<td style=\"width: 100%; text-align: center; height: 30px;\">CICLE SUPERIOR<\/td>\n<\/tr>\n<tr style=\"height: 30px;\">\n<td style=\"width: 100%; height: 30px;\">Visita a la biblioteca municipal (5\u00e8)<\/p>\n<p>Contacontes en angl\u00e8s (5\u00e8)<\/p>\n<p>Apadrinament lector amb alumnes de P5 i 1r (5\u00e8 i 6\u00e8, respectivament)<\/p>\n<p>Cant\u00e0nia a l&#8217;Auditori de Granollers (5\u00e8)<\/p>\n<p>Projecte Portes Obertes (5\u00e8)<\/p>\n<p>Projecte Preparaci\u00f3 col\u00f2nies fi d&#8217;etapa (6\u00e8)<\/p>\n<p>CLIL Society (5\u00e8, 6\u00e8)<\/p>\n<p>Projecte Etwinning (6\u00e8)<\/p>\n<p>Visita als instituts del municipi i xerrada dels alumnes d&#8217;ESO (6\u00e8)<\/p>\n<p>Activitats culturals &#8211; Auditori de Bellavista (5\u00e8, 6\u00e8 &#8211; una per cada trimestre)<\/p>\n<p>Patis de rodes<\/p>\n<p><span style=\"color: #000000;\">Visita al Parc Montnegre-Corredor &#8211; sortida Diputaci\u00f3 (6\u00e8)<\/span><\/p>\n<p><span style=\"color: #000000;\">Revisi\u00f3 bucodental (6\u00e8)<\/span><\/p>\n<p>Tallers de lliure elecci\u00f3 (5\u00e8, 6\u00e8)<\/p>\n<p>Sortides relacionades amb els projectes d&#8217;aula (una per trimestre cada nivell)<\/p>\n<p>Vacunes (6\u00e8)<\/p>\n<p>Internet segura: Xerrada dels Mossos d&#8217;Esquadra (5\u00e8)<\/p>\n<p>Mobilitat segura: en col\u00b7laboraci\u00f3 amb la Policia Local (5\u00e8)<\/p>\n<p>Programa esportiu P.E.P.E: Minib\u00e0squet i minihanbol, sessi\u00f3 de tir amb arc i caminada pel pant\u00e0 de SantaFe (5\u00e8) i Jornada esportiva interescoles (6\u00e8)<\/p>\n<p>Col\u00f2nies (5\u00e8, 6\u00e8)<\/td>\n<\/tr>\n<tr style=\"height: 30px;\">\n<td style=\"width: 100%; height: 30px; text-align: center;\">ESCOLA<\/td>\n<\/tr>\n<tr>\n<td style=\"width: 100%; text-align: left;\">DENIP (Dia Escolar de la No-viol\u00e8ncia i la Pau).<\/p>\n<p style=\"font-family: 'Helvetica Neue', Helvetica, Helvetica, Arial, sans-serif; font-size: 14px;\">Sortida l\u00fadica a Mas Cabrit<span style=\"font-family: inherit; font-size: 0.875em;\">\u00a0<\/span><span style=\"font-family: inherit; font-size: 1em;\">per fomentar la cohesi\u00f3 social.<\/span><\/p>\n<p style=\"font-family: 'Helvetica Neue', Helvetica, Helvetica, Arial, sans-serif; font-size: 14px;\">Celebracions: Castanyada, Festival d&#8217;hivern, Carnaval, Sant Jordi, Final de curs.<\/p>\n<p>Projecte GEP (Generaci\u00f3 Pluriling\u00fce).<\/p>\n<p>Programa Erasmus+.<\/p>\n<p>Programa PMOE-PROA+.<\/p>\n<p>Programa Llengua \u00c0rab i Cultura Magrebina (<a href=\"https:\/\/www.google.com\/url?sa=t&amp;rct=j&amp;q=&amp;esrc=s&amp;source=web&amp;cd=2&amp;ved=2ahUKEwjFmajd2ZrhAhWE2uAKHfVqDZUQFjABegQIBhAC&amp;url=http%3A%2F%2Fxtec.gencat.cat%2Fweb%2F.content%2Fprojectes%2Fplurilinguisme%2FAccions-llengues%2Forigen%2Farab%2FPrograma-LACM_Competencias-y-contenidos.pdf&amp;usg=AOvVaw3Ksmlg81vWIVx9Fo48k_My\">LACM<\/a>) promogut pel Departament d&#8217;Educaci\u00f3 (horari extraescolar).<\/p>\n<p><a href=\"https:\/\/www.afaescolacolors.cat\/extraescolars\">Activitats extraescolars<\/a> organitzades per l&#8217;AFA<\/p>\n<p>Col\u00b7laboraci\u00f3 amb l&#8217;<a href=\"https:\/\/www.afaescolacolors.cat\/\">AFA<\/a> en l&#8217;organitzaci\u00f3 de la Cursa Escola Colors<\/p>\n<p>Dinamitzaci\u00f3 d&#8217;espais de l&#8217;escola amb col\u00b7laboraci\u00f3 de l&#8217;<a href=\"https:\/\/agora.xtec.cat\/escolacolors\/categoria\/afa\/\">AFA<\/a><\/td>\n<\/tr>\n<\/tbody>\n<\/table>\n","protected":false},"excerpt":{"rendered":"<p>Aquest \u00e9s un recull d&#8217;activitats i projectes en els que participen els nens i nenes de l&#8217;Escola Colors, que es fonamenten en el PEC i que concreten la identitat del centre.<\/p>\n<p>EDUCACI\u00d3 INFANTIL<\/p>\n<p>Visita a la biblioteca municipal (I3,I5)<br \/>\nContacontes en catal\u00e0 (I3, I4)<br \/>\nTaller d&#8217;art &#8211; Aventurina (I5)<br \/>\nRacons&hellip;  <a href=\"https:\/\/agora.xtec.cat\/escolacolors\/projecte-educatiu\/activitats-del-centre\/\" title=\"Read Activitats del centre\">Llegeix m\u00e9s\u00bb<\/a><\/p>\n","protected":false},"author":1,"featured_media":0,"parent":64,"menu_order":40,"comment_status":"closed","ping_status":"closed","template":"page-templates\/side-menu.php","meta":{"_bbp_topic_count":0,"_bbp_reply_count":0,"_bbp_total_topic_count":0,"_bbp_total_reply_count":0,"_bbp_voice_count":0,"_bbp_anonymous_reply_count":0,"_bbp_topic_count_hidden":0,"_bbp_reply_count_hidden":0,"_bbp_forum_subforum_count":0,"footnotes":""},"class_list":["post-2083","page","type-page","status-publish","hentry"],"post_mailing_queue_ids":[],"_links":{"self":[{"href":"https:\/\/agora.xtec.cat\/escolacolors\/wp-json\/wp\/v2\/pages\/2083","targetHints":{"allow":["GET"]}}],"collection":[{"href":"https:\/\/agora.xtec.cat\/escolacolors\/wp-json\/wp\/v2\/pages"}],"about":[{"href":"https:\/\/agora.xtec.cat\/escolacolors\/wp-json\/wp\/v2\/types\/page"}],"author":[{"embeddable":true,"href":"https:\/\/agora.xtec.cat\/escolacolors\/wp-json\/wp\/v2\/users\/1"}],"replies":[{"embeddable":true,"href":"https:\/\/agora.xtec.cat\/escolacolors\/wp-json\/wp\/v2\/comments?post=2083"}],"version-history":[{"count":5,"href":"https:\/\/agora.xtec.cat\/escolacolors\/wp-json\/wp\/v2\/pages\/2083\/revisions"}],"predecessor-version":[{"id":7192,"href":"https:\/\/agora.xtec.cat\/escolacolors\/wp-json\/wp\/v2\/pages\/2083\/revisions\/7192"}],"up":[{"embeddable":true,"href":"https:\/\/agora.xtec.cat\/escolacolors\/wp-json\/wp\/v2\/pages\/64"}],"wp:attachment":[{"href":"https:\/\/agora.xtec.cat\/escolacolors\/wp-json\/wp\/v2\/media?parent=2083"}],"curies":[{"name":"wp","href":"https:\/\/api.w.org\/{rel}","templated":true}]}}