{"id":1753,"date":"2018-06-08T13:48:25","date_gmt":"2018-06-08T11:48:25","guid":{"rendered":"http:\/\/agora.xtec.cat\/escolacolors\/?page_id=1753"},"modified":"2020-03-19T02:08:44","modified_gmt":"2020-03-19T01:08:44","slug":"escola-gep","status":"publish","type":"page","link":"https:\/\/agora.xtec.cat\/escolacolors\/projecte-educatiu\/pec\/escola-plurilingue\/escola-gep\/","title":{"rendered":"Escola GEP"},"content":{"rendered":"<p><em>El curs 2017-2018 el Departament d&#8217;Ensenyament inicia el programa\u00a0d\u2019innovaci\u00f3 pedag\u00f2gica\u00a0<strong>Generaci\u00f3 Pluriling\u00fce (GEP)<\/strong>.<\/em><em>\u00a0La finalitat d\u2019aquest programa \u00e9s millorar la compet\u00e8ncia en lleng\u00fces estrangeres de l\u2019alumnat, afavorint el seu creixement acad\u00e8mic i posterior inserci\u00f3 laboral, i capacitant-lo per interactuar amb el m\u00f3n en diverses lleng\u00fces i de manera cr\u00edtica.\u00a0<\/em><\/p>\n<p><em>Les accions del programa GEP s\u2019orienten, d\u2019una banda, a incrementar el temps d\u2019exposici\u00f3 de l\u2019alumnat a les lleng\u00fces estrangeres curriculars i, d\u2019una altra, a acompanyar els centres educatius en el proc\u00e9s de desplegament i consolidaci\u00f3 d\u2019un projecte ling\u00fc\u00edstic pluriling\u00fce propi.<\/em><\/p>\n<p><em>La durada del programa \u00e9s de tres cursos escolars. Durant aquest temps, docents dels centres participants amb una acreditaci\u00f3 suficient de coneixements de llengua estrangera reben formaci\u00f3 sobre\u00a0<strong>enfocaments<\/strong>\u00a0<strong>CLIL<\/strong> i \u00c9MILE (aprenentatge integrat de contingut i llengua estrangera en angl\u00e8s i franc\u00e8s, respectivament). Els equips directius, al seu torn, reben orientacions per a la implementaci\u00f3 del programa en el centre, el disseny d\u2019un\u00a0<a href=\"http:\/\/portaldogc.gencat.cat\/utilsEADOP\/PDF\/7391\/1618227.pdf\" target=\"_blank\" rel=\"noopener noreferrer\">pla d\u2019acci\u00f3<\/a>\u00a0i l\u2019elaboraci\u00f3 d\u2019una\u00a0<a href=\"http:\/\/portaldogc.gencat.cat\/utilsEADOP\/PDF\/7391\/1618227.pdf\" target=\"_blank\" rel=\"noopener noreferrer\">mem\u00f2ria final<\/a>.*<\/em><\/p>\n<p>Des de l&#8217;inici, l&#8217;Escola Colors forma part del grup d&#8217;escoles que impulsen aquest projecte. Podeu llegir totes les <a href=\"https:\/\/agora.xtec.cat\/escolacolors\/tag\/gep\/\">not\u00edcies<\/a> publicades sobre activitats implementades a l&#8217;escola emmarcades en el projecte GEP.<\/p>\n<p>&nbsp;<\/p>\n<p>*Extret de\u00a0<a href=\"http:\/\/xtec.gencat.cat\/ca\/projectes\/plurilinguisme\/programes\/institucionals\/gep\/index.html\">Generaci\u00f3 Pluriling\u00fce (GEP): aprendre lleng\u00fces estrangeres a trav\u00e9s de les mat\u00e8ries<\/a><\/p>\n","protected":false},"excerpt":{"rendered":"<p>El curs 2017-2018 el Departament d&#8217;Ensenyament inicia el programa\u00a0d\u2019innovaci\u00f3 pedag\u00f2gica\u00a0Generaci\u00f3 Pluriling\u00fce (GEP).\u00a0La finalitat d\u2019aquest programa \u00e9s millorar la compet\u00e8ncia en lleng\u00fces estrangeres de l\u2019alumnat, afavorint el seu creixement acad\u00e8mic i posterior inserci\u00f3 laboral, i capacitant-lo per interactuar amb el m\u00f3n en diverses lleng\u00fces i de&hellip;  <a href=\"https:\/\/agora.xtec.cat\/escolacolors\/projecte-educatiu\/pec\/escola-plurilingue\/escola-gep\/\" title=\"Read Escola GEP\">Llegeix m\u00e9s\u00bb<\/a><\/p>\n","protected":false},"author":1,"featured_media":0,"parent":1741,"menu_order":10,"comment_status":"closed","ping_status":"closed","template":"page-templates\/side-menu.php","meta":{"_bbp_topic_count":0,"_bbp_reply_count":0,"_bbp_total_topic_count":0,"_bbp_total_reply_count":0,"_bbp_voice_count":0,"_bbp_anonymous_reply_count":0,"_bbp_topic_count_hidden":0,"_bbp_reply_count_hidden":0,"_bbp_forum_subforum_count":0,"footnotes":""},"class_list":["post-1753","page","type-page","status-publish","hentry"],"post_mailing_queue_ids":[],"_links":{"self":[{"href":"https:\/\/agora.xtec.cat\/escolacolors\/wp-json\/wp\/v2\/pages\/1753","targetHints":{"allow":["GET"]}}],"collection":[{"href":"https:\/\/agora.xtec.cat\/escolacolors\/wp-json\/wp\/v2\/pages"}],"about":[{"href":"https:\/\/agora.xtec.cat\/escolacolors\/wp-json\/wp\/v2\/types\/page"}],"author":[{"embeddable":true,"href":"https:\/\/agora.xtec.cat\/escolacolors\/wp-json\/wp\/v2\/users\/1"}],"replies":[{"embeddable":true,"href":"https:\/\/agora.xtec.cat\/escolacolors\/wp-json\/wp\/v2\/comments?post=1753"}],"version-history":[{"count":3,"href":"https:\/\/agora.xtec.cat\/escolacolors\/wp-json\/wp\/v2\/pages\/1753\/revisions"}],"predecessor-version":[{"id":2712,"href":"https:\/\/agora.xtec.cat\/escolacolors\/wp-json\/wp\/v2\/pages\/1753\/revisions\/2712"}],"up":[{"embeddable":true,"href":"https:\/\/agora.xtec.cat\/escolacolors\/wp-json\/wp\/v2\/pages\/1741"}],"wp:attachment":[{"href":"https:\/\/agora.xtec.cat\/escolacolors\/wp-json\/wp\/v2\/media?parent=1753"}],"curies":[{"name":"wp","href":"https:\/\/api.w.org\/{rel}","templated":true}]}}