{"id":1746,"date":"2018-06-08T13:41:21","date_gmt":"2018-06-08T11:41:21","guid":{"rendered":"http:\/\/agora.xtec.cat\/escolacolors\/?page_id=1746"},"modified":"2020-03-19T01:53:18","modified_gmt":"2020-03-19T00:53:18","slug":"escola-en-valors","status":"publish","type":"page","link":"https:\/\/agora.xtec.cat\/escolacolors\/projecte-educatiu\/pec\/escola-en-valors\/","title":{"rendered":"Escola en Valors"},"content":{"rendered":"<p style=\"text-align: justify;\"><em>En el m\u00f3n complex d\u2019avui \u00e9s imprescindible treballar actituds i valors que contribueixin a la conviv\u00e8ncia, el respecte dels drets de les persones i a l\u2019assoliment d\u2019unes condicions de vida dignes per a tothom. Els alumnes, en el marc d\u2019una escola inclusiva, han d\u2019aprendre a ser competents per viure i conviure d\u2019acord amb els valors propis d\u2019una societat democr\u00e0tica: la llibertat i la responsabilitat personal, la solidaritat, el respecte, la igualtat i l\u2019equitat.*<\/em><\/p>\n<p style=\"text-align: justify;\">En aquest context, a l\u2019Escola Colors entenem que aquesta realitat fa necess\u00e0ria desenvolupar, en el marc pedag\u00f2gic de la compet\u00e8ncia moral, estrat\u00e8gies que desenvolupin en els nostres nens i nenes aquelles capacitats i habilitats que els facin competents en l&#8217;\u00e0mbit personal (compet\u00e8ncia emocional), en relaci\u00f3 amb els altres (compet\u00e8ncia \u00e8tic \u2013 cognitiva) i en relaci\u00f3 al m\u00f3n global del que formem part (compet\u00e8ncia social).<\/p>\n<p>Aqu\u00ed podeu llegir m\u00e9s detalls sobre la <a href=\"https:\/\/agora.xtec.cat\/escolacolors\/wp-content\/uploads\/usu1205\/2019\/05\/Proposta-deducaci\u00f3-en-valors.pdf\">Proposta d&#8217;educaci\u00f3 en valors a l&#8217;Escola Colors<\/a>.<\/p>\n<p style=\"text-align: center;\"><iframe loading=\"lazy\" src=\"https:\/\/www.youtube.com\/embed\/1FYQhPoimlc\" width=\"560\" height=\"315\" frameborder=\"0\"><\/iframe><\/p>\n<p>* <a href=\"http:\/\/xtec.gencat.cat\/ca\/curriculum\/primaria\/competencies-basiques-ambits\/ambit-educacio-en-valors\/\">XTEC, Educaci\u00f3 en valors<\/a><\/p>\n","protected":false},"excerpt":{"rendered":"<p>En el m\u00f3n complex d\u2019avui \u00e9s imprescindible treballar actituds i valors que contribueixin a la conviv\u00e8ncia, el respecte dels drets de les persones i a l\u2019assoliment d\u2019unes condicions de vida dignes per a tothom. Els alumnes, en el marc d\u2019una escola inclusiva, han d\u2019aprendre a&hellip;  <a href=\"https:\/\/agora.xtec.cat\/escolacolors\/projecte-educatiu\/pec\/escola-en-valors\/\" title=\"Read Escola en Valors\">Llegeix m\u00e9s\u00bb<\/a><\/p>\n","protected":false},"author":1,"featured_media":0,"parent":1286,"menu_order":10,"comment_status":"closed","ping_status":"closed","template":"page-templates\/side-menu.php","meta":{"_bbp_topic_count":0,"_bbp_reply_count":0,"_bbp_total_topic_count":0,"_bbp_total_reply_count":0,"_bbp_voice_count":0,"_bbp_anonymous_reply_count":0,"_bbp_topic_count_hidden":0,"_bbp_reply_count_hidden":0,"_bbp_forum_subforum_count":0,"footnotes":""},"class_list":["post-1746","page","type-page","status-publish","hentry"],"post_mailing_queue_ids":[],"_links":{"self":[{"href":"https:\/\/agora.xtec.cat\/escolacolors\/wp-json\/wp\/v2\/pages\/1746","targetHints":{"allow":["GET"]}}],"collection":[{"href":"https:\/\/agora.xtec.cat\/escolacolors\/wp-json\/wp\/v2\/pages"}],"about":[{"href":"https:\/\/agora.xtec.cat\/escolacolors\/wp-json\/wp\/v2\/types\/page"}],"author":[{"embeddable":true,"href":"https:\/\/agora.xtec.cat\/escolacolors\/wp-json\/wp\/v2\/users\/1"}],"replies":[{"embeddable":true,"href":"https:\/\/agora.xtec.cat\/escolacolors\/wp-json\/wp\/v2\/comments?post=1746"}],"version-history":[{"count":4,"href":"https:\/\/agora.xtec.cat\/escolacolors\/wp-json\/wp\/v2\/pages\/1746\/revisions"}],"predecessor-version":[{"id":2709,"href":"https:\/\/agora.xtec.cat\/escolacolors\/wp-json\/wp\/v2\/pages\/1746\/revisions\/2709"}],"up":[{"embeddable":true,"href":"https:\/\/agora.xtec.cat\/escolacolors\/wp-json\/wp\/v2\/pages\/1286"}],"wp:attachment":[{"href":"https:\/\/agora.xtec.cat\/escolacolors\/wp-json\/wp\/v2\/media?parent=1746"}],"curies":[{"name":"wp","href":"https:\/\/api.w.org\/{rel}","templated":true}]}}