{"id":1741,"date":"2018-06-08T13:37:26","date_gmt":"2018-06-08T11:37:26","guid":{"rendered":"http:\/\/agora.xtec.cat\/escolacolors\/?page_id=1741"},"modified":"2025-06-24T20:03:47","modified_gmt":"2025-06-24T18:03:47","slug":"escola-plurilingue","status":"publish","type":"page","link":"https:\/\/agora.xtec.cat\/escolacolors\/projecte-educatiu\/pec\/escola-plurilingue\/","title":{"rendered":"Escola Pluriling\u00fce (i PLC)"},"content":{"rendered":"<p style=\"text-align: justify;\"><em>En un m\u00f3n cada vegada m\u00e9s complex, en el qual s\u2019evidencia una forta transformaci\u00f3 de la societat, el domini de diverses lleng\u00fces i el seu \u00fas comunicatiu, acad\u00e8mic i professional \u00e9s, no \u00fanicament necessari, sin\u00f3 gaireb\u00e9 imprescindible i, per tant, el sistema educatiu ha de poder formar parlants pluriling\u00fces, amb diferents graus de domini de les lleng\u00fces que coneixen, capa\u00e7os d&#8217;interactuar en un context ling\u00fc\u00edstic i cultural complex, oberts al m\u00f3n i capacitats per accedir al mercat laboral amb garanties d\u2019\u00e8xit*.<\/em> Aquest context emmarca el <a href=\"http:\/\/ensenyament.gencat.cat\/ca\/departament\/publicacions\/monografies\/model-linguistic\/\">model ling\u00fc\u00edstic<\/a> del sistema educatiu a Catalunya en el marc del <a href=\"http:\/\/xtec.gencat.cat\/ca\/projectes\/plurilinguisme\/sobre\/\">pluriling\u00fcisme<\/a><\/p>\n<p style=\"text-align: justify;\"><span style=\"font-weight: 400;\">El <a href=\"https:\/\/agora.xtec.cat\/escolacolors\/wp-content\/uploads\/usu1205\/2025\/06\/PROJECTE-LINGUISTIC-ESCOLA-COLORS-JUNY-2025.pdf\">Projecte Ling\u00fc\u00edstic de centre (PLC) <\/a>\u00e9s el document normatiu que regula el tractament de totes aquestes lleng\u00fces que formen part de la vida dels nostres alumnes, per poder organitzar el seu \u00fas i concretar la metodologia\u00a0<\/span>m\u00e9s adient\u00a0<span style=\"font-family: inherit; font-size: 1em;\">per al seu ensenyament-aprenentatge al nostre context. Entenem l\u2019\u00fas i l\u2019aprenentatge de les lleng\u00fces com a eines potenciadores de la comunicaci\u00f3, el coneixement i la construcci\u00f3 del pensament. Aquesta mirada pluriling\u00fce de l\u2019aprenentatge de les lleng\u00fces ha de permetre als nostres infants construir un pensament ric, integral i intercultural per a un m\u00f3n actual canviant i complex.<\/span><\/p>\n<p style=\"text-align: justify;\"><span style=\"font-weight: 400;\">En el marc conceptual del pluriling\u00fcisme, la <\/span>llengua catalana<span style=\"font-weight: 400;\"> \u00e9s la llengua vehicular del proc\u00e9s d\u2019ensenyament\u00ad-aprenentatge i de comunicaci\u00f3 amb la comunitat educativa i \u00e9s l\u2019element cohesionador i igualador de tots i cadascun dels membres de la nostra comunitat escolar. Per\u00f2 la <\/span>llengua castellana<span style=\"font-weight: 400;\"> i la <\/span>llengua anglesa<span style=\"font-weight: 400;\"> no s\u00f3n nom\u00e9s enteses com a lleng\u00fces d\u2019aprenentatge, sin\u00f3 tamb\u00e9 com elements de comunicaci\u00f3. Aquest tipus d\u2019aprenentatge s\u2019implementa a la nostra escola a trav\u00e9s de la metodologia AICLE, en qu\u00e8 algunes \u00e0rees (o parts) es fan en diferents lleng\u00fces. La resta de lleng\u00fces presents a l\u2019escola tamb\u00e9 han de poder tenir espais de reconeixement i visibilitat.<\/span><\/p>\n<p style=\"text-align: justify;\">En aquest sentit, des del curs 17-18,\u00a0<span style=\"font-family: inherit; font-size: 1em;\">la nostra escola forma part de la <a href=\"http:\/\/xtec.gencat.cat\/ca\/projectes\/plurilinguisme\/programes\/institucionals\/gep\/index.html\">Generaci\u00f3 Pluriling\u00fce (GEP)<\/a>, un programa d&#8217;innovaci\u00f3 que t\u00e9 per objectiu millorar la compet\u00e8ncia del nostre alumnat en llengua estrangera. Podeu llegir totes les <a href=\"https:\/\/agora.xtec.cat\/escolacolors\/tag\/gep\/\">not\u00edcies<\/a> publicades sobre activitats implementades a l&#8217;escola emmarcades en el <a href=\"https:\/\/agora.xtec.cat\/escolacolors\/projecte-educatiu\/pec\/escola-plurilingue\/escola-gep\/\">projecte GEP<\/a>.<\/span><\/p>\n<p style=\"text-align: center;\"><iframe loading=\"lazy\" src=\"https:\/\/www.youtube.com\/embed\/M21_18iopE8\" width=\"560\" height=\"315\" frameborder=\"0\"><\/iframe><\/p>\n<p>&nbsp;<\/p>\n<p><em>* Extret de <a href=\"http:\/\/xtec.gencat.cat\/ca\/projectes\/plurilinguisme\/sobre\/presentacio\/\">XTEC<\/a><\/em><\/p>\n","protected":false},"excerpt":{"rendered":"<p>En un m\u00f3n cada vegada m\u00e9s complex, en el qual s\u2019evidencia una forta transformaci\u00f3 de la societat, el domini de diverses lleng\u00fces i el seu \u00fas comunicatiu, acad\u00e8mic i professional \u00e9s, no \u00fanicament necessari, sin\u00f3 gaireb\u00e9 imprescindible i, per tant, el sistema educatiu ha de&hellip;  <a href=\"https:\/\/agora.xtec.cat\/escolacolors\/projecte-educatiu\/pec\/escola-plurilingue\/\" title=\"Read Escola Pluriling\u00fce (i PLC)\">Llegeix m\u00e9s\u00bb<\/a><\/p>\n","protected":false},"author":1,"featured_media":0,"parent":1286,"menu_order":20,"comment_status":"closed","ping_status":"closed","template":"page-templates\/side-menu.php","meta":{"_bbp_topic_count":0,"_bbp_reply_count":0,"_bbp_total_topic_count":0,"_bbp_total_reply_count":0,"_bbp_voice_count":0,"_bbp_anonymous_reply_count":0,"_bbp_topic_count_hidden":0,"_bbp_reply_count_hidden":0,"_bbp_forum_subforum_count":0,"footnotes":""},"class_list":["post-1741","page","type-page","status-publish","hentry"],"post_mailing_queue_ids":[],"_links":{"self":[{"href":"https:\/\/agora.xtec.cat\/escolacolors\/wp-json\/wp\/v2\/pages\/1741","targetHints":{"allow":["GET"]}}],"collection":[{"href":"https:\/\/agora.xtec.cat\/escolacolors\/wp-json\/wp\/v2\/pages"}],"about":[{"href":"https:\/\/agora.xtec.cat\/escolacolors\/wp-json\/wp\/v2\/types\/page"}],"author":[{"embeddable":true,"href":"https:\/\/agora.xtec.cat\/escolacolors\/wp-json\/wp\/v2\/users\/1"}],"replies":[{"embeddable":true,"href":"https:\/\/agora.xtec.cat\/escolacolors\/wp-json\/wp\/v2\/comments?post=1741"}],"version-history":[{"count":5,"href":"https:\/\/agora.xtec.cat\/escolacolors\/wp-json\/wp\/v2\/pages\/1741\/revisions"}],"predecessor-version":[{"id":8489,"href":"https:\/\/agora.xtec.cat\/escolacolors\/wp-json\/wp\/v2\/pages\/1741\/revisions\/8489"}],"up":[{"embeddable":true,"href":"https:\/\/agora.xtec.cat\/escolacolors\/wp-json\/wp\/v2\/pages\/1286"}],"wp:attachment":[{"href":"https:\/\/agora.xtec.cat\/escolacolors\/wp-json\/wp\/v2\/media?parent=1741"}],"curies":[{"name":"wp","href":"https:\/\/api.w.org\/{rel}","templated":true}]}}