{"id":1289,"date":"2017-10-17T16:10:48","date_gmt":"2017-10-17T14:10:48","guid":{"rendered":"http:\/\/agora.xtec.cat\/escolacolors\/?page_id=1289"},"modified":"2022-04-20T23:03:46","modified_gmt":"2022-04-20T21:03:46","slug":"carta-de-compromis-educatiu","status":"publish","type":"page","link":"https:\/\/agora.xtec.cat\/escolacolors\/projecte-educatiu\/carta-de-compromis-educatiu\/","title":{"rendered":"Carta de comprom\u00eds educatiu"},"content":{"rendered":"<p>La <a href=\"http:\/\/familiaiescola.gencat.cat\/ca\/escolaritat\/participacio-compromis\/carta-compromis-educatiu\/\">carta de comprom\u00eds<\/a> \u00e9s un document elaborat pels centres educatius on s&#8217;expressen els compromisos entre les fam\u00edlies i l&#8217;escola: acceptaci\u00f3 del projecte educatiu del centre, respecte a les conviccions ideol\u00f2giques i morals de les fam\u00edlies, adopci\u00f3 de mesures correctores per a la bona conviv\u00e8ncia, comunicaci\u00f3 i diferents maneres que les fam\u00edlies tenen per poder participar en els centres. En definitiva, expressa els objectius necessaris per assolir un entorn de conviv\u00e8ncia i respecte pel desenvolupament de les activitats educatives. Escola i fam\u00edlia s&#8217;han d&#8217;avenir a compartir els principis que inspiren la carta, i que han de respectar els drets i les llibertats de les fam\u00edlies, aix\u00ed com el projecte educatiu del centre.<\/p>\n<p>En el moment de la matr\u00edcula, totes les fam\u00edlies han de formalitzar la carta de comprom\u00eds educatiu, que t\u00e9 per finalitat facilitar la cooperaci\u00f3 entre les accions educatives de les fam\u00edlies i les del centre educatiu. En concret:<\/p>\n<ul>\n<li>Que la fam\u00edlia conegui el projecte educatiu del centre i s&#8217;hi comprometi.<\/li>\n<li>Millorar la informaci\u00f3 i comunicaci\u00f3 entre el centre educatiu i les fam\u00edlies.<\/li>\n<li>Facilitar el compliment dels drets i deures de la comunitat educativa.<\/li>\n<li>Fomentar la conviv\u00e8ncia i el bon clima escolar.<\/li>\n<li>Corresponsabilitzar el centre i la fam\u00edlia en les diferents mesures educatives que puguin rebre els\/les alumnes.<\/li>\n<\/ul>\n<p>Aqu\u00ed podeu llegir la <a href=\"https:\/\/agora.xtec.cat\/escolacolors\/wp-content\/uploads\/usu1205\/2019\/02\/cartcomprom\u00edsPRI15.pdf\">carta de comprom\u00eds educatiu de l&#8217;Escola Colors (Educaci\u00f3 Prim\u00e0ria)<\/a>\u00a0i la <a href=\"https:\/\/agora.xtec.cat\/escolacolors\/wp-content\/uploads\/usu1205\/2019\/02\/cartcomprom\u00edsEI15.pdf\">carta de comprom\u00eds educatiu de l&#8217;Escola Colors (Educaci\u00f3 Infantil)<\/a>.<\/p>\n<p>L&#8217;<a href=\"https:\/\/agora.xtec.cat\/escolacolors\/wp-content\/uploads\/usu1205\/2019\/11\/ADDENDACOLORS.pdf\">Addenda<\/a> i el <a href=\"https:\/\/agora.xtec.cat\/escolacolors\/wp-content\/uploads\/usu1205\/2019\/11\/CONTRACTEPED-COLORS.pdf\">Contracte pedag\u00f2gic<\/a> s\u00f3n documents annexes a la carta de comprom\u00eds educatiu amb els que es concreten acords de treball personal o acad\u00e8mic dels alumnes, en cas necessari.<\/p>\n","protected":false},"excerpt":{"rendered":"<p>La <a href=\"http:\/\/familiaiescola.gencat.cat\/ca\/escolaritat\/participacio-compromis\/carta-compromis-educatiu\/\">carta de comprom\u00eds<\/a> \u00e9s un document elaborat pels centres educatius on s&#8217;expressen els compromisos entre les fam\u00edlies i l&#8217;escola: acceptaci\u00f3 del projecte educatiu del centre, respecte a les conviccions ideol\u00f2giques i morals de les fam\u00edlies, adopci\u00f3 de mesures correctores per a la bona&hellip;  <a href=\"https:\/\/agora.xtec.cat\/escolacolors\/projecte-educatiu\/carta-de-compromis-educatiu\/\" title=\"Read Carta de comprom\u00eds educatiu\">Llegeix m\u00e9s\u00bb<\/a><\/p>\n","protected":false},"author":1,"featured_media":0,"parent":64,"menu_order":12,"comment_status":"closed","ping_status":"closed","template":"page-templates\/side-menu.php","meta":{"_bbp_topic_count":0,"_bbp_reply_count":0,"_bbp_total_topic_count":0,"_bbp_total_reply_count":0,"_bbp_voice_count":0,"_bbp_anonymous_reply_count":0,"_bbp_topic_count_hidden":0,"_bbp_reply_count_hidden":0,"_bbp_forum_subforum_count":0,"footnotes":""},"class_list":["post-1289","page","type-page","status-publish","hentry"],"post_mailing_queue_ids":[],"_links":{"self":[{"href":"https:\/\/agora.xtec.cat\/escolacolors\/wp-json\/wp\/v2\/pages\/1289","targetHints":{"allow":["GET"]}}],"collection":[{"href":"https:\/\/agora.xtec.cat\/escolacolors\/wp-json\/wp\/v2\/pages"}],"about":[{"href":"https:\/\/agora.xtec.cat\/escolacolors\/wp-json\/wp\/v2\/types\/page"}],"author":[{"embeddable":true,"href":"https:\/\/agora.xtec.cat\/escolacolors\/wp-json\/wp\/v2\/users\/1"}],"replies":[{"embeddable":true,"href":"https:\/\/agora.xtec.cat\/escolacolors\/wp-json\/wp\/v2\/comments?post=1289"}],"version-history":[{"count":3,"href":"https:\/\/agora.xtec.cat\/escolacolors\/wp-json\/wp\/v2\/pages\/1289\/revisions"}],"predecessor-version":[{"id":2489,"href":"https:\/\/agora.xtec.cat\/escolacolors\/wp-json\/wp\/v2\/pages\/1289\/revisions\/2489"}],"up":[{"embeddable":true,"href":"https:\/\/agora.xtec.cat\/escolacolors\/wp-json\/wp\/v2\/pages\/64"}],"wp:attachment":[{"href":"https:\/\/agora.xtec.cat\/escolacolors\/wp-json\/wp\/v2\/media?parent=1289"}],"curies":[{"name":"wp","href":"https:\/\/api.w.org\/{rel}","templated":true}]}}