{"id":73,"date":"2017-03-24T14:01:51","date_gmt":"2017-03-24T13:01:51","guid":{"rendered":"http:\/\/agora.xtec.cat\/escolacollserolacerdanyola\/?page_id=73"},"modified":"2024-10-09T13:25:26","modified_gmt":"2024-10-09T11:25:26","slug":"menjador-escolar","status":"publish","type":"page","link":"https:\/\/agora.xtec.cat\/escolacollserolacerdanyola\/serveis\/menjador-escolar\/","title":{"rendered":"Menjador Escolar"},"content":{"rendered":"<p><a href=\"https:\/\/agora.xtec.cat\/escolacollserolacerdanyola\/wp-content\/uploads\/usu1390\/2023\/02\/MENJADOR-1.jpg\"><img loading=\"lazy\" decoding=\"async\" class=\"alignnone wp-image-26810\" src=\"https:\/\/agora.xtec.cat\/escolacollserolacerdanyola\/wp-content\/uploads\/usu1390\/2023\/02\/MENJADOR-1.jpg\" alt=\"\" width=\"150\" height=\"197\" srcset=\"https:\/\/agora.xtec.cat\/escolacollserolacerdanyola\/wp-content\/uploads\/usu1390\/2023\/02\/MENJADOR-1.jpg 675w, https:\/\/agora.xtec.cat\/escolacollserolacerdanyola\/wp-content\/uploads\/usu1390\/2023\/02\/MENJADOR-1-229x300.jpg 229w\" sizes=\"auto, (max-width: 150px) 100vw, 150px\" \/><\/a><a href=\"https:\/\/agora.xtec.cat\/escolacollserolacerdanyola\/wp-content\/uploads\/usu1390\/2023\/02\/INFO-MENJADOR-PO.jpg\"><img loading=\"lazy\" decoding=\"async\" class=\"alignnone size-full wp-image-26811\" src=\"https:\/\/agora.xtec.cat\/escolacollserolacerdanyola\/wp-content\/uploads\/usu1390\/2023\/02\/INFO-MENJADOR-PO.jpg\" alt=\"\" width=\"1260\" height=\"857\" srcset=\"https:\/\/agora.xtec.cat\/escolacollserolacerdanyola\/wp-content\/uploads\/usu1390\/2023\/02\/INFO-MENJADOR-PO.jpg 1260w, https:\/\/agora.xtec.cat\/escolacollserolacerdanyola\/wp-content\/uploads\/usu1390\/2023\/02\/INFO-MENJADOR-PO-300x204.jpg 300w, https:\/\/agora.xtec.cat\/escolacollserolacerdanyola\/wp-content\/uploads\/usu1390\/2023\/02\/INFO-MENJADOR-PO-1024x696.jpg 1024w, https:\/\/agora.xtec.cat\/escolacollserolacerdanyola\/wp-content\/uploads\/usu1390\/2023\/02\/INFO-MENJADOR-PO-768x522.jpg 768w\" sizes=\"auto, (max-width: 1260px) 100vw, 1260px\" \/><\/a><\/p>\n<p>Us presentem la nova empresa de menjador <a href=\"https:\/\/fundesplai.org\/ca\/\">Fundesplai<\/a> i el seu projecte educatiu en temps de migdia.<\/p>\n<p><span style=\"color: #ff0000;\">Els PREUS PER AQUEST CURS 2024-25 s\u00f3n<\/span>:<\/p>\n<ul>\n<li><b>7,00\u20ac pels usuaris fixes<\/b><\/li>\n<li><b>7,71\u20ac pels espor\u00e0dics<\/b>.<\/li>\n<\/ul>\n<p>Als socis de l&#8217;AFI se&#8217;ls retornar\u00e0 el preu \u00edntegre quan no facin \u00fas del servei i la falta sigui comunicada amb el temps suficient. Els no socis no tindran dret a aquesta devoluci\u00f3<\/p>\n<div><span style=\"font-family: arial, sans-serif;\">Per a les fam\u00edlies que ho vulguin, disposem del <strong><u>servei de p\u00edcnic el dia que els\/les infants van d&#8217;excursi\u00f3<\/u><\/strong>. Consistir\u00e0 en dos entrepans d&#8217;embotit curat\/formatge\/cavalla (sense tom\u00e0quet), una fruita i aigua.<\/span><\/div>\n<div>IMPORTANT: Qui <span style=\"text-decoration: underline;\">vulgui aquest servei<\/span>, ha d&#8217;avisar per Whatsapp a l&#8217;Annabel Oms (634241082).<\/div>\n<div><\/div>\n<p><img loading=\"lazy\" decoding=\"async\" class=\"wp-image-24619 alignleft\" src=\"https:\/\/agora.xtec.cat\/escolacollserolacerdanyola\/wp-content\/uploads\/usu1390\/2021\/09\/Captura-de-Pantalla-2021-09-02-a-les-10.33.52-1024x711.png\" alt=\"\" width=\"705\" height=\"490\" srcset=\"https:\/\/agora.xtec.cat\/escolacollserolacerdanyola\/wp-content\/uploads\/usu1390\/2021\/09\/Captura-de-Pantalla-2021-09-02-a-les-10.33.52-1024x711.png 1024w, https:\/\/agora.xtec.cat\/escolacollserolacerdanyola\/wp-content\/uploads\/usu1390\/2021\/09\/Captura-de-Pantalla-2021-09-02-a-les-10.33.52-300x208.png 300w, https:\/\/agora.xtec.cat\/escolacollserolacerdanyola\/wp-content\/uploads\/usu1390\/2021\/09\/Captura-de-Pantalla-2021-09-02-a-les-10.33.52-768x534.png 768w, https:\/\/agora.xtec.cat\/escolacollserolacerdanyola\/wp-content\/uploads\/usu1390\/2021\/09\/Captura-de-Pantalla-2021-09-02-a-les-10.33.52-1536x1067.png 1536w, https:\/\/agora.xtec.cat\/escolacollserolacerdanyola\/wp-content\/uploads\/usu1390\/2021\/09\/Captura-de-Pantalla-2021-09-02-a-les-10.33.52-2048x1423.png 2048w\" sizes=\"auto, (max-width: 705px) 100vw, 705px\" \/><\/p>\n<p>&nbsp;<\/p>\n<h3><span style=\"text-decoration: underline;\">EQUIP EDUCATIU 24-25:<\/span><\/h3>\n<ul style=\"list-style-type: circle;\">\n<li style=\"text-align: left;\">I3- Loli<\/li>\n<li style=\"text-align: left;\">I4 &#8211;<\/li>\n<li style=\"text-align: left;\">I5-<\/li>\n<li style=\"text-align: left;\">1er-<\/li>\n<li style=\"text-align: left;\">2n-<\/li>\n<li style=\"text-align: left;\">3r-<\/li>\n<li style=\"text-align: left;\">4rt, 5\u00e8 i 6\u00e8-<\/li>\n<\/ul>\n<p>&nbsp;<\/p>\n<p>&nbsp;<\/p>\n<p>&nbsp;<\/p>\n<h3><\/h3>\n<h6><\/h6>\n<h6 class=\"entry-title\" style=\"text-align: center;\">EDUQUEM PER L\u2019ALIMENTACI\u00d3 SALUDABLE I SOSTENIBLE<\/h6>\n<h3><a href=\"https:\/\/escoles.fundesplai.org\/blog\/lleure\/eduquem-per-lalimentacio-saludable-i-sostenible\/\"><img loading=\"lazy\" decoding=\"async\" class=\"aligncenter wp-image-24943 size-thumbnail\" src=\"https:\/\/agora.xtec.cat\/escolacollserolacerdanyola\/wp-content\/uploads\/usu1390\/2021\/11\/Captura-de-Pantalla-2021-11-17-a-les-21.20.20-150x150.png\" alt=\"Menjar canvia el m\u00f3n\" width=\"150\" height=\"150\" \/><\/a><\/h3>\n<h3 style=\"text-align: center;\"><strong><span style=\"text-decoration: underline;\">Funcionament del cobrament del menjador:<\/span><\/strong><\/h3>\n<p style=\"text-align: center;\">\u00c9s factura <span style=\"text-decoration: underline;\">per avan\u00e7at<\/span> entre l&#8217;1 i el 5 de cada mes, es domicilia rebut complert d&#8217;aquest mes, i les <strong>faltes d&#8217;assist\u00e8ncia avisades es descomptaran en el rebut seg\u00fcent.<\/strong><\/p>\n<p style=\"text-align: center;\">\u00a0Becats: es factura a <span style=\"text-decoration: underline;\">mes ven\u00e7ut<\/span>; entre l&#8217;1 i el 5 de cada mes es passa rebut dels dies assistits en el mes anterior, sempre que hagin avisat de les faltes d&#8217;assist\u00e8ncies amb antelaci\u00f3.<\/p>\n<p>&nbsp;<\/p>\n<h2 style=\"text-align: center;\"><span style=\"color: #000000;\"><strong><span style=\"text-decoration: underline;\">CONTACTES: <\/span><\/strong><\/span><\/h2>\n<p style=\"text-align: center;\"><strong>-Coordinadora de Menjador:\u00a0<\/strong>Annabel Oms \u2013 634 24 10 82<\/p>\n<p style=\"text-align: center;\"><span style=\"font-weight: 400;\"><strong>-Email<\/strong>: <a id=\"LPlnk617818\" href=\"mailto:coordinaciocc@fundesplai.org\" target=\"_blank\" rel=\"noopener noreferrer\" data-auth=\"NotApplicable\" data-linkindex=\"0\">coordinaciocc@fundesplai.org<\/a><\/span><\/p>\n<p style=\"text-align: center;\">\u2013<strong>Vocalia menjador<\/strong>: M\u00edriam Gonz\u00e1lez \u2013 <a href=\"mailto:aficollserolamenja@gmail.com\">aficollserolamenja@gmail.com<\/a><\/p>\n<table style=\"border-collapse: collapse; width: 98.4991%; height: 295px;\">\n<tbody>\n<tr>\n<td style=\"width: 100%;\">\n<h2 style=\"text-align: center;\"><span style=\"text-decoration: underline;\">Aquest curs el menjador funciona amb una APP on poder gestionar el servei de menjador<\/span><\/h2>\n<h4 style=\"text-align: center;\">Les inscripcions estan obertes i podeu comen\u00e7ar a inscriure als<\/h4>\n<h4 style=\"text-align: center;\">vostres fills i filles a les activitats (temps educatiu del migdia)<\/h4>\n<h4 style=\"text-align: center;\">mitjan\u00e7ant l&#8217;app FUNDESPLAI.<\/h4>\n<h4 style=\"text-align: center;\">Pots baixar-te-la des del<\/h4>\n<h4 style=\"text-align: center;\"><a href=\"https:\/\/play.google.com\/store\/apps\/details?id=com.omitsis.fundesplaiapp&amp;hl=ca&amp;pcampaignid=MKT-Other-global-all-co-prtnr-py-PartBadge-Mar2515-1\">Play Store (Android)<\/a><\/h4>\n<h4 style=\"text-align: center;\">\u00a0<a href=\"https:\/\/apps.apple.com\/es\/app\/fundesplai\/id1474065881\">App Store<\/a><\/h4>\n<h4 style=\"text-align: center;\">Trobareu m\u00e9s informaci\u00f3 i ajuda a la <span style=\"text-decoration: underline;\"><a href=\"https:\/\/activitats.fundesplai.org\/public\/landing\/app\">p\u00e0gina de presentaci\u00f3 de l\u2019app<\/a><\/span><\/h4>\n<\/td>\n<\/tr>\n<\/tbody>\n<\/table>\n<p style=\"text-align: center;\"><span style=\"color: #000000;\"><strong><a href=\"https:\/\/agora.xtec.cat\/escolacollserolacerdanyola\/wp-content\/uploads\/usu1390\/2021\/09\/captura-05.jpg\"><img loading=\"lazy\" decoding=\"async\" class=\"wp-image-24610 aligncenter\" src=\"https:\/\/agora.xtec.cat\/escolacollserolacerdanyola\/wp-content\/uploads\/usu1390\/2021\/09\/captura-05.jpg\" alt=\"\" width=\"166\" height=\"329\" srcset=\"https:\/\/agora.xtec.cat\/escolacollserolacerdanyola\/wp-content\/uploads\/usu1390\/2021\/09\/captura-05.jpg 500w, https:\/\/agora.xtec.cat\/escolacollserolacerdanyola\/wp-content\/uploads\/usu1390\/2021\/09\/captura-05-151x300.jpg 151w\" sizes=\"auto, (max-width: 166px) 100vw, 166px\" \/><\/a><\/strong><\/span><\/p>\n<h4 style=\"text-align: center;\"><strong><span style=\"text-decoration: underline;\">Atenci\u00f3 t\u00e8cnica:<\/span><\/strong><\/h4>\n<p><span style=\"font-weight: 400;\">Si tens dubtes o problemes a l&#8217;hora de registrar-te o de connectar-te amb la app, contacta amb el nostre servei d&#8217;atenci\u00f3 als usuaris. T&#8217;atendrem de 9h a 18h, de dilluns a dijous, i de 9h a 15h el divendres.<\/span><\/p>\n<p style=\"text-align: center;\"><span style=\"font-weight: 400;\">\u00a093 479 62 95\u00a0 <strong>sinformatic@fundesplai.org<\/strong><\/span><\/p>\n<h4 style=\"text-align: center;\"><span style=\"text-decoration: underline;\"><span style=\"font-weight: 400;\"><strong>Administraci\u00f3 o error d&#8217;inscripci\u00f3<\/strong>: <\/span><\/span><\/h4>\n<p style=\"text-align: center;\"><span style=\"font-weight: 400;\">SARAI ALARC\u00d3N\u00a0 sarai.alarcon@fundesplai.org\u00a0 <strong>Telf<\/strong>: 93 551 17 61<\/span><\/p>\n<p style=\"text-align: center;\">Aqu\u00ed teniu tamb\u00e9 l&#8217;adre\u00e7a de la p\u00e0gina des de on poden reinicialitzar la seva contrasenya, si no se&#8217;n recorden.<\/p>\n<p style=\"text-align: center;\"><a href=\"https:\/\/activitats.fundesplai.org\/public\/reinicialitzar_contrasenya\/pas0\">Recuperaci\u00f3 de la contrasenya<\/a><\/p>\n<p>&nbsp;<\/p>\n<p>&nbsp;<\/p>\n<h3 style=\"text-align: center;\"><span style=\"text-decoration: underline;\">* Fes-te soci *<\/span><\/h3>\n<p style=\"text-align: center;\"><strong>SOCIS<\/strong>: 38\u20ac anual<\/p>\n<p style=\"text-align: center;\"><strong>NOUS SOCIS:<\/strong> 55\u20ac anual el primer any (per fam\u00edlia)<\/p>\n<p style=\"text-align: center;\"><strong><span class=\"JsGRdQ\">N\u00ba DE COMPTE: <\/span><\/strong><span class=\"JsGRdQ\">ES49 0182 9758 31 0200004517<\/span><\/p>\n<p>&nbsp;<\/p>\n<p>&nbsp;<\/p>\n<p>&nbsp;<\/p>\n<p>&nbsp;<\/p>\n<p>&nbsp;<\/p>\n<p>&nbsp;<\/p>\n<p><strong>\u00a0 \u00a0 \u00a0 \u00a0 \u00a0 \u00a0 \u00a0 \u00a0 \u00a0 \u00a0<\/strong><\/p>\n<h4 style=\"text-align: left;\"><\/h4>\n<p>&nbsp;<\/p>\n<p>&nbsp;<\/p>\n","protected":false},"excerpt":{"rendered":"<p><a href=\"https:\/\/agora.xtec.cat\/escolacollserolacerdanyola\/wp-content\/uploads\/usu1390\/2023\/02\/MENJADOR-1.jpg\"><\/a><a href=\"https:\/\/agora.xtec.cat\/escolacollserolacerdanyola\/wp-content\/uploads\/usu1390\/2023\/02\/INFO-MENJADOR-PO.jpg\"><\/a><br \/>\nUs presentem la nova empresa de menjador <a href=\"https:\/\/fundesplai.org\/ca\/\">Fundesplai<\/a> i el seu projecte educatiu en temps de migdia.<br \/>\nEls PREUS PER AQUEST CURS 2024-25 s\u00f3n:<\/p>\n<ul>\n<li>7,00\u20ac pels usuaris fixes<\/li>\n<li>7,71\u20ac pels espor\u00e0dics.<\/li>\n<\/ul>\n<p>Als socis de l&#8217;AFI se&#8217;ls retornar\u00e0 el preu \u00edntegre quan no facin \u00fas del servei&hellip;  <a href=\"https:\/\/agora.xtec.cat\/escolacollserolacerdanyola\/serveis\/menjador-escolar\/\" title=\"Read Menjador Escolar\">Llegeix m\u00e9s\u00bb<\/a><\/p>\n","protected":false},"author":22,"featured_media":0,"parent":66,"menu_order":20,"comment_status":"closed","ping_status":"closed","template":"page-templates\/side-menu.php","meta":{"_bbp_topic_count":0,"_bbp_reply_count":0,"_bbp_total_topic_count":0,"_bbp_total_reply_count":0,"_bbp_voice_count":0,"_bbp_anonymous_reply_count":0,"_bbp_topic_count_hidden":0,"_bbp_reply_count_hidden":0,"_bbp_forum_subforum_count":0,"footnotes":""},"class_list":["post-73","page","type-page","status-publish","hentry"],"post_mailing_queue_ids":[],"_links":{"self":[{"href":"https:\/\/agora.xtec.cat\/escolacollserolacerdanyola\/wp-json\/wp\/v2\/pages\/73","targetHints":{"allow":["GET"]}}],"collection":[{"href":"https:\/\/agora.xtec.cat\/escolacollserolacerdanyola\/wp-json\/wp\/v2\/pages"}],"about":[{"href":"https:\/\/agora.xtec.cat\/escolacollserolacerdanyola\/wp-json\/wp\/v2\/types\/page"}],"author":[{"embeddable":true,"href":"https:\/\/agora.xtec.cat\/escolacollserolacerdanyola\/wp-json\/wp\/v2\/users\/22"}],"replies":[{"embeddable":true,"href":"https:\/\/agora.xtec.cat\/escolacollserolacerdanyola\/wp-json\/wp\/v2\/comments?post=73"}],"version-history":[{"count":8,"href":"https:\/\/agora.xtec.cat\/escolacollserolacerdanyola\/wp-json\/wp\/v2\/pages\/73\/revisions"}],"predecessor-version":[{"id":22628,"href":"https:\/\/agora.xtec.cat\/escolacollserolacerdanyola\/wp-json\/wp\/v2\/pages\/73\/revisions\/22628"}],"up":[{"embeddable":true,"href":"https:\/\/agora.xtec.cat\/escolacollserolacerdanyola\/wp-json\/wp\/v2\/pages\/66"}],"wp:attachment":[{"href":"https:\/\/agora.xtec.cat\/escolacollserolacerdanyola\/wp-json\/wp\/v2\/media?parent=73"}],"curies":[{"name":"wp","href":"https:\/\/api.w.org\/{rel}","templated":true}]}}