{"id":604,"date":"2017-03-08T20:26:42","date_gmt":"2017-03-08T19:26:42","guid":{"rendered":"http:\/\/agora.xtec.cat\/escolacollserolacerdanyola\/?page_id=604"},"modified":"2020-04-10T13:43:24","modified_gmt":"2020-04-10T11:43:24","slug":"calendari-escolar","status":"publish","type":"page","link":"https:\/\/agora.xtec.cat\/escolacollserolacerdanyola\/docsdossiers-i-autoritzacions\/calendari-escolar\/","title":{"rendered":"Calendari Escolar"},"content":{"rendered":"<ul>\n<li>Horari LECTIU: de 9:00 a 12:30 hores \/ de 15:00 a 16:30 hores<\/li>\n<\/ul>\n<p><a href=\"https:\/\/agora.xtec.cat\/escolacollserolacerdanyola\/wp-content\/uploads\/usu1390\/2019\/01\/calendari_escolar_curs_2018-2019_afegit_ebm.jpg\"><img loading=\"lazy\" decoding=\"async\" class=\"alignnone size-large wp-image-16321\" src=\"https:\/\/agora.xtec.cat\/escolacollserolacerdanyola\/wp-content\/uploads\/usu1390\/2019\/01\/calendari_escolar_curs_2018-2019_afegit_ebm-1024x724.jpg\" alt=\"\" width=\"1024\" height=\"724\" srcset=\"https:\/\/agora.xtec.cat\/escolacollserolacerdanyola\/wp-content\/uploads\/usu1390\/2019\/01\/calendari_escolar_curs_2018-2019_afegit_ebm-1024x724.jpg 1024w, https:\/\/agora.xtec.cat\/escolacollserolacerdanyola\/wp-content\/uploads\/usu1390\/2019\/01\/calendari_escolar_curs_2018-2019_afegit_ebm-300x212.jpg 300w, https:\/\/agora.xtec.cat\/escolacollserolacerdanyola\/wp-content\/uploads\/usu1390\/2019\/01\/calendari_escolar_curs_2018-2019_afegit_ebm-768x543.jpg 768w, https:\/\/agora.xtec.cat\/escolacollserolacerdanyola\/wp-content\/uploads\/usu1390\/2019\/01\/calendari_escolar_curs_2018-2019_afegit_ebm.jpg 1169w\" sizes=\"auto, (max-width: 1024px) 100vw, 1024px\" \/><\/a><\/p>\n<p>El curs comen\u00e7a <b>el 12 de setembre de 2018 i acaba el 21 de\u00a0 juny de 2019<\/b>.<\/p>\n<p>L\u2019horari \u00e9s el seg\u00fcent: Mat\u00ed: de 9:00 a 12:30 hores\u00a0 \/ Tarda: de 15:00 a 16:30 hores<\/p>\n<p>&nbsp;<\/p>\n<p><u><b>Dies jornada intensiva, horari de 9 a 13h<\/b><\/u><b>:<\/b> \u00faltim dia del 1r i 2n trimestre (21 de desembre 2018 i 12 d\u2019abril de 2019) i per final de curs del 10 al 21 de juny de 2019<\/p>\n<p><u><b>Vacances de Nadal:<\/b><\/u> del 22 desembre a 7 de gener de 2019 (ambd\u00f3s inclosos)<\/p>\n<p><u><b>Vacances de Setmana Santa:<\/b><\/u> del 13 al 22 d\u2019abril de 2019\u00a0 (ambd\u00f3s inclosos)<\/p>\n<p><u><b>Dies de lliure disposici\u00f3:<\/b><\/u><\/p>\n<p><b>DIVENDRES 2 DE NOVEMBRE DE 2018<\/b><\/p>\n<p><b>DIVENDRES 7 DE DESEMBRE DE 2018\u00a0<\/b><\/p>\n<p><b>DILLUNS 4 DE MAR\u00c7 DE 2019<\/b><\/p>\n<p>&nbsp;<\/p>\n","protected":false},"excerpt":{"rendered":"<ul>\n<li>Horari LECTIU: de 9:00 a 12:30 hores \/ de 15:00 a 16:30 hores<\/li>\n<\/ul>\n<p><a href=\"https:\/\/agora.xtec.cat\/escolacollserolacerdanyola\/wp-content\/uploads\/usu1390\/2019\/01\/calendari_escolar_curs_2018-2019_afegit_ebm.jpg\"><\/a><br \/>\nEl curs comen\u00e7a el 12 de setembre de 2018 i acaba el 21 de\u00a0 juny de 2019.<br \/>\nL\u2019horari \u00e9s el seg\u00fcent: Mat\u00ed: de 9:00 a 12:30 hores\u00a0 \/ Tarda: de 15:00 a 16:30&hellip;  <a href=\"https:\/\/agora.xtec.cat\/escolacollserolacerdanyola\/docsdossiers-i-autoritzacions\/calendari-escolar\/\" title=\"Read Calendari Escolar\">Llegeix m\u00e9s\u00bb<\/a><\/p>\n","protected":false},"author":22,"featured_media":0,"parent":597,"menu_order":0,"comment_status":"closed","ping_status":"closed","template":"page-templates\/side-menu.php","meta":{"_bbp_topic_count":0,"_bbp_reply_count":0,"_bbp_total_topic_count":0,"_bbp_total_reply_count":0,"_bbp_voice_count":0,"_bbp_anonymous_reply_count":0,"_bbp_topic_count_hidden":0,"_bbp_reply_count_hidden":0,"_bbp_forum_subforum_count":0,"footnotes":""},"class_list":["post-604","page","type-page","status-publish","hentry"],"post_mailing_queue_ids":[],"_links":{"self":[{"href":"https:\/\/agora.xtec.cat\/escolacollserolacerdanyola\/wp-json\/wp\/v2\/pages\/604","targetHints":{"allow":["GET"]}}],"collection":[{"href":"https:\/\/agora.xtec.cat\/escolacollserolacerdanyola\/wp-json\/wp\/v2\/pages"}],"about":[{"href":"https:\/\/agora.xtec.cat\/escolacollserolacerdanyola\/wp-json\/wp\/v2\/types\/page"}],"author":[{"embeddable":true,"href":"https:\/\/agora.xtec.cat\/escolacollserolacerdanyola\/wp-json\/wp\/v2\/users\/22"}],"replies":[{"embeddable":true,"href":"https:\/\/agora.xtec.cat\/escolacollserolacerdanyola\/wp-json\/wp\/v2\/comments?post=604"}],"version-history":[{"count":3,"href":"https:\/\/agora.xtec.cat\/escolacollserolacerdanyola\/wp-json\/wp\/v2\/pages\/604\/revisions"}],"predecessor-version":[{"id":16323,"href":"https:\/\/agora.xtec.cat\/escolacollserolacerdanyola\/wp-json\/wp\/v2\/pages\/604\/revisions\/16323"}],"up":[{"embeddable":true,"href":"https:\/\/agora.xtec.cat\/escolacollserolacerdanyola\/wp-json\/wp\/v2\/pages\/597"}],"wp:attachment":[{"href":"https:\/\/agora.xtec.cat\/escolacollserolacerdanyola\/wp-json\/wp\/v2\/media?parent=604"}],"curies":[{"name":"wp","href":"https:\/\/api.w.org\/{rel}","templated":true}]}}