{"id":597,"date":"2017-03-08T20:09:13","date_gmt":"2017-03-08T19:09:13","guid":{"rendered":"http:\/\/agora.xtec.cat\/escolacollserolacerdanyola\/?page_id=597"},"modified":"2023-10-23T11:47:31","modified_gmt":"2023-10-23T09:47:31","slug":"docsdossiers-i-autoritzacions","status":"publish","type":"page","link":"https:\/\/agora.xtec.cat\/escolacollserolacerdanyola\/docsdossiers-i-autoritzacions\/","title":{"rendered":"DOCUMENTS"},"content":{"rendered":"<h3><strong><span style=\"text-decoration: underline;\">PROJECTE EDUCATIU DE CENTRE\u00a0<\/span><\/strong><\/h3>\n<h6><span style=\"color: #0000ff; background-color: #ffffff;\"><strong><span style=\"background-color: #ffff00;\">\u00a0 <\/span><\/strong><\/span><span style=\"background-color: #ffff00;\"><a style=\"color: #2795b6; background-color: #ffff00;\" href=\"https:\/\/www.canva.com\/design\/DAE2FuLU_BU\/view?utm_content=DAE2FuLU_BU&amp;utm_campaign=designshare&amp;utm_medium=link&amp;utm_source=publishsharelink\" target=\"_blank\" rel=\"noopener\"><span style=\"color: #000000;\">CLIK! CONEIX EL NOSTRE PROJECTE EDUCATIU 22.23<\/span><\/a><\/span><\/h6>\n<p><img decoding=\"async\" src=\"https:\/\/www.copons.cat\/escola\/wp-content\/uploads\/2017\/01\/projecte-educatiu-logo.original.jpg\" alt=\"Resultat d'imatges per a &quot;PEC&quot;\" \/><\/p>\n<p><a href=\"https:\/\/www.canva.com\/design\/DAEU6ncag7o\/aICSYF7WzCyw9yTc8ZvMBQ\/view?utm_content=DAEU6ncag7o&amp;utm_campaign=designshare&amp;utm_medium=link&amp;utm_source=publishsharelink\" target=\"_blank\" rel=\"noopener noreferrer\">EL NOSTRE PROJECTE EDUCATIU<\/a><\/p>\n<p><a href=\"https:\/\/agora.xtec.cat\/escolacollserolacerdanyola\/wp-content\/uploads\/usu1390\/2019\/09\/PEC.pdf\">PEC\u00a0<\/a><\/p>\n<p>&nbsp;<\/p>\n<p><a href=\"https:\/\/agora.xtec.cat\/escolacollserolacerdanyola\/wp-content\/uploads\/usu1390\/2021\/06\/Captura.jpg\"><img loading=\"lazy\" decoding=\"async\" class=\"alignnone wp-image-24504\" src=\"https:\/\/agora.xtec.cat\/escolacollserolacerdanyola\/wp-content\/uploads\/usu1390\/2021\/06\/Captura-300x124.jpg\" alt=\"\" width=\"360\" height=\"148\" srcset=\"https:\/\/agora.xtec.cat\/escolacollserolacerdanyola\/wp-content\/uploads\/usu1390\/2021\/06\/Captura-300x124.jpg 300w, https:\/\/agora.xtec.cat\/escolacollserolacerdanyola\/wp-content\/uploads\/usu1390\/2021\/06\/Captura-1024x425.jpg 1024w, https:\/\/agora.xtec.cat\/escolacollserolacerdanyola\/wp-content\/uploads\/usu1390\/2021\/06\/Captura.jpg 1564w\" sizes=\"auto, (max-width: 360px) 100vw, 360px\" \/><\/a><\/p>\n<p><a href=\"https:\/\/agora.xtec.cat\/escolacollserolacerdanyola\/wp-content\/uploads\/usu1390\/2021\/06\/CARTA-DE-COMPROM\u00cdS-EDUCATIU.pdf\" target=\"_blank\" rel=\"noopener noreferrer\">CARTA DE COMPROM\u00cdS EDUCATIU<\/a><\/p>\n<p>&nbsp;<\/p>\n<h5><img loading=\"lazy\" decoding=\"async\" class=\"\" src=\"https:\/\/agora.xtec.cat\/escolaantonitapies\/wp-content\/uploads\/usu574\/2018\/11\/projecte-linguistic.png\" alt=\"Resultat d'imatges per a &quot;projecte ling\u00fc\u00edstic de centre&quot;\" width=\"228\" height=\"214\" \/><\/h5>\n<p><a href=\"https:\/\/agora.xtec.cat\/escolacollserolacerdanyola\/wp-content\/uploads\/usu1390\/2019\/09\/Projecte-ling\u00fc\u00edstic-18-19.pdf\">Projecte ling\u00fc\u00edstic 18-19<\/a><\/p>\n<p>&nbsp;<\/p>\n<p><a href=\"https:\/\/agora.xtec.cat\/escolacollserolacerdanyola\/wp-content\/uploads\/usu1390\/2023\/10\/EDC-Collserola.jpg\"><img loading=\"lazy\" decoding=\"async\" class=\"alignnone wp-image-28004 size-medium\" src=\"https:\/\/agora.xtec.cat\/escolacollserolacerdanyola\/wp-content\/uploads\/usu1390\/2023\/10\/EDC-Collserola-300x92.jpg\" alt=\"\" width=\"300\" height=\"92\" srcset=\"https:\/\/agora.xtec.cat\/escolacollserolacerdanyola\/wp-content\/uploads\/usu1390\/2023\/10\/EDC-Collserola-300x92.jpg 300w, https:\/\/agora.xtec.cat\/escolacollserolacerdanyola\/wp-content\/uploads\/usu1390\/2023\/10\/EDC-Collserola-1024x313.jpg 1024w, https:\/\/agora.xtec.cat\/escolacollserolacerdanyola\/wp-content\/uploads\/usu1390\/2023\/10\/EDC-Collserola-768x235.jpg 768w, https:\/\/agora.xtec.cat\/escolacollserolacerdanyola\/wp-content\/uploads\/usu1390\/2023\/10\/EDC-Collserola-1536x470.jpg 1536w, https:\/\/agora.xtec.cat\/escolacollserolacerdanyola\/wp-content\/uploads\/usu1390\/2023\/10\/EDC-Collserola.jpg 1572w\" sizes=\"auto, (max-width: 300px) 100vw, 300px\" \/><\/a><\/p>\n<p><a href=\"https:\/\/sites.google.com\/collserolaescola.cat\/edc\/p%C3%A0gina-principal\">ESTRAT\u00c8GIA DIGITAL DE CENTRE<\/a><\/p>\n<p>&nbsp;<\/p>\n<p>&nbsp;<\/p>\n<h5><img loading=\"lazy\" decoding=\"async\" class=\"\" src=\"https:\/\/blocs.xtec.cat\/pablosanchezlobato\/files\/2017\/11\/tagxedo.png\" width=\"364\" height=\"172\" \/><\/h5>\n<p><span style=\"text-decoration: underline;\"><strong>CONTINGUTS CURRICULARS PRIM\u00c0RIA<\/strong><\/span><\/p>\n<p><a href=\"http:\/\/agora.xtec.cat\/escolacollserolacerdanyola\/wp-content\/uploads\/usu1390\/2017\/03\/CONTINGUTS-CICLE-INICIAL.pdf\">CONTINGUTS CICLE INICIAL<\/a><\/p>\n<p><a href=\"http:\/\/agora.xtec.cat\/escolacollserolacerdanyola\/wp-content\/uploads\/usu1390\/2017\/03\/CONTINGUTS-CICLE-MITJ\u00c0.pdf\">CONTINGUTS CICLE MITJ\u00c0<\/a><\/p>\n<p><a href=\"http:\/\/agora.xtec.cat\/escolacollserolacerdanyola\/wp-content\/uploads\/usu1390\/2017\/03\/CONTINGUTS-CICLE-SUPERIOR.pdf\">CONTINGUTS CICLE SUPERIOR<\/a><\/p>\n<p><span style=\"text-decoration: underline;\"><strong>COMPET\u00c8NCIES B\u00c0SIQUES DE CADA \u00c0MBIT DEL CURR\u00cdCULUM D&#8217;EDUCACI\u00d3 PRIM\u00c0RIA<\/strong><\/span><\/p>\n<p><a href=\"http:\/\/agora.xtec.cat\/escolacollserolacerdanyola\/wp-content\/uploads\/usu1390\/2017\/03\/Compet\u00e8ncies-b\u00e0siques.pdf\">Compet\u00e8ncies b\u00e0siques<\/a><\/p>\n<p><span style=\"text-decoration: underline;\"><strong>Informaci\u00f3 sobre l&#8217;avaluaci\u00f3 a l&#8217;Educaci\u00f3 Prim\u00e0ria<\/strong><\/span><\/p>\n<p><a href=\"http:\/\/agora.xtec.cat\/escolacollserolacerdanyola\/wp-content\/uploads\/usu1390\/2017\/03\/info-primaria.pdf\">info-primaria<\/a><\/p>\n<p>&nbsp;<\/p>\n<p>&nbsp;<\/p>\n<h5><a href=\"https:\/\/agora.xtec.cat\/escolacollserolacerdanyola\/wp-content\/uploads\/usu1390\/2019\/09\/Sense-t\u00edtol-1.jpg\"><img loading=\"lazy\" decoding=\"async\" class=\"alignnone wp-image-19179\" src=\"https:\/\/agora.xtec.cat\/escolacollserolacerdanyola\/wp-content\/uploads\/usu1390\/2019\/09\/Sense-t\u00edtol-1-1024x710.jpg\" alt=\"\" width=\"424\" height=\"294\" srcset=\"https:\/\/agora.xtec.cat\/escolacollserolacerdanyola\/wp-content\/uploads\/usu1390\/2019\/09\/Sense-t\u00edtol-1-1024x710.jpg 1024w, https:\/\/agora.xtec.cat\/escolacollserolacerdanyola\/wp-content\/uploads\/usu1390\/2019\/09\/Sense-t\u00edtol-1-300x208.jpg 300w, https:\/\/agora.xtec.cat\/escolacollserolacerdanyola\/wp-content\/uploads\/usu1390\/2019\/09\/Sense-t\u00edtol-1-768x533.jpg 768w, https:\/\/agora.xtec.cat\/escolacollserolacerdanyola\/wp-content\/uploads\/usu1390\/2019\/09\/Sense-t\u00edtol-1.jpg 1152w\" sizes=\"auto, (max-width: 424px) 100vw, 424px\" \/><\/a><\/h5>\n<h5><\/h5>\n<p><a href=\"https:\/\/agora.xtec.cat\/escolacollserolacerdanyola\/wp-content\/uploads\/usu1390\/2020\/02\/NOFC-primera-edicio-provisional-17-18.pdf\">NOFC primera edicio provisional 17-18<\/a>, ampliaci\u00f3 18-19 en edici\u00f3<\/p>\n<h5><\/h5>\n<p>&nbsp;<\/p>\n<p>&nbsp;<\/p>\n<h4><\/h4>\n<p>&nbsp;<\/p>\n<p>&nbsp;<\/p>\n<p>&nbsp;<\/p>\n<p>&nbsp;<\/p>\n<p>&nbsp;<\/p>\n<p>&nbsp;<\/p>\n<p>&nbsp;<\/p>\n<p>&nbsp;<\/p>\n<p>&nbsp;<\/p>\n<p>&nbsp;<\/p>\n<p>&nbsp;<\/p>\n","protected":false},"excerpt":{"rendered":"<p>PROJECTE EDUCATIU DE CENTRE\u00a0<br \/>\n\u00a0 <a style=\"color: #2795b6; background-color: #ffff00;\" href=\"https:\/\/www.canva.com\/design\/DAE2FuLU_BU\/view?utm_content=DAE2FuLU_BU&amp;utm_campaign=designshare&amp;utm_medium=link&amp;utm_source=publishsharelink\" target=\"_blank\" rel=\"noopener\">CLIK! CONEIX EL NOSTRE PROJECTE EDUCATIU 22.23<\/a><\/p>\n<p><a href=\"https:\/\/www.canva.com\/design\/DAEU6ncag7o\/aICSYF7WzCyw9yTc8ZvMBQ\/view?utm_content=DAEU6ncag7o&amp;utm_campaign=designshare&amp;utm_medium=link&amp;utm_source=publishsharelink\" target=\"_blank\" rel=\"noopener noreferrer\">EL NOSTRE PROJECTE EDUCATIU<\/a><br \/>\n<a href=\"https:\/\/agora.xtec.cat\/escolacollserolacerdanyola\/wp-content\/uploads\/usu1390\/2019\/09\/PEC.pdf\">PEC\u00a0<\/a><br \/>\n&nbsp;<br \/>\n<a href=\"https:\/\/agora.xtec.cat\/escolacollserolacerdanyola\/wp-content\/uploads\/usu1390\/2021\/06\/Captura.jpg\"><\/a><br \/>\n<a href=\"https:\/\/agora.xtec.cat\/escolacollserolacerdanyola\/wp-content\/uploads\/usu1390\/2021\/06\/CARTA-DE-COMPROM\u00cdS-EDUCATIU.pdf\" target=\"_blank\" rel=\"noopener noreferrer\">CARTA DE COMPROM\u00cdS EDUCATIU<\/a><br \/>\n&nbsp;<\/p>\n<p><a href=\"https:\/\/agora.xtec.cat\/escolacollserolacerdanyola\/wp-content\/uploads\/usu1390\/2019\/09\/Projecte-ling\u00fc\u00edstic-18-19.pdf\">Projecte ling\u00fc\u00edstic 18-19<\/a><br \/>\n&nbsp;<br \/>\n<a href=\"https:\/\/agora.xtec.cat\/escolacollserolacerdanyola\/wp-content\/uploads\/usu1390\/2023\/10\/EDC-Collserola.jpg\"><\/a><br \/>\n<a href=\"https:\/\/sites.google.com\/collserolaescola.cat\/edc\/p%C3%A0gina-principal\">ESTRAT\u00c8GIA DIGITAL DE CENTRE<\/a><br \/>\n&nbsp;<br \/>\n&nbsp;<\/p>\n<p>CONTINGUTS CURRICULARS PRIM\u00c0RIA<br \/>\n<a href=\"http:\/\/agora.xtec.cat\/escolacollserolacerdanyola\/wp-content\/uploads\/usu1390\/2017\/03\/CONTINGUTS-CICLE-INICIAL.pdf\">CONTINGUTS&hellip;  <a href=\"https:\/\/agora.xtec.cat\/escolacollserolacerdanyola\/docsdossiers-i-autoritzacions\/\" title=\"Read DOCUMENTS\">Llegeix m\u00e9s\u00bb<\/a><\/p>\n","protected":false},"author":22,"featured_media":0,"parent":0,"menu_order":0,"comment_status":"closed","ping_status":"closed","template":"page-templates\/side-menu.php","meta":{"_bbp_topic_count":0,"_bbp_reply_count":0,"_bbp_total_topic_count":0,"_bbp_total_reply_count":0,"_bbp_voice_count":0,"_bbp_anonymous_reply_count":0,"_bbp_topic_count_hidden":0,"_bbp_reply_count_hidden":0,"_bbp_forum_subforum_count":0,"footnotes":""},"class_list":["post-597","page","type-page","status-publish","hentry"],"post_mailing_queue_ids":[],"_links":{"self":[{"href":"https:\/\/agora.xtec.cat\/escolacollserolacerdanyola\/wp-json\/wp\/v2\/pages\/597","targetHints":{"allow":["GET"]}}],"collection":[{"href":"https:\/\/agora.xtec.cat\/escolacollserolacerdanyola\/wp-json\/wp\/v2\/pages"}],"about":[{"href":"https:\/\/agora.xtec.cat\/escolacollserolacerdanyola\/wp-json\/wp\/v2\/types\/page"}],"author":[{"embeddable":true,"href":"https:\/\/agora.xtec.cat\/escolacollserolacerdanyola\/wp-json\/wp\/v2\/users\/22"}],"replies":[{"embeddable":true,"href":"https:\/\/agora.xtec.cat\/escolacollserolacerdanyola\/wp-json\/wp\/v2\/comments?post=597"}],"version-history":[{"count":8,"href":"https:\/\/agora.xtec.cat\/escolacollserolacerdanyola\/wp-json\/wp\/v2\/pages\/597\/revisions"}],"predecessor-version":[{"id":28005,"href":"https:\/\/agora.xtec.cat\/escolacollserolacerdanyola\/wp-json\/wp\/v2\/pages\/597\/revisions\/28005"}],"wp:attachment":[{"href":"https:\/\/agora.xtec.cat\/escolacollserolacerdanyola\/wp-json\/wp\/v2\/media?parent=597"}],"curies":[{"name":"wp","href":"https:\/\/api.w.org\/{rel}","templated":true}]}}