{"id":534,"date":"2017-03-07T21:31:53","date_gmt":"2017-03-07T20:31:53","guid":{"rendered":"http:\/\/agora.xtec.cat\/escolacollserolacerdanyola\/?page_id=534"},"modified":"2024-02-09T18:13:43","modified_gmt":"2024-02-09T17:13:43","slug":"biblioteca-escolar-punt-edu","status":"publish","type":"page","link":"https:\/\/agora.xtec.cat\/escolacollserolacerdanyola\/projectes-de-lescola\/biblioteca-escolar-punt-edu\/","title":{"rendered":"Biblioteca escolar"},"content":{"rendered":"<ul style=\"list-style-type: circle;\">\n<li>\n<h3>A l&#8217;Escola tenim dues biblioteques: la biblioteca d&#8217;Infantil i la Biblioteca de Prim\u00e0ria. S\u00f3n espais no nom\u00e9s de lectura, sin\u00f3 que tamb\u00e9 conviden a poder treballar en petits grups o fer treballs de recerca.<\/h3>\n<\/li>\n<li>\n<h3>Les fam\u00edlies d&#8217;Infantil estan convidades a venir a explicar contes en horari lectiu.<\/h3>\n<\/li>\n<li>\n<h3>Aquests darrers cursos, gr\u00e0cies a l&#8217;AFI, s&#8217;ha fet una inversi\u00f3 en bibliografia lliure d&#8217;estereotips.<\/h3>\n<\/li>\n<li>\n<h3>Els infants de Prim\u00e0ria poden fer pr\u00e9stec de llibres per endur-se a casa, ja sigui en temps de biblioteca o a estones de bibliopati.<\/h3>\n<\/li>\n<\/ul>\n<h3><a href=\"https:\/\/agora.xtec.cat\/escolacollserolacerdanyola\/wp-content\/uploads\/usu1390\/2024\/02\/LA-BIBLIOTECA-ESCOLAR.jpg\"><img loading=\"lazy\" decoding=\"async\" class=\"alignnone size-full wp-image-28393\" src=\"https:\/\/agora.xtec.cat\/escolacollserolacerdanyola\/wp-content\/uploads\/usu1390\/2024\/02\/LA-BIBLIOTECA-ESCOLAR.jpg\" alt=\"\" width=\"1587\" height=\"2245\" srcset=\"https:\/\/agora.xtec.cat\/escolacollserolacerdanyola\/wp-content\/uploads\/usu1390\/2024\/02\/LA-BIBLIOTECA-ESCOLAR.jpg 1587w, https:\/\/agora.xtec.cat\/escolacollserolacerdanyola\/wp-content\/uploads\/usu1390\/2024\/02\/LA-BIBLIOTECA-ESCOLAR-212x300.jpg 212w, https:\/\/agora.xtec.cat\/escolacollserolacerdanyola\/wp-content\/uploads\/usu1390\/2024\/02\/LA-BIBLIOTECA-ESCOLAR-724x1024.jpg 724w, https:\/\/agora.xtec.cat\/escolacollserolacerdanyola\/wp-content\/uploads\/usu1390\/2024\/02\/LA-BIBLIOTECA-ESCOLAR-768x1086.jpg 768w, https:\/\/agora.xtec.cat\/escolacollserolacerdanyola\/wp-content\/uploads\/usu1390\/2024\/02\/LA-BIBLIOTECA-ESCOLAR-1086x1536.jpg 1086w, https:\/\/agora.xtec.cat\/escolacollserolacerdanyola\/wp-content\/uploads\/usu1390\/2024\/02\/LA-BIBLIOTECA-ESCOLAR-1448x2048.jpg 1448w\" sizes=\"auto, (max-width: 1587px) 100vw, 1587px\" \/><\/a><\/h3>\n<p>&nbsp;<\/p>\n<p>&nbsp;<\/p>\n<p>&nbsp;<\/p>\n<p>&nbsp;<\/p>\n","protected":false},"excerpt":{"rendered":"<ul style=\"list-style-type: circle;\">\n<li>\nA l&#8217;Escola tenim dues biblioteques: la biblioteca d&#8217;Infantil i la Biblioteca de Prim\u00e0ria. S\u00f3n espais no nom\u00e9s de lectura, sin\u00f3 que tamb\u00e9 conviden a poder treballar en petits grups o fer treballs de recerca.\n<\/li>\n<li>\nLes fam\u00edlies d&#8217;Infantil estan convidades a venir a explicar contes&hellip;  <a href=\"https:\/\/agora.xtec.cat\/escolacollserolacerdanyola\/projectes-de-lescola\/biblioteca-escolar-punt-edu\/\" title=\"Read Biblioteca escolar\">Llegeix m\u00e9s\u00bb<\/a><\/p>\n","protected":false},"author":22,"featured_media":0,"parent":503,"menu_order":0,"comment_status":"closed","ping_status":"closed","template":"page-templates\/side-menu.php","meta":{"_bbp_topic_count":0,"_bbp_reply_count":0,"_bbp_total_topic_count":0,"_bbp_total_reply_count":0,"_bbp_voice_count":0,"_bbp_anonymous_reply_count":0,"_bbp_topic_count_hidden":0,"_bbp_reply_count_hidden":0,"_bbp_forum_subforum_count":0,"footnotes":""},"class_list":["post-534","page","type-page","status-publish","hentry"],"post_mailing_queue_ids":[],"_links":{"self":[{"href":"https:\/\/agora.xtec.cat\/escolacollserolacerdanyola\/wp-json\/wp\/v2\/pages\/534","targetHints":{"allow":["GET"]}}],"collection":[{"href":"https:\/\/agora.xtec.cat\/escolacollserolacerdanyola\/wp-json\/wp\/v2\/pages"}],"about":[{"href":"https:\/\/agora.xtec.cat\/escolacollserolacerdanyola\/wp-json\/wp\/v2\/types\/page"}],"author":[{"embeddable":true,"href":"https:\/\/agora.xtec.cat\/escolacollserolacerdanyola\/wp-json\/wp\/v2\/users\/22"}],"replies":[{"embeddable":true,"href":"https:\/\/agora.xtec.cat\/escolacollserolacerdanyola\/wp-json\/wp\/v2\/comments?post=534"}],"version-history":[{"count":5,"href":"https:\/\/agora.xtec.cat\/escolacollserolacerdanyola\/wp-json\/wp\/v2\/pages\/534\/revisions"}],"predecessor-version":[{"id":28394,"href":"https:\/\/agora.xtec.cat\/escolacollserolacerdanyola\/wp-json\/wp\/v2\/pages\/534\/revisions\/28394"}],"up":[{"embeddable":true,"href":"https:\/\/agora.xtec.cat\/escolacollserolacerdanyola\/wp-json\/wp\/v2\/pages\/503"}],"wp:attachment":[{"href":"https:\/\/agora.xtec.cat\/escolacollserolacerdanyola\/wp-json\/wp\/v2\/media?parent=534"}],"curies":[{"name":"wp","href":"https:\/\/api.w.org\/{rel}","templated":true}]}}