{"id":512,"date":"2017-03-07T21:04:20","date_gmt":"2017-03-07T20:04:20","guid":{"rendered":"http:\/\/agora.xtec.cat\/escolacollserolacerdanyola\/?page_id=512"},"modified":"2025-02-26T17:18:48","modified_gmt":"2025-02-26T16:18:48","slug":"apadrinament-lector","status":"publish","type":"page","link":"https:\/\/agora.xtec.cat\/escolacollserolacerdanyola\/projectes-de-lescola\/apadrinament-lector\/","title":{"rendered":"PLA DE LECTURA i apadrinament Lector"},"content":{"rendered":"<p><a href=\"https:\/\/agora.xtec.cat\/escolacollserolacerdanyola\/projectes-de-lescola\/apadrinament-lector\/attachment\/captura-de-pantalla-2025-02-26-171739\/\" rel=\"attachment wp-att-28771\"><img loading=\"lazy\" decoding=\"async\" class=\"alignnone size-full wp-image-28771\" src=\"https:\/\/agora.xtec.cat\/escolacollserolacerdanyola\/wp-content\/uploads\/usu1390\/2025\/02\/Captura-de-pantalla-2025-02-26-171739.png\" alt=\"\" width=\"1302\" height=\"735\" srcset=\"https:\/\/agora.xtec.cat\/escolacollserolacerdanyola\/wp-content\/uploads\/usu1390\/2025\/02\/Captura-de-pantalla-2025-02-26-171739.png 1302w, https:\/\/agora.xtec.cat\/escolacollserolacerdanyola\/wp-content\/uploads\/usu1390\/2025\/02\/Captura-de-pantalla-2025-02-26-171739-300x169.png 300w, https:\/\/agora.xtec.cat\/escolacollserolacerdanyola\/wp-content\/uploads\/usu1390\/2025\/02\/Captura-de-pantalla-2025-02-26-171739-1024x578.png 1024w, https:\/\/agora.xtec.cat\/escolacollserolacerdanyola\/wp-content\/uploads\/usu1390\/2025\/02\/Captura-de-pantalla-2025-02-26-171739-768x434.png 768w\" sizes=\"auto, (max-width: 1302px) 100vw, 1302px\" \/><\/a><\/p>\n<h5>L&#8217;Escola t\u00e9 com un dels seus objectius la millora de l&#8217;\u00e8xit escolar de tot l&#8217;alumnat. Aconseguir aquest objectiu passa, sens dubte, per afavorir l&#8217;h\u00e0bit lector en l&#8217;alumnat i l&#8217;assoliment de la seva compet\u00e8ncia lectora.\u00a0 Potenciem la lectura sistem\u00e0tica en totes les \u00e0rees al llarg de tota l&#8217;escolaritat i creem a l&#8217;escola espais lectors amb acc\u00e9s a tot tipus de lectures.<\/h5>\n<h5>Per poder aplegar totes les activitats que es fan entorn a la lectura i la compet\u00e8ncia lectora, el centre disposa del Pla de Lectura del Centre (PLEC).<\/h5>\n<h5>El PLEC \u00e9s un document de refer\u00e8ncia per a tota la comunitat educativa que defineix clarament les l\u00ednies d\u2019actuaci\u00f3 \u2013objectius, metodologia, planificaci\u00f3 d\u2019estrat\u00e8gies, recursos\u2013 que cada centre es proposa per tal d\u2019assegurar la compet\u00e8ncia lectora de l&#8217;alumnat. Els eixos de la compet\u00e8ncia lectora que ha de desenvolupar un Pla de lectura de centre s\u00f3n: saber llegir, llegir per aprendre i gust per llegir.<\/h5>\n<h5>Dins d&#8217;aquest context, el Pla de lectura el Centre inclou, tamb\u00e9:<\/h5>\n<ul>\n<li>\n<h5>Organitzaci\u00f3 de les estones di\u00e0ries de lectura: 30&#8242; diaris amb activitats diverses de lectura<\/h5>\n<\/li>\n<li>\n<h5>Distribuci\u00f3 hor\u00e0ria de les visites a la biblioteca de l&#8217;escola: tots els grups de l&#8217;escola visiten un cop a la setmana la biblioteca de l&#8217;escola i, en els cursos de prim\u00e0ria, poden fer pr\u00e9stec de llibres.<\/h5>\n<\/li>\n<li>\n<h5>Apadrinament lector: l&#8217;alumnat de 5\u00e8 i\/o de 6\u00e8 apadrina els infants de 1r i\/o de EI5 i gaudeixen plegats d&#8217;una estona de lectura<\/h5>\n<\/li>\n<\/ul>\n<h5><\/h5>\n","protected":false},"excerpt":{"rendered":"<p><a href=\"https:\/\/agora.xtec.cat\/escolacollserolacerdanyola\/projectes-de-lescola\/apadrinament-lector\/attachment\/captura-de-pantalla-2025-02-26-171739\/\" rel=\"attachment wp-att-28771\"><\/a><br \/>\nL&#8217;Escola t\u00e9 com un dels seus objectius la millora de l&#8217;\u00e8xit escolar de tot l&#8217;alumnat. Aconseguir aquest objectiu passa, sens dubte, per afavorir l&#8217;h\u00e0bit lector en l&#8217;alumnat i l&#8217;assoliment de la seva compet\u00e8ncia lectora.\u00a0 Potenciem la lectura sistem\u00e0tica en totes les \u00e0rees&hellip;  <a href=\"https:\/\/agora.xtec.cat\/escolacollserolacerdanyola\/projectes-de-lescola\/apadrinament-lector\/\" title=\"Read PLA DE LECTURA i apadrinament Lector\">Llegeix m\u00e9s\u00bb<\/a><\/p>\n","protected":false},"author":22,"featured_media":0,"parent":503,"menu_order":0,"comment_status":"closed","ping_status":"closed","template":"page-templates\/side-menu.php","meta":{"_bbp_topic_count":0,"_bbp_reply_count":0,"_bbp_total_topic_count":0,"_bbp_total_reply_count":0,"_bbp_voice_count":0,"_bbp_anonymous_reply_count":0,"_bbp_topic_count_hidden":0,"_bbp_reply_count_hidden":0,"_bbp_forum_subforum_count":0,"footnotes":""},"class_list":["post-512","page","type-page","status-publish","hentry"],"post_mailing_queue_ids":[],"_links":{"self":[{"href":"https:\/\/agora.xtec.cat\/escolacollserolacerdanyola\/wp-json\/wp\/v2\/pages\/512","targetHints":{"allow":["GET"]}}],"collection":[{"href":"https:\/\/agora.xtec.cat\/escolacollserolacerdanyola\/wp-json\/wp\/v2\/pages"}],"about":[{"href":"https:\/\/agora.xtec.cat\/escolacollserolacerdanyola\/wp-json\/wp\/v2\/types\/page"}],"author":[{"embeddable":true,"href":"https:\/\/agora.xtec.cat\/escolacollserolacerdanyola\/wp-json\/wp\/v2\/users\/22"}],"replies":[{"embeddable":true,"href":"https:\/\/agora.xtec.cat\/escolacollserolacerdanyola\/wp-json\/wp\/v2\/comments?post=512"}],"version-history":[{"count":5,"href":"https:\/\/agora.xtec.cat\/escolacollserolacerdanyola\/wp-json\/wp\/v2\/pages\/512\/revisions"}],"predecessor-version":[{"id":28772,"href":"https:\/\/agora.xtec.cat\/escolacollserolacerdanyola\/wp-json\/wp\/v2\/pages\/512\/revisions\/28772"}],"up":[{"embeddable":true,"href":"https:\/\/agora.xtec.cat\/escolacollserolacerdanyola\/wp-json\/wp\/v2\/pages\/503"}],"wp:attachment":[{"href":"https:\/\/agora.xtec.cat\/escolacollserolacerdanyola\/wp-json\/wp\/v2\/media?parent=512"}],"curies":[{"name":"wp","href":"https:\/\/api.w.org\/{rel}","templated":true}]}}