{"id":38,"date":"2014-09-18T12:34:08","date_gmt":"2014-09-18T11:34:08","guid":{"rendered":"http:\/\/agora.xtec.cat\/escolacollserolacerdanyola\/?page_id=38"},"modified":"2025-02-26T10:05:03","modified_gmt":"2025-02-26T09:05:03","slug":"salut","status":"publish","type":"page","link":"https:\/\/agora.xtec.cat\/escolacollserolacerdanyola\/docsdossiers-i-autoritzacions\/organitzacio-del-centre\/salut\/","title":{"rendered":"Salut"},"content":{"rendered":"<h1><span style=\"color: #0000ff;\">Salut a l\u2019escola<\/span><\/h1>\n<h4><span style=\"color: #3366ff;\">Administraci\u00f3 de medicaments a l\u2019alumnat<\/span><\/h4>\n<h5><span style=\"text-decoration: underline;\">Recomanacions per administrar paracetamol<\/span><\/h5>\n<p>Per administrar paracetamol als infants a les escoles, cal tenir l\u2019autoritzaci\u00f3 del pare, mare o tutor, que es demana a l&#8217;inici de l&#8217;escolaritzaci\u00f3 del centre. En aquest<a href=\"http:\/\/chrome-extension:\/\/efaidnbmnnnibpcajpcglclefindmkaj\/https:\/\/documents.espai.educacio.gencat.cat\/FormularisModels\/CentresGestioAdministrativa\/Y332_188.pdf\"><span style=\"color: #0000ff;\"><strong> ENLLA\u00c7<\/strong> <\/span><\/a>teniu el model.<\/p>\n<p>La febre \u00e9s un s\u00edmptoma caracteritzat per un augment de temperatura per sobre de 37 \u00baC que sovint s\u2019acompanya de malestar. \u00c9s molt freq\u00fcent en l\u2019infant. La febre \u00e9s en si mateixa un mecanisme de defensa de l\u2019organisme contra la malaltia i, per tant, no cal tractar-la de forma immediata amb medicaments. Podem utilitzar mesures f\u00edsiques per fer abaixar la temperatura i disminuir-ne les mol\u00e8sties: si t\u00e9 malestar, fred o esgarrifances es recomana no abrigar-lo i donar-li aigua a glopets.<\/p>\n<p>Si en un infant la febre est\u00e0 per sobre de 37&#8217;5\u00baC contactarem amb la fam\u00edlia perqu\u00e8 el pugui recollir el m\u00e9s aviat possible. Mentrestant, si la febre \u00e9s igual o superior a 38 \u00baC es recomana administrar un antit\u00e8rmic\/analg\u00e8sic. El f\u00e0rmac de refer\u00e8ncia i m\u00e9s utilitzat arreu \u00e9s el paracetamol, per la seva bona toler\u00e0ncia i la relativa abs\u00e8ncia d\u2019efectes secundaris.<\/p>\n<p><strong>Un infant amb febre no ha de venir ni quedar-se a l\u2019escola.\u00a0<\/strong><\/p>\n<h4><span style=\"color: #3366ff;\">Vacunacions<\/span><\/h4>\n<p>L&#8217;administraci\u00f3 de les vacunes que es fa en els centres educatius est\u00e0 regulada pel Decret 155\/1993, d&#8217;1 de juny, d&#8217;actualitzaci\u00f3 del Programa de salut escolar.<\/p>\n<p>A l&#8217;article 10 s&#8217;especifica quines s\u00f3n les vacunes que, en cada cas, s&#8217;han d&#8217;administrar.<\/p>\n<p>El calendari de vacunacions del Departament de Salut \u00e9s el que regula les vacunes recomanades i s&#8217;hi poden consultar segons l&#8217;edat d&#8217;administraci\u00f3.<\/p>\n<h4><img loading=\"lazy\" decoding=\"async\" class=\"\" src=\"https:\/\/canalsalut.gencat.cat\/web\/.content\/_A-Z\/V\/vacunacions\/imatges\/calendari-vacunacions-sistematiques.png\" alt=\"Calendari de vacunacions sistem\u00e0tiques 2022\" width=\"624\" height=\"415\" \/><\/h4>\n<p>Un dels objectius del despla\u00e7ament de professionals sanitaris dels equips d&#8217;atenci\u00f3 prim\u00e0ria als centres escolars del seu \u00e0mbit territorial \u00e9s mantenir cobertures de vacunaci\u00f3 elevades en infants i adolescents per garantir la protecci\u00f3 individual i tamb\u00e9 la col\u00b7lectiva mitjan\u00e7ant immunitat de grup.<\/p>\n<p>La vacunaci\u00f3 en centres Salut escolar en els centres educatius 5\/14educatius garanteix la continu\u00eftat assistencial i el seguiment del calendari de vacunacions sistem\u00e0tiques de Catalunya.<\/p>\n<p>La direcci\u00f3 del centre ha de vetllar per facilitar la vacunaci\u00f3 al centre i garantir el trasp\u00e0s d&#8217;informaci\u00f3 amb els i les professionals sanitaris, pr\u00e8via autoritzaci\u00f3 de la fam\u00edlia o el tutor o la tutora legal de l&#8217;alumnat at\u00e8s.<\/p>\n<p><strong>Les vacunes\u00a0que s\u2019administren a 6\u00e8 curs de prim\u00e0ria s\u00f3n les seg\u00fcents:<\/strong><\/p>\n<p>\u2013La vacuna contra el papil\u00b7lomavirus (VPH); s\u2019administra en dues dosis.<\/p>\n<p>\u2013La vacuna contra l\u2019hepatitis A (VHA); s\u2019administra en dues dosis.<\/p>\n<p>\u2013La vacuna contra la varicel\u00b7la (V); s\u2019administra en dues dosis als nois o noies que no hagin passat la malaltia ni hagin rebut la\u00a0 vacuna. En cas que el vostre fill o filla estigui vacunat amb una dosi se li\u2019n administrar\u00e0 la segona.<\/p>\n<p>\u2013La vacuna antimeninoc\u00f2ccia C conjugada (MC);\u00a0s\u2019administra una \u00fanica dosis.<\/p>\n<p>Per a m\u00e9s informaci\u00f3 podeu consultar el Canal Salut del Departament de Salut (<a href=\"http:\/\/www20.gencat.cat\/portal\/site\/canalsalut\">http:\/\/www20.gencat.cat\/portal\/site\/canalsalut<\/a>) o trucar al tel\u00e8fon 061 del CatSalut Respon.<\/p>\n<h4><span style=\"color: #3366ff;\">Atenci\u00f3 dels infants amb al\u00b7l\u00e8rgies aliment\u00e0ries i\/o al l\u00e0tex en l\u2019\u00e0mbit escolar<\/span><\/h4>\n<p>La fam\u00edlia de l\u2019alumne amb al\u00b7l\u00e8rgia aliment\u00e0ria i\/o al l\u00e0tex ha d\u2019informar-ne als responsables del centre educatiu a l\u2019inici de l\u2019escolaritzaci\u00f3 o quan en tingui coneixement.<\/p>\n<p>La fam\u00edlia ha d\u2019aportar al centre la documentaci\u00f3 seg\u00fcent:<\/p>\n<ul>\n<li>Informe m\u00e8dic\u00a0signat per l\u2019equip sanitari responsable, on han de constar totes les dades de la malaltia de l\u2019infant, les actuacions que cal fer i els tel\u00e8fons dels referents sanitaris.<\/li>\n<li>Impr\u00e8s signat amb la recollida d\u2019informaci\u00f3 on es detalla el tipus d\u2019al\u00b7l\u00e8rgia de l\u2019alumne, les vies d\u2019entrada i el tipus de reacci\u00f3.<\/li>\n<li>Impr\u00e8s de sol\u00b7licitud signat i autoritzaci\u00f3 d\u2019administraci\u00f3 de la medicaci\u00f3 prescrita i l\u2019atenci\u00f3 espec\u00edfica prescrita i pautada pel metge o metgessa.<\/li>\n<li>\n<h4><span style=\"color: #3366ff;\">Medicaments<\/span><\/h4>\n<\/li>\n<\/ul>\n<p>Pel que fa al subministrament de medicaments, la fam\u00edlia, en la mesura del possible, ha d\u2019establir la programaci\u00f3 hor\u00e0ria dels mateixos fora de l\u2019horari lectiu (hi ha antibi\u00f2tics que en lloc de cada vuit hores es donen cada dotze, si ho demaneu aix\u00ed no ser\u00e0 necessari portar-los a l\u2019escola).<\/p>\n<p>En cas que no sigui compatible i haguem de donar medicaci\u00f3 a l\u2019alumnat, aquests seran <strong>els requisits normatius IMPRESCINDIBLES<\/strong>:<\/p>\n<ul>\n<li>Cal portar la recepta m\u00e8dica. (<strong>No donarem cap medicament sense la recepta corresponent<\/strong>).<\/li>\n<li>A la capsa cal indicar per escrit el nom del vostre fill, la dosi i l\u2019hora en qu\u00e8 l\u2019ha de prendre (indicant tamb\u00e9 si cal o no guardar-lo a la nevera)<\/li>\n<li>Comunicat amb l\u2019autoritzaci\u00f3 signada pel mare, pare o tutor legal per a donar el medicament<\/li>\n<\/ul>\n<p><img loading=\"lazy\" decoding=\"async\" class=\"alignright\" src=\"https:\/\/img.freepik.com\/vector-gratis\/grupo-personal-medico-que-lleva-iconos-relacionados-salud_53876-43071.jpg\" alt=\"Im\u00e1genes de Salud - Descarga gratuita en Freepik\" width=\"292\" height=\"233\" \/><\/p>\n<h4><span style=\"color: #3366ff;\">Polls<\/span><\/h4>\n<p class=\"cvGsUA direction-ltr align-start para-style-body\"><span class=\"OYPEnA text-decoration-none text-strikethrough-none\">Per tal d\u2019evitar la propagaci\u00f3 de polls entre el grup de companys\/es, l&#8217;escola informar\u00e0 a les fam\u00edlies dels grups classe afectats la necessitat de fer revsi\u00f3 i tractament en els seus infants.<\/span><\/p>\n<p class=\"cvGsUA direction-ltr align-start para-style-body\"><span class=\"OYPEnA text-decoration-none text-strikethrough-none\">El Departament aconsella:<\/span><\/p>\n<ul>\n<li class=\"cvGsUA direction-ltr align-start para-style-body\"><span class=\"OYPEnA text-decoration-none text-strikethrough-none\">L\u2019endem\u00e0 de fer la primera aplicaci\u00f3 del tractament l\u2019infant pot assistir a classe.<\/span><\/li>\n<li class=\"cvGsUA direction-ltr align-justify para-style-body\"><span class=\"OYPEnA text-decoration-none text-strikethrough-none\">Els convivents familiars s\u2019haurien de revisar el cap tamb\u00e9 i pentinar-se repetidament amb la pinta<\/span> <span class=\"OYPEnA text-decoration-none text-strikethrough-none\">especial per detectar els polls i fer el tractament al mateix temps.<\/span><\/li>\n<li class=\"cvGsUA direction-ltr align-start para-style-body\"><span class=\"OYPEnA text-decoration-none text-strikethrough-none\">Aquells convivents en qu\u00e8 no hagin vist els polls, per\u00f2 hi ha molt risc de que pugin haver-se infestat (com ara haver compartit pintes o dormir en el mateix llit), caldr\u00e0 revisar-los durant dos o tres dies seguits i pentinar-los amb la pinta especial. Els polls es mouen molt f\u00e0cilment i, si no s&#8217;han vist polls, per\u00f2 hi ha ll\u00e9menes, cal tractament.<\/span><\/li>\n<\/ul>\n<p>&nbsp;<\/p>\n<p><img loading=\"lazy\" decoding=\"async\" class=\"\" src=\"https:\/\/bibliotecavirtual.diba.cat\/documents\/10934\/346626550\/destacat_VS_2021.jpg\/037773a1-0b8c-161d-16ad-d28e8a560929?t=1621610327980\" alt=\"Salut - Biblioteca Virtual\" width=\"304\" height=\"185\" \/><\/p>\n<p>&nbsp;<\/p>\n<p>&nbsp;<\/p>\n<p>&nbsp;<\/p>\n","protected":false},"excerpt":{"rendered":"<p>Salut a l\u2019escola<br \/>\nAdministraci\u00f3 de medicaments a l\u2019alumnat<br \/>\nRecomanacions per administrar paracetamol<br \/>\nPer administrar paracetamol als infants a les escoles, cal tenir l\u2019autoritzaci\u00f3 del pare, mare o tutor, que es demana a l&#8217;inici de l&#8217;escolaritzaci\u00f3 del centre. En aquest<a href=\"http:\/\/chrome-extension:\/\/efaidnbmnnnibpcajpcglclefindmkaj\/https:\/\/documents.espai.educacio.gencat.cat\/FormularisModels\/CentresGestioAdministrativa\/Y332_188.pdf\"> ENLLA\u00c7 <\/a>teniu el model.<br \/>\nLa febre \u00e9s un s\u00edmptoma&hellip;  <a href=\"https:\/\/agora.xtec.cat\/escolacollserolacerdanyola\/docsdossiers-i-autoritzacions\/organitzacio-del-centre\/salut\/\" title=\"Read Salut\">Llegeix m\u00e9s\u00bb<\/a><\/p>\n","protected":false},"author":22,"featured_media":0,"parent":28049,"menu_order":80,"comment_status":"closed","ping_status":"closed","template":"page-templates\/side-menu.php","meta":{"_bbp_topic_count":0,"_bbp_reply_count":0,"_bbp_total_topic_count":0,"_bbp_total_reply_count":0,"_bbp_voice_count":0,"_bbp_anonymous_reply_count":0,"_bbp_topic_count_hidden":0,"_bbp_reply_count_hidden":0,"_bbp_forum_subforum_count":0,"footnotes":""},"class_list":["post-38","page","type-page","status-publish","hentry"],"post_mailing_queue_ids":[],"_links":{"self":[{"href":"https:\/\/agora.xtec.cat\/escolacollserolacerdanyola\/wp-json\/wp\/v2\/pages\/38","targetHints":{"allow":["GET"]}}],"collection":[{"href":"https:\/\/agora.xtec.cat\/escolacollserolacerdanyola\/wp-json\/wp\/v2\/pages"}],"about":[{"href":"https:\/\/agora.xtec.cat\/escolacollserolacerdanyola\/wp-json\/wp\/v2\/types\/page"}],"author":[{"embeddable":true,"href":"https:\/\/agora.xtec.cat\/escolacollserolacerdanyola\/wp-json\/wp\/v2\/users\/22"}],"replies":[{"embeddable":true,"href":"https:\/\/agora.xtec.cat\/escolacollserolacerdanyola\/wp-json\/wp\/v2\/comments?post=38"}],"version-history":[{"count":4,"href":"https:\/\/agora.xtec.cat\/escolacollserolacerdanyola\/wp-json\/wp\/v2\/pages\/38\/revisions"}],"predecessor-version":[{"id":28407,"href":"https:\/\/agora.xtec.cat\/escolacollserolacerdanyola\/wp-json\/wp\/v2\/pages\/38\/revisions\/28407"}],"up":[{"embeddable":true,"href":"https:\/\/agora.xtec.cat\/escolacollserolacerdanyola\/wp-json\/wp\/v2\/pages\/28049"}],"wp:attachment":[{"href":"https:\/\/agora.xtec.cat\/escolacollserolacerdanyola\/wp-json\/wp\/v2\/media?parent=38"}],"curies":[{"name":"wp","href":"https:\/\/api.w.org\/{rel}","templated":true}]}}