{"id":698,"date":"2016-03-07T13:47:43","date_gmt":"2016-03-07T12:47:43","guid":{"rendered":"http:\/\/agora.xtec.cat\/escolaciutatjardi\/?page_id=698"},"modified":"2022-09-27T09:24:19","modified_gmt":"2022-09-27T07:24:19","slug":"com-fem","status":"publish","type":"page","link":"https:\/\/agora.xtec.cat\/escolaciutatjardi\/lescola\/com-fem\/","title":{"rendered":"Com ho fem"},"content":{"rendered":"<h3><a href=\"https:\/\/agora.xtec.cat\/escolaciutatjardi\/comunitats-daprenentatge\/\">COMUNITATS D&#8217;APRENENTATGE<\/a><\/h3>\n<p>Les comunitats d&#8217;aprenentatge s\u00f3n un projecte de transformaci\u00f3 social i cultural basat en l&#8217;aplicaci\u00f3 d&#8217;aquelles actuacions educatives d&#8217;\u00e8xit (AEE) de les quals s&#8217;ha demostrat cient\u00edficament que milloren el rendiment educatiu i la conviv\u00e8ncia. Les comunitats d&#8217;aprenentatge impliquen totes les persones que, de forma directa o indirecta, influeixen en l&#8217;aprenentatge i el desenvolupament dels estudiants, incloent-hi mestres, professors, familiars, membres d&#8217;associacions i organitzacions ve\u00efnals i locals i persones volunt\u00e0ries.<\/p>\n<h3>PLURILING\u00dcISME<\/h3>\n<p>La llengua catalana, la llengua castellana i la llengua estrangera (angl\u00e8s) s&#8217;empraran com a lleng\u00fces vehiculars al centre i a partir del Cicle Mitj\u00e0, s&#8217;incorporar\u00e0 tamb\u00e9, la llengua francesa i llengua alemanya com a segones lleng\u00fces fent una aposta a la transfer\u00e8ncia que es pot fer a partir de les lleng\u00fces rom\u00e0niques (catal\u00e0, castell\u00e0 i franc\u00e8s) i la infer\u00e8ncia de l&#8217;angl\u00e8s i l&#8217;alemany com a lleng\u00fces germ\u00e0niques. (Consulteu el <a href=\"https:\/\/agora.xtec.cat\/escolaciutatjardi\/docs\/projecte-linguistic\/\">projecte ling\u00fc\u00edstic<\/a>)<\/p>\n<h3>ESPAIS D&#8217;APRENENTATGE<\/h3>\n<p>Els espais a infantil, s\u00f3n espais educatius preparats i planificats amb molta cura i ordre, organitzats per desenvolupar en els infants la part social, emocional, intel\u00b7lectual, a m\u00e9s de l&#8217;ordre i la seguretat.<\/p>\n<p>Els espais s\u00f3n espais dissenyats i vestits amb t\u00e8cniques art\u00edstiques, llibres, m\u00fasica, plantes, matem\u00e0tiques&#8230; tot un conjunt per fomentar i desenvolupar l&#8217;aprenentatge i el creixement aut\u00f2nom dels nostres infants. Procurem la correspond\u00e8ncia entre les necessitats aut\u00e8ntiques de l&#8217;alumnat, aix\u00ed com els elements que el disseny curricular competencial exigeix.<\/p>\n<p>Procurem acostar-nos a una millor comprensi\u00f3 dels processos neurol\u00f2gics i biol\u00f2gics de cada\u00a0etapa del desenvolupament.<\/p>\n<h3>MATERIALS MONTESSORI<\/h3>\n<p>Un dels trets caracter\u00edstics,\u00a0de la nostra escola\u00a0 \u00e9s l&#8217;\u00fas dels materials Montessori com a base d&#8217;un aprenentatge vivencial.<\/p>\n<p>Especialment en l&#8217;etapa d&#8217;educaci\u00f3 Infantil per\u00f2 tamb\u00e9 en Educaci\u00f3 Prim\u00e0ria (1r, 2n i 3r), sobretot en l&#8217;\u00e0mbit matem\u00e0tic.<\/p>\n<p>Un mitj\u00e0 que utilitza l&#8217;infant que esdev\u00e9 protagonista per arribar a desenvolupar els seus\u00a0coneixements i passar d&#8217;all\u00f2 concret a l&#8217;abstracci\u00f3.<\/p>\n<h3>PROJECTES<\/h3>\n<p>Metodologia de treball globalitzadora que s&#8217;inicia amb el di\u00e0leg entre infants, recollint\u00a0dubtes, curiositats, preguntes,\u00a0perspectives diferents i que gr\u00e0cies a la participaci\u00f3 activa de\u00a0la comunitat educativa integra els aprenentatges educatius, en l&#8217;entorn real de l&#8217;alumnat i\u00a0del professorat, per poder establir vincles en la interacci\u00f3 dels companys i adults.<\/p>\n<p>Els projectes permeten el tractament de la informaci\u00f3, l&#8217;experimentaci\u00f3, la documentaci\u00f3 i la investigaci\u00f3 amb propostes que afavoreixen el pensament i coneixement dels infants.<\/p>\n<p>&nbsp;<\/p>\n","protected":false},"excerpt":{"rendered":"<p><a href=\"https:\/\/agora.xtec.cat\/escolaciutatjardi\/comunitats-daprenentatge\/\">COMUNITATS D&#8217;APRENENTATGE<\/a><br \/>\nLes comunitats d&#8217;aprenentatge s\u00f3n un projecte de transformaci\u00f3 social i cultural basat en l&#8217;aplicaci\u00f3 d&#8217;aquelles actuacions educatives d&#8217;\u00e8xit (AEE) de les quals s&#8217;ha demostrat cient\u00edficament que milloren el rendiment educatiu i la conviv\u00e8ncia. Les comunitats d&#8217;aprenentatge impliquen totes les persones que, de forma&hellip;  <a href=\"https:\/\/agora.xtec.cat\/escolaciutatjardi\/lescola\/com-fem\/\" title=\"Read Com ho fem\">Llegeix m\u00e9s\u00bb<\/a><\/p>\n","protected":false},"author":1,"featured_media":0,"parent":22,"menu_order":25,"comment_status":"closed","ping_status":"closed","template":"page-templates\/side-menu.php","meta":{"_bbp_topic_count":0,"_bbp_reply_count":0,"_bbp_total_topic_count":0,"_bbp_total_reply_count":0,"_bbp_voice_count":0,"_bbp_anonymous_reply_count":0,"_bbp_topic_count_hidden":0,"_bbp_reply_count_hidden":0,"_bbp_forum_subforum_count":0,"footnotes":""},"class_list":["post-698","page","type-page","status-publish","hentry"],"post_mailing_queue_ids":[],"_links":{"self":[{"href":"https:\/\/agora.xtec.cat\/escolaciutatjardi\/wp-json\/wp\/v2\/pages\/698","targetHints":{"allow":["GET"]}}],"collection":[{"href":"https:\/\/agora.xtec.cat\/escolaciutatjardi\/wp-json\/wp\/v2\/pages"}],"about":[{"href":"https:\/\/agora.xtec.cat\/escolaciutatjardi\/wp-json\/wp\/v2\/types\/page"}],"author":[{"embeddable":true,"href":"https:\/\/agora.xtec.cat\/escolaciutatjardi\/wp-json\/wp\/v2\/users\/1"}],"replies":[{"embeddable":true,"href":"https:\/\/agora.xtec.cat\/escolaciutatjardi\/wp-json\/wp\/v2\/comments?post=698"}],"version-history":[{"count":4,"href":"https:\/\/agora.xtec.cat\/escolaciutatjardi\/wp-json\/wp\/v2\/pages\/698\/revisions"}],"predecessor-version":[{"id":7353,"href":"https:\/\/agora.xtec.cat\/escolaciutatjardi\/wp-json\/wp\/v2\/pages\/698\/revisions\/7353"}],"up":[{"embeddable":true,"href":"https:\/\/agora.xtec.cat\/escolaciutatjardi\/wp-json\/wp\/v2\/pages\/22"}],"wp:attachment":[{"href":"https:\/\/agora.xtec.cat\/escolaciutatjardi\/wp-json\/wp\/v2\/media?parent=698"}],"curies":[{"name":"wp","href":"https:\/\/api.w.org\/{rel}","templated":true}]}}