{"id":6553,"date":"2022-03-02T16:38:41","date_gmt":"2022-03-02T15:38:41","guid":{"rendered":"https:\/\/agora.xtec.cat\/escolaciutatjardi\/?page_id=6553"},"modified":"2025-03-20T01:22:45","modified_gmt":"2025-03-20T00:22:45","slug":"estrategia-digital-de-centre","status":"publish","type":"page","link":"https:\/\/agora.xtec.cat\/escolaciutatjardi\/lescola\/estrategia-digital-de-centre\/","title":{"rendered":"Estrat\u00e8gia digital de centre"},"content":{"rendered":"<p><img loading=\"lazy\" decoding=\"async\" class=\"wp-image-6911 alignleft\" src=\"https:\/\/agora.xtec.cat\/escolaciutatjardi\/wp-content\/uploads\/usu523\/2022\/05\/estrategia-titol-1024x363.png\" alt=\"\" width=\"499\" height=\"177\" srcset=\"https:\/\/agora.xtec.cat\/escolaciutatjardi\/wp-content\/uploads\/usu523\/2022\/05\/estrategia-titol-1024x363.png 1024w, https:\/\/agora.xtec.cat\/escolaciutatjardi\/wp-content\/uploads\/usu523\/2022\/05\/estrategia-titol-300x106.png 300w, https:\/\/agora.xtec.cat\/escolaciutatjardi\/wp-content\/uploads\/usu523\/2022\/05\/estrategia-titol-768x273.png 768w, https:\/\/agora.xtec.cat\/escolaciutatjardi\/wp-content\/uploads\/usu523\/2022\/05\/estrategia-titol-1536x545.png 1536w, https:\/\/agora.xtec.cat\/escolaciutatjardi\/wp-content\/uploads\/usu523\/2022\/05\/estrategia-titol.png 1685w\" sizes=\"auto, (max-width: 499px) 100vw, 499px\" \/><span style=\"font-family: inherit; font-size: 1em;\">L\u2019Estrat\u00e8gia Digital de Centre (EDC)\u00a0 \u00e9s el document de centre recull, defineix i concreta totes les accions que es realitzen a l&#8217;escola per assolir la m\u00e0xima compet\u00e8ncia digital de l\u2019alumnat, del professorat i del centre educatiu i que es pren com a refer\u00e8ncia el <a href=\"https:\/\/educacio.gencat.cat\/web\/.content\/home\/departament\/publicacions\/colleccions\/pla-educacio-digital\/pla-educacio-digital-catalunya\/pla-educacio-digital.pdf\" target=\"_blank\" rel=\"noopener\">Pla d&#8217;educaci\u00f3 digital de Catalunya<\/a>.<\/span><\/p>\n<p>Per aconseguir aquesta compet\u00e8ncia digital, l\u2019EDC compr\u00e8n tots els \u00e0mbits del centre: organitzatius, metodol\u00f2gics, curriculars i comunicatius, els quals s\u2019han de veure necess\u00e0riament implicats i, si escau, transformats, des d\u2019una perspectiva d\u2019innovaci\u00f3 i de millora cont\u00ednua.<\/p>\n<p>Des de la comunitat d&#8217;aprenentatge Escola Ciutat Jard\u00ed, ja fa un temps que s&#8217;aposta per l&#8217;\u00fas de la tecnologia digital i la digitalitzaci\u00f3 dels processos d\u2019ensenyament-aprenentatge basats en l&#8217;assoliment de la <a href=\"https:\/\/projectes.xtec.cat\/nou-curriculum\/wp-content\/uploads\/usu2072\/2024\/02\/CD.pdf\">Compet\u00e8ncia Digital<\/a>.<\/p>\n<p>L&#8217;Estrat\u00e8gia Digital de Centre compr\u00e8n els apartats d&#8217;<a href=\"https:\/\/agora.xtec.cat\/escolaciutatjardi\/lescola\/estrategia-digital-de-centre\/part-estrategica-2\/\">Estrat\u00e8gia Digital<\/a> i de <a href=\"https:\/\/agora.xtec.cat\/escolaciutatjardi\/lescola\/estrategia-digital-de-centre\/cultura-digital\/\">Cultura Digital<\/a>.<\/p>\n","protected":false},"excerpt":{"rendered":"<p>L\u2019Estrat\u00e8gia Digital de Centre (EDC)\u00a0 \u00e9s el document de centre recull, defineix i concreta totes les accions que es realitzen a l&#8217;escola per assolir la m\u00e0xima compet\u00e8ncia digital de l\u2019alumnat, del professorat i del centre educatiu i que es pren com a refer\u00e8ncia el <a&hellip;  <a href=\"https:\/\/agora.xtec.cat\/escolaciutatjardi\/lescola\/estrategia-digital-de-centre\/\" title=\"Read Estrat\u00e8gia digital de centre\">Llegeix m\u00e9s\u00bb<\/a><\/p>\n","protected":false},"author":1,"featured_media":0,"parent":22,"menu_order":85,"comment_status":"closed","ping_status":"closed","template":"page-templates\/side-menu.php","meta":{"_bbp_topic_count":0,"_bbp_reply_count":0,"_bbp_total_topic_count":0,"_bbp_total_reply_count":0,"_bbp_voice_count":0,"_bbp_anonymous_reply_count":0,"_bbp_topic_count_hidden":0,"_bbp_reply_count_hidden":0,"_bbp_forum_subforum_count":0,"footnotes":""},"class_list":["post-6553","page","type-page","status-publish","hentry"],"post_mailing_queue_ids":[],"_links":{"self":[{"href":"https:\/\/agora.xtec.cat\/escolaciutatjardi\/wp-json\/wp\/v2\/pages\/6553","targetHints":{"allow":["GET"]}}],"collection":[{"href":"https:\/\/agora.xtec.cat\/escolaciutatjardi\/wp-json\/wp\/v2\/pages"}],"about":[{"href":"https:\/\/agora.xtec.cat\/escolaciutatjardi\/wp-json\/wp\/v2\/types\/page"}],"author":[{"embeddable":true,"href":"https:\/\/agora.xtec.cat\/escolaciutatjardi\/wp-json\/wp\/v2\/users\/1"}],"replies":[{"embeddable":true,"href":"https:\/\/agora.xtec.cat\/escolaciutatjardi\/wp-json\/wp\/v2\/comments?post=6553"}],"version-history":[{"count":7,"href":"https:\/\/agora.xtec.cat\/escolaciutatjardi\/wp-json\/wp\/v2\/pages\/6553\/revisions"}],"predecessor-version":[{"id":9339,"href":"https:\/\/agora.xtec.cat\/escolaciutatjardi\/wp-json\/wp\/v2\/pages\/6553\/revisions\/9339"}],"up":[{"embeddable":true,"href":"https:\/\/agora.xtec.cat\/escolaciutatjardi\/wp-json\/wp\/v2\/pages\/22"}],"wp:attachment":[{"href":"https:\/\/agora.xtec.cat\/escolaciutatjardi\/wp-json\/wp\/v2\/media?parent=6553"}],"curies":[{"name":"wp","href":"https:\/\/api.w.org\/{rel}","templated":true}]}}