{"id":3873,"date":"2020-01-28T01:11:30","date_gmt":"2020-01-28T00:11:30","guid":{"rendered":"http:\/\/agora.xtec.cat\/escolaciutatjardi\/?page_id=3873"},"modified":"2026-03-03T17:21:57","modified_gmt":"2026-03-03T16:21:57","slug":"convivencia","status":"publish","type":"page","link":"https:\/\/agora.xtec.cat\/escolaciutatjardi\/comunitats-daprenentatge\/convivencia\/","title":{"rendered":"Conviv\u00e8ncia"},"content":{"rendered":"<h5><span style=\"font-size: 1.125em;\">ASSEMBLEA DE LA NORMA<\/span><\/h5>\n\n\t\t<style type=\"text\/css\">\n\t\t\t#gallery-1 {\n\t\t\t\tmargin: auto;\n\t\t\t}\n\t\t\t#gallery-1 .gallery-item {\n\t\t\t\tfloat: left;\n\t\t\t\tmargin-top: 10px;\n\t\t\t\ttext-align: center;\n\t\t\t\twidth: 33%;\n\t\t\t}\n\t\t\t#gallery-1 img {\n\t\t\t\tborder: 2px solid #cfcfcf;\n\t\t\t}\n\t\t\t#gallery-1 .gallery-caption {\n\t\t\t\tmargin-left: 0;\n\t\t\t}\n\t\t\t\/* see gallery_shortcode() in wp-includes\/media.php *\/\n\t\t<\/style>\n\t\t<div id='gallery-1' class='gallery galleryid-3873 gallery-columns-3 gallery-size-large'><dl class='gallery-item'>\n\t\t\t<dt class='gallery-icon landscape'>\n\t\t\t\t<img loading=\"lazy\" decoding=\"async\" width=\"1024\" height=\"576\" src=\"https:\/\/agora.xtec.cat\/escolaciutatjardi\/wp-content\/uploads\/usu523\/2020\/02\/ASS.NORMA-1-1024x576.jpg\" class=\"attachment-large size-large\" alt=\"\" srcset=\"https:\/\/agora.xtec.cat\/escolaciutatjardi\/wp-content\/uploads\/usu523\/2020\/02\/ASS.NORMA-1.jpg 1024w, https:\/\/agora.xtec.cat\/escolaciutatjardi\/wp-content\/uploads\/usu523\/2020\/02\/ASS.NORMA-1-300x169.jpg 300w, https:\/\/agora.xtec.cat\/escolaciutatjardi\/wp-content\/uploads\/usu523\/2020\/02\/ASS.NORMA-1-768x432.jpg 768w\" sizes=\"auto, (max-width: 1024px) 100vw, 1024px\" \/>\n\t\t\t<\/dt><\/dl><dl class='gallery-item'>\n\t\t\t<dt class='gallery-icon landscape'>\n\t\t\t\t<img loading=\"lazy\" decoding=\"async\" width=\"1024\" height=\"576\" src=\"https:\/\/agora.xtec.cat\/escolaciutatjardi\/wp-content\/uploads\/usu523\/2020\/02\/ASS.NORMA-3-1024x576.jpg\" class=\"attachment-large size-large\" alt=\"\" srcset=\"https:\/\/agora.xtec.cat\/escolaciutatjardi\/wp-content\/uploads\/usu523\/2020\/02\/ASS.NORMA-3.jpg 1024w, https:\/\/agora.xtec.cat\/escolaciutatjardi\/wp-content\/uploads\/usu523\/2020\/02\/ASS.NORMA-3-300x169.jpg 300w, https:\/\/agora.xtec.cat\/escolaciutatjardi\/wp-content\/uploads\/usu523\/2020\/02\/ASS.NORMA-3-768x432.jpg 768w\" sizes=\"auto, (max-width: 1024px) 100vw, 1024px\" \/>\n\t\t\t<\/dt><\/dl><dl class='gallery-item'>\n\t\t\t<dt class='gallery-icon landscape'>\n\t\t\t\t<img loading=\"lazy\" decoding=\"async\" width=\"1024\" height=\"580\" src=\"https:\/\/agora.xtec.cat\/escolaciutatjardi\/wp-content\/uploads\/usu523\/2020\/02\/ASS.NORMA-4-1024x580.jpg\" class=\"attachment-large size-large\" alt=\"\" srcset=\"https:\/\/agora.xtec.cat\/escolaciutatjardi\/wp-content\/uploads\/usu523\/2020\/02\/ASS.NORMA-4.jpg 1024w, https:\/\/agora.xtec.cat\/escolaciutatjardi\/wp-content\/uploads\/usu523\/2020\/02\/ASS.NORMA-4-300x170.jpg 300w, https:\/\/agora.xtec.cat\/escolaciutatjardi\/wp-content\/uploads\/usu523\/2020\/02\/ASS.NORMA-4-768x435.jpg 768w\" sizes=\"auto, (max-width: 1024px) 100vw, 1024px\" \/>\n\t\t\t<\/dt><\/dl><br style=\"clear: both\" \/>\n\t\t<\/div>\n\n<h5>Model Dial\u00f2gic de prevenci\u00f3 i resoluci\u00f3 de conflictes<\/h5>\n<p>Per a la\u00a0 prevenci\u00f3 i resoluci\u00f3 de conflictes, ens fonamentem en el di\u00e0leg com a eina que permet superar les desigualtats. En el tractament del conflicte pren protagonisme el consens entre totes les parts implicades, especialment l&#8217;alumnat, sobre les normes de conviv\u00e8ncia, generant un di\u00e0leg compartit per tota la comunitat en tot el proc\u00e9s normatiu.<\/p>\n<p>La comissi\u00f3 de conviv\u00e8ncia \u00e9s l&#8217;encarregada de fer participar a tota la comunitat en la creaci\u00f3 de la norma d&#8217;escola, i de promoure-la per a que tothom en sigui coneixedor i pugui implicar-se.<\/p>\n<p><a href=\"https:\/\/agora.xtec.cat\/escolaciutatjardi\/portada\/treball-de-la-norma\/\" target=\"_blank\" rel=\"noopener\"><img loading=\"lazy\" decoding=\"async\" class=\"aligncenter wp-image-6580\" src=\"https:\/\/agora.xtec.cat\/escolaciutatjardi\/wp-content\/uploads\/usu523\/2022\/03\/normes-1024x856.jpg\" alt=\"\" width=\"950\" height=\"794\" srcset=\"https:\/\/agora.xtec.cat\/escolaciutatjardi\/wp-content\/uploads\/usu523\/2022\/03\/normes-1024x856.jpg 1024w, https:\/\/agora.xtec.cat\/escolaciutatjardi\/wp-content\/uploads\/usu523\/2022\/03\/normes-300x250.jpg 300w, https:\/\/agora.xtec.cat\/escolaciutatjardi\/wp-content\/uploads\/usu523\/2022\/03\/normes-768x642.jpg 768w, https:\/\/agora.xtec.cat\/escolaciutatjardi\/wp-content\/uploads\/usu523\/2022\/03\/normes-1536x1284.jpg 1536w, https:\/\/agora.xtec.cat\/escolaciutatjardi\/wp-content\/uploads\/usu523\/2022\/03\/normes.jpg 1688w\" sizes=\"auto, (max-width: 950px) 100vw, 950px\" \/><\/a><\/p>\n","protected":false},"excerpt":{"rendered":"<p>ASSEMBLEA DE LA NORMA<\/p>\n<p>\t\t\t#gallery-2 {<br \/>\n\t\t\t\tmargin: auto;<br \/>\n\t\t\t}<br \/>\n\t\t\t#gallery-2 .gallery-item {<br \/>\n\t\t\t\tfloat: left;<br \/>\n\t\t\t\tmargin-top: 10px;<br \/>\n\t\t\t\ttext-align: center;<br \/>\n\t\t\t\twidth: 33%;<br \/>\n\t\t\t}<br \/>\n\t\t\t#gallery-2 img {<br \/>\n\t\t\t\tborder: 2px solid #cfcfcf;<br \/>\n\t\t\t}<br \/>\n\t\t\t#gallery-2 .gallery-caption {<br \/>\n\t\t\t\tmargin-left: 0;<br \/>\n\t\t\t}<br \/>\n\t\t\t\/* see gallery_shortcode() in wp-includes\/media.php *\/<\/p>\n<p>Model Dial\u00f2gic de prevenci\u00f3 i resoluci\u00f3 de conflictes<br \/>\nPer a la\u00a0 prevenci\u00f3 i resoluci\u00f3 de conflictes, ens fonamentem en el di\u00e0leg com&hellip;  <a href=\"https:\/\/agora.xtec.cat\/escolaciutatjardi\/comunitats-daprenentatge\/convivencia\/\" title=\"Read Conviv\u00e8ncia\">Llegeix m\u00e9s\u00bb<\/a><\/p>\n","protected":false},"author":1,"featured_media":0,"parent":3444,"menu_order":6,"comment_status":"closed","ping_status":"closed","template":"page-templates\/side-menu.php","meta":{"_bbp_topic_count":0,"_bbp_reply_count":0,"_bbp_total_topic_count":0,"_bbp_total_reply_count":0,"_bbp_voice_count":0,"_bbp_anonymous_reply_count":0,"_bbp_topic_count_hidden":0,"_bbp_reply_count_hidden":0,"_bbp_forum_subforum_count":0,"footnotes":""},"class_list":["post-3873","page","type-page","status-publish","hentry"],"post_mailing_queue_ids":[],"_links":{"self":[{"href":"https:\/\/agora.xtec.cat\/escolaciutatjardi\/wp-json\/wp\/v2\/pages\/3873","targetHints":{"allow":["GET"]}}],"collection":[{"href":"https:\/\/agora.xtec.cat\/escolaciutatjardi\/wp-json\/wp\/v2\/pages"}],"about":[{"href":"https:\/\/agora.xtec.cat\/escolaciutatjardi\/wp-json\/wp\/v2\/types\/page"}],"author":[{"embeddable":true,"href":"https:\/\/agora.xtec.cat\/escolaciutatjardi\/wp-json\/wp\/v2\/users\/1"}],"replies":[{"embeddable":true,"href":"https:\/\/agora.xtec.cat\/escolaciutatjardi\/wp-json\/wp\/v2\/comments?post=3873"}],"version-history":[{"count":5,"href":"https:\/\/agora.xtec.cat\/escolaciutatjardi\/wp-json\/wp\/v2\/pages\/3873\/revisions"}],"predecessor-version":[{"id":3892,"href":"https:\/\/agora.xtec.cat\/escolaciutatjardi\/wp-json\/wp\/v2\/pages\/3873\/revisions\/3892"}],"up":[{"embeddable":true,"href":"https:\/\/agora.xtec.cat\/escolaciutatjardi\/wp-json\/wp\/v2\/pages\/3444"}],"wp:attachment":[{"href":"https:\/\/agora.xtec.cat\/escolaciutatjardi\/wp-json\/wp\/v2\/media?parent=3873"}],"curies":[{"name":"wp","href":"https:\/\/api.w.org\/{rel}","templated":true}]}}