{"id":3870,"date":"2020-01-28T00:42:28","date_gmt":"2020-01-27T23:42:28","guid":{"rendered":"http:\/\/agora.xtec.cat\/escolaciutatjardi\/?page_id=3870"},"modified":"2020-02-09T22:42:04","modified_gmt":"2020-02-09T21:42:04","slug":"tertulies-pedagogiques","status":"publish","type":"page","link":"https:\/\/agora.xtec.cat\/escolaciutatjardi\/comunitats-daprenentatge\/tertulies-pedagogiques\/","title":{"rendered":"Tert\u00falies pedag\u00f2giques"},"content":{"rendered":"<p>Formaci\u00f3 dial\u00f2gica dels i les mestres de l&#8217;escola.<\/p>\n<p>Per poder desenvolupar les actuacions educatives d&#8217;\u00e8xit, un aspecte imprescindible \u00e9s la formaci\u00f3 del professorat en les bases cient\u00edfiques i te\u00f2riques. \u00c9s per aquest motiu que a l&#8217;escola\u00a0 apostem per les Tert\u00falies Pedag\u00f2giques com a eina per facilitar la formaci\u00f3 continua del professorat i consolidar les actuacions d&#8217;\u00e8xit. Aquestes \u00e9s duen a terme els dimarts quinzenalment.<\/p>\n","protected":false},"excerpt":{"rendered":"<p>Formaci\u00f3 dial\u00f2gica dels i les mestres de l&#8217;escola.<br \/>\nPer poder desenvolupar les actuacions educatives d&#8217;\u00e8xit, un aspecte imprescindible \u00e9s la formaci\u00f3 del professorat en les bases cient\u00edfiques i te\u00f2riques. \u00c9s per aquest motiu que a l&#8217;escola\u00a0 apostem per les Tert\u00falies Pedag\u00f2giques com a eina per facilitar&hellip;  <a href=\"https:\/\/agora.xtec.cat\/escolaciutatjardi\/comunitats-daprenentatge\/tertulies-pedagogiques\/\" title=\"Read Tert\u00falies pedag\u00f2giques\">Llegeix m\u00e9s\u00bb<\/a><\/p>\n","protected":false},"author":1,"featured_media":0,"parent":3444,"menu_order":5,"comment_status":"closed","ping_status":"closed","template":"page-templates\/side-menu.php","meta":{"_bbp_topic_count":0,"_bbp_reply_count":0,"_bbp_total_topic_count":0,"_bbp_total_reply_count":0,"_bbp_voice_count":0,"_bbp_anonymous_reply_count":0,"_bbp_topic_count_hidden":0,"_bbp_reply_count_hidden":0,"_bbp_forum_subforum_count":0,"footnotes":""},"class_list":["post-3870","page","type-page","status-publish","hentry"],"post_mailing_queue_ids":[],"_links":{"self":[{"href":"https:\/\/agora.xtec.cat\/escolaciutatjardi\/wp-json\/wp\/v2\/pages\/3870","targetHints":{"allow":["GET"]}}],"collection":[{"href":"https:\/\/agora.xtec.cat\/escolaciutatjardi\/wp-json\/wp\/v2\/pages"}],"about":[{"href":"https:\/\/agora.xtec.cat\/escolaciutatjardi\/wp-json\/wp\/v2\/types\/page"}],"author":[{"embeddable":true,"href":"https:\/\/agora.xtec.cat\/escolaciutatjardi\/wp-json\/wp\/v2\/users\/1"}],"replies":[{"embeddable":true,"href":"https:\/\/agora.xtec.cat\/escolaciutatjardi\/wp-json\/wp\/v2\/comments?post=3870"}],"version-history":[{"count":1,"href":"https:\/\/agora.xtec.cat\/escolaciutatjardi\/wp-json\/wp\/v2\/pages\/3870\/revisions"}],"predecessor-version":[{"id":3871,"href":"https:\/\/agora.xtec.cat\/escolaciutatjardi\/wp-json\/wp\/v2\/pages\/3870\/revisions\/3871"}],"up":[{"embeddable":true,"href":"https:\/\/agora.xtec.cat\/escolaciutatjardi\/wp-json\/wp\/v2\/pages\/3444"}],"wp:attachment":[{"href":"https:\/\/agora.xtec.cat\/escolaciutatjardi\/wp-json\/wp\/v2\/media?parent=3870"}],"curies":[{"name":"wp","href":"https:\/\/api.w.org\/{rel}","templated":true}]}}