{"id":3864,"date":"2020-01-28T00:30:27","date_gmt":"2020-01-27T23:30:27","guid":{"rendered":"http:\/\/agora.xtec.cat\/escolaciutatjardi\/?page_id=3864"},"modified":"2020-02-09T22:41:47","modified_gmt":"2020-02-09T21:41:47","slug":"biblioteca-tutoritzada","status":"publish","type":"page","link":"https:\/\/agora.xtec.cat\/escolaciutatjardi\/comunitats-daprenentatge\/biblioteca-tutoritzada\/","title":{"rendered":"Biblioteca Tutoritzada"},"content":{"rendered":"<p>La Biblioteca Tutoritzada \u00e9s una Actuaci\u00f3 Educativa d&#8217;\u00c8xit que amplia el temps d&#8217;aprenentatge.<\/p>\n<p>L&#8217;activitat es du a terme en una aula del centre, \u00e9s gratu\u00efta i es realitza els dimarts i dijous en horari no lectiu de 16:30h a 17:30h.<\/p>\n<p>A la Biblioteca Tutoritzada es d\u00f3na suport als alumnes i es reforcen les tasques escolars. La seva finalitat \u00e9s crear un lloc de treball extraescolar, oferint una atenci\u00f3 m\u00e9s individualitzada.<\/p>\n","protected":false},"excerpt":{"rendered":"<p>La Biblioteca Tutoritzada \u00e9s una Actuaci\u00f3 Educativa d&#8217;\u00c8xit que amplia el temps d&#8217;aprenentatge.<br \/>\nL&#8217;activitat es du a terme en una aula del centre, \u00e9s gratu\u00efta i es realitza els dimarts i dijous en horari no lectiu de 16:30h a 17:30h.<br \/>\nA la Biblioteca Tutoritzada es d\u00f3na suport&hellip;  <a href=\"https:\/\/agora.xtec.cat\/escolaciutatjardi\/comunitats-daprenentatge\/biblioteca-tutoritzada\/\" title=\"Read Biblioteca Tutoritzada\">Llegeix m\u00e9s\u00bb<\/a><\/p>\n","protected":false},"author":1,"featured_media":0,"parent":3444,"menu_order":4,"comment_status":"closed","ping_status":"closed","template":"page-templates\/side-menu.php","meta":{"_bbp_topic_count":0,"_bbp_reply_count":0,"_bbp_total_topic_count":0,"_bbp_total_reply_count":0,"_bbp_voice_count":0,"_bbp_anonymous_reply_count":0,"_bbp_topic_count_hidden":0,"_bbp_reply_count_hidden":0,"_bbp_forum_subforum_count":0,"footnotes":""},"class_list":["post-3864","page","type-page","status-publish","hentry"],"post_mailing_queue_ids":[],"_links":{"self":[{"href":"https:\/\/agora.xtec.cat\/escolaciutatjardi\/wp-json\/wp\/v2\/pages\/3864","targetHints":{"allow":["GET"]}}],"collection":[{"href":"https:\/\/agora.xtec.cat\/escolaciutatjardi\/wp-json\/wp\/v2\/pages"}],"about":[{"href":"https:\/\/agora.xtec.cat\/escolaciutatjardi\/wp-json\/wp\/v2\/types\/page"}],"author":[{"embeddable":true,"href":"https:\/\/agora.xtec.cat\/escolaciutatjardi\/wp-json\/wp\/v2\/users\/1"}],"replies":[{"embeddable":true,"href":"https:\/\/agora.xtec.cat\/escolaciutatjardi\/wp-json\/wp\/v2\/comments?post=3864"}],"version-history":[{"count":3,"href":"https:\/\/agora.xtec.cat\/escolaciutatjardi\/wp-json\/wp\/v2\/pages\/3864\/revisions"}],"predecessor-version":[{"id":3889,"href":"https:\/\/agora.xtec.cat\/escolaciutatjardi\/wp-json\/wp\/v2\/pages\/3864\/revisions\/3889"}],"up":[{"embeddable":true,"href":"https:\/\/agora.xtec.cat\/escolaciutatjardi\/wp-json\/wp\/v2\/pages\/3444"}],"wp:attachment":[{"href":"https:\/\/agora.xtec.cat\/escolaciutatjardi\/wp-json\/wp\/v2\/media?parent=3864"}],"curies":[{"name":"wp","href":"https:\/\/api.w.org\/{rel}","templated":true}]}}