{"id":38,"date":"2014-09-18T12:34:08","date_gmt":"2014-09-18T12:34:08","guid":{"rendered":"http:\/\/agora.xtec.cat\/escolaciutatjardi\/?page_id=38"},"modified":"2015-10-21T13:00:19","modified_gmt":"2015-10-21T11:00:19","slug":"salut","status":"publish","type":"page","link":"https:\/\/agora.xtec.cat\/escolaciutatjardi\/lescola\/salut\/","title":{"rendered":"Salut"},"content":{"rendered":"<h5>En aquesta secci\u00f3 es fa\u00a0una refer\u00e8ncia directa a q\u00fcestions de salut que afectin directament a l&#8217;alumnat de l&#8217;escola.<\/h5>\n<ul style=\"list-style-type: circle;\">\n<li>Els infants amb\u00a0febre, v\u00f2mits, descomposici\u00f3 o alguna malaltia infecciosa\u00a0no poden venir a l&#8217;escola, ni realitzar les sortides\u00a0o\u00a0estades.<\/li>\n<li>No s&#8217;administraran antit\u00e8rmics ni cap tipus de medicament sota la responsabilitat de l&#8217;escola. Nom\u00e9s es far\u00e0 en casos especials, amb recepta o informe m\u00e8dic i amb la sol\u00b7licitud i l&#8217;autoritzaci\u00f3 del pare, mare i\/o tutor\/a legal, sempre que sigui imprescindible la seva administraci\u00f3 en horari lectiu.<\/li>\n<li>En cas d&#8217;al\u00b7l\u00e8rgies o intoler\u00e0ncies, cal informar a l&#8217;escola, aportar el dictamen m\u00e8dic i una pauta d&#8217;actuaci\u00f3 en cas de necessitat.<\/li>\n<li>En cas de tenir\u00a0\u00a0polls o ll\u00e9menes cal\u00a0realitzar els tractaments capil\u00b7lars adequats (rentar amb xamp\u00fas o locions espec\u00edfiques per a polls, revisar el cabell i passar la pinta especial per eliminar ll\u00e9menes) fins\u00a0eliminar-los completament.<\/li>\n<\/ul>\n<p>&nbsp;<\/p>\n<p>&nbsp;<\/p>\n<p>&nbsp;<\/p>\n<p>&nbsp;<\/p>\n<p>&nbsp;<\/p>\n","protected":false},"excerpt":{"rendered":"<p>En aquesta secci\u00f3 es fa\u00a0una refer\u00e8ncia directa a q\u00fcestions de salut que afectin directament a l&#8217;alumnat de l&#8217;escola.<\/p>\n<ul style=\"list-style-type: circle;\">\n<li>Els infants amb\u00a0febre, v\u00f2mits, descomposici\u00f3 o alguna malaltia infecciosa\u00a0no poden venir a l&#8217;escola, ni realitzar les sortides\u00a0o\u00a0estades.<\/li>\n<li>No s&#8217;administraran antit\u00e8rmics ni cap tipus de medicament sota la&hellip;  <a href=\"https:\/\/agora.xtec.cat\/escolaciutatjardi\/lescola\/salut\/\" title=\"Read Salut\">Llegeix m\u00e9s\u00bb<\/a><br \/>\n","protected":false},"author":2,"featured_media":0,"parent":22,"menu_order":80,"comment_status":"closed","ping_status":"closed","template":"page-templates\/side-menu.php","meta":{"_bbp_topic_count":0,"_bbp_reply_count":0,"_bbp_total_topic_count":0,"_bbp_total_reply_count":0,"_bbp_voice_count":0,"_bbp_anonymous_reply_count":0,"_bbp_topic_count_hidden":0,"_bbp_reply_count_hidden":0,"_bbp_forum_subforum_count":0,"footnotes":""},"class_list":["post-38","page","type-page","status-publish","hentry"],"post_mailing_queue_ids":[],"_links":{"self":[{"href":"https:\/\/agora.xtec.cat\/escolaciutatjardi\/wp-json\/wp\/v2\/pages\/38","targetHints":{"allow":["GET"]}}],"collection":[{"href":"https:\/\/agora.xtec.cat\/escolaciutatjardi\/wp-json\/wp\/v2\/pages"}],"about":[{"href":"https:\/\/agora.xtec.cat\/escolaciutatjardi\/wp-json\/wp\/v2\/types\/page"}],"author":[{"embeddable":true,"href":"https:\/\/agora.xtec.cat\/escolaciutatjardi\/wp-json\/wp\/v2\/users\/2"}],"replies":[{"embeddable":true,"href":"https:\/\/agora.xtec.cat\/escolaciutatjardi\/wp-json\/wp\/v2\/comments?post=38"}],"version-history":[{"count":3,"href":"https:\/\/agora.xtec.cat\/escolaciutatjardi\/wp-json\/wp\/v2\/pages\/38\/revisions"}],"predecessor-version":[{"id":245,"href":"https:\/\/agora.xtec.cat\/escolaciutatjardi\/wp-json\/wp\/v2\/pages\/38\/revisions\/245"}],"up":[{"embeddable":true,"href":"https:\/\/agora.xtec.cat\/escolaciutatjardi\/wp-json\/wp\/v2\/pages\/22"}],"wp:attachment":[{"href":"https:\/\/agora.xtec.cat\/escolaciutatjardi\/wp-json\/wp\/v2\/media?parent=38"}],"curies":[{"name":"wp","href":"https:\/\/api.w.org\/{rel}","templated":true}]}}