{"id":3452,"date":"2019-05-08T10:58:01","date_gmt":"2019-05-08T08:58:01","guid":{"rendered":"http:\/\/agora.xtec.cat\/escolaciutatjardi\/?page_id=3452"},"modified":"2020-03-02T12:22:49","modified_gmt":"2020-03-02T11:22:49","slug":"grups-interactius","status":"publish","type":"page","link":"https:\/\/agora.xtec.cat\/escolaciutatjardi\/comunitats-daprenentatge\/grups-interactius\/","title":{"rendered":"Grups interactius"},"content":{"rendered":"<p>Una manera d&#8217;organitzar l&#8217;aula,\u00a0dins les actuacions educatives d&#8217;\u00e8xit de les Comunitats d&#8217;aprenentatge, per a la millora de l&#8217;aprenentatge i la conviv\u00e8ncia.\u00a0\u00a0Les interaccions comunicatives s\u00f3n un bon mitja per a l&#8217;aprenentatge i el desenvolupament, on els integrants s&#8217;ajuden\u00a0 i aprenen els uns dels altres. Aix\u00ed, a partir de la interacci\u00f3 social es produeix la interioritzaci\u00f3 individual.<\/p>\n\n\t\t<style type=\"text\/css\">\n\t\t\t#gallery-1 {\n\t\t\t\tmargin: auto;\n\t\t\t}\n\t\t\t#gallery-1 .gallery-item {\n\t\t\t\tfloat: left;\n\t\t\t\tmargin-top: 10px;\n\t\t\t\ttext-align: center;\n\t\t\t\twidth: 33%;\n\t\t\t}\n\t\t\t#gallery-1 img {\n\t\t\t\tborder: 2px solid #cfcfcf;\n\t\t\t}\n\t\t\t#gallery-1 .gallery-caption {\n\t\t\t\tmargin-left: 0;\n\t\t\t}\n\t\t\t\/* see gallery_shortcode() in wp-includes\/media.php *\/\n\t\t<\/style>\n\t\t<div id='gallery-1' class='gallery galleryid-3452 gallery-columns-3 gallery-size-medium'><dl class='gallery-item'>\n\t\t\t<dt class='gallery-icon landscape'>\n\t\t\t\t<img loading=\"lazy\" decoding=\"async\" width=\"300\" height=\"188\" src=\"https:\/\/agora.xtec.cat\/escolaciutatjardi\/wp-content\/uploads\/usu523\/2020\/02\/G.INTERACTIU1-300x188.jpg\" class=\"attachment-medium size-medium\" alt=\"\" srcset=\"https:\/\/agora.xtec.cat\/escolaciutatjardi\/wp-content\/uploads\/usu523\/2020\/02\/G.INTERACTIU1-300x188.jpg 300w, https:\/\/agora.xtec.cat\/escolaciutatjardi\/wp-content\/uploads\/usu523\/2020\/02\/G.INTERACTIU1.jpg 640w\" sizes=\"auto, (max-width: 300px) 100vw, 300px\" \/>\n\t\t\t<\/dt><\/dl><dl class='gallery-item'>\n\t\t\t<dt class='gallery-icon landscape'>\n\t\t\t\t<img loading=\"lazy\" decoding=\"async\" width=\"300\" height=\"188\" src=\"https:\/\/agora.xtec.cat\/escolaciutatjardi\/wp-content\/uploads\/usu523\/2020\/02\/G.INTERACTIU2-300x188.jpg\" class=\"attachment-medium size-medium\" alt=\"\" srcset=\"https:\/\/agora.xtec.cat\/escolaciutatjardi\/wp-content\/uploads\/usu523\/2020\/02\/G.INTERACTIU2-300x188.jpg 300w, https:\/\/agora.xtec.cat\/escolaciutatjardi\/wp-content\/uploads\/usu523\/2020\/02\/G.INTERACTIU2.jpg 640w\" sizes=\"auto, (max-width: 300px) 100vw, 300px\" \/>\n\t\t\t<\/dt><\/dl><dl class='gallery-item'>\n\t\t\t<dt class='gallery-icon landscape'>\n\t\t\t\t<img loading=\"lazy\" decoding=\"async\" width=\"300\" height=\"188\" src=\"https:\/\/agora.xtec.cat\/escolaciutatjardi\/wp-content\/uploads\/usu523\/2020\/02\/G.INTERACTIU-300x188.jpg\" class=\"attachment-medium size-medium\" alt=\"\" srcset=\"https:\/\/agora.xtec.cat\/escolaciutatjardi\/wp-content\/uploads\/usu523\/2020\/02\/G.INTERACTIU-300x188.jpg 300w, https:\/\/agora.xtec.cat\/escolaciutatjardi\/wp-content\/uploads\/usu523\/2020\/02\/G.INTERACTIU.jpg 640w\" sizes=\"auto, (max-width: 300px) 100vw, 300px\" \/>\n\t\t\t<\/dt><\/dl><br style=\"clear: both\" \/>\n\t\t<\/div>\n\n<p>L&#8217;aula s&#8217;organitza en petits grups heterogenis, entre 6 i 8 infants, on participen familiars i membres de la comunitat educativa. S&#8217;ofereixen diferents activitats d&#8217;aprenentatge dinamitzades per un adult. Cada\u00a020 minuts es canvia d&#8217;activitat i persona dinamitzadora.<\/p>\n<ul>\n<li><strong>GRUPS INTERACTIUS<\/strong>: Comptem amb una bona borsa de voluntariat. Comencem els GI de P3 fins a 6\u00e8 de Prim\u00e0ria; <strong>2 sessions m\u00ednimes<\/strong> per cada nivell i en alguns grups en funci\u00f3 del nombre de voluntaris s\u00f3n <strong>tres sessions en \u00e0rees instrumentals<\/strong> de Grups Interactius.<\/li>\n<\/ul>\n","protected":false},"excerpt":{"rendered":"<p>Una manera d&#8217;organitzar l&#8217;aula,\u00a0dins les actuacions educatives d&#8217;\u00e8xit de les Comunitats d&#8217;aprenentatge, per a la millora de l&#8217;aprenentatge i la conviv\u00e8ncia.\u00a0\u00a0Les interaccions comunicatives s\u00f3n un bon mitja per a l&#8217;aprenentatge i el desenvolupament, on els integrants s&#8217;ajuden\u00a0 i aprenen els uns dels altres. Aix\u00ed, a&hellip;  <a href=\"https:\/\/agora.xtec.cat\/escolaciutatjardi\/comunitats-daprenentatge\/grups-interactius\/\" title=\"Read Grups interactius\">Llegeix m\u00e9s\u00bb<\/a><\/p>\n","protected":false},"author":1,"featured_media":0,"parent":3444,"menu_order":1,"comment_status":"closed","ping_status":"closed","template":"page-templates\/side-menu.php","meta":{"_bbp_topic_count":0,"_bbp_reply_count":0,"_bbp_total_topic_count":0,"_bbp_total_reply_count":0,"_bbp_voice_count":0,"_bbp_anonymous_reply_count":0,"_bbp_topic_count_hidden":0,"_bbp_reply_count_hidden":0,"_bbp_forum_subforum_count":0,"footnotes":""},"class_list":["post-3452","page","type-page","status-publish","hentry"],"post_mailing_queue_ids":[],"_links":{"self":[{"href":"https:\/\/agora.xtec.cat\/escolaciutatjardi\/wp-json\/wp\/v2\/pages\/3452","targetHints":{"allow":["GET"]}}],"collection":[{"href":"https:\/\/agora.xtec.cat\/escolaciutatjardi\/wp-json\/wp\/v2\/pages"}],"about":[{"href":"https:\/\/agora.xtec.cat\/escolaciutatjardi\/wp-json\/wp\/v2\/types\/page"}],"author":[{"embeddable":true,"href":"https:\/\/agora.xtec.cat\/escolaciutatjardi\/wp-json\/wp\/v2\/users\/1"}],"replies":[{"embeddable":true,"href":"https:\/\/agora.xtec.cat\/escolaciutatjardi\/wp-json\/wp\/v2\/comments?post=3452"}],"version-history":[{"count":3,"href":"https:\/\/agora.xtec.cat\/escolaciutatjardi\/wp-json\/wp\/v2\/pages\/3452\/revisions"}],"predecessor-version":[{"id":3925,"href":"https:\/\/agora.xtec.cat\/escolaciutatjardi\/wp-json\/wp\/v2\/pages\/3452\/revisions\/3925"}],"up":[{"embeddable":true,"href":"https:\/\/agora.xtec.cat\/escolaciutatjardi\/wp-json\/wp\/v2\/pages\/3444"}],"wp:attachment":[{"href":"https:\/\/agora.xtec.cat\/escolaciutatjardi\/wp-json\/wp\/v2\/media?parent=3452"}],"curies":[{"name":"wp","href":"https:\/\/api.w.org\/{rel}","templated":true}]}}