{"id":3444,"date":"2019-05-08T10:40:21","date_gmt":"2019-05-08T08:40:21","guid":{"rendered":"http:\/\/agora.xtec.cat\/escolaciutatjardi\/?page_id=3444"},"modified":"2026-03-03T17:16:15","modified_gmt":"2026-03-03T16:16:15","slug":"comunitats-daprenentatge","status":"publish","type":"page","link":"https:\/\/agora.xtec.cat\/escolaciutatjardi\/comunitats-daprenentatge\/","title":{"rendered":"Comunitats d&#8217;aprenentatge"},"content":{"rendered":"<h3>SOBRE LES COMUNITATS D&#8217;APRENENTATGE<\/h3>\n<p>Les comunitats d&#8217;aprenentatge s\u00f3n un projecte de transformaci\u00f3 social i cultural basat en l&#8217;aplicaci\u00f3 d&#8217;aquelles actuacions educatives d&#8217;\u00e8xit (AEE) de les quals s&#8217;ha demostrat cient\u00edficament que milloren el rendiment educatiu i la conviv\u00e8ncia. Les comunitats d&#8217;aprenentatge impliquen totes les persones que, de forma directa o indirecta, influeixen en l&#8217;aprenentatge i el desenvolupament dels estudiants, incloent-hi mestres, professors, familiars, membres d&#8217;associacions i organitzacions ve\u00efnals i locals i persones volunt\u00e0ries.<br \/>\nLa transformaci\u00f3 est\u00e0 orientada cap a un somni d&#8217;escola en el qual tota la comunitat educativa i l&#8217;entorn participen de manera igualit\u00e0ria, per convertir les dificultats en possibilitats i millorar les expectatives d&#8217;\u00e8xit educatiu de tots els alumnes. Partint dels somnis de tota la comunitat educativa, a trav\u00e9s del di\u00e0leg i basant-se en les evid\u00e8ncies cient\u00edfiques, aquest projecte est\u00e0 aconseguint un doble objectiu: superar el frac\u00e0s escolar i enfortir la conviv\u00e8ncia.<\/p>\n<p><a href=\"https:\/\/hipatiapress.com\/index\/2024\/08\/02\/guia-conunidades-de-aprendizaje\/\" target=\"_blank\" rel=\"noopener\"><img loading=\"lazy\" decoding=\"async\" class=\"alignleft wp-image-8973\" src=\"https:\/\/agora.xtec.cat\/escolaciutatjardi\/wp-content\/uploads\/usu523\/2024\/09\/INICI-GUIA.png\" alt=\"\" width=\"143\" height=\"142\" srcset=\"https:\/\/agora.xtec.cat\/escolaciutatjardi\/wp-content\/uploads\/usu523\/2024\/09\/INICI-GUIA.png 300w, https:\/\/agora.xtec.cat\/escolaciutatjardi\/wp-content\/uploads\/usu523\/2024\/09\/INICI-GUIA-150x150.png 150w\" sizes=\"auto, (max-width: 143px) 100vw, 143px\" \/><\/a><\/p>\n<p><a href=\"https:\/\/drive.google.com\/file\/d\/1qcBvEgTGg7DXMOEHF4zMaURefjYIFHCi\/view?usp=sharing\" target=\"_blank\" rel=\"noopener noreferrer\">Veure document complet\u00a0<\/a><\/p>\n<p><a href=\"https:\/\/drive.google.com\/file\/d\/1I0u-rYefX4m8cn_5sSLPYu80BLnYC9AU\/view?usp=sharing\" target=\"_blank\" rel=\"noopener\">Proc\u00e9s de canvi<\/a><\/p>\n<p><a href=\"https:\/\/hipatiapress.com\/index\/2024\/08\/02\/guia-conunidades-de-aprendizaje\/\" target=\"_blank\" rel=\"noopener\">Enlla\u00e7 a la Guia de Comunitats d&#8217;Aprenentatge<\/a><\/p>\n<h3><\/h3>\n<h3><\/h3>\n<p>&nbsp;<\/p>\n<h3><\/h3>\n<h3>ENS INICIEM EN COMUNITATS<\/h3>\n<p>L&#8217;escola Ciutat Jard\u00ed\u00a0 inicia el cam\u00ed en el Projecte de Comunitats d&#8217;Aprenentatge amb la presensibilitzaci\u00f3 el curs 17-18;\u00a0 la formaci\u00f3 a centre es va dur a terme per \u00a0la Lena de Botton.<\/p>\n<p>La situaci\u00f3 peculiar\u00a0 del centre el curs 17-18 amb l&#8217;inici d\u2019una nova direcci\u00f3 davant \u00a0d&#8217;una escola \u00a0amb problem\u00e0tiques de conducta, dificultats per a millorar la cohesi\u00f3 social i amb la necessitat de millorar els resultats acad\u00e8mics, planteja com a \u00fanica manera de reconduir el centre basar-nos en evid\u00e8ncies cient\u00edfiques educatives i endegar per unanimitat del Claustre aquest Projecte. El bagatge de la direcci\u00f3 amb la formaci\u00f3 i m\u00e9s de deu anys d&#8217;experi\u00e8ncia en el m\u00f3n educatiu en les Comunitats d&#8217;Aprenentatge fa que l&#8217;aplicaci\u00f3 del Projecte al \u00a0centre prengui m\u00e9s embranzida.<\/p>\n<p>L&#8217;inter\u00e8s per a endinsar-nos en el Projecte fa que el curs 17-18 un grup de docents participem al Congr\u00e9s Internacional de CdA dutes a terme a Barcelona el dia 2 de desembre de 2017.<\/p>\n<p>El curs 18-19 iniciem la Sensibilitzaci\u00f3 amb la formadora\u00a0 Roc\u00edo Garc\u00eda Carri\u00f3n amb una formaci\u00f3 de 30 hores. Aquesta formaci\u00f3 est\u00e0 oberta a la comunitat educativa i \u00e9s un requisit assistir per a poder tenir l&#8217;acreditaci\u00f3 per a ser voluntari del centre.<\/p>\n<p>&nbsp;<\/p>\n<p><a href=\"https:\/\/agora.xtec.cat\/escolaciutatjardi\/portada\/festa-del-somni-4\/\" target=\"_blank\" rel=\"noopener\"><img loading=\"lazy\" decoding=\"async\" class=\"alignright wp-image-7550\" src=\"https:\/\/agora.xtec.cat\/escolaciutatjardi\/wp-content\/uploads\/usu523\/2022\/12\/somni-web22-1024x575.png\" alt=\"\" width=\"312\" height=\"175\" \/><\/a>Aquesta formaci\u00f3 a centre va acompanyada de la formaci\u00f3 a inici de curs el 7 de setembre a Lleida i a Barcelona el dissabte 20 d&#8217;octubre per a professorat novell en CdA. A les darreries del mateix trimestre al mes de novembre el dia 23 i 24 vam assistir al Congr\u00e9s Internacional de Comunitats d&#8217;Aprenentatge a Madrid. El dia 30 del mateix mes donem el tret de sortida que marca el comen\u00e7ament d&#8217;una nova etapa, la festa del SOMNI.<\/p>\n<p>Despr\u00e9s de quatre cursos, l&#8217;escola es referma com a Comunitat d&#8217;Aprenentatge i ho celebrem plegats el 2 de desembre de 2022, \u00e9s el moment de tornar a SOMIAR per seguir construint l&#8217;escola.<\/p>\n<p><span style=\"font-family: inherit; font-size: 1em;\"><a href=\"https:\/\/agora.xtec.cat\/escolaciutatjardi\/portada\/festa-del-somni-3\/\"><img loading=\"lazy\" decoding=\"async\" class=\"wp-image-3266 alignright\" src=\"https:\/\/agora.xtec.cat\/escolaciutatjardi\/wp-content\/uploads\/usu523\/2019\/02\/somni-1024x585.png\" alt=\"\" width=\"312\" height=\"178\" srcset=\"https:\/\/agora.xtec.cat\/escolaciutatjardi\/wp-content\/uploads\/usu523\/2019\/02\/somni-1024x585.png 1024w, https:\/\/agora.xtec.cat\/escolaciutatjardi\/wp-content\/uploads\/usu523\/2019\/02\/somni-300x172.png 300w, https:\/\/agora.xtec.cat\/escolaciutatjardi\/wp-content\/uploads\/usu523\/2019\/02\/somni-768x439.png 768w, https:\/\/agora.xtec.cat\/escolaciutatjardi\/wp-content\/uploads\/usu523\/2019\/02\/somni.png 1158w\" sizes=\"auto, (max-width: 312px) 100vw, 312px\" \/><\/a>Membres de la nostra comunitat educativa assisteixen a les trobades d&#8217;Odissea participant a les tert\u00falies liter\u00e0ries programades en dissabte a Barcelona. Altres representants s\u00f3n membres de l&#8217;Equip ICE en Comunitats d&#8217;Aprenentatge participant activament a les trobades mensuals que es duen a terme a la Universitat de Lleida.<\/span><\/p>\n<h3>ACTIVITATS EDUCATIVES D&#8217;\u00c8XIT<\/h3>\n<h6><a href=\"https:\/\/agora.xtec.cat\/escolaciutatjardi\/comunitats-daprenentatge\/grups-interactius\/\">GRUPS INTERACTIUS<\/a><\/h6>\n<h6><a href=\"https:\/\/agora.xtec.cat\/escolaciutatjardi\/comunitats-daprenentatge\/tertulies-literaries\/\">TERT\u00daLIES LITER\u00c0RIES DIAL\u00d2GIQUES<\/a><\/h6>\n<h6><a href=\"https:\/\/agora.xtec.cat\/escolaciutatjardi\/comunitats-daprenentatge\/comissions-mixtes\/\">COMISSIONS MIXTES<\/a><\/h6>\n<h6><a href=\"https:\/\/agora.xtec.cat\/escolaciutatjardi\/comunitats-daprenentatge\/biblioteca-tutoritzada\/\">BIBLIOTECA TUTORITZADA<\/a><\/h6>\n<h6><a href=\"https:\/\/agora.xtec.cat\/escolaciutatjardi\/comunitats-daprenentatge\/tertulies-pedagogiques\/\">TERT\u00daLIES PEDAG\u00d2GIQUES<\/a><\/h6>\n<h6><a href=\"https:\/\/agora.xtec.cat\/escolaciutatjardi\/comunitats-daprenentatge\/convivencia\/\">CONVIV\u00c8NCIA<\/a><\/h6>\n<p>&nbsp;<\/p>\n","protected":false},"excerpt":{"rendered":"<p>SOBRE LES COMUNITATS D&#8217;APRENENTATGE<br \/>\nLes comunitats d&#8217;aprenentatge s\u00f3n un projecte de transformaci\u00f3 social i cultural basat en l&#8217;aplicaci\u00f3 d&#8217;aquelles actuacions educatives d&#8217;\u00e8xit (AEE) de les quals s&#8217;ha demostrat cient\u00edficament que milloren el rendiment educatiu i la conviv\u00e8ncia. Les comunitats d&#8217;aprenentatge impliquen totes les persones que, de&hellip;  <a href=\"https:\/\/agora.xtec.cat\/escolaciutatjardi\/comunitats-daprenentatge\/\" title=\"Read Comunitats d&#8217;aprenentatge\">Llegeix m\u00e9s\u00bb<\/a><\/p>\n","protected":false},"author":1,"featured_media":0,"parent":0,"menu_order":0,"comment_status":"closed","ping_status":"closed","template":"page-templates\/side-menu.php","meta":{"_bbp_topic_count":0,"_bbp_reply_count":0,"_bbp_total_topic_count":0,"_bbp_total_reply_count":0,"_bbp_voice_count":0,"_bbp_anonymous_reply_count":0,"_bbp_topic_count_hidden":0,"_bbp_reply_count_hidden":0,"_bbp_forum_subforum_count":0,"footnotes":""},"class_list":["post-3444","page","type-page","status-publish","hentry"],"post_mailing_queue_ids":[],"_links":{"self":[{"href":"https:\/\/agora.xtec.cat\/escolaciutatjardi\/wp-json\/wp\/v2\/pages\/3444","targetHints":{"allow":["GET"]}}],"collection":[{"href":"https:\/\/agora.xtec.cat\/escolaciutatjardi\/wp-json\/wp\/v2\/pages"}],"about":[{"href":"https:\/\/agora.xtec.cat\/escolaciutatjardi\/wp-json\/wp\/v2\/types\/page"}],"author":[{"embeddable":true,"href":"https:\/\/agora.xtec.cat\/escolaciutatjardi\/wp-json\/wp\/v2\/users\/1"}],"replies":[{"embeddable":true,"href":"https:\/\/agora.xtec.cat\/escolaciutatjardi\/wp-json\/wp\/v2\/comments?post=3444"}],"version-history":[{"count":6,"href":"https:\/\/agora.xtec.cat\/escolaciutatjardi\/wp-json\/wp\/v2\/pages\/3444\/revisions"}],"predecessor-version":[{"id":9774,"href":"https:\/\/agora.xtec.cat\/escolaciutatjardi\/wp-json\/wp\/v2\/pages\/3444\/revisions\/9774"}],"wp:attachment":[{"href":"https:\/\/agora.xtec.cat\/escolaciutatjardi\/wp-json\/wp\/v2\/media?parent=3444"}],"curies":[{"name":"wp","href":"https:\/\/api.w.org\/{rel}","templated":true}]}}