{"id":26,"date":"2015-10-12T12:24:32","date_gmt":"2015-10-12T10:24:32","guid":{"rendered":"http:\/\/agora.xtec.cat\/escolaciutatjardi\/?page_id=26"},"modified":"2018-11-14T21:59:23","modified_gmt":"2018-11-14T20:59:23","slug":"historia","status":"publish","type":"page","link":"https:\/\/agora.xtec.cat\/escolaciutatjardi\/lescola\/historia\/","title":{"rendered":"Qui som"},"content":{"rendered":"<p>Som\u00a0una escola p\u00fablica amb una oferta\u00a0educativa de dues l\u00ednies de P3 fins a sis\u00e8.\u00a0Ubicada\u00a0al barri Ciutat Jard\u00ed de Lleida. Vam iniciar\u00a0la nostra traject\u00f2ria el setembre de 2006.<\/p>\n<p>Treballem des d&#8217;aleshores i any rere any educant per\u00a0a l&#8217;autonomia, la responsabilitat, el respecte, la\u00a0toler\u00e0ncia, la capacitat cr\u00edtica i l&#8217;adquisici\u00f3 de bons\u00a0h\u00e0bits i conductes.<\/p>\n<p>Ens definim com a escola inclusiva i plural, oberta i\u00a0participativa, educadora en valors, respectuosa amb\u00a0l&#8217;entorn i el medi ambient, cr\u00edtica i investigadora.<\/p>\n<p>Fomentem les iniciatives docents innovadores i\u00a0positives per als infants.<\/p>\n<h3>Una escola&#8230;<\/h3>\n<p>&gt; que vetlla pel desenvolupament integral de l\u2019alumne<\/p>\n<p>&gt; que promou les capacitats personals, emocionals,\u00a0cognitives, motrius i socials de cada individu<\/p>\n<p>&gt; centrada en la comunicaci\u00f3 i participaci\u00f3 de tots els\u00a0seus membres<\/p>\n<p>&gt; que busca la millora educativa i, perqu\u00e8 no,\u00a0l\u2019excel\u00b7l\u00e8ncia educativa<\/p>\n<p>&gt; centrada en la integraci\u00f3 dels sabers<\/p>\n<p>&gt; que pertany a una comunitat, oberta a l\u2019entorn<\/p>\n<p>&gt; que genera situacions i contexts culturalment rics i\u00a0complexos<\/p>\n<p>&gt; acollidora i segura<\/p>\n<p>&gt; amb metodologies diverses que permeten l\u2019enriquiment\u00a0dels infants i adults<\/p>\n<p>&gt; que defensa la igualtat d\u2019oportunitats<\/p>\n<p>&gt; inclusiva, on la diversitat \u00e9s un valor positiu<\/p>\n<p>&gt; basada en el respecte, la conviv\u00e8ncia i la toler\u00e0ncia<\/p>\n","protected":false},"excerpt":{"rendered":"<p>Som\u00a0una escola p\u00fablica amb una oferta\u00a0educativa de dues l\u00ednies de P3 fins a sis\u00e8.\u00a0Ubicada\u00a0al barri Ciutat Jard\u00ed de Lleida. Vam iniciar\u00a0la nostra traject\u00f2ria el setembre de 2006.<br \/>\nTreballem des d&#8217;aleshores i any rere any educant per\u00a0a l&#8217;autonomia, la responsabilitat, el respecte, la\u00a0toler\u00e0ncia, la capacitat cr\u00edtica i&hellip;  <a href=\"https:\/\/agora.xtec.cat\/escolaciutatjardi\/lescola\/historia\/\" title=\"Read Qui som\">Llegeix m\u00e9s\u00bb<\/a><\/p>\n","protected":false},"author":2,"featured_media":0,"parent":22,"menu_order":20,"comment_status":"closed","ping_status":"closed","template":"page-templates\/side-menu.php","meta":{"_bbp_topic_count":0,"_bbp_reply_count":0,"_bbp_total_topic_count":0,"_bbp_total_reply_count":0,"_bbp_voice_count":0,"_bbp_anonymous_reply_count":0,"_bbp_topic_count_hidden":0,"_bbp_reply_count_hidden":0,"_bbp_forum_subforum_count":0,"footnotes":""},"class_list":["post-26","page","type-page","status-publish","hentry"],"post_mailing_queue_ids":[],"_links":{"self":[{"href":"https:\/\/agora.xtec.cat\/escolaciutatjardi\/wp-json\/wp\/v2\/pages\/26","targetHints":{"allow":["GET"]}}],"collection":[{"href":"https:\/\/agora.xtec.cat\/escolaciutatjardi\/wp-json\/wp\/v2\/pages"}],"about":[{"href":"https:\/\/agora.xtec.cat\/escolaciutatjardi\/wp-json\/wp\/v2\/types\/page"}],"author":[{"embeddable":true,"href":"https:\/\/agora.xtec.cat\/escolaciutatjardi\/wp-json\/wp\/v2\/users\/2"}],"replies":[{"embeddable":true,"href":"https:\/\/agora.xtec.cat\/escolaciutatjardi\/wp-json\/wp\/v2\/comments?post=26"}],"version-history":[{"count":4,"href":"https:\/\/agora.xtec.cat\/escolaciutatjardi\/wp-json\/wp\/v2\/pages\/26\/revisions"}],"predecessor-version":[{"id":3082,"href":"https:\/\/agora.xtec.cat\/escolaciutatjardi\/wp-json\/wp\/v2\/pages\/26\/revisions\/3082"}],"up":[{"embeddable":true,"href":"https:\/\/agora.xtec.cat\/escolaciutatjardi\/wp-json\/wp\/v2\/pages\/22"}],"wp:attachment":[{"href":"https:\/\/agora.xtec.cat\/escolaciutatjardi\/wp-json\/wp\/v2\/media?parent=26"}],"curies":[{"name":"wp","href":"https:\/\/api.w.org\/{rel}","templated":true}]}}