{"id":966,"date":"2014-03-09T16:20:06","date_gmt":"2014-03-09T15:20:06","guid":{"rendered":"http:\/\/blocs.xtec.cat\/ceipmossenjacintverdaguer\/?page_id=966"},"modified":"2020-01-28T15:39:33","modified_gmt":"2020-01-28T14:39:33","slug":"raco-dels-contes","status":"publish","type":"page","link":"https:\/\/agora.xtec.cat\/escolacintosegur\/projecte-educatiu\/raco-dels-contes\/","title":{"rendered":"Rac\u00f3 dels contes"},"content":{"rendered":"<h5><\/h5>\n<p>&nbsp;<\/p>\n<h5>Projecte que consisteix en l&#8217;elaboraci\u00f3 de contes amb una tem\u00e0tica comuna pels diferents cicles de l&#8217;escola: Educaci\u00f3 Infantil, Cicle Inicial, Cicle Mitj\u00e0 i Cicle Superior.<\/h5>\n<h5>Des de la VI edici\u00f3 s&#8217;afegeix un conte de l&#8217;Aula d&#8217;Acollida. Podeu accedir a les edicions de cursos m\u00e9s antics al men\u00fa de l&#8217;esquerra.<\/h5>\n<p>&nbsp;<\/p>\n<h2 style=\"text-align: center;\"><span style=\"text-decoration: underline;\"><strong>IX EDICI\u00d3: LES CIVILITZACIONS<\/strong><\/span><\/h2>\n<div class=\"ast-oembed-container \" style=\"height: 100%;\"><iframe loading=\"lazy\" title=\"CONTE CICLE SUPERIOR\" width=\"500\" height=\"375\" src=\"https:\/\/www.youtube.com\/embed\/l0Yt7kkj56g?feature=oembed\" frameborder=\"0\" allow=\"accelerometer; autoplay; clipboard-write; encrypted-media; gyroscope; picture-in-picture; web-share\" referrerpolicy=\"strict-origin-when-cross-origin\" allowfullscreen><\/iframe><\/div>\n<p>&nbsp;<\/p>\n<div class=\"ast-oembed-container \" style=\"height: 100%;\"><iframe loading=\"lazy\" title=\"CONTE AULA ACOLLIDA I ED.ESPECIAL\" width=\"500\" height=\"281\" src=\"https:\/\/www.youtube.com\/embed\/qtCeiJhSZyw?feature=oembed\" frameborder=\"0\" allow=\"accelerometer; autoplay; clipboard-write; encrypted-media; gyroscope; picture-in-picture; web-share\" referrerpolicy=\"strict-origin-when-cross-origin\" allowfullscreen><\/iframe><\/div>\n<p>&nbsp;<\/p>\n<h2 style=\"text-align: center;\"><span style=\"text-decoration: underline;\"><strong>VIII EDICI\u00d3: UN CONTE DE PEL\u00b7L\u00cdCULA<\/strong><\/span><\/h2>\n<div class=\"ast-oembed-container \" style=\"height: 100%;\"><iframe loading=\"lazy\" title=\"Educaci\u00f3 Infantil 2018\" width=\"500\" height=\"281\" src=\"https:\/\/www.youtube.com\/embed\/ddQqQdwPk_0?feature=oembed\" frameborder=\"0\" allow=\"accelerometer; autoplay; clipboard-write; encrypted-media; gyroscope; picture-in-picture; web-share\" referrerpolicy=\"strict-origin-when-cross-origin\" allowfullscreen><\/iframe><\/div>\n<div class=\"ast-oembed-container \" style=\"height: 100%;\"><iframe loading=\"lazy\" title=\"Conte Cicle Inicial 2018\" width=\"500\" height=\"281\" src=\"https:\/\/www.youtube.com\/embed\/0SAI6wNSR9k?feature=oembed\" frameborder=\"0\" allow=\"accelerometer; autoplay; clipboard-write; encrypted-media; gyroscope; picture-in-picture; web-share\" referrerpolicy=\"strict-origin-when-cross-origin\" allowfullscreen><\/iframe><\/div>\n<div class=\"ast-oembed-container \" style=\"height: 100%;\"><iframe loading=\"lazy\" title=\"Conte 2018 cicle Mitj\u00e0\" width=\"500\" height=\"281\" src=\"https:\/\/www.youtube.com\/embed\/5OERS5tDgQI?feature=oembed\" frameborder=\"0\" allow=\"accelerometer; autoplay; clipboard-write; encrypted-media; gyroscope; picture-in-picture; web-share\" referrerpolicy=\"strict-origin-when-cross-origin\" allowfullscreen><\/iframe><\/div>\n<div class=\"ast-oembed-container \" style=\"height: 100%;\"><iframe loading=\"lazy\" title=\"Conte Cicle Superior 2018\" width=\"500\" height=\"281\" src=\"https:\/\/www.youtube.com\/embed\/i2Bw7t4qqVc?feature=oembed\" frameborder=\"0\" allow=\"accelerometer; autoplay; clipboard-write; encrypted-media; gyroscope; picture-in-picture; web-share\" referrerpolicy=\"strict-origin-when-cross-origin\" allowfullscreen><\/iframe><\/div>\n<h2 style=\"text-align: center;\"><span style=\"text-decoration: underline;\"><strong>VII EDICI\u00d3: ELS ROBOTS<\/strong><\/span><\/h2>\n<div class=\"ast-oembed-container \" style=\"height: 100%;\"><iframe loading=\"lazy\" title=\"Els robots poden arribar a ser humans? CICLE SUPERIOR\" width=\"500\" height=\"281\" src=\"https:\/\/www.youtube.com\/embed\/nYoEAQUWhMM?feature=oembed\" frameborder=\"0\" allow=\"accelerometer; autoplay; clipboard-write; encrypted-media; gyroscope; picture-in-picture; web-share\" referrerpolicy=\"strict-origin-when-cross-origin\" allowfullscreen><\/iframe><\/div>\n<div class=\"ast-oembed-container \" style=\"height: 100%;\"><iframe loading=\"lazy\" title=\"El robot presumit CICLE INICIAL\" width=\"500\" height=\"281\" src=\"https:\/\/www.youtube.com\/embed\/vFeOAoRf-zY?feature=oembed\" frameborder=\"0\" allow=\"accelerometer; autoplay; clipboard-write; encrypted-media; gyroscope; picture-in-picture; web-share\" referrerpolicy=\"strict-origin-when-cross-origin\" allowfullscreen><\/iframe><\/div>\n<div class=\"ast-oembed-container \" style=\"height: 100%;\"><iframe loading=\"lazy\" title=\"NYEC NYEC  ha arribat a la nostra escola INFANTIL\" width=\"500\" height=\"281\" src=\"https:\/\/www.youtube.com\/embed\/t1rHbDOCPSY?feature=oembed\" frameborder=\"0\" allow=\"accelerometer; autoplay; clipboard-write; encrypted-media; gyroscope; picture-in-picture; web-share\" referrerpolicy=\"strict-origin-when-cross-origin\" allowfullscreen><\/iframe><\/div>\n<div class=\"ast-oembed-container \" style=\"height: 100%;\"><iframe loading=\"lazy\" title=\"Els robots CICLE MITJ\u00c0\" width=\"500\" height=\"281\" src=\"https:\/\/www.youtube.com\/embed\/1IFPkFOHS9U?feature=oembed\" frameborder=\"0\" allow=\"accelerometer; autoplay; clipboard-write; encrypted-media; gyroscope; picture-in-picture; web-share\" referrerpolicy=\"strict-origin-when-cross-origin\" allowfullscreen><\/iframe><\/div>\n<p>&nbsp;<\/p>\n<p>&nbsp;<\/p>\n<p>&nbsp;<\/p>\n<p>&nbsp;<\/p>\n<p>&nbsp;<\/p>\n<p>&nbsp;<\/p>\n","protected":false},"excerpt":{"rendered":"<p>&nbsp; Projecte que consisteix en l&#8217;elaboraci\u00f3 de contes amb una tem\u00e0tica comuna pels diferents cicles de l&#8217;escola: Educaci\u00f3 Infantil, Cicle Inicial, Cicle Mitj\u00e0 i Cicle Superior. Des de la VI edici\u00f3 s&#8217;afegeix un conte de l&#8217;Aula d&#8217;Acollida. Podeu accedir a les edicions de cursos m\u00e9s antics al men\u00fa de l&#8217;esquerra. &nbsp; IX EDICI\u00d3: LES CIVILITZACIONS [&hellip;]<\/p>\n","protected":false},"author":4,"featured_media":0,"parent":64,"menu_order":0,"comment_status":"closed","ping_status":"closed","template":"","meta":{"_bbp_topic_count":0,"_bbp_reply_count":0,"_bbp_total_topic_count":0,"_bbp_total_reply_count":0,"_bbp_voice_count":0,"_bbp_anonymous_reply_count":0,"_bbp_topic_count_hidden":0,"_bbp_reply_count_hidden":0,"_bbp_forum_subforum_count":0,"site-sidebar-layout":"default","site-content-layout":"","ast-site-content-layout":"","site-content-style":"default","site-sidebar-style":"default","ast-global-header-display":"","ast-banner-title-visibility":"","ast-main-header-display":"","ast-hfb-above-header-display":"","ast-hfb-below-header-display":"","ast-hfb-mobile-header-display":"","site-post-title":"","ast-breadcrumbs-content":"","ast-featured-img":"","footer-sml-layout":"","theme-transparent-header-meta":"","adv-header-id-meta":"","stick-header-meta":"","header-above-stick-meta":"","header-main-stick-meta":"","header-below-stick-meta":"","astra-migrate-meta-layouts":"default","ast-page-background-enabled":"default","ast-page-background-meta":{"desktop":{"background-color":"var(--ast-global-color-4)","background-image":"","background-repeat":"repeat","background-position":"center center","background-size":"auto","background-attachment":"scroll","background-type":"","background-media":"","overlay-type":"","overlay-color":"","overlay-opacity":"","overlay-gradient":""},"tablet":{"background-color":"","background-image":"","background-repeat":"repeat","background-position":"center center","background-size":"auto","background-attachment":"scroll","background-type":"","background-media":"","overlay-type":"","overlay-color":"","overlay-opacity":"","overlay-gradient":""},"mobile":{"background-color":"","background-image":"","background-repeat":"repeat","background-position":"center center","background-size":"auto","background-attachment":"scroll","background-type":"","background-media":"","overlay-type":"","overlay-color":"","overlay-opacity":"","overlay-gradient":""}},"ast-content-background-meta":{"desktop":{"background-color":"var(--ast-global-color-5)","background-image":"","background-repeat":"repeat","background-position":"center center","background-size":"auto","background-attachment":"scroll","background-type":"","background-media":"","overlay-type":"","overlay-color":"","overlay-opacity":"","overlay-gradient":""},"tablet":{"background-color":"var(--ast-global-color-5)","background-image":"","background-repeat":"repeat","background-position":"center center","background-size":"auto","background-attachment":"scroll","background-type":"","background-media":"","overlay-type":"","overlay-color":"","overlay-opacity":"","overlay-gradient":""},"mobile":{"background-color":"var(--ast-global-color-5)","background-image":"","background-repeat":"repeat","background-position":"center center","background-size":"auto","background-attachment":"scroll","background-type":"","background-media":"","overlay-type":"","overlay-color":"","overlay-opacity":"","overlay-gradient":""}},"footnotes":""},"class_list":["post-966","page","type-page","status-publish","hentry"],"post_mailing_queue_ids":[],"_links":{"self":[{"href":"https:\/\/agora.xtec.cat\/escolacintosegur\/wp-json\/wp\/v2\/pages\/966","targetHints":{"allow":["GET"]}}],"collection":[{"href":"https:\/\/agora.xtec.cat\/escolacintosegur\/wp-json\/wp\/v2\/pages"}],"about":[{"href":"https:\/\/agora.xtec.cat\/escolacintosegur\/wp-json\/wp\/v2\/types\/page"}],"author":[{"embeddable":true,"href":"https:\/\/agora.xtec.cat\/escolacintosegur\/wp-json\/wp\/v2\/users\/4"}],"replies":[{"embeddable":true,"href":"https:\/\/agora.xtec.cat\/escolacintosegur\/wp-json\/wp\/v2\/comments?post=966"}],"version-history":[{"count":4,"href":"https:\/\/agora.xtec.cat\/escolacintosegur\/wp-json\/wp\/v2\/pages\/966\/revisions"}],"predecessor-version":[{"id":19304,"href":"https:\/\/agora.xtec.cat\/escolacintosegur\/wp-json\/wp\/v2\/pages\/966\/revisions\/19304"}],"up":[{"embeddable":true,"href":"https:\/\/agora.xtec.cat\/escolacintosegur\/wp-json\/wp\/v2\/pages\/64"}],"wp:attachment":[{"href":"https:\/\/agora.xtec.cat\/escolacintosegur\/wp-json\/wp\/v2\/media?parent=966"}],"curies":[{"name":"wp","href":"https:\/\/api.w.org\/{rel}","templated":true}]}}