{"id":38,"date":"2014-09-18T12:34:08","date_gmt":"2014-09-18T12:34:08","guid":{"rendered":"http:\/\/agora.xtec.cat\/escolacintosegur\/?page_id=38"},"modified":"2026-02-13T12:57:38","modified_gmt":"2026-02-13T11:57:38","slug":"salut","status":"publish","type":"page","link":"https:\/\/agora.xtec.cat\/escolacintosegur\/els-nostres-espais\/salut\/","title":{"rendered":"Salut"},"content":{"rendered":"<p>L&#8217;escola porta a terme diferents projectes i actuacions referents al Pla de Salut Escolar.<\/p>\n<p>Cada curs, <strong>l&#8217;equip de Pediatria de l\u2019\u00c0rea B\u00e0sica de Salut<\/strong> compta amb un calendari de xerrades i vacunacions (pr\u00e8via autoritzaci\u00f3 de les fam\u00edlies).<\/p>\n<p>El <span style=\"text-decoration: underline;\">calendari del curs 2025\/2026<\/span>\u00a0\u00e9s el seg\u00fcent:<\/p>\n<p><strong>20\/10 -&gt;<\/strong> 1\u00aa Dosi d&#8217;Hepatitis A + 1\u00aa Dosi del Virus del Papil\u00b7loma hum\u00e0 (6\u00e8 curs)<\/p>\n<p><strong>26\/1 -&gt;<\/strong>\u00a0 \u00a0Meningitis tipus C + 1\u00aa Dosi de Varicel\u00b7la (6\u00e8 curs)<b><\/b><\/p>\n<p><strong>18\/5 -&gt; <\/strong>\u00a0 2\u00aa Dosi d&#8217;Hepatitis A + 2\u00aa Dosi del Virus del Papil\u00b7loma hum\u00e0 (6\u00e8 curs)<\/p>\n<p>&nbsp;<\/p>\n","protected":false},"excerpt":{"rendered":"<p>L&#8217;escola porta a terme diferents projectes i actuacions referents al Pla de Salut Escolar. Cada curs, l&#8217;equip de Pediatria de l\u2019\u00c0rea B\u00e0sica de Salut compta amb un calendari de xerrades i vacunacions (pr\u00e8via autoritzaci\u00f3 de les fam\u00edlies). El calendari del curs 2025\/2026\u00a0\u00e9s el seg\u00fcent: 20\/10 -&gt; 1\u00aa Dosi d&#8217;Hepatitis A + 1\u00aa Dosi del Virus [&hellip;]<\/p>\n","protected":false},"author":2,"featured_media":0,"parent":1180,"menu_order":80,"comment_status":"closed","ping_status":"closed","template":"","meta":{"_bbp_topic_count":0,"_bbp_reply_count":0,"_bbp_total_topic_count":0,"_bbp_total_reply_count":0,"_bbp_voice_count":0,"_bbp_anonymous_reply_count":0,"_bbp_topic_count_hidden":0,"_bbp_reply_count_hidden":0,"_bbp_forum_subforum_count":0,"site-sidebar-layout":"default","site-content-layout":"","ast-site-content-layout":"default","site-content-style":"default","site-sidebar-style":"default","ast-global-header-display":"","ast-banner-title-visibility":"","ast-main-header-display":"","ast-hfb-above-header-display":"","ast-hfb-below-header-display":"","ast-hfb-mobile-header-display":"","site-post-title":"","ast-breadcrumbs-content":"","ast-featured-img":"","footer-sml-layout":"","theme-transparent-header-meta":"default","adv-header-id-meta":"","stick-header-meta":"","header-above-stick-meta":"","header-main-stick-meta":"","header-below-stick-meta":"","astra-migrate-meta-layouts":"set","ast-page-background-enabled":"default","ast-page-background-meta":{"desktop":{"background-color":"var(--ast-global-color-4)","background-image":"","background-repeat":"repeat","background-position":"center center","background-size":"auto","background-attachment":"scroll","background-type":"","background-media":"","overlay-type":"","overlay-color":"","overlay-opacity":"","overlay-gradient":""},"tablet":{"background-color":"","background-image":"","background-repeat":"repeat","background-position":"center center","background-size":"auto","background-attachment":"scroll","background-type":"","background-media":"","overlay-type":"","overlay-color":"","overlay-opacity":"","overlay-gradient":""},"mobile":{"background-color":"","background-image":"","background-repeat":"repeat","background-position":"center center","background-size":"auto","background-attachment":"scroll","background-type":"","background-media":"","overlay-type":"","overlay-color":"","overlay-opacity":"","overlay-gradient":""}},"ast-content-background-meta":{"desktop":{"background-color":"var(--ast-global-color-5)","background-image":"","background-repeat":"repeat","background-position":"center center","background-size":"auto","background-attachment":"scroll","background-type":"","background-media":"","overlay-type":"","overlay-color":"","overlay-opacity":"","overlay-gradient":""},"tablet":{"background-color":"var(--ast-global-color-5)","background-image":"","background-repeat":"repeat","background-position":"center center","background-size":"auto","background-attachment":"scroll","background-type":"","background-media":"","overlay-type":"","overlay-color":"","overlay-opacity":"","overlay-gradient":""},"mobile":{"background-color":"var(--ast-global-color-5)","background-image":"","background-repeat":"repeat","background-position":"center center","background-size":"auto","background-attachment":"scroll","background-type":"","background-media":"","overlay-type":"","overlay-color":"","overlay-opacity":"","overlay-gradient":""}},"footnotes":""},"class_list":["post-38","page","type-page","status-publish","hentry"],"post_mailing_queue_ids":[],"_links":{"self":[{"href":"https:\/\/agora.xtec.cat\/escolacintosegur\/wp-json\/wp\/v2\/pages\/38","targetHints":{"allow":["GET"]}}],"collection":[{"href":"https:\/\/agora.xtec.cat\/escolacintosegur\/wp-json\/wp\/v2\/pages"}],"about":[{"href":"https:\/\/agora.xtec.cat\/escolacintosegur\/wp-json\/wp\/v2\/types\/page"}],"author":[{"embeddable":true,"href":"https:\/\/agora.xtec.cat\/escolacintosegur\/wp-json\/wp\/v2\/users\/2"}],"replies":[{"embeddable":true,"href":"https:\/\/agora.xtec.cat\/escolacintosegur\/wp-json\/wp\/v2\/comments?post=38"}],"version-history":[{"count":6,"href":"https:\/\/agora.xtec.cat\/escolacintosegur\/wp-json\/wp\/v2\/pages\/38\/revisions"}],"predecessor-version":[{"id":23616,"href":"https:\/\/agora.xtec.cat\/escolacintosegur\/wp-json\/wp\/v2\/pages\/38\/revisions\/23616"}],"up":[{"embeddable":true,"href":"https:\/\/agora.xtec.cat\/escolacintosegur\/wp-json\/wp\/v2\/pages\/1180"}],"wp:attachment":[{"href":"https:\/\/agora.xtec.cat\/escolacintosegur\/wp-json\/wp\/v2\/media?parent=38"}],"curies":[{"name":"wp","href":"https:\/\/api.w.org\/{rel}","templated":true}]}}