{"id":26,"date":"2014-09-18T12:24:32","date_gmt":"2014-09-18T12:24:32","guid":{"rendered":"http:\/\/agora.xtec.cat\/escolacintosegur\/?page_id=26"},"modified":"2026-03-20T15:48:43","modified_gmt":"2026-03-20T14:48:43","slug":"historia","status":"publish","type":"page","link":"https:\/\/agora.xtec.cat\/escolacintosegur\/els-nostres-espais\/historia\/","title":{"rendered":"Hist\u00f2ria"},"content":{"rendered":"<p style=\"text-align: justify;\">Segons consta als nostres registres, tot va comen\u00e7ar l&#8217;any 1967 amb una petita escola unit\u00e0ria amb 35 alumnes i un mestre ubicada a la Plaza Espa\u00f1a, de Segur de Calafell.<\/p>\n<p><a href=\"http:\/\/agora.xtec.cat\/escolacintosegur\/wp-content\/uploads\/usu177\/2016\/03\/10486657_247424982119276_886669289204649282_n.jpg\"><img loading=\"lazy\" decoding=\"async\" class=\"wp-image-1776 aligncenter\" src=\"http:\/\/agora.xtec.cat\/escolacintosegur\/wp-content\/uploads\/usu177\/2016\/03\/10486657_247424982119276_886669289204649282_n.jpg\" alt=\"10486657_247424982119276_886669289204649282_n\" width=\"367\" height=\"447\" srcset=\"https:\/\/agora.xtec.cat\/escolacintosegur\/wp-content\/uploads\/usu177\/2016\/03\/10486657_247424982119276_886669289204649282_n.jpg 789w, https:\/\/agora.xtec.cat\/escolacintosegur\/wp-content\/uploads\/usu177\/2016\/03\/10486657_247424982119276_886669289204649282_n-247x300.jpg 247w\" sizes=\"auto, (max-width: 367px) 100vw, 367px\" \/><\/a><\/p>\n<p style=\"text-align: justify;\">El 1970 es va traslladar al carrer Alemanya n\u00ba 3, on ja ten\u00edem 30 alumnes de p\u00e0rvuls i 33 alumnes des de 1r fins a 4rt. Quatre anys m\u00e9s tard, vam deixar de ser una escola unit\u00e0ria i vam passar a ser una escola graduada mixta estatal amb les etapes educatives de Preescolar (40 alumnes) i Educaci\u00f3 General B\u00e0sica (40 alumnes) i una dotaci\u00f3 de 4 mestres.<\/p>\n\r\n\t<div class=\"slideshow_container slideshow_container_style-light\" style=\"height: 300px; \" data-slideshow-id=\"1647\" data-style-name=\"style-light\" data-style-version=\"2.3.1\" >\r\n\r\n\t\t\t\t\t<div class=\"slideshow_loading_icon\"><\/div>\r\n\t\t\r\n\t\t<div class=\"slideshow_content\" style=\"display: none;\">\r\n\r\n\t\t\t<div class=\"slideshow_view\">\r\n\t\t\t\t<div class=\"slideshow_slide slideshow_slide_image\">\r\n\t\t\t\t\t\t\t\t\t\t\t<img src=\"https:\/\/agora.xtec.cat\/escolacintosegur\/wp-content\/uploads\/usu177\/2016\/03\/20160307095058463_0001.jpg\" alt=\"20160307095058463_0001\" width=\"1775\" height=\"1181\" \/>\r\n\t\t\t\t\t\t\t\t\t\t<div class=\"slideshow_description_box slideshow_transparent\">\r\n\t\t\t\t\t\t<div class=\"slideshow_title\">20160307095058463_0001<\/div>\t\t\t\t\t\t\t\t\t\t\t<\/div>\r\n\t\t\t\t<\/div>\r\n\r\n\t\t\t\t\t\t<div style=\"clear: both;\"><\/div><\/div><div class=\"slideshow_view\">\r\n\t\t\t\t<div class=\"slideshow_slide slideshow_slide_image\">\r\n\t\t\t\t\t\t\t\t\t\t\t<img src=\"https:\/\/agora.xtec.cat\/escolacintosegur\/wp-content\/uploads\/usu177\/2016\/03\/20160307095058463_0002.jpg\" alt=\"20160307095058463_0002\" width=\"1785\" height=\"1173\" \/>\r\n\t\t\t\t\t\t\t\t\t\t<div class=\"slideshow_description_box slideshow_transparent\">\r\n\t\t\t\t\t\t<div class=\"slideshow_title\">20160307095058463_0002<\/div>\t\t\t\t\t\t\t\t\t\t\t<\/div>\r\n\t\t\t\t<\/div>\r\n\r\n\t\t\t\t\t\t<div style=\"clear: both;\"><\/div><\/div><div class=\"slideshow_view\">\r\n\t\t\t\t<div class=\"slideshow_slide slideshow_slide_image\">\r\n\t\t\t\t\t\t\t\t\t\t\t<img src=\"https:\/\/agora.xtec.cat\/escolacintosegur\/wp-content\/uploads\/usu177\/2016\/03\/20160307095258542_0001.jpg\" alt=\"20160307095258542_0001\" width=\"1735\" height=\"1183\" \/>\r\n\t\t\t\t\t\t\t\t\t\t<div class=\"slideshow_description_box slideshow_transparent\">\r\n\t\t\t\t\t\t<div class=\"slideshow_title\">20160307095258542_0001<\/div>\t\t\t\t\t\t\t\t\t\t\t<\/div>\r\n\t\t\t\t<\/div>\r\n\r\n\t\t\t\t\t\t<div style=\"clear: both;\"><\/div><\/div>\r\n\t\t<\/div>\r\n\r\n\t\t<div class=\"slideshow_controlPanel slideshow_transparent\" style=\"display: none;\"><ul><li class=\"slideshow_togglePlay\" data-play-text=\"Visualitza\" data-pause-text=\"Pausa\"><\/li><\/ul><\/div>\r\n\r\n\t\t<div class=\"slideshow_button slideshow_previous slideshow_transparent\" role=\"button\" data-previous-text=\"Anterior\" style=\"display: none;\"><\/div>\r\n\t\t<div class=\"slideshow_button slideshow_next slideshow_transparent\" role=\"button\" data-next-text=\"Seg\u00fcent\" style=\"display: none;\"><\/div>\r\n\r\n\t\t<div class=\"slideshow_pagination\" style=\"display: none;\" data-go-to-text=\"V\u00e9s a la diapositiva\"><div class=\"slideshow_pagination_center\"><\/div><\/div>\r\n\r\n\t\t<!-- WordPress Slideshow Version 2.3.1 -->\r\n\r\n\t\t\t<\/div>\r\n\r\n\n<p style=\"text-align: justify;\">Uns anys m\u00e9s tard, el 1980, la matricula ja era de 40 alumnes de Preescolar i 180 d&#8217; Educaci\u00f3 General B\u00e0sica. Ten\u00edem 6 mestres.<\/p>\n<p style=\"text-align: justify;\">El dia 11 de setembre de 1991 la hist\u00f2ria del nostre centre va canviar, ja que es va inaugurar l&#8217;actual edifici a l&#8217;antiga avinguda Fran\u00e7a, s\/n, (actual carrer Josep Llu\u00eds de la Rosa). La matr\u00edcula era de 78 alumnes de preescolar\/infantil, 326 alumnes d&#8217; E.G.B. i una plantilla de 16 mestres.<\/p>\n\r\n\t<div class=\"slideshow_container slideshow_container_style-light\" style=\"height: 300px; \" data-slideshow-id=\"1648\" data-style-name=\"style-light\" data-style-version=\"2.3.1\" >\r\n\r\n\t\t\t\t\t<div class=\"slideshow_loading_icon\"><\/div>\r\n\t\t\r\n\t\t<div class=\"slideshow_content\" style=\"display: none;\">\r\n\r\n\t\t\t<div class=\"slideshow_view\">\r\n\t\t\t\t<div class=\"slideshow_slide slideshow_slide_image\">\r\n\t\t\t\t\t\t\t\t\t\t\t<img src=\"https:\/\/agora.xtec.cat\/escolacintosegur\/wp-content\/uploads\/usu177\/2016\/03\/IMG_0873.jpg\" alt=\"IMG_0873\" width=\"1024\" height=\"768\" \/>\r\n\t\t\t\t\t\t\t\t\t\t<div class=\"slideshow_description_box slideshow_transparent\">\r\n\t\t\t\t\t\t<div class=\"slideshow_title\">IMG_0873<\/div>\t\t\t\t\t\t\t\t\t\t\t<\/div>\r\n\t\t\t\t<\/div>\r\n\r\n\t\t\t\t\t\t<div style=\"clear: both;\"><\/div><\/div><div class=\"slideshow_view\">\r\n\t\t\t\t<div class=\"slideshow_slide slideshow_slide_image\">\r\n\t\t\t\t\t\t\t\t\t\t\t<img src=\"https:\/\/agora.xtec.cat\/escolacintosegur\/wp-content\/uploads\/usu177\/2016\/03\/20160307100512048_0001.jpg\" alt=\"20160307100512048_0001\" width=\"2057\" height=\"1453\" \/>\r\n\t\t\t\t\t\t\t\t\t\t<div class=\"slideshow_description_box slideshow_transparent\">\r\n\t\t\t\t\t\t<div class=\"slideshow_title\">20160307100512048_0001<\/div>\t\t\t\t\t\t\t\t\t\t\t<\/div>\r\n\t\t\t\t<\/div>\r\n\r\n\t\t\t\t\t\t<div style=\"clear: both;\"><\/div><\/div><div class=\"slideshow_view\">\r\n\t\t\t\t<div class=\"slideshow_slide slideshow_slide_image\">\r\n\t\t\t\t\t\t\t\t\t\t\t<img src=\"https:\/\/agora.xtec.cat\/escolacintosegur\/wp-content\/uploads\/usu177\/2016\/03\/20160307095948799_0001.jpg\" alt=\"20160307095948799_0001\" width=\"2333\" height=\"1761\" \/>\r\n\t\t\t\t\t\t\t\t\t\t<div class=\"slideshow_description_box slideshow_transparent\">\r\n\t\t\t\t\t\t<div class=\"slideshow_title\">20160307095948799_0001<\/div>\t\t\t\t\t\t\t\t\t\t\t<\/div>\r\n\t\t\t\t<\/div>\r\n\r\n\t\t\t\t\t\t<div style=\"clear: both;\"><\/div><\/div>\r\n\t\t<\/div>\r\n\r\n\t\t<div class=\"slideshow_controlPanel slideshow_transparent\" style=\"display: none;\"><ul><li class=\"slideshow_togglePlay\" data-play-text=\"Visualitza\" data-pause-text=\"Pausa\"><\/li><\/ul><\/div>\r\n\r\n\t\t<div class=\"slideshow_button slideshow_previous slideshow_transparent\" role=\"button\" data-previous-text=\"Anterior\" style=\"display: none;\"><\/div>\r\n\t\t<div class=\"slideshow_button slideshow_next slideshow_transparent\" role=\"button\" data-next-text=\"Seg\u00fcent\" style=\"display: none;\"><\/div>\r\n\r\n\t\t<div class=\"slideshow_pagination\" style=\"display: none;\" data-go-to-text=\"V\u00e9s a la diapositiva\"><div class=\"slideshow_pagination_center\"><\/div><\/div>\r\n\r\n\t\t<!-- WordPress Slideshow Version 2.3.1 -->\r\n\r\n\t\t\t<\/div>\r\n\r\n\n<p>El curs 1993-1994 va ser el primer en tenir dues l\u00ednies d&#8217;escolaritat completes des de preescolar fins a 8\u00e8 d&#8217; E.G.B.<\/p>\n<p style=\"text-align: justify;\">Posteriorment, l&#8217;any 1997 vam passar a denominar-nos Col\u00b7legi d&#8217; Educaci\u00f3 Infantil i Prim\u00e0ria amb 126 alumnes d&#8217; Infantil i 377 alumnes de la nova Prim\u00e0ria. Ten\u00edem 24 mestres en plantilla.<\/p>\n<p style=\"text-align: justify;\">El curs 2005-2006 vam tenir la m\u00e0xima matr\u00edcula de la nostra hist\u00f2ria. El nombre d&#8217;alumnes va augmentar fins a 169 a Educaci\u00f3 Infantil i\u00a0 a 394 a Educaci\u00f3 Prim\u00e0ria. L&#8217;escola va cr\u00e9ixer fins a les tres l\u00ednies amb un nombre d&#8217;aules deficient, fet que va comportar perdre el laboratori i la reubicaci\u00f3 de la biblioteca escolar a les aules.<\/p>\n<p>Actualment tornem a ser una escola de doble l\u00ednia, tot i que els darrers anys la forta matr\u00edcula viva ha fet que en el determinats nivells es tinguin tres classes. A l&#8217;any 2024, la matr\u00edcula era de 124 alumnes d&#8217;Educaci\u00f3 Infantil i 338 d&#8217;Educaci\u00f3 Prim\u00e0ria. <\/p>\n","protected":false},"excerpt":{"rendered":"<p>Segons consta als nostres registres, tot va comen\u00e7ar l&#8217;any 1967 amb una petita escola unit\u00e0ria amb 35 alumnes i un mestre ubicada a la Plaza Espa\u00f1a, de Segur de Calafell. El 1970 es va traslladar al carrer Alemanya n\u00ba 3, on ja ten\u00edem 30 alumnes de p\u00e0rvuls i 33 alumnes des de 1r fins a [&hellip;]<\/p>\n","protected":false},"author":2,"featured_media":0,"parent":1180,"menu_order":20,"comment_status":"closed","ping_status":"closed","template":"","meta":{"_bbp_topic_count":0,"_bbp_reply_count":0,"_bbp_total_topic_count":0,"_bbp_total_reply_count":0,"_bbp_voice_count":0,"_bbp_anonymous_reply_count":0,"_bbp_topic_count_hidden":0,"_bbp_reply_count_hidden":0,"_bbp_forum_subforum_count":0,"site-sidebar-layout":"default","site-content-layout":"","ast-site-content-layout":"default","site-content-style":"default","site-sidebar-style":"default","ast-global-header-display":"","ast-banner-title-visibility":"","ast-main-header-display":"","ast-hfb-above-header-display":"","ast-hfb-below-header-display":"","ast-hfb-mobile-header-display":"","site-post-title":"","ast-breadcrumbs-content":"","ast-featured-img":"","footer-sml-layout":"","theme-transparent-header-meta":"default","adv-header-id-meta":"","stick-header-meta":"","header-above-stick-meta":"","header-main-stick-meta":"","header-below-stick-meta":"","astra-migrate-meta-layouts":"set","ast-page-background-enabled":"default","ast-page-background-meta":{"desktop":{"background-color":"var(--ast-global-color-4)","background-image":"","background-repeat":"repeat","background-position":"center center","background-size":"auto","background-attachment":"scroll","background-type":"","background-media":"","overlay-type":"","overlay-color":"","overlay-opacity":"","overlay-gradient":""},"tablet":{"background-color":"","background-image":"","background-repeat":"repeat","background-position":"center center","background-size":"auto","background-attachment":"scroll","background-type":"","background-media":"","overlay-type":"","overlay-color":"","overlay-opacity":"","overlay-gradient":""},"mobile":{"background-color":"","background-image":"","background-repeat":"repeat","background-position":"center center","background-size":"auto","background-attachment":"scroll","background-type":"","background-media":"","overlay-type":"","overlay-color":"","overlay-opacity":"","overlay-gradient":""}},"ast-content-background-meta":{"desktop":{"background-color":"var(--ast-global-color-5)","background-image":"","background-repeat":"repeat","background-position":"center center","background-size":"auto","background-attachment":"scroll","background-type":"","background-media":"","overlay-type":"","overlay-color":"","overlay-opacity":"","overlay-gradient":""},"tablet":{"background-color":"var(--ast-global-color-5)","background-image":"","background-repeat":"repeat","background-position":"center center","background-size":"auto","background-attachment":"scroll","background-type":"","background-media":"","overlay-type":"","overlay-color":"","overlay-opacity":"","overlay-gradient":""},"mobile":{"background-color":"var(--ast-global-color-5)","background-image":"","background-repeat":"repeat","background-position":"center center","background-size":"auto","background-attachment":"scroll","background-type":"","background-media":"","overlay-type":"","overlay-color":"","overlay-opacity":"","overlay-gradient":""}},"footnotes":""},"class_list":["post-26","page","type-page","status-publish","hentry"],"post_mailing_queue_ids":[],"_links":{"self":[{"href":"https:\/\/agora.xtec.cat\/escolacintosegur\/wp-json\/wp\/v2\/pages\/26","targetHints":{"allow":["GET"]}}],"collection":[{"href":"https:\/\/agora.xtec.cat\/escolacintosegur\/wp-json\/wp\/v2\/pages"}],"about":[{"href":"https:\/\/agora.xtec.cat\/escolacintosegur\/wp-json\/wp\/v2\/types\/page"}],"author":[{"embeddable":true,"href":"https:\/\/agora.xtec.cat\/escolacintosegur\/wp-json\/wp\/v2\/users\/2"}],"replies":[{"embeddable":true,"href":"https:\/\/agora.xtec.cat\/escolacintosegur\/wp-json\/wp\/v2\/comments?post=26"}],"version-history":[{"count":6,"href":"https:\/\/agora.xtec.cat\/escolacintosegur\/wp-json\/wp\/v2\/pages\/26\/revisions"}],"predecessor-version":[{"id":23700,"href":"https:\/\/agora.xtec.cat\/escolacintosegur\/wp-json\/wp\/v2\/pages\/26\/revisions\/23700"}],"up":[{"embeddable":true,"href":"https:\/\/agora.xtec.cat\/escolacintosegur\/wp-json\/wp\/v2\/pages\/1180"}],"wp:attachment":[{"href":"https:\/\/agora.xtec.cat\/escolacintosegur\/wp-json\/wp\/v2\/media?parent=26"}],"curies":[{"name":"wp","href":"https:\/\/api.w.org\/{rel}","templated":true}]}}