{"id":1754,"date":"2016-03-10T21:48:18","date_gmt":"2016-03-10T20:48:18","guid":{"rendered":"http:\/\/agora.xtec.cat\/escolacintosegur\/?page_id=1754"},"modified":"2026-02-13T12:59:09","modified_gmt":"2026-02-13T11:59:09","slug":"ampa","status":"publish","type":"page","link":"https:\/\/agora.xtec.cat\/escolacintosegur\/serveis\/ampa\/","title":{"rendered":"AFA"},"content":{"rendered":"<p>L\u2019Associaci\u00f3 de Mares i Pares de l\u2019escola t\u00e9 una gran import\u00e0ncia pel bon funcionament ja que s\u2019encarrega de diverses gestions i d\u2019oferir diferents serveis relacionats amb les fam\u00edlies dels nostres alumnes.<\/p>\n<p>Ofereix els serveis d\u2019acollida matinal, activitats extraescolars, venta del xandall de l\u2019escola, reserva i venta de llibres, admissi\u00f3 al projecte de reutilitzaci\u00f3 de llibres, decoraci\u00f3 i col\u00b7laboraci\u00f3 en les festes de l\u2019escola,\u2026<\/p>\n<p>Com a entitat sense \u00e0nim de lucre tots els diners recollits de les quotes de les fam\u00edlies s\u2019inverteixen en la compra de material i equipament escolar o en les diferents activitats que es porten a terme durant el curs escolar, com la Castanyada, la Cantada de Nadal, el Ti\u00f3, el Carnaval, la paradeta de Sant Jordi, la Mona o el Festival de Fi de Curs.<\/p>\n<p><strong>Horari d\u2019atenci\u00f3:<\/strong><\/p>\n<ul>\n<li>Dilluns de 9\u201915h. a 10\u201930h. i de 15\u201910h. a 16\u201945h.<\/li>\n<li>Dimecres de 15\u201910h. a 16\u201945h.<\/li>\n<\/ul>\n<p>e-mail:\u00a0\u00a0 cintet.2012@gmail.com<\/p>\n<p>Tel\u00e8fon i whatsapp: 629746629<\/p>\n<p style=\"text-align: center;\">\n","protected":false},"excerpt":{"rendered":"<p>L\u2019Associaci\u00f3 de Mares i Pares de l\u2019escola t\u00e9 una gran import\u00e0ncia pel bon funcionament ja que s\u2019encarrega de diverses gestions i d\u2019oferir diferents serveis relacionats amb les fam\u00edlies dels nostres alumnes. Ofereix els serveis d\u2019acollida matinal, activitats extraescolars, venta del xandall de l\u2019escola, reserva i venta de llibres, admissi\u00f3 al projecte de reutilitzaci\u00f3 de llibres, [&hellip;]<\/p>\n","protected":false},"author":1,"featured_media":0,"parent":66,"menu_order":0,"comment_status":"closed","ping_status":"closed","template":"","meta":{"_bbp_topic_count":0,"_bbp_reply_count":0,"_bbp_total_topic_count":0,"_bbp_total_reply_count":0,"_bbp_voice_count":0,"_bbp_anonymous_reply_count":0,"_bbp_topic_count_hidden":0,"_bbp_reply_count_hidden":0,"_bbp_forum_subforum_count":0,"site-sidebar-layout":"default","site-content-layout":"","ast-site-content-layout":"default","site-content-style":"default","site-sidebar-style":"default","ast-global-header-display":"","ast-banner-title-visibility":"","ast-main-header-display":"","ast-hfb-above-header-display":"","ast-hfb-below-header-display":"","ast-hfb-mobile-header-display":"","site-post-title":"","ast-breadcrumbs-content":"","ast-featured-img":"","footer-sml-layout":"","theme-transparent-header-meta":"default","adv-header-id-meta":"","stick-header-meta":"","header-above-stick-meta":"","header-main-stick-meta":"","header-below-stick-meta":"","astra-migrate-meta-layouts":"set","ast-page-background-enabled":"default","ast-page-background-meta":{"desktop":{"background-color":"var(--ast-global-color-4)","background-image":"","background-repeat":"repeat","background-position":"center center","background-size":"auto","background-attachment":"scroll","background-type":"","background-media":"","overlay-type":"","overlay-color":"","overlay-opacity":"","overlay-gradient":""},"tablet":{"background-color":"","background-image":"","background-repeat":"repeat","background-position":"center center","background-size":"auto","background-attachment":"scroll","background-type":"","background-media":"","overlay-type":"","overlay-color":"","overlay-opacity":"","overlay-gradient":""},"mobile":{"background-color":"","background-image":"","background-repeat":"repeat","background-position":"center center","background-size":"auto","background-attachment":"scroll","background-type":"","background-media":"","overlay-type":"","overlay-color":"","overlay-opacity":"","overlay-gradient":""}},"ast-content-background-meta":{"desktop":{"background-color":"var(--ast-global-color-5)","background-image":"","background-repeat":"repeat","background-position":"center center","background-size":"auto","background-attachment":"scroll","background-type":"","background-media":"","overlay-type":"","overlay-color":"","overlay-opacity":"","overlay-gradient":""},"tablet":{"background-color":"var(--ast-global-color-5)","background-image":"","background-repeat":"repeat","background-position":"center center","background-size":"auto","background-attachment":"scroll","background-type":"","background-media":"","overlay-type":"","overlay-color":"","overlay-opacity":"","overlay-gradient":""},"mobile":{"background-color":"var(--ast-global-color-5)","background-image":"","background-repeat":"repeat","background-position":"center center","background-size":"auto","background-attachment":"scroll","background-type":"","background-media":"","overlay-type":"","overlay-color":"","overlay-opacity":"","overlay-gradient":""}},"footnotes":""},"class_list":["post-1754","page","type-page","status-publish","hentry"],"post_mailing_queue_ids":[],"_links":{"self":[{"href":"https:\/\/agora.xtec.cat\/escolacintosegur\/wp-json\/wp\/v2\/pages\/1754","targetHints":{"allow":["GET"]}}],"collection":[{"href":"https:\/\/agora.xtec.cat\/escolacintosegur\/wp-json\/wp\/v2\/pages"}],"about":[{"href":"https:\/\/agora.xtec.cat\/escolacintosegur\/wp-json\/wp\/v2\/types\/page"}],"author":[{"embeddable":true,"href":"https:\/\/agora.xtec.cat\/escolacintosegur\/wp-json\/wp\/v2\/users\/1"}],"replies":[{"embeddable":true,"href":"https:\/\/agora.xtec.cat\/escolacintosegur\/wp-json\/wp\/v2\/comments?post=1754"}],"version-history":[{"count":4,"href":"https:\/\/agora.xtec.cat\/escolacintosegur\/wp-json\/wp\/v2\/pages\/1754\/revisions"}],"predecessor-version":[{"id":23617,"href":"https:\/\/agora.xtec.cat\/escolacintosegur\/wp-json\/wp\/v2\/pages\/1754\/revisions\/23617"}],"up":[{"embeddable":true,"href":"https:\/\/agora.xtec.cat\/escolacintosegur\/wp-json\/wp\/v2\/pages\/66"}],"wp:attachment":[{"href":"https:\/\/agora.xtec.cat\/escolacintosegur\/wp-json\/wp\/v2\/media?parent=1754"}],"curies":[{"name":"wp","href":"https:\/\/api.w.org\/{rel}","templated":true}]}}