{"id":1747,"date":"2016-03-10T16:03:31","date_gmt":"2016-03-10T15:03:31","guid":{"rendered":"http:\/\/agora.xtec.cat\/escolacintosegur\/?page_id=1747"},"modified":"2019-11-13T16:08:17","modified_gmt":"2019-11-13T15:08:17","slug":"assessoraments-externs","status":"publish","type":"page","link":"https:\/\/agora.xtec.cat\/escolacintosegur\/serveis\/assessoraments-externs\/","title":{"rendered":"Assessoraments externs"},"content":{"rendered":"<p><span style=\"text-decoration: underline;\"><strong>Assessorament psicopedag\u00f2gic<\/strong><\/span><\/p>\n<p>L&#8217;escola compta tots els divendres de 9 a 13h. i el darrer dimarts de cada mes amb l&#8217;assessorament de la psic\u00f2loga especialista de l&#8217;EAP que es despla\u00e7a fins al centre.<\/p>\n<p><span style=\"text-decoration: underline;\"><strong>Assessorament logop\u00e8dic<\/strong><\/span><\/p>\n<p>Quan es detecten alumnes amb necessitats logop\u00e8diques comptem amb l&#8217;assessorament d&#8217;una logopeda del CREDA de Tarragona.<\/p>\n<p><span style=\"text-decoration: underline;\"><strong>Assessorament serveis socials<\/strong><\/span><\/p>\n<p>B\u00e9 quan \u00e9s necessari o b\u00e9 un cop al mes, assisteix a l&#8217;escola l&#8217;especialista en serveis socials de l&#8217;EAP per assessorar les fam\u00edlies que ho sol\u00b7liciten.<\/p>\n","protected":false},"excerpt":{"rendered":"<p>Assessorament psicopedag\u00f2gic L&#8217;escola compta tots els divendres de 9 a 13h. i el darrer dimarts de cada mes amb l&#8217;assessorament de la psic\u00f2loga especialista de l&#8217;EAP que es despla\u00e7a fins al centre. Assessorament logop\u00e8dic Quan es detecten alumnes amb necessitats logop\u00e8diques comptem amb l&#8217;assessorament d&#8217;una logopeda del CREDA de Tarragona. Assessorament serveis socials B\u00e9 quan [&hellip;]<\/p>\n","protected":false},"author":4,"featured_media":0,"parent":66,"menu_order":0,"comment_status":"closed","ping_status":"closed","template":"page-templates\/side-menu.php","meta":{"_bbp_topic_count":0,"_bbp_reply_count":0,"_bbp_total_topic_count":0,"_bbp_total_reply_count":0,"_bbp_voice_count":0,"_bbp_anonymous_reply_count":0,"_bbp_topic_count_hidden":0,"_bbp_reply_count_hidden":0,"_bbp_forum_subforum_count":0,"site-sidebar-layout":"default","site-content-layout":"","ast-site-content-layout":"","site-content-style":"default","site-sidebar-style":"default","ast-global-header-display":"","ast-banner-title-visibility":"","ast-main-header-display":"","ast-hfb-above-header-display":"","ast-hfb-below-header-display":"","ast-hfb-mobile-header-display":"","site-post-title":"","ast-breadcrumbs-content":"","ast-featured-img":"","footer-sml-layout":"","theme-transparent-header-meta":"","adv-header-id-meta":"","stick-header-meta":"","header-above-stick-meta":"","header-main-stick-meta":"","header-below-stick-meta":"","astra-migrate-meta-layouts":"default","ast-page-background-enabled":"default","ast-page-background-meta":{"desktop":{"background-color":"var(--ast-global-color-4)","background-image":"","background-repeat":"repeat","background-position":"center center","background-size":"auto","background-attachment":"scroll","background-type":"","background-media":"","overlay-type":"","overlay-color":"","overlay-opacity":"","overlay-gradient":""},"tablet":{"background-color":"","background-image":"","background-repeat":"repeat","background-position":"center center","background-size":"auto","background-attachment":"scroll","background-type":"","background-media":"","overlay-type":"","overlay-color":"","overlay-opacity":"","overlay-gradient":""},"mobile":{"background-color":"","background-image":"","background-repeat":"repeat","background-position":"center center","background-size":"auto","background-attachment":"scroll","background-type":"","background-media":"","overlay-type":"","overlay-color":"","overlay-opacity":"","overlay-gradient":""}},"ast-content-background-meta":{"desktop":{"background-color":"var(--ast-global-color-5)","background-image":"","background-repeat":"repeat","background-position":"center center","background-size":"auto","background-attachment":"scroll","background-type":"","background-media":"","overlay-type":"","overlay-color":"","overlay-opacity":"","overlay-gradient":""},"tablet":{"background-color":"var(--ast-global-color-5)","background-image":"","background-repeat":"repeat","background-position":"center center","background-size":"auto","background-attachment":"scroll","background-type":"","background-media":"","overlay-type":"","overlay-color":"","overlay-opacity":"","overlay-gradient":""},"mobile":{"background-color":"var(--ast-global-color-5)","background-image":"","background-repeat":"repeat","background-position":"center center","background-size":"auto","background-attachment":"scroll","background-type":"","background-media":"","overlay-type":"","overlay-color":"","overlay-opacity":"","overlay-gradient":""}},"footnotes":""},"class_list":["post-1747","page","type-page","status-publish","hentry"],"post_mailing_queue_ids":[],"_links":{"self":[{"href":"https:\/\/agora.xtec.cat\/escolacintosegur\/wp-json\/wp\/v2\/pages\/1747","targetHints":{"allow":["GET"]}}],"collection":[{"href":"https:\/\/agora.xtec.cat\/escolacintosegur\/wp-json\/wp\/v2\/pages"}],"about":[{"href":"https:\/\/agora.xtec.cat\/escolacintosegur\/wp-json\/wp\/v2\/types\/page"}],"author":[{"embeddable":true,"href":"https:\/\/agora.xtec.cat\/escolacintosegur\/wp-json\/wp\/v2\/users\/4"}],"replies":[{"embeddable":true,"href":"https:\/\/agora.xtec.cat\/escolacintosegur\/wp-json\/wp\/v2\/comments?post=1747"}],"version-history":[{"count":3,"href":"https:\/\/agora.xtec.cat\/escolacintosegur\/wp-json\/wp\/v2\/pages\/1747\/revisions"}],"predecessor-version":[{"id":19018,"href":"https:\/\/agora.xtec.cat\/escolacintosegur\/wp-json\/wp\/v2\/pages\/1747\/revisions\/19018"}],"up":[{"embeddable":true,"href":"https:\/\/agora.xtec.cat\/escolacintosegur\/wp-json\/wp\/v2\/pages\/66"}],"wp:attachment":[{"href":"https:\/\/agora.xtec.cat\/escolacintosegur\/wp-json\/wp\/v2\/media?parent=1747"}],"curies":[{"name":"wp","href":"https:\/\/api.w.org\/{rel}","templated":true}]}}