{"id":1723,"date":"2016-03-08T22:49:09","date_gmt":"2016-03-08T21:49:09","guid":{"rendered":"http:\/\/agora.xtec.cat\/escolacintosegur\/?page_id=1723"},"modified":"2021-05-28T15:05:59","modified_gmt":"2021-05-28T13:05:59","slug":"don-cintet","status":"publish","type":"page","link":"https:\/\/agora.xtec.cat\/escolacintosegur\/projecte-educatiu\/don-cintet\/","title":{"rendered":"Don Cintet"},"content":{"rendered":"<h4 style=\"text-align: justify;\">Aquest \u00e9s el nom del nostre canal de <em>Youtube<\/em> on pengem els v\u00eddeos de la nostra vida escolar.<\/h4>\n<h4 style=\"text-align: justify;\">El vam crear amb la intenci\u00f3 de ser una finestra oberta a tot el m\u00f3n per on poder compartir totes aquelles coses tan boniques que fem a la nostra escola.<\/h4>\n<h4 style=\"text-align: justify;\">\u00a0Animeu-vos a seguir-nos que ens ho passarem molt b\u00e9.<\/h4>\n<h3 style=\"text-align: center;\" data-wpview-marker=\"https%3A%2F%2Fwww.youtube.com%2Fuser%2FDonCintet\"><a href=\"https:\/\/www.youtube.com\/channel\/UCbtBOR_Dz4-4X6LELhPkc9Q\">https:\/\/www.youtube.com\/channel\/UCbtBOR_Dz4-4X6LELhPkc9Q<\/a><\/h3>\n<p>&nbsp;<br \/>\n<iframe loading=\"lazy\" width=\"560\" height=\"315\" src=\"https:\/\/www.youtube.com\/embed\/-CiInaeqMaQ\" title=\"YouTube video player\" frameborder=\"0\" allow=\"accelerometer; autoplay; clipboard-write; encrypted-media; gyroscope; picture-in-picture\" allowfullscreen><\/iframe><\/p>\n","protected":false},"excerpt":{"rendered":"<p>Aquest \u00e9s el nom del nostre canal de Youtube on pengem els v\u00eddeos de la nostra vida escolar. El vam crear amb la intenci\u00f3 de ser una finestra oberta a tot el m\u00f3n per on poder compartir totes aquelles coses tan boniques que fem a la nostra escola. \u00a0Animeu-vos a seguir-nos que ens ho passarem [&hellip;]<\/p>\n","protected":false},"author":1,"featured_media":0,"parent":64,"menu_order":0,"comment_status":"closed","ping_status":"closed","template":"","meta":{"_bbp_topic_count":0,"_bbp_reply_count":0,"_bbp_total_topic_count":0,"_bbp_total_reply_count":0,"_bbp_voice_count":0,"_bbp_anonymous_reply_count":0,"_bbp_topic_count_hidden":0,"_bbp_reply_count_hidden":0,"_bbp_forum_subforum_count":0,"site-sidebar-layout":"default","site-content-layout":"","ast-site-content-layout":"","site-content-style":"default","site-sidebar-style":"default","ast-global-header-display":"","ast-banner-title-visibility":"","ast-main-header-display":"","ast-hfb-above-header-display":"","ast-hfb-below-header-display":"","ast-hfb-mobile-header-display":"","site-post-title":"","ast-breadcrumbs-content":"","ast-featured-img":"","footer-sml-layout":"","theme-transparent-header-meta":"","adv-header-id-meta":"","stick-header-meta":"","header-above-stick-meta":"","header-main-stick-meta":"","header-below-stick-meta":"","astra-migrate-meta-layouts":"default","ast-page-background-enabled":"default","ast-page-background-meta":{"desktop":{"background-color":"var(--ast-global-color-4)","background-image":"","background-repeat":"repeat","background-position":"center center","background-size":"auto","background-attachment":"scroll","background-type":"","background-media":"","overlay-type":"","overlay-color":"","overlay-opacity":"","overlay-gradient":""},"tablet":{"background-color":"","background-image":"","background-repeat":"repeat","background-position":"center center","background-size":"auto","background-attachment":"scroll","background-type":"","background-media":"","overlay-type":"","overlay-color":"","overlay-opacity":"","overlay-gradient":""},"mobile":{"background-color":"","background-image":"","background-repeat":"repeat","background-position":"center center","background-size":"auto","background-attachment":"scroll","background-type":"","background-media":"","overlay-type":"","overlay-color":"","overlay-opacity":"","overlay-gradient":""}},"ast-content-background-meta":{"desktop":{"background-color":"var(--ast-global-color-5)","background-image":"","background-repeat":"repeat","background-position":"center center","background-size":"auto","background-attachment":"scroll","background-type":"","background-media":"","overlay-type":"","overlay-color":"","overlay-opacity":"","overlay-gradient":""},"tablet":{"background-color":"var(--ast-global-color-5)","background-image":"","background-repeat":"repeat","background-position":"center center","background-size":"auto","background-attachment":"scroll","background-type":"","background-media":"","overlay-type":"","overlay-color":"","overlay-opacity":"","overlay-gradient":""},"mobile":{"background-color":"var(--ast-global-color-5)","background-image":"","background-repeat":"repeat","background-position":"center center","background-size":"auto","background-attachment":"scroll","background-type":"","background-media":"","overlay-type":"","overlay-color":"","overlay-opacity":"","overlay-gradient":""}},"footnotes":""},"class_list":["post-1723","page","type-page","status-publish","hentry"],"post_mailing_queue_ids":[],"_links":{"self":[{"href":"https:\/\/agora.xtec.cat\/escolacintosegur\/wp-json\/wp\/v2\/pages\/1723","targetHints":{"allow":["GET"]}}],"collection":[{"href":"https:\/\/agora.xtec.cat\/escolacintosegur\/wp-json\/wp\/v2\/pages"}],"about":[{"href":"https:\/\/agora.xtec.cat\/escolacintosegur\/wp-json\/wp\/v2\/types\/page"}],"author":[{"embeddable":true,"href":"https:\/\/agora.xtec.cat\/escolacintosegur\/wp-json\/wp\/v2\/users\/1"}],"replies":[{"embeddable":true,"href":"https:\/\/agora.xtec.cat\/escolacintosegur\/wp-json\/wp\/v2\/comments?post=1723"}],"version-history":[{"count":5,"href":"https:\/\/agora.xtec.cat\/escolacintosegur\/wp-json\/wp\/v2\/pages\/1723\/revisions"}],"predecessor-version":[{"id":20924,"href":"https:\/\/agora.xtec.cat\/escolacintosegur\/wp-json\/wp\/v2\/pages\/1723\/revisions\/20924"}],"up":[{"embeddable":true,"href":"https:\/\/agora.xtec.cat\/escolacintosegur\/wp-json\/wp\/v2\/pages\/64"}],"wp:attachment":[{"href":"https:\/\/agora.xtec.cat\/escolacintosegur\/wp-json\/wp\/v2\/media?parent=1723"}],"curies":[{"name":"wp","href":"https:\/\/api.w.org\/{rel}","templated":true}]}}