{"id":1181,"date":"2009-02-26T16:12:40","date_gmt":"2009-02-26T15:12:40","guid":{"rendered":"http:\/\/blocs.xtec.cat\/ceipmossenjacintverdaguer\/ampa\/"},"modified":"2026-03-01T15:27:30","modified_gmt":"2026-03-01T14:27:30","slug":"ampa","status":"publish","type":"page","link":"https:\/\/agora.xtec.cat\/escolacintosegur\/ampa\/","title":{"rendered":"Informacions d&#8217;inter\u00e8s"},"content":{"rendered":"<p><strong><span style=\"text-decoration: underline;\">Horari de l&#8217;escola:<\/span><br \/>\n<\/strong><\/p>\n<p>Educaci\u00f3 Infanil: de 9:00h a 12:30h i de 15:00h a 16:30h.<\/p>\n<p>Educaci\u00f3 Prim\u00e0ria: de 9:00h a 12:30h i de 15:00h a 16:30h.<\/p>\n<p><span style=\"text-decoration: underline;\"><strong>SECRETARIA DEL CENTRE: <\/strong><\/span><\/p>\n<p>Horari atenci\u00f3 al p\u00fablic: dilluns a divendres de 9:00h\u00a0 a 12:00h<\/p>\n<p>Tel\u00e8fon: 977 160431<\/p>\n<p>Fax: 977 163099<\/p>\n<p>Adre\u00e7a: C\/ Josep Llu\u00eds de la Rosa 2-30, 43882 Segur de Calafell<\/p>\n<p>e-mail: e3000721<span class=\"atwho-query\">@xtec.cat<\/span><\/p>\n<p><span style=\"text-decoration: underline;\"><strong>AMPA<\/strong>:<\/span><\/p>\n<p>Horari d&#8217;atenci\u00f3 els dijous de 11:00h a 12:50h i els divendres de 15:00h a 16:50h<\/p>\n<p>Tel\u00e8fon: 977 160731<\/p>\n<p>e-mail: cintet.2012@gmail.com<\/p>\n<p><span style=\"text-decoration: underline;\"><strong>SERVEI MENJADOR:<\/strong><\/span><\/p>\n<p>Dep\u00e8n del Consell Comarcal<\/p>\n<p>Tel\u00e8fon: 610193143<\/p>\n<p><span style=\"text-decoration: underline;\"><strong>SERVEI TRANSPORT ESCOLAR:<\/strong><\/span><\/p>\n<p>Dep\u00e8n de l&#8217;Ajuntament de Calafell<\/p>\n<p>Tel\u00e8fon de les Depend\u00e8ncies Municipals: 977 164706<\/p>\n","protected":false},"excerpt":{"rendered":"<p>Horari de l&#8217;escola: Educaci\u00f3 Infanil: de 9:00h a 12:30h i de 15:00h a 16:30h. Educaci\u00f3 Prim\u00e0ria: de 9:00h a 12:30h i de 15:00h a 16:30h. SECRETARIA DEL CENTRE: Horari atenci\u00f3 al p\u00fablic: dilluns a divendres de 9:00h\u00a0 a 12:00h Tel\u00e8fon: 977 160431 Fax: 977 163099 Adre\u00e7a: C\/ Josep Llu\u00eds de la Rosa 2-30, 43882 Segur [&hellip;]<\/p>\n","protected":false},"author":4,"featured_media":0,"parent":0,"menu_order":11,"comment_status":"closed","ping_status":"open","template":"","meta":{"_bbp_topic_count":0,"_bbp_reply_count":0,"_bbp_total_topic_count":0,"_bbp_total_reply_count":0,"_bbp_voice_count":0,"_bbp_anonymous_reply_count":0,"_bbp_topic_count_hidden":0,"_bbp_reply_count_hidden":0,"_bbp_forum_subforum_count":0,"site-sidebar-layout":"default","site-content-layout":"","ast-site-content-layout":"default","site-content-style":"default","site-sidebar-style":"default","ast-global-header-display":"","ast-banner-title-visibility":"","ast-main-header-display":"","ast-hfb-above-header-display":"","ast-hfb-below-header-display":"","ast-hfb-mobile-header-display":"","site-post-title":"","ast-breadcrumbs-content":"","ast-featured-img":"","footer-sml-layout":"","theme-transparent-header-meta":"default","adv-header-id-meta":"","stick-header-meta":"","header-above-stick-meta":"","header-main-stick-meta":"","header-below-stick-meta":"","astra-migrate-meta-layouts":"set","ast-page-background-enabled":"default","ast-page-background-meta":{"desktop":{"background-color":"var(--ast-global-color-4)","background-image":"","background-repeat":"repeat","background-position":"center center","background-size":"auto","background-attachment":"scroll","background-type":"","background-media":"","overlay-type":"","overlay-color":"","overlay-opacity":"","overlay-gradient":""},"tablet":{"background-color":"","background-image":"","background-repeat":"repeat","background-position":"center center","background-size":"auto","background-attachment":"scroll","background-type":"","background-media":"","overlay-type":"","overlay-color":"","overlay-opacity":"","overlay-gradient":""},"mobile":{"background-color":"","background-image":"","background-repeat":"repeat","background-position":"center center","background-size":"auto","background-attachment":"scroll","background-type":"","background-media":"","overlay-type":"","overlay-color":"","overlay-opacity":"","overlay-gradient":""}},"ast-content-background-meta":{"desktop":{"background-color":"var(--ast-global-color-5)","background-image":"","background-repeat":"repeat","background-position":"center center","background-size":"auto","background-attachment":"scroll","background-type":"","background-media":"","overlay-type":"","overlay-color":"","overlay-opacity":"","overlay-gradient":""},"tablet":{"background-color":"var(--ast-global-color-5)","background-image":"","background-repeat":"repeat","background-position":"center center","background-size":"auto","background-attachment":"scroll","background-type":"","background-media":"","overlay-type":"","overlay-color":"","overlay-opacity":"","overlay-gradient":""},"mobile":{"background-color":"var(--ast-global-color-5)","background-image":"","background-repeat":"repeat","background-position":"center center","background-size":"auto","background-attachment":"scroll","background-type":"","background-media":"","overlay-type":"","overlay-color":"","overlay-opacity":"","overlay-gradient":""}},"footnotes":""},"class_list":["post-1181","page","type-page","status-publish","hentry"],"post_mailing_queue_ids":[],"_links":{"self":[{"href":"https:\/\/agora.xtec.cat\/escolacintosegur\/wp-json\/wp\/v2\/pages\/1181","targetHints":{"allow":["GET"]}}],"collection":[{"href":"https:\/\/agora.xtec.cat\/escolacintosegur\/wp-json\/wp\/v2\/pages"}],"about":[{"href":"https:\/\/agora.xtec.cat\/escolacintosegur\/wp-json\/wp\/v2\/types\/page"}],"author":[{"embeddable":true,"href":"https:\/\/agora.xtec.cat\/escolacintosegur\/wp-json\/wp\/v2\/users\/4"}],"replies":[{"embeddable":true,"href":"https:\/\/agora.xtec.cat\/escolacintosegur\/wp-json\/wp\/v2\/comments?post=1181"}],"version-history":[{"count":2,"href":"https:\/\/agora.xtec.cat\/escolacintosegur\/wp-json\/wp\/v2\/pages\/1181\/revisions"}],"predecessor-version":[{"id":23665,"href":"https:\/\/agora.xtec.cat\/escolacintosegur\/wp-json\/wp\/v2\/pages\/1181\/revisions\/23665"}],"wp:attachment":[{"href":"https:\/\/agora.xtec.cat\/escolacintosegur\/wp-json\/wp\/v2\/media?parent=1181"}],"curies":[{"name":"wp","href":"https:\/\/api.w.org\/{rel}","templated":true}]}}