{"id":5436,"date":"2026-02-10T16:49:10","date_gmt":"2026-02-10T15:49:10","guid":{"rendered":"https:\/\/agora.xtec.cat\/escolacharlierivel\/?page_id=5436"},"modified":"2026-02-10T17:09:51","modified_gmt":"2026-02-10T16:09:51","slug":"preguntes-frequents","status":"publish","type":"page","link":"https:\/\/agora.xtec.cat\/escolacharlierivel\/preguntes-frequents\/","title":{"rendered":"Preguntes freq\u00fcents"},"content":{"rendered":"\n<div class=\"wp-block-getwid-accordion has-icon-left\" data-active-element=\"none\">\n<div class=\"wp-block-getwid-accordion__header-wrapper\"><span class=\"wp-block-getwid-accordion__header\"><a href=\"#\"><span class=\"wp-block-getwid-accordion__header-title\">Quin \u00e9s l\u2019horari de l\u2019escola?<\/span><span class=\"wp-block-getwid-accordion__icon is-active\"><i class=\"fas fa-plus\"><\/i><\/span><span class=\"wp-block-getwid-accordion__icon is-passive\"><i class=\"fas fa-minus\"><\/i><\/span><\/a><\/span><\/div><div class=\"wp-block-getwid-accordion__content-wrapper\"><div class=\"wp-block-getwid-accordion__content\">\n<p><strong>Educaci\u00f3 Infantil:<\/strong> de 9.00 a 12.30 h<\/p>\n\n\n\n<p><strong>Educaci\u00f3 Prim\u00e0ria:<\/strong> de 8.30 a 13.00 h<\/p>\n\n\n\n<p><strong>Tots els cursos:<\/strong> de 15.00 a 16.30 h<\/p>\n\n\n\n<p>Les activitats extraescolars finalitzen entre les <strong>17.30 i les 18.00 h<\/strong>.<br>Les classes de <strong>refor\u00e7 (TEA)<\/strong> es fan a partir de <strong>3r<\/strong>, de <strong>16.30 a 17.50 h<\/strong>.<\/p>\n\n\n\n<p>Al <strong>Calendari Escolar<\/strong> es poden consultar els dies no lectius, vacances i dates importants.<\/p>\n<\/div><\/div>\n\n\n\n<div class=\"wp-block-getwid-accordion__header-wrapper\"><span class=\"wp-block-getwid-accordion__header\"><a href=\"#\"><span class=\"wp-block-getwid-accordion__header-title\">L\u2019escola ofereix altres serveis?<\/span><span class=\"wp-block-getwid-accordion__icon is-active\"><i class=\"fas fa-plus\"><\/i><\/span><span class=\"wp-block-getwid-accordion__icon is-passive\"><i class=\"fas fa-minus\"><\/i><\/span><\/a><\/span><\/div><div class=\"wp-block-getwid-accordion__content-wrapper\"><div class=\"wp-block-getwid-accordion__content\">\n<p>S\u00ed. El centre disposa de:<\/p>\n\n\n\n<ul class=\"wp-block-list\">\n<li><strong>Servei d\u2019acollida matinal<\/strong><\/li>\n\n\n\n<li><strong>Servei de migdia<\/strong><\/li>\n\n\n\n<li><strong>Menjador escolar<\/strong><\/li>\n<\/ul>\n\n\n\n<p>L\u2019acollida \u00e9s per a l\u2019alumnat d\u2019infantil que tingui germans a prim\u00e0ria.<\/p>\n<\/div><\/div>\n\n\n\n<div class=\"wp-block-getwid-accordion__header-wrapper\"><span class=\"wp-block-getwid-accordion__header\"><a href=\"#\"><span class=\"wp-block-getwid-accordion__header-title\">Quines activitats extraescolars s\u2019ofereixen?<\/span><span class=\"wp-block-getwid-accordion__icon is-active\"><i class=\"fas fa-plus\"><\/i><\/span><span class=\"wp-block-getwid-accordion__icon is-passive\"><i class=\"fas fa-minus\"><\/i><\/span><\/a><\/span><\/div><div class=\"wp-block-getwid-accordion__content-wrapper\"><div class=\"wp-block-getwid-accordion__content\">\n<p>Les activitats extraescolars s\u00f3n gestionades per l\u2019<strong>AFA<\/strong>. Aquest curs s\u2019han ofert:<\/p>\n\n\n\n<div class=\"wp-block-group is-layout-constrained wp-block-group-is-layout-constrained\">\n<ul class=\"wp-block-list\">\n<li>Dansa<\/li>\n\n\n\n<li>Patinatge<\/li>\n\n\n\n<li>Futbol<\/li>\n\n\n\n<li>Gimn\u00e0stica r\u00edtmica<\/li>\n<\/ul>\n<\/div>\n<\/div><\/div>\n\n\n\n<div class=\"wp-block-getwid-accordion__header-wrapper\"><span class=\"wp-block-getwid-accordion__header\"><a href=\"#\"><span class=\"wp-block-getwid-accordion__header-title\">Com es fa el per\u00edode d\u2019adaptaci\u00f3 a I3?<\/span><span class=\"wp-block-getwid-accordion__icon is-active\"><i class=\"fas fa-plus\"><\/i><\/span><span class=\"wp-block-getwid-accordion__icon is-passive\"><i class=\"fas fa-minus\"><\/i><\/span><\/a><\/span><\/div><div class=\"wp-block-getwid-accordion__content-wrapper\"><div class=\"wp-block-getwid-accordion__content\">\n<p>El per\u00edode d\u2019adaptaci\u00f3 \u00e9s <strong>progressiu<\/strong> i respectu\u00f3s amb les necessitats dels infants i les fam\u00edlies.<br>Durant els <strong>tres primers dies d\u2019escola<\/strong>, el grup es divideix en dos torns:<\/p>\n\n\n\n<ul class=\"wp-block-list\">\n<li>de 9.00 a 10.30 h<\/li>\n\n\n\n<li>d\u201911.00 a 12.30 h<\/li>\n<\/ul>\n\n\n\n<p>Les fam\u00edlies poden <strong>acompanyar els infants dins l\u2019aula<\/strong> aquests dies.<\/p>\n<\/div><\/div>\n\n\n\n<div class=\"wp-block-getwid-accordion__header-wrapper\"><span class=\"wp-block-getwid-accordion__header\"><a href=\"#\"><span class=\"wp-block-getwid-accordion__header-title\">Com treballeu a l\u2019escola?<\/span><span class=\"wp-block-getwid-accordion__icon is-active\"><i class=\"fas fa-plus\"><\/i><\/span><span class=\"wp-block-getwid-accordion__icon is-passive\"><i class=\"fas fa-minus\"><\/i><\/span><\/a><\/span><\/div><div class=\"wp-block-getwid-accordion__content-wrapper\"><div class=\"wp-block-getwid-accordion__content\">\n<p>L\u2019organitzaci\u00f3 del curs inclou:<\/p>\n\n\n\n<ul class=\"wp-block-list\">\n<li>Especialitats (m\u00fasica, angl\u00e8s i educaci\u00f3 f\u00edsica)<\/li>\n\n\n\n<li>Desdoblaments i grups redu\u00efts<\/li>\n\n\n\n<li>Treball sistem\u00e0tic de llengua i matem\u00e0tiques<\/li>\n\n\n\n<li>Projectes i ambients<\/li>\n<\/ul>\n\n\n\n<p>Al llarg del curs es desenvolupa un <strong>projecte transversal<\/strong> i projectes vinculats al programa <strong>DTECLA<\/strong>.<\/p>\n<\/div><\/div>\n\n\n\n<div class=\"wp-block-getwid-accordion__header-wrapper\"><span class=\"wp-block-getwid-accordion__header\"><a href=\"#\"><span class=\"wp-block-getwid-accordion__header-title\">Com treballeu a Educaci\u00f3 Infantil?<\/span><span class=\"wp-block-getwid-accordion__icon is-active\"><i class=\"fas fa-plus\"><\/i><\/span><span class=\"wp-block-getwid-accordion__icon is-passive\"><i class=\"fas fa-minus\"><\/i><\/span><\/a><\/span><\/div><div class=\"wp-block-getwid-accordion__content-wrapper\"><div class=\"wp-block-getwid-accordion__content\">\n<p>Es prioritza el <strong>vincle afectiu<\/strong>, l\u2019autonomia i el benestar dels infants.<br>La metodologia \u00e9s <strong>global i vivencial<\/strong>, sense llibres de text, basada en:<\/p>\n\n\n\n<ul class=\"wp-block-list\">\n<li>Aprenentatge significatiu<\/li>\n\n\n\n<li>Joc, experimentaci\u00f3 i descoberta<\/li>\n\n\n\n<li>Diferents agrupaments i activitats<\/li>\n<\/ul>\n\n\n\n<p>Inclou:<\/p>\n\n\n\n<div class=\"wp-block-group is-layout-constrained wp-block-group-is-layout-constrained\">\n<div class=\"wp-block-group is-layout-constrained wp-block-group-is-layout-constrained\">\n<ul class=\"wp-block-list\">\n<li><strong>Projectes<\/strong> (classe i projecte transversal d\u2019escola)<\/li>\n<\/ul>\n\n\n\n<ul class=\"wp-block-list\">\n<li><strong>Teixits d\u2019aula<\/strong> (petits grups amb dues mestres)<\/li>\n<\/ul>\n\n\n\n<ul class=\"wp-block-list\">\n<li><strong>Espais d\u2019aula<\/strong> (biblioteca, joc simb\u00f2lic, espai de calma\u2026)<\/li>\n<\/ul>\n\n\n\n<ul class=\"wp-block-list\">\n<li><strong>Psicomotricitat<\/strong> (1 sessi\u00f3 setmanal)<\/li>\n<\/ul>\n\n\n\n<ul class=\"wp-block-list\">\n<li><strong>Angl\u00e8s<\/strong> (1 tarda a la setmana amb desdoblament)<\/li>\n<\/ul>\n\n\n\n<ul class=\"wp-block-list\">\n<li><strong>M\u00fasica<\/strong> (1 sessi\u00f3 setmanal amb especialista)<\/li>\n<\/ul>\n<\/div>\n<\/div>\n<\/div><\/div>\n\n\n\n<div class=\"wp-block-getwid-accordion__header-wrapper\"><span class=\"wp-block-getwid-accordion__header\"><a href=\"#\"><span class=\"wp-block-getwid-accordion__header-title\">Quines sortides es fan?<\/span><span class=\"wp-block-getwid-accordion__icon is-active\"><i class=\"fas fa-plus\"><\/i><\/span><span class=\"wp-block-getwid-accordion__icon is-passive\"><i class=\"fas fa-minus\"><\/i><\/span><\/a><\/span><\/div><div class=\"wp-block-getwid-accordion__content-wrapper\"><div class=\"wp-block-getwid-accordion__content\">\n<p>Cada curs es realitzen:<\/p>\n\n\n\n<ul class=\"wp-block-list\">\n<li>Sortides a la natura<\/li>\n\n\n\n<li>Sortides culturals<\/li>\n\n\n\n<li>Sortides relacionades amb els projectes<\/li>\n\n\n\n<li>Sortides esportives<\/li>\n<\/ul>\n\n\n\n<p>L\u2019alumnat de <strong>cicle mitj\u00e0 i superior<\/strong> participa en col\u00f2nies amb el programa <strong>PMOE PROA+<\/strong>.<\/p>\n<\/div><\/div>\n\n\n\n<div class=\"wp-block-getwid-accordion__header-wrapper\"><span class=\"wp-block-getwid-accordion__header\"><a href=\"#\"><span class=\"wp-block-getwid-accordion__header-title\">Com s\u2019atenen les necessitats educatives especials?<\/span><span class=\"wp-block-getwid-accordion__icon is-active\"><i class=\"fas fa-plus\"><\/i><\/span><span class=\"wp-block-getwid-accordion__icon is-passive\"><i class=\"fas fa-minus\"><\/i><\/span><\/a><\/span><\/div><div class=\"wp-block-getwid-accordion__content-wrapper\"><div class=\"wp-block-getwid-accordion__content\">\n<div class=\"wp-block-group is-layout-constrained wp-block-group-is-layout-constrained\">\n<ul class=\"wp-block-list\">\n<li>Assessorament de l\u2019<strong>EAP<\/strong> dos dies a la setmana<\/li>\n\n\n\n<li>Coordinaci\u00f3 amb especialistes externs<\/li>\n\n\n\n<li>Dos mestres de <strong>pedagogia terap\u00e8utica<\/strong><\/li>\n\n\n\n<li>Atenci\u00f3 dins l\u2019aula i, si cal, individualitzada fora<\/li>\n\n\n\n<li><strong>SIEI<\/strong> amb mestra d\u2019educaci\u00f3 especial i educadora<\/li>\n<\/ul>\n<\/div>\n<\/div><\/div>\n\n\n\n<div class=\"wp-block-getwid-accordion__header-wrapper\"><span class=\"wp-block-getwid-accordion__header\"><a href=\"#\"><span class=\"wp-block-getwid-accordion__header-title\">Quines quotes es paguen?<\/span><span class=\"wp-block-getwid-accordion__icon is-active\"><i class=\"fas fa-plus\"><\/i><\/span><span class=\"wp-block-getwid-accordion__icon is-passive\"><i class=\"fas fa-minus\"><\/i><\/span><\/a><\/span><\/div><div class=\"wp-block-getwid-accordion__content-wrapper\"><div class=\"wp-block-getwid-accordion__content\">\n<p><strong>Quota anual:<\/strong> 150 \u20ac<br>Inclou material, sortides i col\u00f2nies.<br>Es pot pagar:<\/p>\n\n\n\n<div class=\"wp-block-group is-layout-constrained wp-block-group-is-layout-constrained\">\n<ul class=\"wp-block-list\">\n<li>En un sol pagament<\/li>\n\n\n\n<li>En <strong>3 quotes trimestrals de 50 \u20ac<\/strong><\/li>\n<\/ul>\n<\/div>\n<\/div><\/div>\n<\/div>\n\n\n\n<p><\/p>\n","protected":false},"excerpt":{"rendered":"","protected":false},"author":14,"featured_media":0,"parent":0,"menu_order":0,"comment_status":"closed","ping_status":"close","template":"","meta":{"_bbp_topic_count":0,"_bbp_reply_count":0,"_bbp_total_topic_count":0,"_bbp_total_reply_count":0,"_bbp_voice_count":0,"_bbp_anonymous_reply_count":0,"_bbp_topic_count_hidden":0,"_bbp_reply_count_hidden":0,"_bbp_forum_subforum_count":0,"site-sidebar-layout":"default","site-content-layout":"","ast-site-content-layout":"default","site-content-style":"default","site-sidebar-style":"default","ast-global-header-display":"","ast-banner-title-visibility":"","ast-main-header-display":"","ast-hfb-above-header-display":"","ast-hfb-below-header-display":"","ast-hfb-mobile-header-display":"","site-post-title":"","ast-breadcrumbs-content":"","ast-featured-img":"","footer-sml-layout":"","theme-transparent-header-meta":"","adv-header-id-meta":"","stick-header-meta":"","header-above-stick-meta":"","header-main-stick-meta":"","header-below-stick-meta":"","astra-migrate-meta-layouts":"set","ast-page-background-enabled":"default","ast-page-background-meta":{"desktop":{"background-color":"var(--ast-global-color-4)","background-image":"","background-repeat":"repeat","background-position":"center center","background-size":"auto","background-attachment":"scroll","background-type":"","background-media":"","overlay-type":"","overlay-color":"","overlay-opacity":"","overlay-gradient":""},"tablet":{"background-color":"","background-image":"","background-repeat":"repeat","background-position":"center center","background-size":"auto","background-attachment":"scroll","background-type":"","background-media":"","overlay-type":"","overlay-color":"","overlay-opacity":"","overlay-gradient":""},"mobile":{"background-color":"","background-image":"","background-repeat":"repeat","background-position":"center center","background-size":"auto","background-attachment":"scroll","background-type":"","background-media":"","overlay-type":"","overlay-color":"","overlay-opacity":"","overlay-gradient":""}},"ast-content-background-meta":{"desktop":{"background-color":"var(--ast-global-color-5)","background-image":"","background-repeat":"repeat","background-position":"center center","background-size":"auto","background-attachment":"scroll","background-type":"","background-media":"","overlay-type":"","overlay-color":"","overlay-opacity":"","overlay-gradient":""},"tablet":{"background-color":"var(--ast-global-color-5)","background-image":"","background-repeat":"repeat","background-position":"center center","background-size":"auto","background-attachment":"scroll","background-type":"","background-media":"","overlay-type":"","overlay-color":"","overlay-opacity":"","overlay-gradient":""},"mobile":{"background-color":"var(--ast-global-color-5)","background-image":"","background-repeat":"repeat","background-position":"center center","background-size":"auto","background-attachment":"scroll","background-type":"","background-media":"","overlay-type":"","overlay-color":"","overlay-opacity":"","overlay-gradient":""}},"footnotes":""},"class_list":["post-5436","page","type-page","status-publish","hentry"],"post_mailing_queue_ids":[],"_links":{"self":[{"href":"https:\/\/agora.xtec.cat\/escolacharlierivel\/wp-json\/wp\/v2\/pages\/5436","targetHints":{"allow":["GET"]}}],"collection":[{"href":"https:\/\/agora.xtec.cat\/escolacharlierivel\/wp-json\/wp\/v2\/pages"}],"about":[{"href":"https:\/\/agora.xtec.cat\/escolacharlierivel\/wp-json\/wp\/v2\/types\/page"}],"author":[{"embeddable":true,"href":"https:\/\/agora.xtec.cat\/escolacharlierivel\/wp-json\/wp\/v2\/users\/14"}],"replies":[{"embeddable":true,"href":"https:\/\/agora.xtec.cat\/escolacharlierivel\/wp-json\/wp\/v2\/comments?post=5436"}],"version-history":[{"count":3,"href":"https:\/\/agora.xtec.cat\/escolacharlierivel\/wp-json\/wp\/v2\/pages\/5436\/revisions"}],"predecessor-version":[{"id":5445,"href":"https:\/\/agora.xtec.cat\/escolacharlierivel\/wp-json\/wp\/v2\/pages\/5436\/revisions\/5445"}],"wp:attachment":[{"href":"https:\/\/agora.xtec.cat\/escolacharlierivel\/wp-json\/wp\/v2\/media?parent=5436"}],"curies":[{"name":"wp","href":"https:\/\/api.w.org\/{rel}","templated":true}]}}