{"id":5269,"date":"2026-01-20T15:17:46","date_gmt":"2026-01-20T14:17:46","guid":{"rendered":"https:\/\/agora.xtec.cat\/escolacharlierivel\/?page_id=5269"},"modified":"2026-01-20T15:23:25","modified_gmt":"2026-01-20T14:23:25","slug":"radio-charlie-rivel","status":"publish","type":"page","link":"https:\/\/agora.xtec.cat\/escolacharlierivel\/radio-charlie-rivel\/","title":{"rendered":"R\u00e0dio Charlie Rivel"},"content":{"rendered":"\n<p>La r\u00e0dio de l\u2019escola Charlie Rivel \u00e9s un projecte educatiu que ens permet donar veu al nostre alumnat mentre treballem l\u2019expressi\u00f3 oral en llengua catalana d\u2019una manera motivadora i significativa. A trav\u00e9s de la preparaci\u00f3 i l\u2019enregistrament de programes de r\u00e0dio, els nens i nenes milloren la pronunciaci\u00f3, el vocabulari i la seguretat a l\u2019hora d\u2019expressar-se, alhora que desenvolupen habilitats comunicatives, creatives i de treball en equip. La r\u00e0dio esdev\u00e9 aix\u00ed un espai d\u2019aprenentatge, participaci\u00f3 i conviv\u00e8ncia per a tota la comunitat educativa.<\/p>\n\n\n\n<p><strong>Objectius del projecte de r\u00e0dio de l\u2019escola Charlie Rivel<\/strong><\/p>\n\n\n\n<ul class=\"wp-block-list\">\n<li>Fomentar l\u2019expressi\u00f3 oral en llengua catalana de manera funcional i significativa.<\/li>\n\n\n\n<li>Millorar la pronunciaci\u00f3, el vocabulari i la flu\u00efdesa oral de l\u2019alumnat.<\/li>\n\n\n\n<li>Potenciar la confian\u00e7a i la seguretat a l\u2019hora de parlar en p\u00fablic.<\/li>\n\n\n\n<li>Desenvolupar habilitats comunicatives com l\u2019escolta activa i el respecte pels torns de paraula.<\/li>\n\n\n\n<li>Afavorir la creativitat i la capacitat d\u2019expressar idees, opinions i emocions.<\/li>\n\n\n\n<li>Promoure el treball cooperatiu i la participaci\u00f3 activa de tot l\u2019alumnat.<\/li>\n\n\n\n<li>Utilitzar la r\u00e0dio com a eina d\u2019aprenentatge i de cohesi\u00f3 de la comunitat educativa.<\/li>\n<\/ul>\n\n\n\n        <div class=\"wp-block-getwid-post-carousel custom-post-type-post has-slides-gap-small is-carousel has-arrows-inside has-dots-outside\">\n            <div data-slider-option=\"{&quot;sliderSlidesToShowDesktop&quot;:&quot;2&quot;,&quot;getwid_slidesToShowLaptop&quot;:&quot;1&quot;,&quot;getwid_slidesToShowTablet&quot;:&quot;1&quot;,&quot;getwid_slidesToShowMobile&quot;:&quot;1&quot;,&quot;getwid_autoplay_speed&quot;:6000,&quot;getwid_animation_speed&quot;:800,&quot;getwid_slidesToScroll&quot;:&quot;1&quot;,&quot;getwid_autoplay&quot;:false,&quot;getwid_pause_on_hover&quot;:false,&quot;getwid_infinite&quot;:true,&quot;getwid_center_mode&quot;:false,&quot;getwid_arrows&quot;:&quot;inside&quot;,&quot;getwid_dots&quot;:&quot;outside&quot;}\" class=\"wp-block-getwid-post-carousel__wrapper\">\n                \t\t\t\t\t\t\t<div class=\"wp-block-getwid-post-carousel__slide\">\n\t\t\t\t\t\t\t\t\n<div class=\"wp-block-getwid-post-carousel__post\">\n            <div class=\"wp-block-getwid-post-carousel__post-thumbnail\">\n            <a href=\"https:\/\/agora.xtec.cat\/escolacharlierivel\/escola-charlie-rivel\/el-microfon-de-5e-3r-capitol-jordi-fenosa-autor-del-llibre-bilomba-a-la-vista\/\"><img loading=\"lazy\" decoding=\"async\" width=\"598\" height=\"592\" src=\"https:\/\/agora.xtec.cat\/escolacharlierivel\/wp-content\/uploads\/usu1727\/2026\/01\/Captura-de-pantalla-2026-01-20-a-las-15.22.45.png\" class=\"attachment-post-thumbnail size-post-thumbnail wp-post-image\" alt=\"\" srcset=\"https:\/\/agora.xtec.cat\/escolacharlierivel\/wp-content\/uploads\/usu1727\/2026\/01\/Captura-de-pantalla-2026-01-20-a-las-15.22.45.png 598w, https:\/\/agora.xtec.cat\/escolacharlierivel\/wp-content\/uploads\/usu1727\/2026\/01\/Captura-de-pantalla-2026-01-20-a-las-15.22.45-300x297.png 300w\" sizes=\"auto, (max-width: 598px) 100vw, 598px\" \/><\/a>\n        <\/div>\n        <div class=\"wp-block-getwid-post-carousel__post-content-wrapper\">\n        <div class=\"wp-block-getwid-post-carousel__post-header\">\n            <h3 class=\"wp-block-getwid-post-carousel__post-title\"><a href=\"https:\/\/agora.xtec.cat\/escolacharlierivel\/escola-charlie-rivel\/el-microfon-de-5e-3r-capitol-jordi-fenosa-autor-del-llibre-bilomba-a-la-vista\/\">El micr\u00f2fon de 5\u00e8 &#8211; 3r cap\u00edtol &#8211; Jordi Fenosa (autor del llibre Bilomba a la vista)<\/a><\/h3>        <\/div>\n        <div class=\"wp-block-getwid-post-carousel__post-excerpt\"><p>L\u2019alumnat de 5\u00e8 de prim\u00e0ria continua amb molta il\u00b7lusi\u00f3 la seva participaci\u00f3 en el projecte de r\u00e0dio de l\u2019escola Charlie Rivel. Despr\u00e9s dels primers programes, els nens i nenes tornen a posar-se davant dels micr\u00f2fons per viure una nova experi\u00e8ncia radiof\u00f2nica plena d\u2019aprenentatges i emocions. En aquest tercer cap\u00edtol d\u2019\u201cEl micr\u00f2fon de 5\u00e8\u201d, un grup [&hellip;]<\/p>\n<\/div>\n    <\/div>\n<\/div>\n\n\t\t\t\t\t\t\t<\/div>\n\t\t\t\t\t\t\t\t\t\t\t\t\t<div class=\"wp-block-getwid-post-carousel__slide\">\n\t\t\t\t\t\t\t\t\n<div class=\"wp-block-getwid-post-carousel__post\">\n            <div class=\"wp-block-getwid-post-carousel__post-thumbnail\">\n            <a href=\"https:\/\/agora.xtec.cat\/escolacharlierivel\/escola-charlie-rivel\/el-microfon-de-5e-2n-capitol-entrevista-a-adriana\/\"><img loading=\"lazy\" decoding=\"async\" width=\"598\" height=\"592\" src=\"https:\/\/agora.xtec.cat\/escolacharlierivel\/wp-content\/uploads\/usu1727\/2026\/01\/Captura-de-pantalla-2026-01-20-a-las-15.22.45.png\" class=\"attachment-post-thumbnail size-post-thumbnail wp-post-image\" alt=\"\" srcset=\"https:\/\/agora.xtec.cat\/escolacharlierivel\/wp-content\/uploads\/usu1727\/2026\/01\/Captura-de-pantalla-2026-01-20-a-las-15.22.45.png 598w, https:\/\/agora.xtec.cat\/escolacharlierivel\/wp-content\/uploads\/usu1727\/2026\/01\/Captura-de-pantalla-2026-01-20-a-las-15.22.45-300x297.png 300w\" sizes=\"auto, (max-width: 598px) 100vw, 598px\" \/><\/a>\n        <\/div>\n        <div class=\"wp-block-getwid-post-carousel__post-content-wrapper\">\n        <div class=\"wp-block-getwid-post-carousel__post-header\">\n            <h3 class=\"wp-block-getwid-post-carousel__post-title\"><a href=\"https:\/\/agora.xtec.cat\/escolacharlierivel\/escola-charlie-rivel\/el-microfon-de-5e-2n-capitol-entrevista-a-adriana\/\">El micr\u00f2fon de 5\u00e8 &#8211; 2n Cap\u00edtol &#8211; Entrevista a Adriana<\/a><\/h3>        <\/div>\n        <div class=\"wp-block-getwid-post-carousel__post-excerpt\"><p>L\u2019alumnat de 5\u00e8 de prim\u00e0ria continua amb entusiasme la seva participaci\u00f3 en el projecte de r\u00e0dio de l\u2019escola Charlie Rivel. Despr\u00e9s del primer programa, els nens i nenes tornen a posar-se davant dels micr\u00f2fons per viure una nova experi\u00e8ncia radiof\u00f2nica. En aquest segon cap\u00edtol d\u2019\u201cEl micr\u00f2fon de 5\u00e8\u201d, un grup d\u2019alumnes ha preparat i realitzat [&hellip;]<\/p>\n<\/div>\n    <\/div>\n<\/div>\n\n\t\t\t\t\t\t\t<\/div>\n\t\t\t\t\t\t\t\t\t\t\t\t\t<div class=\"wp-block-getwid-post-carousel__slide\">\n\t\t\t\t\t\t\t\t\n<div class=\"wp-block-getwid-post-carousel__post\">\n            <div class=\"wp-block-getwid-post-carousel__post-thumbnail\">\n            <a href=\"https:\/\/agora.xtec.cat\/escolacharlierivel\/escola-charlie-rivel\/el-microfon-de-5e\/\"><img loading=\"lazy\" decoding=\"async\" width=\"598\" height=\"592\" src=\"https:\/\/agora.xtec.cat\/escolacharlierivel\/wp-content\/uploads\/usu1727\/2026\/01\/Captura-de-pantalla-2026-01-20-a-las-15.22.45.png\" class=\"attachment-post-thumbnail size-post-thumbnail wp-post-image\" alt=\"\" srcset=\"https:\/\/agora.xtec.cat\/escolacharlierivel\/wp-content\/uploads\/usu1727\/2026\/01\/Captura-de-pantalla-2026-01-20-a-las-15.22.45.png 598w, https:\/\/agora.xtec.cat\/escolacharlierivel\/wp-content\/uploads\/usu1727\/2026\/01\/Captura-de-pantalla-2026-01-20-a-las-15.22.45-300x297.png 300w\" sizes=\"auto, (max-width: 598px) 100vw, 598px\" \/><\/a>\n        <\/div>\n        <div class=\"wp-block-getwid-post-carousel__post-content-wrapper\">\n        <div class=\"wp-block-getwid-post-carousel__post-header\">\n            <h3 class=\"wp-block-getwid-post-carousel__post-title\"><a href=\"https:\/\/agora.xtec.cat\/escolacharlierivel\/escola-charlie-rivel\/el-microfon-de-5e\/\">El micr\u00f2fon de 5\u00e8<\/a><\/h3>        <\/div>\n        <div class=\"wp-block-getwid-post-carousel__post-excerpt\"><p>L\u2019alumnat de 5\u00e8 de prim\u00e0ria ha comen\u00e7at amb molta il\u00b7lusi\u00f3 la seva participaci\u00f3 en el projecte de r\u00e0dio de l\u2019escola Charlie Rivel. En aquesta primera experi\u00e8ncia, un grup d\u2019alumnes de la classe dels Hipocamps s\u2019ha posat davant dels micr\u00f2fons per realitzar una entrevista molt especial. Els nens i nenes han entrevistat la cap d\u2019estudis de [&hellip;]<\/p>\n<\/div>\n    <\/div>\n<\/div>\n\n\t\t\t\t\t\t\t<\/div>\n\t\t\t\t\t\t            <\/div>\n        <\/div>\n        ","protected":false},"excerpt":{"rendered":"<p>La r\u00e0dio de l\u2019escola Charlie Rivel \u00e9s un projecte educatiu que ens permet donar veu al nostre alumnat mentre treballem l\u2019expressi\u00f3 oral en llengua catalana d\u2019una manera motivadora i significativa. A trav\u00e9s de la preparaci\u00f3 i l\u2019enregistrament de programes de r\u00e0dio, els nens i nenes milloren la pronunciaci\u00f3, el vocabulari i la seguretat a l\u2019hora [&hellip;]<\/p>\n","protected":false},"author":14,"featured_media":0,"parent":0,"menu_order":0,"comment_status":"closed","ping_status":"close","template":"","meta":{"_bbp_topic_count":0,"_bbp_reply_count":0,"_bbp_total_topic_count":0,"_bbp_total_reply_count":0,"_bbp_voice_count":0,"_bbp_anonymous_reply_count":0,"_bbp_topic_count_hidden":0,"_bbp_reply_count_hidden":0,"_bbp_forum_subforum_count":0,"site-sidebar-layout":"default","site-content-layout":"","ast-site-content-layout":"default","site-content-style":"default","site-sidebar-style":"default","ast-global-header-display":"","ast-banner-title-visibility":"","ast-main-header-display":"","ast-hfb-above-header-display":"","ast-hfb-below-header-display":"","ast-hfb-mobile-header-display":"","site-post-title":"","ast-breadcrumbs-content":"","ast-featured-img":"","footer-sml-layout":"","theme-transparent-header-meta":"","adv-header-id-meta":"","stick-header-meta":"","header-above-stick-meta":"","header-main-stick-meta":"","header-below-stick-meta":"","astra-migrate-meta-layouts":"set","ast-page-background-enabled":"default","ast-page-background-meta":{"desktop":{"background-color":"var(--ast-global-color-4)","background-image":"","background-repeat":"repeat","background-position":"center center","background-size":"auto","background-attachment":"scroll","background-type":"","background-media":"","overlay-type":"","overlay-color":"","overlay-opacity":"","overlay-gradient":""},"tablet":{"background-color":"","background-image":"","background-repeat":"repeat","background-position":"center center","background-size":"auto","background-attachment":"scroll","background-type":"","background-media":"","overlay-type":"","overlay-color":"","overlay-opacity":"","overlay-gradient":""},"mobile":{"background-color":"","background-image":"","background-repeat":"repeat","background-position":"center center","background-size":"auto","background-attachment":"scroll","background-type":"","background-media":"","overlay-type":"","overlay-color":"","overlay-opacity":"","overlay-gradient":""}},"ast-content-background-meta":{"desktop":{"background-color":"var(--ast-global-color-5)","background-image":"","background-repeat":"repeat","background-position":"center center","background-size":"auto","background-attachment":"scroll","background-type":"","background-media":"","overlay-type":"","overlay-color":"","overlay-opacity":"","overlay-gradient":""},"tablet":{"background-color":"var(--ast-global-color-5)","background-image":"","background-repeat":"repeat","background-position":"center center","background-size":"auto","background-attachment":"scroll","background-type":"","background-media":"","overlay-type":"","overlay-color":"","overlay-opacity":"","overlay-gradient":""},"mobile":{"background-color":"var(--ast-global-color-5)","background-image":"","background-repeat":"repeat","background-position":"center center","background-size":"auto","background-attachment":"scroll","background-type":"","background-media":"","overlay-type":"","overlay-color":"","overlay-opacity":"","overlay-gradient":""}},"footnotes":""},"class_list":["post-5269","page","type-page","status-publish","hentry"],"post_mailing_queue_ids":[],"_links":{"self":[{"href":"https:\/\/agora.xtec.cat\/escolacharlierivel\/wp-json\/wp\/v2\/pages\/5269","targetHints":{"allow":["GET"]}}],"collection":[{"href":"https:\/\/agora.xtec.cat\/escolacharlierivel\/wp-json\/wp\/v2\/pages"}],"about":[{"href":"https:\/\/agora.xtec.cat\/escolacharlierivel\/wp-json\/wp\/v2\/types\/page"}],"author":[{"embeddable":true,"href":"https:\/\/agora.xtec.cat\/escolacharlierivel\/wp-json\/wp\/v2\/users\/14"}],"replies":[{"embeddable":true,"href":"https:\/\/agora.xtec.cat\/escolacharlierivel\/wp-json\/wp\/v2\/comments?post=5269"}],"version-history":[{"count":2,"href":"https:\/\/agora.xtec.cat\/escolacharlierivel\/wp-json\/wp\/v2\/pages\/5269\/revisions"}],"predecessor-version":[{"id":5271,"href":"https:\/\/agora.xtec.cat\/escolacharlierivel\/wp-json\/wp\/v2\/pages\/5269\/revisions\/5271"}],"wp:attachment":[{"href":"https:\/\/agora.xtec.cat\/escolacharlierivel\/wp-json\/wp\/v2\/media?parent=5269"}],"curies":[{"name":"wp","href":"https:\/\/api.w.org\/{rel}","templated":true}]}}