{"id":5085,"date":"2025-12-23T08:34:13","date_gmt":"2025-12-23T07:34:13","guid":{"rendered":"https:\/\/agora.xtec.cat\/escolacharlierivel\/?page_id=5085"},"modified":"2025-12-23T08:53:05","modified_gmt":"2025-12-23T07:53:05","slug":"aula-dacollida","status":"publish","type":"page","link":"https:\/\/agora.xtec.cat\/escolacharlierivel\/aula-dacollida\/","title":{"rendered":"Aula d&#8217;acollida"},"content":{"rendered":"\n<p>Qu\u00e8 es fa a l&#8217;aula d&#8217;acollida? <\/p>\n\n\n\n<p>L\u2019aula d\u2019acollida \u00e9s un espai de suport per a l\u2019alumnat nouvingut al centre. Ajuda els infants i joves que arriben de nous a sentir-se ben acollits i segurs a l\u2019escola.<\/p>\n\n\n\n<p>En aquesta aula, l\u2019alumnat rep una atenci\u00f3 m\u00e9s personalitzada, tant a nivell emocional com d\u2019aprenentatge. Un dels objectius principals \u00e9s <strong>aprendre la llengua catalana<\/strong>, per facilitar la comunicaci\u00f3 i la integraci\u00f3 a la vida escolar.<\/p>\n\n\n\n<p>L\u2019aula d\u2019acollida funciona de manera coordinada amb la resta de classes. L\u2019alumnat continua formant part del seu grup classe habitual i l\u2019aula d\u2019acollida <strong>complementa<\/strong> el treball que s\u2019hi fa, respectant el ritme i les necessitats de cada infant.<\/p>\n\n\n\n<p>Aquest espai permet acompanyar l\u2019alumnat en els seus primers mesos a l\u2019escola i afavorir el seu benestar, les relacions amb els companys i el progr\u00e9s acad\u00e8mic.<\/p>\n\n\n\n<p><br>En aquest apartat podreu veure algunes activitats que es fan a l&#8217;aula d&#8217;acollida de l&#8217;escola Charlie Rivel<\/p>\n\n\n\n        <div class=\"wp-block-getwid-post-carousel custom-post-type-post has-slides-gap-small is-carousel has-arrows-inside has-dots-outside\">\n            <div data-slider-option=\"{&quot;sliderSlidesToShowDesktop&quot;:&quot;2&quot;,&quot;getwid_slidesToShowLaptop&quot;:&quot;1&quot;,&quot;getwid_slidesToShowTablet&quot;:&quot;1&quot;,&quot;getwid_slidesToShowMobile&quot;:&quot;1&quot;,&quot;getwid_autoplay_speed&quot;:6000,&quot;getwid_animation_speed&quot;:800,&quot;getwid_slidesToScroll&quot;:&quot;1&quot;,&quot;getwid_autoplay&quot;:false,&quot;getwid_pause_on_hover&quot;:false,&quot;getwid_infinite&quot;:true,&quot;getwid_center_mode&quot;:false,&quot;getwid_arrows&quot;:&quot;inside&quot;,&quot;getwid_dots&quot;:&quot;outside&quot;}\" class=\"wp-block-getwid-post-carousel__wrapper\">\n                \t\t\t\t\t\t\t<div class=\"wp-block-getwid-post-carousel__slide\">\n\t\t\t\t\t\t\t\t\n<div class=\"wp-block-getwid-post-carousel__post\">\n            <div class=\"wp-block-getwid-post-carousel__post-thumbnail\">\n            <a href=\"https:\/\/agora.xtec.cat\/escolacharlierivel\/escola-charlie-rivel\/don-venim\/\"><img loading=\"lazy\" decoding=\"async\" width=\"1920\" height=\"2560\" src=\"https:\/\/agora.xtec.cat\/escolacharlierivel\/wp-content\/uploads\/usu1727\/2025\/12\/IMG_3779-scaled.jpg\" class=\"attachment-post-thumbnail size-post-thumbnail wp-post-image\" alt=\"\" srcset=\"https:\/\/agora.xtec.cat\/escolacharlierivel\/wp-content\/uploads\/usu1727\/2025\/12\/IMG_3779-scaled.jpg 1920w, https:\/\/agora.xtec.cat\/escolacharlierivel\/wp-content\/uploads\/usu1727\/2025\/12\/IMG_3779-225x300.jpg 225w, https:\/\/agora.xtec.cat\/escolacharlierivel\/wp-content\/uploads\/usu1727\/2025\/12\/IMG_3779-768x1024.jpg 768w, https:\/\/agora.xtec.cat\/escolacharlierivel\/wp-content\/uploads\/usu1727\/2025\/12\/IMG_3779-1152x1536.jpg 1152w, https:\/\/agora.xtec.cat\/escolacharlierivel\/wp-content\/uploads\/usu1727\/2025\/12\/IMG_3779-1536x2048.jpg 1536w\" sizes=\"auto, (max-width: 1920px) 100vw, 1920px\" \/><\/a>\n        <\/div>\n        <div class=\"wp-block-getwid-post-carousel__post-content-wrapper\">\n        <div class=\"wp-block-getwid-post-carousel__post-header\">\n            <h3 class=\"wp-block-getwid-post-carousel__post-title\"><a href=\"https:\/\/agora.xtec.cat\/escolacharlierivel\/escola-charlie-rivel\/don-venim\/\">D&#8217;on venim?<\/a><\/h3>        <\/div>\n        <div class=\"wp-block-getwid-post-carousel__post-excerpt\"><p>L\u2019alumnat de l\u2019aula d\u2019acollida ha investigat sobre les seves arrels i els pa\u00efsos d\u2019origen i hem explicat com van arribar a l\u2019escola, els menjars t\u00edpics i les festivitats que se celebren als diversos pa\u00efsos. Ha sigut molt emocionant con\u00e8ixer tamb\u00e9 d\u2019on venen els nostres companys i companyes.\u00a0<\/p>\n<\/div>\n    <\/div>\n<\/div>\n\n\t\t\t\t\t\t\t<\/div>\n\t\t\t\t\t\t            <\/div>\n        <\/div>\n        ","protected":false},"excerpt":{"rendered":"<p>Qu\u00e8 es fa a l&#8217;aula d&#8217;acollida? L\u2019aula d\u2019acollida \u00e9s un espai de suport per a l\u2019alumnat nouvingut al centre. Ajuda els infants i joves que arriben de nous a sentir-se ben acollits i segurs a l\u2019escola. En aquesta aula, l\u2019alumnat rep una atenci\u00f3 m\u00e9s personalitzada, tant a nivell emocional com d\u2019aprenentatge. Un dels objectius principals [&hellip;]<\/p>\n","protected":false},"author":14,"featured_media":0,"parent":0,"menu_order":0,"comment_status":"closed","ping_status":"close","template":"","meta":{"_bbp_topic_count":0,"_bbp_reply_count":0,"_bbp_total_topic_count":0,"_bbp_total_reply_count":0,"_bbp_voice_count":0,"_bbp_anonymous_reply_count":0,"_bbp_topic_count_hidden":0,"_bbp_reply_count_hidden":0,"_bbp_forum_subforum_count":0,"site-sidebar-layout":"default","site-content-layout":"","ast-site-content-layout":"default","site-content-style":"default","site-sidebar-style":"default","ast-global-header-display":"","ast-banner-title-visibility":"","ast-main-header-display":"","ast-hfb-above-header-display":"","ast-hfb-below-header-display":"","ast-hfb-mobile-header-display":"","site-post-title":"","ast-breadcrumbs-content":"","ast-featured-img":"","footer-sml-layout":"","theme-transparent-header-meta":"","adv-header-id-meta":"","stick-header-meta":"","header-above-stick-meta":"","header-main-stick-meta":"","header-below-stick-meta":"","astra-migrate-meta-layouts":"set","ast-page-background-enabled":"default","ast-page-background-meta":{"desktop":{"background-color":"var(--ast-global-color-4)","background-image":"","background-repeat":"repeat","background-position":"center center","background-size":"auto","background-attachment":"scroll","background-type":"","background-media":"","overlay-type":"","overlay-color":"","overlay-opacity":"","overlay-gradient":""},"tablet":{"background-color":"","background-image":"","background-repeat":"repeat","background-position":"center center","background-size":"auto","background-attachment":"scroll","background-type":"","background-media":"","overlay-type":"","overlay-color":"","overlay-opacity":"","overlay-gradient":""},"mobile":{"background-color":"","background-image":"","background-repeat":"repeat","background-position":"center center","background-size":"auto","background-attachment":"scroll","background-type":"","background-media":"","overlay-type":"","overlay-color":"","overlay-opacity":"","overlay-gradient":""}},"ast-content-background-meta":{"desktop":{"background-color":"var(--ast-global-color-5)","background-image":"","background-repeat":"repeat","background-position":"center center","background-size":"auto","background-attachment":"scroll","background-type":"","background-media":"","overlay-type":"","overlay-color":"","overlay-opacity":"","overlay-gradient":""},"tablet":{"background-color":"var(--ast-global-color-5)","background-image":"","background-repeat":"repeat","background-position":"center center","background-size":"auto","background-attachment":"scroll","background-type":"","background-media":"","overlay-type":"","overlay-color":"","overlay-opacity":"","overlay-gradient":""},"mobile":{"background-color":"var(--ast-global-color-5)","background-image":"","background-repeat":"repeat","background-position":"center center","background-size":"auto","background-attachment":"scroll","background-type":"","background-media":"","overlay-type":"","overlay-color":"","overlay-opacity":"","overlay-gradient":""}},"footnotes":""},"class_list":["post-5085","page","type-page","status-publish","hentry"],"post_mailing_queue_ids":[],"_links":{"self":[{"href":"https:\/\/agora.xtec.cat\/escolacharlierivel\/wp-json\/wp\/v2\/pages\/5085","targetHints":{"allow":["GET"]}}],"collection":[{"href":"https:\/\/agora.xtec.cat\/escolacharlierivel\/wp-json\/wp\/v2\/pages"}],"about":[{"href":"https:\/\/agora.xtec.cat\/escolacharlierivel\/wp-json\/wp\/v2\/types\/page"}],"author":[{"embeddable":true,"href":"https:\/\/agora.xtec.cat\/escolacharlierivel\/wp-json\/wp\/v2\/users\/14"}],"replies":[{"embeddable":true,"href":"https:\/\/agora.xtec.cat\/escolacharlierivel\/wp-json\/wp\/v2\/comments?post=5085"}],"version-history":[{"count":2,"href":"https:\/\/agora.xtec.cat\/escolacharlierivel\/wp-json\/wp\/v2\/pages\/5085\/revisions"}],"predecessor-version":[{"id":5124,"href":"https:\/\/agora.xtec.cat\/escolacharlierivel\/wp-json\/wp\/v2\/pages\/5085\/revisions\/5124"}],"wp:attachment":[{"href":"https:\/\/agora.xtec.cat\/escolacharlierivel\/wp-json\/wp\/v2\/media?parent=5085"}],"curies":[{"name":"wp","href":"https:\/\/api.w.org\/{rel}","templated":true}]}}