{"id":5084,"date":"2025-12-23T08:34:13","date_gmt":"2025-12-23T07:34:13","guid":{"rendered":"https:\/\/agora.xtec.cat\/escolacharlierivel\/?page_id=5084"},"modified":"2025-12-23T08:54:26","modified_gmt":"2025-12-23T07:54:26","slug":"angles","status":"publish","type":"page","link":"https:\/\/agora.xtec.cat\/escolacharlierivel\/angles\/","title":{"rendered":"Angl\u00e8s"},"content":{"rendered":"\n<p>A l\u2019\u00e0rea d\u2019angl\u00e8s, l\u2019alumnat apr\u00e8n la llengua de manera progressiva i pr\u00e0ctica. Es treballa sobretot la comunicaci\u00f3 oral, la comprensi\u00f3 i el vocabulari b\u00e0sic, a trav\u00e9s de jocs, can\u00e7ons, activitats din\u00e0miques i situacions quotidianes.<\/p>\n\n\n\n<p>L\u2019objectiu \u00e9s que els infants guanyin confian\u00e7a per entendre i expressar-se en angl\u00e8s, respectant el ritme d\u2019aprenentatge de cadasc\u00fa i fomentant una actitud positiva cap a la llengua.<\/p>\n\n\n\n        <div class=\"wp-block-getwid-post-carousel custom-post-type-post has-slides-gap-small is-carousel has-arrows-inside has-dots-outside\">\n            <div data-slider-option=\"{&quot;sliderSlidesToShowDesktop&quot;:&quot;2&quot;,&quot;getwid_slidesToShowLaptop&quot;:&quot;1&quot;,&quot;getwid_slidesToShowTablet&quot;:&quot;1&quot;,&quot;getwid_slidesToShowMobile&quot;:&quot;1&quot;,&quot;getwid_autoplay_speed&quot;:6000,&quot;getwid_animation_speed&quot;:800,&quot;getwid_slidesToScroll&quot;:&quot;1&quot;,&quot;getwid_autoplay&quot;:false,&quot;getwid_pause_on_hover&quot;:false,&quot;getwid_infinite&quot;:true,&quot;getwid_center_mode&quot;:false,&quot;getwid_arrows&quot;:&quot;inside&quot;,&quot;getwid_dots&quot;:&quot;outside&quot;}\" class=\"wp-block-getwid-post-carousel__wrapper\">\n                \t\t\t\t\t\t\t<div class=\"wp-block-getwid-post-carousel__slide\">\n\t\t\t\t\t\t\t\t\n<div class=\"wp-block-getwid-post-carousel__post\">\n            <div class=\"wp-block-getwid-post-carousel__post-thumbnail\">\n            <a href=\"https:\/\/agora.xtec.cat\/escolacharlierivel\/escola-charlie-rivel\/sortida-cm-teatre-robin-hood\/\"><img loading=\"lazy\" decoding=\"async\" width=\"828\" height=\"1472\" src=\"https:\/\/agora.xtec.cat\/escolacharlierivel\/wp-content\/uploads\/usu1727\/2026\/02\/34D921B5-461B-4A5E-AAF6-E33964158211.jpg\" class=\"attachment-post-thumbnail size-post-thumbnail wp-post-image\" alt=\"\" srcset=\"https:\/\/agora.xtec.cat\/escolacharlierivel\/wp-content\/uploads\/usu1727\/2026\/02\/34D921B5-461B-4A5E-AAF6-E33964158211.jpg 828w, https:\/\/agora.xtec.cat\/escolacharlierivel\/wp-content\/uploads\/usu1727\/2026\/02\/34D921B5-461B-4A5E-AAF6-E33964158211-169x300.jpg 169w, https:\/\/agora.xtec.cat\/escolacharlierivel\/wp-content\/uploads\/usu1727\/2026\/02\/34D921B5-461B-4A5E-AAF6-E33964158211-576x1024.jpg 576w, https:\/\/agora.xtec.cat\/escolacharlierivel\/wp-content\/uploads\/usu1727\/2026\/02\/34D921B5-461B-4A5E-AAF6-E33964158211-768x1365.jpg 768w\" sizes=\"auto, (max-width: 828px) 100vw, 828px\" \/><\/a>\n        <\/div>\n        <div class=\"wp-block-getwid-post-carousel__post-content-wrapper\">\n        <div class=\"wp-block-getwid-post-carousel__post-header\">\n            <h3 class=\"wp-block-getwid-post-carousel__post-title\"><a href=\"https:\/\/agora.xtec.cat\/escolacharlierivel\/escola-charlie-rivel\/sortida-cm-teatre-robin-hood\/\">SORTIDA CM TEATRE ROBIN HOOD<\/a><\/h3>        <\/div>\n        <div class=\"wp-block-getwid-post-carousel__post-excerpt\"><p>Avui la classe de 3r i 4t hem anat a veure el teatre de Robin Hood. Ha estat una obra en angl\u00e8s molt divertida on hem conegut al fam\u00f3s heroi que li treu els diners als rics per donar-lo als pobres. We had so much fun!<\/p>\n<\/div>\n    <\/div>\n<\/div>\n\n\t\t\t\t\t\t\t<\/div>\n\t\t\t\t\t\t\t\t\t\t\t\t\t<div class=\"wp-block-getwid-post-carousel__slide\">\n\t\t\t\t\t\t\t\t\n<div class=\"wp-block-getwid-post-carousel__post\">\n            <div class=\"wp-block-getwid-post-carousel__post-thumbnail\">\n            <a href=\"https:\/\/agora.xtec.cat\/escolacharlierivel\/escola-charlie-rivel\/teatre-angles-laras-labyrinth\/\"><img loading=\"lazy\" decoding=\"async\" width=\"1600\" height=\"900\" src=\"https:\/\/agora.xtec.cat\/escolacharlierivel\/wp-content\/uploads\/usu1727\/2026\/02\/Foto-de-fina.jpg\" class=\"attachment-post-thumbnail size-post-thumbnail wp-post-image\" alt=\"\" srcset=\"https:\/\/agora.xtec.cat\/escolacharlierivel\/wp-content\/uploads\/usu1727\/2026\/02\/Foto-de-fina.jpg 1600w, https:\/\/agora.xtec.cat\/escolacharlierivel\/wp-content\/uploads\/usu1727\/2026\/02\/Foto-de-fina-300x169.jpg 300w, https:\/\/agora.xtec.cat\/escolacharlierivel\/wp-content\/uploads\/usu1727\/2026\/02\/Foto-de-fina-1024x576.jpg 1024w, https:\/\/agora.xtec.cat\/escolacharlierivel\/wp-content\/uploads\/usu1727\/2026\/02\/Foto-de-fina-768x432.jpg 768w, https:\/\/agora.xtec.cat\/escolacharlierivel\/wp-content\/uploads\/usu1727\/2026\/02\/Foto-de-fina-1536x864.jpg 1536w\" sizes=\"auto, (max-width: 1600px) 100vw, 1600px\" \/><\/a>\n        <\/div>\n        <div class=\"wp-block-getwid-post-carousel__post-content-wrapper\">\n        <div class=\"wp-block-getwid-post-carousel__post-header\">\n            <h3 class=\"wp-block-getwid-post-carousel__post-title\"><a href=\"https:\/\/agora.xtec.cat\/escolacharlierivel\/escola-charlie-rivel\/teatre-angles-laras-labyrinth\/\">TEATRE ANGL\u00c8S: \u00a0 LARA\u2019S LABYRINTH<\/a><\/h3>        <\/div>\n        <div class=\"wp-block-getwid-post-carousel__post-excerpt\"><p>El passat dia 13 de gener, l\u2019alumnat de 5\u00e8 i 6\u00e8 van gaudir de l\u2019obra de teatre \u201cLara\u2019s Labyrinth\u201d al Teatre Barrades de la ciutat. Els actors van promoure la participaci\u00f3 dels participants i dos dels nostres alumnes van sortir a l\u2019escenari. Al final de l\u2019obra van poder preguntar els actors i practicar l\u2019angl\u00e8s.<\/p>\n<\/div>\n    <\/div>\n<\/div>\n\n\t\t\t\t\t\t\t<\/div>\n\t\t\t\t\t\t\t\t\t\t\t\t\t<div class=\"wp-block-getwid-post-carousel__slide\">\n\t\t\t\t\t\t\t\t\n<div class=\"wp-block-getwid-post-carousel__post\">\n            <div class=\"wp-block-getwid-post-carousel__post-thumbnail\">\n            <a href=\"https:\/\/agora.xtec.cat\/escolacharlierivel\/escola-charlie-rivel\/christmas\/\"><img loading=\"lazy\" decoding=\"async\" width=\"1600\" height=\"900\" src=\"https:\/\/agora.xtec.cat\/escolacharlierivel\/wp-content\/uploads\/usu1727\/2025\/12\/Foto-de-fina.jpg\" class=\"attachment-post-thumbnail size-post-thumbnail wp-post-image\" alt=\"\" srcset=\"https:\/\/agora.xtec.cat\/escolacharlierivel\/wp-content\/uploads\/usu1727\/2025\/12\/Foto-de-fina.jpg 1600w, https:\/\/agora.xtec.cat\/escolacharlierivel\/wp-content\/uploads\/usu1727\/2025\/12\/Foto-de-fina-300x169.jpg 300w, https:\/\/agora.xtec.cat\/escolacharlierivel\/wp-content\/uploads\/usu1727\/2025\/12\/Foto-de-fina-1024x576.jpg 1024w, https:\/\/agora.xtec.cat\/escolacharlierivel\/wp-content\/uploads\/usu1727\/2025\/12\/Foto-de-fina-768x432.jpg 768w, https:\/\/agora.xtec.cat\/escolacharlierivel\/wp-content\/uploads\/usu1727\/2025\/12\/Foto-de-fina-1536x864.jpg 1536w\" sizes=\"auto, (max-width: 1600px) 100vw, 1600px\" \/><\/a>\n        <\/div>\n        <div class=\"wp-block-getwid-post-carousel__post-content-wrapper\">\n        <div class=\"wp-block-getwid-post-carousel__post-header\">\n            <h3 class=\"wp-block-getwid-post-carousel__post-title\"><a href=\"https:\/\/agora.xtec.cat\/escolacharlierivel\/escola-charlie-rivel\/christmas\/\">CHRISTMAS<\/a><\/h3>        <\/div>\n        <div class=\"wp-block-getwid-post-carousel__post-excerpt\"><p>La darrera setmana abans de vacances, hem fet manualitats de Nadal: la caseta de gingebre, unacapseta per guardar cosetes\u2026 i decoraci\u00f3 de Nadal. Sempre aprofitem per aprendre nou vocabulari, enaquest cas, referit als Nadals i les seves tradicions.Tamb\u00e9 revisem el significat de la lletra de nadales (les que han tocat al festival d\u2019hivern amb l\u2019instrument)i [&hellip;]<\/p>\n<\/div>\n    <\/div>\n<\/div>\n\n\t\t\t\t\t\t\t<\/div>\n\t\t\t\t\t\t\t\t\t\t\t\t\t<div class=\"wp-block-getwid-post-carousel__slide\">\n\t\t\t\t\t\t\t\t\n<div class=\"wp-block-getwid-post-carousel__post\">\n            <div class=\"wp-block-getwid-post-carousel__post-thumbnail\">\n            <a href=\"https:\/\/agora.xtec.cat\/escolacharlierivel\/escola-charlie-rivel\/celebrem-halloween\/\"><img loading=\"lazy\" decoding=\"async\" width=\"1600\" height=\"900\" src=\"https:\/\/agora.xtec.cat\/escolacharlierivel\/wp-content\/uploads\/usu1727\/2025\/12\/Foto-de-fina-2.jpg\" class=\"attachment-post-thumbnail size-post-thumbnail wp-post-image\" alt=\"\" srcset=\"https:\/\/agora.xtec.cat\/escolacharlierivel\/wp-content\/uploads\/usu1727\/2025\/12\/Foto-de-fina-2.jpg 1600w, https:\/\/agora.xtec.cat\/escolacharlierivel\/wp-content\/uploads\/usu1727\/2025\/12\/Foto-de-fina-2-300x169.jpg 300w, https:\/\/agora.xtec.cat\/escolacharlierivel\/wp-content\/uploads\/usu1727\/2025\/12\/Foto-de-fina-2-1024x576.jpg 1024w, https:\/\/agora.xtec.cat\/escolacharlierivel\/wp-content\/uploads\/usu1727\/2025\/12\/Foto-de-fina-2-768x432.jpg 768w, https:\/\/agora.xtec.cat\/escolacharlierivel\/wp-content\/uploads\/usu1727\/2025\/12\/Foto-de-fina-2-1536x864.jpg 1536w\" sizes=\"auto, (max-width: 1600px) 100vw, 1600px\" \/><\/a>\n        <\/div>\n        <div class=\"wp-block-getwid-post-carousel__post-content-wrapper\">\n        <div class=\"wp-block-getwid-post-carousel__post-header\">\n            <h3 class=\"wp-block-getwid-post-carousel__post-title\"><a href=\"https:\/\/agora.xtec.cat\/escolacharlierivel\/escola-charlie-rivel\/celebrem-halloween\/\">Celebrem Halloween<\/a><\/h3>        <\/div>\n        <div class=\"wp-block-getwid-post-carousel__post-excerpt\"><p>La setmana del 31 d\u2019octubre, l\u2019alumnat de l\u2019escola va treballar el vocabulari de Halloween. Per aix\u00f2 vanutilitzar material adaptat a cada edat: sopa de lletres, domin\u00f3s on havien de nombrar el personatge quecol.locaven a la taula\u2026Els ha agradat veure els videos de les can\u00e7ons de Halloween en angl\u00e8s i cantar-les. Les hem escollidesadaptades a cada [&hellip;]<\/p>\n<\/div>\n    <\/div>\n<\/div>\n\n\t\t\t\t\t\t\t<\/div>\n\t\t\t\t\t\t            <\/div>\n        <\/div>\n        ","protected":false},"excerpt":{"rendered":"<p>A l\u2019\u00e0rea d\u2019angl\u00e8s, l\u2019alumnat apr\u00e8n la llengua de manera progressiva i pr\u00e0ctica. Es treballa sobretot la comunicaci\u00f3 oral, la comprensi\u00f3 i el vocabulari b\u00e0sic, a trav\u00e9s de jocs, can\u00e7ons, activitats din\u00e0miques i situacions quotidianes. L\u2019objectiu \u00e9s que els infants guanyin confian\u00e7a per entendre i expressar-se en angl\u00e8s, respectant el ritme d\u2019aprenentatge de cadasc\u00fa i fomentant [&hellip;]<\/p>\n","protected":false},"author":14,"featured_media":0,"parent":0,"menu_order":0,"comment_status":"closed","ping_status":"close","template":"","meta":{"_bbp_topic_count":0,"_bbp_reply_count":0,"_bbp_total_topic_count":0,"_bbp_total_reply_count":0,"_bbp_voice_count":0,"_bbp_anonymous_reply_count":0,"_bbp_topic_count_hidden":0,"_bbp_reply_count_hidden":0,"_bbp_forum_subforum_count":0,"site-sidebar-layout":"default","site-content-layout":"","ast-site-content-layout":"default","site-content-style":"default","site-sidebar-style":"default","ast-global-header-display":"","ast-banner-title-visibility":"","ast-main-header-display":"","ast-hfb-above-header-display":"","ast-hfb-below-header-display":"","ast-hfb-mobile-header-display":"","site-post-title":"","ast-breadcrumbs-content":"","ast-featured-img":"","footer-sml-layout":"","theme-transparent-header-meta":"","adv-header-id-meta":"","stick-header-meta":"","header-above-stick-meta":"","header-main-stick-meta":"","header-below-stick-meta":"","astra-migrate-meta-layouts":"set","ast-page-background-enabled":"default","ast-page-background-meta":{"desktop":{"background-color":"var(--ast-global-color-4)","background-image":"","background-repeat":"repeat","background-position":"center center","background-size":"auto","background-attachment":"scroll","background-type":"","background-media":"","overlay-type":"","overlay-color":"","overlay-opacity":"","overlay-gradient":""},"tablet":{"background-color":"","background-image":"","background-repeat":"repeat","background-position":"center center","background-size":"auto","background-attachment":"scroll","background-type":"","background-media":"","overlay-type":"","overlay-color":"","overlay-opacity":"","overlay-gradient":""},"mobile":{"background-color":"","background-image":"","background-repeat":"repeat","background-position":"center center","background-size":"auto","background-attachment":"scroll","background-type":"","background-media":"","overlay-type":"","overlay-color":"","overlay-opacity":"","overlay-gradient":""}},"ast-content-background-meta":{"desktop":{"background-color":"var(--ast-global-color-5)","background-image":"","background-repeat":"repeat","background-position":"center center","background-size":"auto","background-attachment":"scroll","background-type":"","background-media":"","overlay-type":"","overlay-color":"","overlay-opacity":"","overlay-gradient":""},"tablet":{"background-color":"var(--ast-global-color-5)","background-image":"","background-repeat":"repeat","background-position":"center center","background-size":"auto","background-attachment":"scroll","background-type":"","background-media":"","overlay-type":"","overlay-color":"","overlay-opacity":"","overlay-gradient":""},"mobile":{"background-color":"var(--ast-global-color-5)","background-image":"","background-repeat":"repeat","background-position":"center center","background-size":"auto","background-attachment":"scroll","background-type":"","background-media":"","overlay-type":"","overlay-color":"","overlay-opacity":"","overlay-gradient":""}},"footnotes":""},"class_list":["post-5084","page","type-page","status-publish","hentry"],"post_mailing_queue_ids":[],"_links":{"self":[{"href":"https:\/\/agora.xtec.cat\/escolacharlierivel\/wp-json\/wp\/v2\/pages\/5084","targetHints":{"allow":["GET"]}}],"collection":[{"href":"https:\/\/agora.xtec.cat\/escolacharlierivel\/wp-json\/wp\/v2\/pages"}],"about":[{"href":"https:\/\/agora.xtec.cat\/escolacharlierivel\/wp-json\/wp\/v2\/types\/page"}],"author":[{"embeddable":true,"href":"https:\/\/agora.xtec.cat\/escolacharlierivel\/wp-json\/wp\/v2\/users\/14"}],"replies":[{"embeddable":true,"href":"https:\/\/agora.xtec.cat\/escolacharlierivel\/wp-json\/wp\/v2\/comments?post=5084"}],"version-history":[{"count":2,"href":"https:\/\/agora.xtec.cat\/escolacharlierivel\/wp-json\/wp\/v2\/pages\/5084\/revisions"}],"predecessor-version":[{"id":5125,"href":"https:\/\/agora.xtec.cat\/escolacharlierivel\/wp-json\/wp\/v2\/pages\/5084\/revisions\/5125"}],"wp:attachment":[{"href":"https:\/\/agora.xtec.cat\/escolacharlierivel\/wp-json\/wp\/v2\/media?parent=5084"}],"curies":[{"name":"wp","href":"https:\/\/api.w.org\/{rel}","templated":true}]}}