{"id":4708,"date":"2025-11-11T21:42:29","date_gmt":"2025-11-11T20:42:29","guid":{"rendered":"https:\/\/agora.xtec.cat\/escolacharlierivel\/?page_id=4708"},"modified":"2025-12-10T20:04:18","modified_gmt":"2025-12-10T19:04:18","slug":"i4-2","status":"publish","type":"page","link":"https:\/\/agora.xtec.cat\/escolacharlierivel\/i4-2\/","title":{"rendered":"I4 &#8211; Les meduses"},"content":{"rendered":"\n<figure class=\"wp-block-image alignright size-full\"><a href=\"https:\/\/agora.xtec.cat\/escolacharlierivel\/wp-content\/uploads\/usu1727\/2025\/12\/medusas.jpg\"><img loading=\"lazy\" decoding=\"async\" width=\"400\" height=\"300\" src=\"https:\/\/agora.xtec.cat\/escolacharlierivel\/wp-content\/uploads\/usu1727\/2025\/12\/medusas.jpg\" alt=\"\" class=\"wp-image-4875\" srcset=\"https:\/\/agora.xtec.cat\/escolacharlierivel\/wp-content\/uploads\/usu1727\/2025\/12\/medusas.jpg 400w, https:\/\/agora.xtec.cat\/escolacharlierivel\/wp-content\/uploads\/usu1727\/2025\/12\/medusas-300x225.jpg 300w\" sizes=\"auto, (max-width: 400px) 100vw, 400px\" \/><\/a><\/figure>\n\n\n\n<p>Benvinguts i benvingudes a l\u2019espai de la classe d\u2019<strong>I4, les Meduses<\/strong>! Aqu\u00ed podreu veure tot el que fem a l\u2019aula: jocs, tallers, can\u00e7ons i activitats divertides que ens ajuden a aprendre i descobrir coses noves cada dia.<\/p>\n\n\n\n<p>Com les meduses, som alegres, curioses i sempre en moviment, explorant el m\u00f3n amb moltes ganes. Si voleu seguir les nostres aventures, aquest \u00e9s el vostre lloc!<\/p>\n\n\n\n        <div class=\"wp-block-getwid-post-carousel custom-post-type-post has-slides-gap-small is-carousel has-arrows-inside has-dots-outside\">\n            <div data-slider-option=\"{&quot;sliderSlidesToShowDesktop&quot;:&quot;2&quot;,&quot;getwid_slidesToShowLaptop&quot;:&quot;1&quot;,&quot;getwid_slidesToShowTablet&quot;:&quot;1&quot;,&quot;getwid_slidesToShowMobile&quot;:&quot;1&quot;,&quot;getwid_autoplay_speed&quot;:6000,&quot;getwid_animation_speed&quot;:800,&quot;getwid_slidesToScroll&quot;:&quot;1&quot;,&quot;getwid_autoplay&quot;:false,&quot;getwid_pause_on_hover&quot;:false,&quot;getwid_infinite&quot;:true,&quot;getwid_center_mode&quot;:false,&quot;getwid_arrows&quot;:&quot;inside&quot;,&quot;getwid_dots&quot;:&quot;outside&quot;}\" class=\"wp-block-getwid-post-carousel__wrapper\">\n                \t\t\t\t\t\t\t<div class=\"wp-block-getwid-post-carousel__slide\">\n\t\t\t\t\t\t\t\t\n<div class=\"wp-block-getwid-post-carousel__post\">\n            <div class=\"wp-block-getwid-post-carousel__post-thumbnail\">\n            <a href=\"https:\/\/agora.xtec.cat\/escolacharlierivel\/escola-charlie-rivel\/i4-raco-de-matematiques\/\"><img loading=\"lazy\" decoding=\"async\" width=\"1290\" height=\"739\" src=\"https:\/\/agora.xtec.cat\/escolacharlierivel\/wp-content\/uploads\/usu1727\/2026\/02\/Copia-de-B28165C4-52A1-4275-879D-EF46D73AA29A-1.jpg\" class=\"attachment-post-thumbnail size-post-thumbnail wp-post-image\" alt=\"\" srcset=\"https:\/\/agora.xtec.cat\/escolacharlierivel\/wp-content\/uploads\/usu1727\/2026\/02\/Copia-de-B28165C4-52A1-4275-879D-EF46D73AA29A-1.jpg 1290w, https:\/\/agora.xtec.cat\/escolacharlierivel\/wp-content\/uploads\/usu1727\/2026\/02\/Copia-de-B28165C4-52A1-4275-879D-EF46D73AA29A-1-300x172.jpg 300w, https:\/\/agora.xtec.cat\/escolacharlierivel\/wp-content\/uploads\/usu1727\/2026\/02\/Copia-de-B28165C4-52A1-4275-879D-EF46D73AA29A-1-1024x587.jpg 1024w, https:\/\/agora.xtec.cat\/escolacharlierivel\/wp-content\/uploads\/usu1727\/2026\/02\/Copia-de-B28165C4-52A1-4275-879D-EF46D73AA29A-1-768x440.jpg 768w\" sizes=\"auto, (max-width: 1290px) 100vw, 1290px\" \/><\/a>\n        <\/div>\n        <div class=\"wp-block-getwid-post-carousel__post-content-wrapper\">\n        <div class=\"wp-block-getwid-post-carousel__post-header\">\n            <h3 class=\"wp-block-getwid-post-carousel__post-title\"><a href=\"https:\/\/agora.xtec.cat\/escolacharlierivel\/escola-charlie-rivel\/i4-raco-de-matematiques\/\">I4 &#8211; Rac\u00f3 de matem\u00e0tiques<\/a><\/h3>        <\/div>\n        <div class=\"wp-block-getwid-post-carousel__post-excerpt\"><p>Al rac\u00f3 de matem\u00e0tiques els infants juguen amb nombres, formes i quantitats de manera manipulativa i divertida. A trav\u00e9s del joc, desenvolupen el pensament l\u00f2gic, la resoluci\u00f3 de problemes i el gust per les matem\u00e0tiques, sempre respectant el ritme de cada infant.<\/p>\n<\/div>\n    <\/div>\n<\/div>\n\n\t\t\t\t\t\t\t<\/div>\n\t\t\t\t\t\t\t\t\t\t\t\t\t<div class=\"wp-block-getwid-post-carousel__slide\">\n\t\t\t\t\t\t\t\t\n<div class=\"wp-block-getwid-post-carousel__post\">\n            <div class=\"wp-block-getwid-post-carousel__post-thumbnail\">\n            <a href=\"https:\/\/agora.xtec.cat\/escolacharlierivel\/educacio-infantil\/visitem-el-mercat-i4\/\"><img loading=\"lazy\" decoding=\"async\" width=\"1290\" height=\"1266\" src=\"https:\/\/agora.xtec.cat\/escolacharlierivel\/wp-content\/uploads\/usu1727\/2026\/02\/IMG_3059-1.jpg\" class=\"attachment-post-thumbnail size-post-thumbnail wp-post-image\" alt=\"\" srcset=\"https:\/\/agora.xtec.cat\/escolacharlierivel\/wp-content\/uploads\/usu1727\/2026\/02\/IMG_3059-1.jpg 1290w, https:\/\/agora.xtec.cat\/escolacharlierivel\/wp-content\/uploads\/usu1727\/2026\/02\/IMG_3059-1-300x294.jpg 300w, https:\/\/agora.xtec.cat\/escolacharlierivel\/wp-content\/uploads\/usu1727\/2026\/02\/IMG_3059-1-1024x1005.jpg 1024w, https:\/\/agora.xtec.cat\/escolacharlierivel\/wp-content\/uploads\/usu1727\/2026\/02\/IMG_3059-1-768x754.jpg 768w\" sizes=\"auto, (max-width: 1290px) 100vw, 1290px\" \/><\/a>\n        <\/div>\n        <div class=\"wp-block-getwid-post-carousel__post-content-wrapper\">\n        <div class=\"wp-block-getwid-post-carousel__post-header\">\n            <h3 class=\"wp-block-getwid-post-carousel__post-title\"><a href=\"https:\/\/agora.xtec.cat\/escolacharlierivel\/educacio-infantil\/visitem-el-mercat-i4\/\">Visitem el Mercat I4<\/a><\/h3>        <\/div>\n        <div class=\"wp-block-getwid-post-carousel__post-excerpt\"><p>Els infants d\u2019I4 hem fet una sortida al Mercat de Collblanc i ens ho hem passat d\u2019all\u00f2 m\u00e9s b\u00e9! Hem pogut veure parades plenes de fruita i verdura, descobrir aliments nous i parlar amb els botiguers. Hem apr\u00e8s moltes coses sobre els productes frescos, els colors, les olors i d\u2019on venen els aliments. A m\u00e9s, [&hellip;]<\/p>\n<\/div>\n    <\/div>\n<\/div>\n\n\t\t\t\t\t\t\t<\/div>\n\t\t\t\t\t\t\t\t\t\t\t\t\t<div class=\"wp-block-getwid-post-carousel__slide\">\n\t\t\t\t\t\t\t\t\n<div class=\"wp-block-getwid-post-carousel__post\">\n            <div class=\"wp-block-getwid-post-carousel__post-thumbnail\">\n            <a href=\"https:\/\/agora.xtec.cat\/escolacharlierivel\/escola-charlie-rivel\/i4-fem-neu\/\"><img loading=\"lazy\" decoding=\"async\" width=\"2560\" height=\"1920\" src=\"https:\/\/agora.xtec.cat\/escolacharlierivel\/wp-content\/uploads\/usu1727\/2026\/02\/0CACD9FE-F36E-4F11-A0E8-64F798A7E04A-scaled.jpg\" class=\"attachment-post-thumbnail size-post-thumbnail wp-post-image\" alt=\"\" srcset=\"https:\/\/agora.xtec.cat\/escolacharlierivel\/wp-content\/uploads\/usu1727\/2026\/02\/0CACD9FE-F36E-4F11-A0E8-64F798A7E04A-scaled.jpg 2560w, https:\/\/agora.xtec.cat\/escolacharlierivel\/wp-content\/uploads\/usu1727\/2026\/02\/0CACD9FE-F36E-4F11-A0E8-64F798A7E04A-300x225.jpg 300w, https:\/\/agora.xtec.cat\/escolacharlierivel\/wp-content\/uploads\/usu1727\/2026\/02\/0CACD9FE-F36E-4F11-A0E8-64F798A7E04A-1024x768.jpg 1024w, https:\/\/agora.xtec.cat\/escolacharlierivel\/wp-content\/uploads\/usu1727\/2026\/02\/0CACD9FE-F36E-4F11-A0E8-64F798A7E04A-768x576.jpg 768w, https:\/\/agora.xtec.cat\/escolacharlierivel\/wp-content\/uploads\/usu1727\/2026\/02\/0CACD9FE-F36E-4F11-A0E8-64F798A7E04A-1536x1152.jpg 1536w, https:\/\/agora.xtec.cat\/escolacharlierivel\/wp-content\/uploads\/usu1727\/2026\/02\/0CACD9FE-F36E-4F11-A0E8-64F798A7E04A-2048x1536.jpg 2048w\" sizes=\"auto, (max-width: 2560px) 100vw, 2560px\" \/><\/a>\n        <\/div>\n        <div class=\"wp-block-getwid-post-carousel__post-content-wrapper\">\n        <div class=\"wp-block-getwid-post-carousel__post-header\">\n            <h3 class=\"wp-block-getwid-post-carousel__post-title\"><a href=\"https:\/\/agora.xtec.cat\/escolacharlierivel\/escola-charlie-rivel\/i4-fem-neu\/\">I4 &#8211; Fem neu<\/a><\/h3>        <\/div>\n        <div class=\"wp-block-getwid-post-carousel__post-excerpt\"><p>A la classe de les Meduses ha arribat l\u2019hivern i l\u2019alumnat ha realitzat una activitat d\u2019experimentaci\u00f3 molt enriquidora. Mitjan\u00e7ant bicarbonat i aigua, han creat neu artificial i han pogut explorar-ne la textura i la sensaci\u00f3 de fred. L\u2019activitat ha perm\u00e8s gaudir d\u2019una estona l\u00fadica tot fomentant la curiositat i l\u2019aprenentatge vivencial.<\/p>\n<\/div>\n    <\/div>\n<\/div>\n\n\t\t\t\t\t\t\t<\/div>\n\t\t\t\t\t\t\t\t\t\t\t\t\t<div class=\"wp-block-getwid-post-carousel__slide\">\n\t\t\t\t\t\t\t\t\n<div class=\"wp-block-getwid-post-carousel__post\">\n            <div class=\"wp-block-getwid-post-carousel__post-thumbnail\">\n            <a href=\"https:\/\/agora.xtec.cat\/escolacharlierivel\/escola-charlie-rivel\/biblioteca-josep-janes-i4\/\"><img loading=\"lazy\" decoding=\"async\" width=\"2560\" height=\"1920\" src=\"https:\/\/agora.xtec.cat\/escolacharlierivel\/wp-content\/uploads\/usu1727\/2026\/02\/7A2CA70E-4EE9-418C-935F-85531DCB8DF1-scaled.jpg\" class=\"attachment-post-thumbnail size-post-thumbnail wp-post-image\" alt=\"\" srcset=\"https:\/\/agora.xtec.cat\/escolacharlierivel\/wp-content\/uploads\/usu1727\/2026\/02\/7A2CA70E-4EE9-418C-935F-85531DCB8DF1-scaled.jpg 2560w, https:\/\/agora.xtec.cat\/escolacharlierivel\/wp-content\/uploads\/usu1727\/2026\/02\/7A2CA70E-4EE9-418C-935F-85531DCB8DF1-300x225.jpg 300w, https:\/\/agora.xtec.cat\/escolacharlierivel\/wp-content\/uploads\/usu1727\/2026\/02\/7A2CA70E-4EE9-418C-935F-85531DCB8DF1-1024x768.jpg 1024w, https:\/\/agora.xtec.cat\/escolacharlierivel\/wp-content\/uploads\/usu1727\/2026\/02\/7A2CA70E-4EE9-418C-935F-85531DCB8DF1-768x576.jpg 768w, https:\/\/agora.xtec.cat\/escolacharlierivel\/wp-content\/uploads\/usu1727\/2026\/02\/7A2CA70E-4EE9-418C-935F-85531DCB8DF1-1536x1152.jpg 1536w, https:\/\/agora.xtec.cat\/escolacharlierivel\/wp-content\/uploads\/usu1727\/2026\/02\/7A2CA70E-4EE9-418C-935F-85531DCB8DF1-2048x1536.jpg 2048w\" sizes=\"auto, (max-width: 2560px) 100vw, 2560px\" \/><\/a>\n        <\/div>\n        <div class=\"wp-block-getwid-post-carousel__post-content-wrapper\">\n        <div class=\"wp-block-getwid-post-carousel__post-header\">\n            <h3 class=\"wp-block-getwid-post-carousel__post-title\"><a href=\"https:\/\/agora.xtec.cat\/escolacharlierivel\/escola-charlie-rivel\/biblioteca-josep-janes-i4\/\">Biblioteca Josep Jan\u00e9s I4<\/a><\/h3>        <\/div>\n        <div class=\"wp-block-getwid-post-carousel__post-excerpt\"><p>Hola, fam\u00edlies!Els alumnes d\u2019I4 hem fet una visita a la biblioteca del barri Josep Jan\u00e9s. La Sara, la bibliotec\u00e0ria, ens va llegir molts contes i vam poder fer una petita visita per la biblioteca. Despr\u00e9s, vam tenir una estona d\u2019esbarjo i vam esmorzar al parc. Ens ho vam passar molt b\u00e9!<\/p>\n<\/div>\n    <\/div>\n<\/div>\n\n\t\t\t\t\t\t\t<\/div>\n\t\t\t\t\t\t\t\t\t\t\t\t\t<div class=\"wp-block-getwid-post-carousel__slide\">\n\t\t\t\t\t\t\t\t\n<div class=\"wp-block-getwid-post-carousel__post\">\n            <div class=\"wp-block-getwid-post-carousel__post-thumbnail\">\n            <a href=\"https:\/\/agora.xtec.cat\/escolacharlierivel\/escola-charlie-rivel\/celebrem-nadal\/\"><img loading=\"lazy\" decoding=\"async\" width=\"2560\" height=\"1920\" src=\"https:\/\/agora.xtec.cat\/escolacharlierivel\/wp-content\/uploads\/usu1727\/2025\/12\/20251217_1518090-scaled.jpg\" class=\"attachment-post-thumbnail size-post-thumbnail wp-post-image\" alt=\"\" srcset=\"https:\/\/agora.xtec.cat\/escolacharlierivel\/wp-content\/uploads\/usu1727\/2025\/12\/20251217_1518090-scaled.jpg 2560w, https:\/\/agora.xtec.cat\/escolacharlierivel\/wp-content\/uploads\/usu1727\/2025\/12\/20251217_1518090-300x225.jpg 300w, https:\/\/agora.xtec.cat\/escolacharlierivel\/wp-content\/uploads\/usu1727\/2025\/12\/20251217_1518090-1024x768.jpg 1024w, https:\/\/agora.xtec.cat\/escolacharlierivel\/wp-content\/uploads\/usu1727\/2025\/12\/20251217_1518090-768x576.jpg 768w, https:\/\/agora.xtec.cat\/escolacharlierivel\/wp-content\/uploads\/usu1727\/2025\/12\/20251217_1518090-1536x1152.jpg 1536w, https:\/\/agora.xtec.cat\/escolacharlierivel\/wp-content\/uploads\/usu1727\/2025\/12\/20251217_1518090-2048x1536.jpg 2048w\" sizes=\"auto, (max-width: 2560px) 100vw, 2560px\" \/><\/a>\n        <\/div>\n        <div class=\"wp-block-getwid-post-carousel__post-content-wrapper\">\n        <div class=\"wp-block-getwid-post-carousel__post-header\">\n            <h3 class=\"wp-block-getwid-post-carousel__post-title\"><a href=\"https:\/\/agora.xtec.cat\/escolacharlierivel\/escola-charlie-rivel\/celebrem-nadal\/\">Celebrem Nadal<\/a><\/h3>        <\/div>\n        <div class=\"wp-block-getwid-post-carousel__post-excerpt\"><p>A l\u2019etapa d\u2019Infantil, el Nadal \u00e9s un moment molt especial ple de tradicions i il\u00b7lusi\u00f3. Durant els dies previs a les festes, ens visita el ti\u00f3 de Nadal. Els nens i les nenes el cuiden amb molta estima: li porten pells de fruita i altres alimentsperqu\u00e8 mengi b\u00e9 i es faci fort. Aix\u00ed, entre tots, [&hellip;]<\/p>\n<\/div>\n    <\/div>\n<\/div>\n\n\t\t\t\t\t\t\t<\/div>\n\t\t\t\t\t\t            <\/div>\n        <\/div>\n        ","protected":false},"excerpt":{"rendered":"<p>Benvinguts i benvingudes a l\u2019espai de la classe d\u2019I4, les Meduses! Aqu\u00ed podreu veure tot el que fem a l\u2019aula: jocs, tallers, can\u00e7ons i activitats divertides que ens ajuden a aprendre i descobrir coses noves cada dia. Com les meduses, som alegres, curioses i sempre en moviment, explorant el m\u00f3n amb moltes ganes. Si voleu [&hellip;]<\/p>\n","protected":false},"author":14,"featured_media":0,"parent":0,"menu_order":0,"comment_status":"closed","ping_status":"close","template":"","meta":{"_bbp_topic_count":0,"_bbp_reply_count":0,"_bbp_total_topic_count":0,"_bbp_total_reply_count":0,"_bbp_voice_count":0,"_bbp_anonymous_reply_count":0,"_bbp_topic_count_hidden":0,"_bbp_reply_count_hidden":0,"_bbp_forum_subforum_count":0,"site-sidebar-layout":"default","site-content-layout":"","ast-site-content-layout":"default","site-content-style":"default","site-sidebar-style":"default","ast-global-header-display":"","ast-banner-title-visibility":"","ast-main-header-display":"","ast-hfb-above-header-display":"","ast-hfb-below-header-display":"","ast-hfb-mobile-header-display":"","site-post-title":"","ast-breadcrumbs-content":"","ast-featured-img":"","footer-sml-layout":"","theme-transparent-header-meta":"","adv-header-id-meta":"","stick-header-meta":"","header-above-stick-meta":"","header-main-stick-meta":"","header-below-stick-meta":"","astra-migrate-meta-layouts":"set","ast-page-background-enabled":"default","ast-page-background-meta":{"desktop":{"background-color":"var(--ast-global-color-4)","background-image":"","background-repeat":"repeat","background-position":"center center","background-size":"auto","background-attachment":"scroll","background-type":"","background-media":"","overlay-type":"","overlay-color":"","overlay-opacity":"","overlay-gradient":""},"tablet":{"background-color":"","background-image":"","background-repeat":"repeat","background-position":"center center","background-size":"auto","background-attachment":"scroll","background-type":"","background-media":"","overlay-type":"","overlay-color":"","overlay-opacity":"","overlay-gradient":""},"mobile":{"background-color":"","background-image":"","background-repeat":"repeat","background-position":"center center","background-size":"auto","background-attachment":"scroll","background-type":"","background-media":"","overlay-type":"","overlay-color":"","overlay-opacity":"","overlay-gradient":""}},"ast-content-background-meta":{"desktop":{"background-color":"var(--ast-global-color-5)","background-image":"","background-repeat":"repeat","background-position":"center center","background-size":"auto","background-attachment":"scroll","background-type":"","background-media":"","overlay-type":"","overlay-color":"","overlay-opacity":"","overlay-gradient":""},"tablet":{"background-color":"var(--ast-global-color-5)","background-image":"","background-repeat":"repeat","background-position":"center center","background-size":"auto","background-attachment":"scroll","background-type":"","background-media":"","overlay-type":"","overlay-color":"","overlay-opacity":"","overlay-gradient":""},"mobile":{"background-color":"var(--ast-global-color-5)","background-image":"","background-repeat":"repeat","background-position":"center center","background-size":"auto","background-attachment":"scroll","background-type":"","background-media":"","overlay-type":"","overlay-color":"","overlay-opacity":"","overlay-gradient":""}},"footnotes":""},"class_list":["post-4708","page","type-page","status-publish","hentry"],"post_mailing_queue_ids":[],"_links":{"self":[{"href":"https:\/\/agora.xtec.cat\/escolacharlierivel\/wp-json\/wp\/v2\/pages\/4708","targetHints":{"allow":["GET"]}}],"collection":[{"href":"https:\/\/agora.xtec.cat\/escolacharlierivel\/wp-json\/wp\/v2\/pages"}],"about":[{"href":"https:\/\/agora.xtec.cat\/escolacharlierivel\/wp-json\/wp\/v2\/types\/page"}],"author":[{"embeddable":true,"href":"https:\/\/agora.xtec.cat\/escolacharlierivel\/wp-json\/wp\/v2\/users\/14"}],"replies":[{"embeddable":true,"href":"https:\/\/agora.xtec.cat\/escolacharlierivel\/wp-json\/wp\/v2\/comments?post=4708"}],"version-history":[{"count":3,"href":"https:\/\/agora.xtec.cat\/escolacharlierivel\/wp-json\/wp\/v2\/pages\/4708\/revisions"}],"predecessor-version":[{"id":4963,"href":"https:\/\/agora.xtec.cat\/escolacharlierivel\/wp-json\/wp\/v2\/pages\/4708\/revisions\/4963"}],"wp:attachment":[{"href":"https:\/\/agora.xtec.cat\/escolacharlierivel\/wp-json\/wp\/v2\/media?parent=4708"}],"curies":[{"name":"wp","href":"https:\/\/api.w.org\/{rel}","templated":true}]}}