{"id":4703,"date":"2025-11-11T21:42:29","date_gmt":"2025-11-11T20:42:29","guid":{"rendered":"https:\/\/agora.xtec.cat\/escolacharlierivel\/?page_id=4703"},"modified":"2025-12-10T19:53:51","modified_gmt":"2025-12-10T18:53:51","slug":"educacio-primaria","status":"publish","type":"page","link":"https:\/\/agora.xtec.cat\/escolacharlierivel\/educacio-primaria\/","title":{"rendered":"Educaci\u00f3 Prim\u00e0ria"},"content":{"rendered":"\n        <div class=\"wp-block-getwid-post-carousel custom-post-type-post has-slides-gap-small is-carousel has-arrows-inside has-dots-outside\">\n            <div data-slider-option=\"{&quot;sliderSlidesToShowDesktop&quot;:&quot;2&quot;,&quot;getwid_slidesToShowLaptop&quot;:&quot;1&quot;,&quot;getwid_slidesToShowTablet&quot;:&quot;1&quot;,&quot;getwid_slidesToShowMobile&quot;:&quot;1&quot;,&quot;getwid_autoplay_speed&quot;:6000,&quot;getwid_animation_speed&quot;:800,&quot;getwid_slidesToScroll&quot;:&quot;1&quot;,&quot;getwid_autoplay&quot;:false,&quot;getwid_pause_on_hover&quot;:false,&quot;getwid_infinite&quot;:true,&quot;getwid_center_mode&quot;:false,&quot;getwid_arrows&quot;:&quot;inside&quot;,&quot;getwid_dots&quot;:&quot;outside&quot;}\" class=\"wp-block-getwid-post-carousel__wrapper\">\n                \t\t\t\t\t\t\t<div class=\"wp-block-getwid-post-carousel__slide\">\n\t\t\t\t\t\t\t\t\n<div class=\"wp-block-getwid-post-carousel__post\">\n            <div class=\"wp-block-getwid-post-carousel__post-thumbnail\">\n            <a href=\"https:\/\/agora.xtec.cat\/escolacharlierivel\/escola-charlie-rivel\/descobrint-la-tarraco-romana-una-experiencia-inoblidable\/\"><img loading=\"lazy\" decoding=\"async\" width=\"1500\" height=\"2000\" src=\"https:\/\/agora.xtec.cat\/escolacharlierivel\/wp-content\/uploads\/usu1727\/2026\/04\/f914d456-5503-486c-823a-328e712cd064.jpg\" class=\"attachment-post-thumbnail size-post-thumbnail wp-post-image\" alt=\"\" srcset=\"https:\/\/agora.xtec.cat\/escolacharlierivel\/wp-content\/uploads\/usu1727\/2026\/04\/f914d456-5503-486c-823a-328e712cd064.jpg 1500w, https:\/\/agora.xtec.cat\/escolacharlierivel\/wp-content\/uploads\/usu1727\/2026\/04\/f914d456-5503-486c-823a-328e712cd064-225x300.jpg 225w, https:\/\/agora.xtec.cat\/escolacharlierivel\/wp-content\/uploads\/usu1727\/2026\/04\/f914d456-5503-486c-823a-328e712cd064-768x1024.jpg 768w, https:\/\/agora.xtec.cat\/escolacharlierivel\/wp-content\/uploads\/usu1727\/2026\/04\/f914d456-5503-486c-823a-328e712cd064-1152x1536.jpg 1152w\" sizes=\"auto, (max-width: 1500px) 100vw, 1500px\" \/><\/a>\n        <\/div>\n        <div class=\"wp-block-getwid-post-carousel__post-content-wrapper\">\n        <div class=\"wp-block-getwid-post-carousel__post-header\">\n            <h3 class=\"wp-block-getwid-post-carousel__post-title\"><a href=\"https:\/\/agora.xtec.cat\/escolacharlierivel\/escola-charlie-rivel\/descobrint-la-tarraco-romana-una-experiencia-inoblidable\/\">Descobrint la Tarraco romana: una experi\u00e8ncia inoblidable<\/a><\/h3>        <\/div>\n        <div class=\"wp-block-getwid-post-carousel__post-excerpt\"><p>El passat 16 d\u2019abril de 2026, l\u2019alumnat de 5\u00e8 i 6\u00e8 vam fer una sortida molt especial per descobrir el passat rom\u00e0 de la ciutat de Tarragona. Al llarg del dia, vam tenir l\u2019oportunitat de visitar les impressionants restes de l\u2019antiga Tarraco, una experi\u00e8ncia que ens va permetre apropar-nos a la hist\u00f2ria d\u2019una manera viva [&hellip;]<\/p>\n<\/div>\n    <\/div>\n<\/div>\n\n\t\t\t\t\t\t\t<\/div>\n\t\t\t\t\t\t\t\t\t\t\t\t\t<div class=\"wp-block-getwid-post-carousel__slide\">\n\t\t\t\t\t\t\t\t\n<div class=\"wp-block-getwid-post-carousel__post\">\n            <div class=\"wp-block-getwid-post-carousel__post-thumbnail\">\n            <a href=\"https:\/\/agora.xtec.cat\/escolacharlierivel\/escola-charlie-rivel\/el-microfon-de-5e-3r-capitol-jordi-fenosa-autor-del-llibre-bilomba-a-la-vista\/\"><img loading=\"lazy\" decoding=\"async\" width=\"598\" height=\"592\" src=\"https:\/\/agora.xtec.cat\/escolacharlierivel\/wp-content\/uploads\/usu1727\/2026\/01\/Captura-de-pantalla-2026-01-20-a-las-15.22.45.png\" class=\"attachment-post-thumbnail size-post-thumbnail wp-post-image\" alt=\"\" srcset=\"https:\/\/agora.xtec.cat\/escolacharlierivel\/wp-content\/uploads\/usu1727\/2026\/01\/Captura-de-pantalla-2026-01-20-a-las-15.22.45.png 598w, https:\/\/agora.xtec.cat\/escolacharlierivel\/wp-content\/uploads\/usu1727\/2026\/01\/Captura-de-pantalla-2026-01-20-a-las-15.22.45-300x297.png 300w\" sizes=\"auto, (max-width: 598px) 100vw, 598px\" \/><\/a>\n        <\/div>\n        <div class=\"wp-block-getwid-post-carousel__post-content-wrapper\">\n        <div class=\"wp-block-getwid-post-carousel__post-header\">\n            <h3 class=\"wp-block-getwid-post-carousel__post-title\"><a href=\"https:\/\/agora.xtec.cat\/escolacharlierivel\/escola-charlie-rivel\/el-microfon-de-5e-3r-capitol-jordi-fenosa-autor-del-llibre-bilomba-a-la-vista\/\">El micr\u00f2fon de 5\u00e8 &#8211; 3r cap\u00edtol &#8211; Jordi Fenosa (autor del llibre Bilomba a la vista)<\/a><\/h3>        <\/div>\n        <div class=\"wp-block-getwid-post-carousel__post-excerpt\"><p>L\u2019alumnat de 5\u00e8 de prim\u00e0ria continua amb molta il\u00b7lusi\u00f3 la seva participaci\u00f3 en el projecte de r\u00e0dio de l\u2019escola Charlie Rivel. Despr\u00e9s dels primers programes, els nens i nenes tornen a posar-se davant dels micr\u00f2fons per viure una nova experi\u00e8ncia radiof\u00f2nica plena d\u2019aprenentatges i emocions. En aquest tercer cap\u00edtol d\u2019\u201cEl micr\u00f2fon de 5\u00e8\u201d, un grup [&hellip;]<\/p>\n<\/div>\n    <\/div>\n<\/div>\n\n\t\t\t\t\t\t\t<\/div>\n\t\t\t\t\t\t\t\t\t\t\t\t\t<div class=\"wp-block-getwid-post-carousel__slide\">\n\t\t\t\t\t\t\t\t\n<div class=\"wp-block-getwid-post-carousel__post\">\n            <div class=\"wp-block-getwid-post-carousel__post-thumbnail\">\n            <a href=\"https:\/\/agora.xtec.cat\/escolacharlierivel\/escola-charlie-rivel\/fraccions-amb-materials-i-situacions-reals-2\/\"><img loading=\"lazy\" decoding=\"async\" width=\"4284\" height=\"5712\" src=\"https:\/\/agora.xtec.cat\/escolacharlierivel\/wp-content\/uploads\/usu1727\/2026\/04\/64-1.jpg\" class=\"attachment-post-thumbnail size-post-thumbnail wp-post-image\" alt=\"\" \/><\/a>\n        <\/div>\n        <div class=\"wp-block-getwid-post-carousel__post-content-wrapper\">\n        <div class=\"wp-block-getwid-post-carousel__post-header\">\n            <h3 class=\"wp-block-getwid-post-carousel__post-title\"><a href=\"https:\/\/agora.xtec.cat\/escolacharlierivel\/escola-charlie-rivel\/fraccions-amb-materials-i-situacions-reals-2\/\">Fraccions amb materials i situacions reals<\/a><\/h3>        <\/div>\n        <div class=\"wp-block-getwid-post-carousel__post-excerpt\"><p>A 4t ens hem endinsat en el m\u00f3n de les fraccions a trav\u00e9s d\u2019activitats molt manipulatives i vivencials. Hem representat fraccions utilitzant materials com mongetes i cercles de fraccions, que ens han ajudat a visualitzar-les d\u2019una manera clara. Tamb\u00e9 hem treballat les fraccions equivalents, descobrint que una mateixa quantitat es pot expressar de maneres diferents. [&hellip;]<\/p>\n<\/div>\n    <\/div>\n<\/div>\n\n\t\t\t\t\t\t\t<\/div>\n\t\t\t\t\t\t\t\t\t\t\t\t\t<div class=\"wp-block-getwid-post-carousel__slide\">\n\t\t\t\t\t\t\t\t\n<div class=\"wp-block-getwid-post-carousel__post\">\n            <div class=\"wp-block-getwid-post-carousel__post-thumbnail\">\n            <a href=\"https:\/\/agora.xtec.cat\/escolacharlierivel\/escola-charlie-rivel\/acrosport\/\"><img loading=\"lazy\" decoding=\"async\" width=\"4000\" height=\"3000\" src=\"https:\/\/agora.xtec.cat\/escolacharlierivel\/wp-content\/uploads\/usu1727\/2026\/04\/1000136647-1.jpg\" class=\"attachment-post-thumbnail size-post-thumbnail wp-post-image\" alt=\"\" \/><\/a>\n        <\/div>\n        <div class=\"wp-block-getwid-post-carousel__post-content-wrapper\">\n        <div class=\"wp-block-getwid-post-carousel__post-header\">\n            <h3 class=\"wp-block-getwid-post-carousel__post-title\"><a href=\"https:\/\/agora.xtec.cat\/escolacharlierivel\/escola-charlie-rivel\/acrosport\/\">Acrosport<\/a><\/h3>        <\/div>\n        <div class=\"wp-block-getwid-post-carousel__post-excerpt\"><p>Avui a l\u2019hora d\u2019educaci\u00f3 f\u00edsica els i les alumnes de cinqu\u00e8 em realitzat una sessi\u00f3 d\u2019acrosport a la sala de psicomotricitat.&nbsp; Despr\u00e9s d\u2019explicar la t\u00e8cnica i les mesures de seguretat hem realitzat diferents figures, primer hem comen\u00e7at per les m\u00e9s senzilles i hem anat pujant el nivell. Els nostres alumnes han vist l\u2019import\u00e0ncia de treballar [&hellip;]<\/p>\n<\/div>\n    <\/div>\n<\/div>\n\n\t\t\t\t\t\t\t<\/div>\n\t\t\t\t\t\t\t\t\t\t\t\t\t<div class=\"wp-block-getwid-post-carousel__slide\">\n\t\t\t\t\t\t\t\t\n<div class=\"wp-block-getwid-post-carousel__post\">\n            <div class=\"wp-block-getwid-post-carousel__post-thumbnail\">\n            <a href=\"https:\/\/agora.xtec.cat\/escolacharlierivel\/escola-charlie-rivel\/descobrim-sons-i-ritmes-amb-el-bim-bam-bum\/\"><img loading=\"lazy\" decoding=\"async\" width=\"5712\" height=\"4284\" src=\"https:\/\/agora.xtec.cat\/escolacharlierivel\/wp-content\/uploads\/usu1727\/2026\/04\/RITMES-1-1-1.jpg\" class=\"attachment-post-thumbnail size-post-thumbnail wp-post-image\" alt=\"\" \/><\/a>\n        <\/div>\n        <div class=\"wp-block-getwid-post-carousel__post-content-wrapper\">\n        <div class=\"wp-block-getwid-post-carousel__post-header\">\n            <h3 class=\"wp-block-getwid-post-carousel__post-title\"><a href=\"https:\/\/agora.xtec.cat\/escolacharlierivel\/escola-charlie-rivel\/descobrim-sons-i-ritmes-amb-el-bim-bam-bum\/\">Descobrim sons i ritmes amb el Bim bam bum<\/a><\/h3>        <\/div>\n        <div class=\"wp-block-getwid-post-carousel__post-excerpt\"><p>L\u2019alumnat de 2n ha gaudit d\u2019una sessi\u00f3 molt din\u00e0mica a la classe d\u2019instrument a partir del llibre Bim bam bum. A trav\u00e9s de jocs r\u00edtmics i propostes musicals, han explorat diferents sons i han apr\u00e8s a seguir i crear ritmes amb el cos i amb petits instruments. Tamb\u00e9 han experimentat combinant pulsacions i seq\u00fc\u00e8ncies, tot [&hellip;]<\/p>\n<\/div>\n    <\/div>\n<\/div>\n\n\t\t\t\t\t\t\t<\/div>\n\t\t\t\t\t\t            <\/div>\n        <\/div>\n        ","protected":false},"excerpt":{"rendered":"","protected":false},"author":14,"featured_media":0,"parent":0,"menu_order":0,"comment_status":"closed","ping_status":"close","template":"","meta":{"_bbp_topic_count":0,"_bbp_reply_count":0,"_bbp_total_topic_count":0,"_bbp_total_reply_count":0,"_bbp_voice_count":0,"_bbp_anonymous_reply_count":0,"_bbp_topic_count_hidden":0,"_bbp_reply_count_hidden":0,"_bbp_forum_subforum_count":0,"site-sidebar-layout":"default","site-content-layout":"","ast-site-content-layout":"default","site-content-style":"default","site-sidebar-style":"default","ast-global-header-display":"","ast-banner-title-visibility":"","ast-main-header-display":"","ast-hfb-above-header-display":"","ast-hfb-below-header-display":"","ast-hfb-mobile-header-display":"","site-post-title":"","ast-breadcrumbs-content":"","ast-featured-img":"","footer-sml-layout":"","theme-transparent-header-meta":"","adv-header-id-meta":"","stick-header-meta":"","header-above-stick-meta":"","header-main-stick-meta":"","header-below-stick-meta":"","astra-migrate-meta-layouts":"set","ast-page-background-enabled":"default","ast-page-background-meta":{"desktop":{"background-color":"var(--ast-global-color-4)","background-image":"","background-repeat":"repeat","background-position":"center center","background-size":"auto","background-attachment":"scroll","background-type":"","background-media":"","overlay-type":"","overlay-color":"","overlay-opacity":"","overlay-gradient":""},"tablet":{"background-color":"","background-image":"","background-repeat":"repeat","background-position":"center center","background-size":"auto","background-attachment":"scroll","background-type":"","background-media":"","overlay-type":"","overlay-color":"","overlay-opacity":"","overlay-gradient":""},"mobile":{"background-color":"","background-image":"","background-repeat":"repeat","background-position":"center center","background-size":"auto","background-attachment":"scroll","background-type":"","background-media":"","overlay-type":"","overlay-color":"","overlay-opacity":"","overlay-gradient":""}},"ast-content-background-meta":{"desktop":{"background-color":"var(--ast-global-color-5)","background-image":"","background-repeat":"repeat","background-position":"center center","background-size":"auto","background-attachment":"scroll","background-type":"","background-media":"","overlay-type":"","overlay-color":"","overlay-opacity":"","overlay-gradient":""},"tablet":{"background-color":"var(--ast-global-color-5)","background-image":"","background-repeat":"repeat","background-position":"center center","background-size":"auto","background-attachment":"scroll","background-type":"","background-media":"","overlay-type":"","overlay-color":"","overlay-opacity":"","overlay-gradient":""},"mobile":{"background-color":"var(--ast-global-color-5)","background-image":"","background-repeat":"repeat","background-position":"center center","background-size":"auto","background-attachment":"scroll","background-type":"","background-media":"","overlay-type":"","overlay-color":"","overlay-opacity":"","overlay-gradient":""}},"footnotes":""},"class_list":["post-4703","page","type-page","status-publish","hentry"],"post_mailing_queue_ids":[],"_links":{"self":[{"href":"https:\/\/agora.xtec.cat\/escolacharlierivel\/wp-json\/wp\/v2\/pages\/4703","targetHints":{"allow":["GET"]}}],"collection":[{"href":"https:\/\/agora.xtec.cat\/escolacharlierivel\/wp-json\/wp\/v2\/pages"}],"about":[{"href":"https:\/\/agora.xtec.cat\/escolacharlierivel\/wp-json\/wp\/v2\/types\/page"}],"author":[{"embeddable":true,"href":"https:\/\/agora.xtec.cat\/escolacharlierivel\/wp-json\/wp\/v2\/users\/14"}],"replies":[{"embeddable":true,"href":"https:\/\/agora.xtec.cat\/escolacharlierivel\/wp-json\/wp\/v2\/comments?post=4703"}],"version-history":[{"count":2,"href":"https:\/\/agora.xtec.cat\/escolacharlierivel\/wp-json\/wp\/v2\/pages\/4703\/revisions"}],"predecessor-version":[{"id":4961,"href":"https:\/\/agora.xtec.cat\/escolacharlierivel\/wp-json\/wp\/v2\/pages\/4703\/revisions\/4961"}],"wp:attachment":[{"href":"https:\/\/agora.xtec.cat\/escolacharlierivel\/wp-json\/wp\/v2\/media?parent=4703"}],"curies":[{"name":"wp","href":"https:\/\/api.w.org\/{rel}","templated":true}]}}