{"id":4702,"date":"2025-11-11T21:42:29","date_gmt":"2025-11-11T20:42:29","guid":{"rendered":"https:\/\/agora.xtec.cat\/escolacharlierivel\/?page_id=4702"},"modified":"2025-12-10T20:05:21","modified_gmt":"2025-12-10T19:05:21","slug":"educacio-infantil","status":"publish","type":"page","link":"https:\/\/agora.xtec.cat\/escolacharlierivel\/educacio-infantil\/","title":{"rendered":"Educaci\u00f3 Infantil"},"content":{"rendered":"\n<h3 class=\"wp-block-heading\"><strong>Benvinguts a l\u2019espai d\u2019Educaci\u00f3 Infantil<\/strong><\/h3>\n\n\n\n<p>Aquest \u00e9s l\u2019espai on podreu con\u00e8ixer tot el que passa a les aules d\u2019Educaci\u00f3 Infantil: jocs, tallers, can\u00e7ons, projectes i moments especials que ens ajuden a cr\u00e9ixer i aprendre cada dia.<\/p>\n\n\n\n<p>Aqu\u00ed cada infant descobreix el m\u00f3n a poc a poc, amb curiositat, alegria i moltes ganes de jugar i aprendre. Si voleu seguir les nostres aventures, aquest \u00e9s el vostre lloc!<\/p>\n\n\n\n        <div class=\"wp-block-getwid-post-carousel custom-post-type-post has-slides-gap-small is-carousel has-arrows-inside has-dots-outside\">\n            <div data-slider-option=\"{&quot;sliderSlidesToShowDesktop&quot;:&quot;2&quot;,&quot;getwid_slidesToShowLaptop&quot;:&quot;1&quot;,&quot;getwid_slidesToShowTablet&quot;:&quot;1&quot;,&quot;getwid_slidesToShowMobile&quot;:&quot;1&quot;,&quot;getwid_autoplay_speed&quot;:6000,&quot;getwid_animation_speed&quot;:800,&quot;getwid_slidesToScroll&quot;:&quot;1&quot;,&quot;getwid_autoplay&quot;:false,&quot;getwid_pause_on_hover&quot;:false,&quot;getwid_infinite&quot;:true,&quot;getwid_center_mode&quot;:false,&quot;getwid_arrows&quot;:&quot;inside&quot;,&quot;getwid_dots&quot;:&quot;outside&quot;}\" class=\"wp-block-getwid-post-carousel__wrapper\">\n                \t\t\t\t\t\t\t<div class=\"wp-block-getwid-post-carousel__slide\">\n\t\t\t\t\t\t\t\t\n<div class=\"wp-block-getwid-post-carousel__post\">\n            <div class=\"wp-block-getwid-post-carousel__post-thumbnail\">\n            <a href=\"https:\/\/agora.xtec.cat\/escolacharlierivel\/escola-charlie-rivel\/i5-taller-dinfermeria\/\"><img loading=\"lazy\" decoding=\"async\" width=\"4032\" height=\"2268\" src=\"https:\/\/agora.xtec.cat\/escolacharlierivel\/wp-content\/uploads\/usu1727\/2026\/04\/IMG_6540-1.jpg\" class=\"attachment-post-thumbnail size-post-thumbnail wp-post-image\" alt=\"\" \/><\/a>\n        <\/div>\n        <div class=\"wp-block-getwid-post-carousel__post-content-wrapper\">\n        <div class=\"wp-block-getwid-post-carousel__post-header\">\n            <h3 class=\"wp-block-getwid-post-carousel__post-title\"><a href=\"https:\/\/agora.xtec.cat\/escolacharlierivel\/escola-charlie-rivel\/i5-taller-dinfermeria\/\">I5: TALLER D\u2019INFERMERIA<\/a><\/h3>        <\/div>\n        <div class=\"wp-block-getwid-post-carousel__post-excerpt\"><p>Els infants d\u2019I5 d\u2019educaci\u00f3 infantil han participat en un enriquidor taller d\u2019infermeria, on han pogut experimentar i aprendre a trav\u00e9s del joc simb\u00f2lic amb els seus pelutxos com a protagonistes. Durant el taller, han treballat diferents propostes: han apr\u00e8s la import\u00e0ncia de la higiene bucal i d\u2019una alimentaci\u00f3 saludable, han descobert qu\u00e8 s\u00f3n els virus [&hellip;]<\/p>\n<\/div>\n    <\/div>\n<\/div>\n\n\t\t\t\t\t\t\t<\/div>\n\t\t\t\t\t\t\t\t\t\t\t\t\t<div class=\"wp-block-getwid-post-carousel__slide\">\n\t\t\t\t\t\t\t\t\n<div class=\"wp-block-getwid-post-carousel__post\">\n            <div class=\"wp-block-getwid-post-carousel__post-thumbnail\">\n            <a href=\"https:\/\/agora.xtec.cat\/escolacharlierivel\/escola-charlie-rivel\/i5-la-fada-dhivern\/\"><img loading=\"lazy\" decoding=\"async\" width=\"1920\" height=\"2560\" src=\"https:\/\/agora.xtec.cat\/escolacharlierivel\/wp-content\/uploads\/usu1727\/2026\/03\/IMG_20260316_132012-1-scaled.jpg\" class=\"attachment-post-thumbnail size-post-thumbnail wp-post-image\" alt=\"\" srcset=\"https:\/\/agora.xtec.cat\/escolacharlierivel\/wp-content\/uploads\/usu1727\/2026\/03\/IMG_20260316_132012-1-scaled.jpg 1920w, https:\/\/agora.xtec.cat\/escolacharlierivel\/wp-content\/uploads\/usu1727\/2026\/03\/IMG_20260316_132012-1-225x300.jpg 225w, https:\/\/agora.xtec.cat\/escolacharlierivel\/wp-content\/uploads\/usu1727\/2026\/03\/IMG_20260316_132012-1-768x1024.jpg 768w, https:\/\/agora.xtec.cat\/escolacharlierivel\/wp-content\/uploads\/usu1727\/2026\/03\/IMG_20260316_132012-1-1152x1536.jpg 1152w, https:\/\/agora.xtec.cat\/escolacharlierivel\/wp-content\/uploads\/usu1727\/2026\/03\/IMG_20260316_132012-1-1536x2048.jpg 1536w\" sizes=\"auto, (max-width: 1920px) 100vw, 1920px\" \/><\/a>\n        <\/div>\n        <div class=\"wp-block-getwid-post-carousel__post-content-wrapper\">\n        <div class=\"wp-block-getwid-post-carousel__post-header\">\n            <h3 class=\"wp-block-getwid-post-carousel__post-title\"><a href=\"https:\/\/agora.xtec.cat\/escolacharlierivel\/escola-charlie-rivel\/i5-la-fada-dhivern\/\">I5: La fada d&#8217;hivern<\/a><\/h3>        <\/div>\n        <div class=\"wp-block-getwid-post-carousel__post-excerpt\"><p>A infantil estem realitzant propostes relacionades amb l\u2019estaci\u00f3 de l\u2019any de l\u2019hivern. El mes de Gener va arribar la Fada de l\u2019Hivern a les classes i ens va portar un recurs literari relacionat. Al grup-classe d\u2019 I5 ens ha portat el llibre \u201cUn ninot de neu\u201d, a partir del qual hem conegut els elements m\u00e9s [&hellip;]<\/p>\n<\/div>\n    <\/div>\n<\/div>\n\n\t\t\t\t\t\t\t<\/div>\n\t\t\t\t\t\t\t\t\t\t\t\t\t<div class=\"wp-block-getwid-post-carousel__slide\">\n\t\t\t\t\t\t\t\t\n<div class=\"wp-block-getwid-post-carousel__post\">\n            <div class=\"wp-block-getwid-post-carousel__post-thumbnail\">\n            <a href=\"https:\/\/agora.xtec.cat\/escolacharlierivel\/educacio-infantil\/racons-de-llengua-a-i5-%e2%9c%8f%ef%b8%8f%f0%9f%93%9a\/\"><img loading=\"lazy\" decoding=\"async\" width=\"1920\" height=\"2560\" src=\"https:\/\/agora.xtec.cat\/escolacharlierivel\/wp-content\/uploads\/usu1727\/2026\/02\/IMG_20260203_122029-2-1-scaled.jpg\" class=\"attachment-post-thumbnail size-post-thumbnail wp-post-image\" alt=\"\" srcset=\"https:\/\/agora.xtec.cat\/escolacharlierivel\/wp-content\/uploads\/usu1727\/2026\/02\/IMG_20260203_122029-2-1-scaled.jpg 1920w, https:\/\/agora.xtec.cat\/escolacharlierivel\/wp-content\/uploads\/usu1727\/2026\/02\/IMG_20260203_122029-2-1-225x300.jpg 225w, https:\/\/agora.xtec.cat\/escolacharlierivel\/wp-content\/uploads\/usu1727\/2026\/02\/IMG_20260203_122029-2-1-768x1024.jpg 768w, https:\/\/agora.xtec.cat\/escolacharlierivel\/wp-content\/uploads\/usu1727\/2026\/02\/IMG_20260203_122029-2-1-1152x1536.jpg 1152w, https:\/\/agora.xtec.cat\/escolacharlierivel\/wp-content\/uploads\/usu1727\/2026\/02\/IMG_20260203_122029-2-1-1536x2048.jpg 1536w\" sizes=\"auto, (max-width: 1920px) 100vw, 1920px\" \/><\/a>\n        <\/div>\n        <div class=\"wp-block-getwid-post-carousel__post-content-wrapper\">\n        <div class=\"wp-block-getwid-post-carousel__post-header\">\n            <h3 class=\"wp-block-getwid-post-carousel__post-title\"><a href=\"https:\/\/agora.xtec.cat\/escolacharlierivel\/educacio-infantil\/racons-de-llengua-a-i5-%e2%9c%8f%ef%b8%8f%f0%9f%93%9a\/\">Racons de llengua a I5 \u270f\ufe0f\ud83d\udcda<\/a><\/h3>        <\/div>\n        <div class=\"wp-block-getwid-post-carousel__post-excerpt\"><p>A la classe d\u2019I5 d\u2019Infantil treballem la llengua a trav\u00e9s dels racons, una manera din\u00e0mica i motivadora d\u2019aprendre. En petits grups, els infants desenvolupen activitats de lectoescriptura amb diferents recursos i materials manipulatius. Utilitzem l\u2019abecedari magn\u00e8tic per recon\u00e8ixer lletres i formar paraules. Tamb\u00e9 creem paraules a partir d\u2019imatges, relacionant dibuix i escriptura per afavorir la [&hellip;]<\/p>\n<\/div>\n    <\/div>\n<\/div>\n\n\t\t\t\t\t\t\t<\/div>\n\t\t\t\t\t\t\t\t\t\t\t\t\t<div class=\"wp-block-getwid-post-carousel__slide\">\n\t\t\t\t\t\t\t\t\n<div class=\"wp-block-getwid-post-carousel__post\">\n            <div class=\"wp-block-getwid-post-carousel__post-thumbnail\">\n            <a href=\"https:\/\/agora.xtec.cat\/escolacharlierivel\/educacio-infantil\/sortida-al-teatre-una-experiencia-musical-a-i5-%f0%9f%8e%ad%f0%9f%8e%b6\/\"><img loading=\"lazy\" decoding=\"async\" width=\"2048\" height=\"1536\" src=\"https:\/\/agora.xtec.cat\/escolacharlierivel\/wp-content\/uploads\/usu1727\/2026\/02\/IMG-20260129-WA0005-1-1.jpg\" class=\"attachment-post-thumbnail size-post-thumbnail wp-post-image\" alt=\"\" srcset=\"https:\/\/agora.xtec.cat\/escolacharlierivel\/wp-content\/uploads\/usu1727\/2026\/02\/IMG-20260129-WA0005-1-1.jpg 2048w, https:\/\/agora.xtec.cat\/escolacharlierivel\/wp-content\/uploads\/usu1727\/2026\/02\/IMG-20260129-WA0005-1-1-300x225.jpg 300w, https:\/\/agora.xtec.cat\/escolacharlierivel\/wp-content\/uploads\/usu1727\/2026\/02\/IMG-20260129-WA0005-1-1-1024x768.jpg 1024w, https:\/\/agora.xtec.cat\/escolacharlierivel\/wp-content\/uploads\/usu1727\/2026\/02\/IMG-20260129-WA0005-1-1-768x576.jpg 768w, https:\/\/agora.xtec.cat\/escolacharlierivel\/wp-content\/uploads\/usu1727\/2026\/02\/IMG-20260129-WA0005-1-1-1536x1152.jpg 1536w\" sizes=\"auto, (max-width: 2048px) 100vw, 2048px\" \/><\/a>\n        <\/div>\n        <div class=\"wp-block-getwid-post-carousel__post-content-wrapper\">\n        <div class=\"wp-block-getwid-post-carousel__post-header\">\n            <h3 class=\"wp-block-getwid-post-carousel__post-title\"><a href=\"https:\/\/agora.xtec.cat\/escolacharlierivel\/educacio-infantil\/sortida-al-teatre-una-experiencia-musical-a-i5-%f0%9f%8e%ad%f0%9f%8e%b6\/\">Sortida al teatre: una experi\u00e8ncia musical a I5 \ud83c\udfad\ud83c\udfb6<\/a><\/h3>        <\/div>\n        <div class=\"wp-block-getwid-post-carousel__post-excerpt\"><p>L\u2019alumnat d\u2019I5 hem fet una excursi\u00f3 al Kiddy Musics de Barcelona per gaudir de l\u2019obra El bosc dels sons. Ha estat una experi\u00e8ncia molt especial i plena de m\u00fasica! Durant l\u2019espectacle, els infants han escoltat i cantat can\u00e7ons, i tamb\u00e9 han pogut con\u00e8ixer diferents instruments musicals. A trav\u00e9s de la hist\u00f2ria i dels sons, hem [&hellip;]<\/p>\n<\/div>\n    <\/div>\n<\/div>\n\n\t\t\t\t\t\t\t<\/div>\n\t\t\t\t\t\t\t\t\t\t\t\t\t<div class=\"wp-block-getwid-post-carousel__slide\">\n\t\t\t\t\t\t\t\t\n<div class=\"wp-block-getwid-post-carousel__post\">\n            <div class=\"wp-block-getwid-post-carousel__post-thumbnail\">\n            <a href=\"https:\/\/agora.xtec.cat\/escolacharlierivel\/escola-charlie-rivel\/i4-raco-de-matematiques\/\"><img loading=\"lazy\" decoding=\"async\" width=\"1290\" height=\"739\" src=\"https:\/\/agora.xtec.cat\/escolacharlierivel\/wp-content\/uploads\/usu1727\/2026\/02\/Copia-de-B28165C4-52A1-4275-879D-EF46D73AA29A-1.jpg\" class=\"attachment-post-thumbnail size-post-thumbnail wp-post-image\" alt=\"\" srcset=\"https:\/\/agora.xtec.cat\/escolacharlierivel\/wp-content\/uploads\/usu1727\/2026\/02\/Copia-de-B28165C4-52A1-4275-879D-EF46D73AA29A-1.jpg 1290w, https:\/\/agora.xtec.cat\/escolacharlierivel\/wp-content\/uploads\/usu1727\/2026\/02\/Copia-de-B28165C4-52A1-4275-879D-EF46D73AA29A-1-300x172.jpg 300w, https:\/\/agora.xtec.cat\/escolacharlierivel\/wp-content\/uploads\/usu1727\/2026\/02\/Copia-de-B28165C4-52A1-4275-879D-EF46D73AA29A-1-1024x587.jpg 1024w, https:\/\/agora.xtec.cat\/escolacharlierivel\/wp-content\/uploads\/usu1727\/2026\/02\/Copia-de-B28165C4-52A1-4275-879D-EF46D73AA29A-1-768x440.jpg 768w\" sizes=\"auto, (max-width: 1290px) 100vw, 1290px\" \/><\/a>\n        <\/div>\n        <div class=\"wp-block-getwid-post-carousel__post-content-wrapper\">\n        <div class=\"wp-block-getwid-post-carousel__post-header\">\n            <h3 class=\"wp-block-getwid-post-carousel__post-title\"><a href=\"https:\/\/agora.xtec.cat\/escolacharlierivel\/escola-charlie-rivel\/i4-raco-de-matematiques\/\">I4 &#8211; Rac\u00f3 de matem\u00e0tiques<\/a><\/h3>        <\/div>\n        <div class=\"wp-block-getwid-post-carousel__post-excerpt\"><p>Al rac\u00f3 de matem\u00e0tiques els infants juguen amb nombres, formes i quantitats de manera manipulativa i divertida. A trav\u00e9s del joc, desenvolupen el pensament l\u00f2gic, la resoluci\u00f3 de problemes i el gust per les matem\u00e0tiques, sempre respectant el ritme de cada infant.<\/p>\n<\/div>\n    <\/div>\n<\/div>\n\n\t\t\t\t\t\t\t<\/div>\n\t\t\t\t\t\t            <\/div>\n        <\/div>\n        ","protected":false},"excerpt":{"rendered":"<p>Benvinguts a l\u2019espai d\u2019Educaci\u00f3 Infantil Aquest \u00e9s l\u2019espai on podreu con\u00e8ixer tot el que passa a les aules d\u2019Educaci\u00f3 Infantil: jocs, tallers, can\u00e7ons, projectes i moments especials que ens ajuden a cr\u00e9ixer i aprendre cada dia. Aqu\u00ed cada infant descobreix el m\u00f3n a poc a poc, amb curiositat, alegria i moltes ganes de jugar i [&hellip;]<\/p>\n","protected":false},"author":14,"featured_media":0,"parent":0,"menu_order":0,"comment_status":"closed","ping_status":"close","template":"","meta":{"_bbp_topic_count":0,"_bbp_reply_count":0,"_bbp_total_topic_count":0,"_bbp_total_reply_count":0,"_bbp_voice_count":0,"_bbp_anonymous_reply_count":0,"_bbp_topic_count_hidden":0,"_bbp_reply_count_hidden":0,"_bbp_forum_subforum_count":0,"site-sidebar-layout":"default","site-content-layout":"","ast-site-content-layout":"default","site-content-style":"default","site-sidebar-style":"default","ast-global-header-display":"","ast-banner-title-visibility":"","ast-main-header-display":"","ast-hfb-above-header-display":"","ast-hfb-below-header-display":"","ast-hfb-mobile-header-display":"","site-post-title":"","ast-breadcrumbs-content":"","ast-featured-img":"","footer-sml-layout":"","theme-transparent-header-meta":"","adv-header-id-meta":"","stick-header-meta":"","header-above-stick-meta":"","header-main-stick-meta":"","header-below-stick-meta":"","astra-migrate-meta-layouts":"set","ast-page-background-enabled":"default","ast-page-background-meta":{"desktop":{"background-color":"var(--ast-global-color-4)","background-image":"","background-repeat":"repeat","background-position":"center center","background-size":"auto","background-attachment":"scroll","background-type":"","background-media":"","overlay-type":"","overlay-color":"","overlay-opacity":"","overlay-gradient":""},"tablet":{"background-color":"","background-image":"","background-repeat":"repeat","background-position":"center center","background-size":"auto","background-attachment":"scroll","background-type":"","background-media":"","overlay-type":"","overlay-color":"","overlay-opacity":"","overlay-gradient":""},"mobile":{"background-color":"","background-image":"","background-repeat":"repeat","background-position":"center center","background-size":"auto","background-attachment":"scroll","background-type":"","background-media":"","overlay-type":"","overlay-color":"","overlay-opacity":"","overlay-gradient":""}},"ast-content-background-meta":{"desktop":{"background-color":"var(--ast-global-color-5)","background-image":"","background-repeat":"repeat","background-position":"center center","background-size":"auto","background-attachment":"scroll","background-type":"","background-media":"","overlay-type":"","overlay-color":"","overlay-opacity":"","overlay-gradient":""},"tablet":{"background-color":"var(--ast-global-color-5)","background-image":"","background-repeat":"repeat","background-position":"center center","background-size":"auto","background-attachment":"scroll","background-type":"","background-media":"","overlay-type":"","overlay-color":"","overlay-opacity":"","overlay-gradient":""},"mobile":{"background-color":"var(--ast-global-color-5)","background-image":"","background-repeat":"repeat","background-position":"center center","background-size":"auto","background-attachment":"scroll","background-type":"","background-media":"","overlay-type":"","overlay-color":"","overlay-opacity":"","overlay-gradient":""}},"footnotes":""},"class_list":["post-4702","page","type-page","status-publish","hentry"],"post_mailing_queue_ids":[],"_links":{"self":[{"href":"https:\/\/agora.xtec.cat\/escolacharlierivel\/wp-json\/wp\/v2\/pages\/4702","targetHints":{"allow":["GET"]}}],"collection":[{"href":"https:\/\/agora.xtec.cat\/escolacharlierivel\/wp-json\/wp\/v2\/pages"}],"about":[{"href":"https:\/\/agora.xtec.cat\/escolacharlierivel\/wp-json\/wp\/v2\/types\/page"}],"author":[{"embeddable":true,"href":"https:\/\/agora.xtec.cat\/escolacharlierivel\/wp-json\/wp\/v2\/users\/14"}],"replies":[{"embeddable":true,"href":"https:\/\/agora.xtec.cat\/escolacharlierivel\/wp-json\/wp\/v2\/comments?post=4702"}],"version-history":[{"count":3,"href":"https:\/\/agora.xtec.cat\/escolacharlierivel\/wp-json\/wp\/v2\/pages\/4702\/revisions"}],"predecessor-version":[{"id":4965,"href":"https:\/\/agora.xtec.cat\/escolacharlierivel\/wp-json\/wp\/v2\/pages\/4702\/revisions\/4965"}],"wp:attachment":[{"href":"https:\/\/agora.xtec.cat\/escolacharlierivel\/wp-json\/wp\/v2\/media?parent=4702"}],"curies":[{"name":"wp","href":"https:\/\/api.w.org\/{rel}","templated":true}]}}