{"id":4690,"date":"2025-11-11T21:38:35","date_gmt":"2025-11-11T20:38:35","guid":{"rendered":"https:\/\/agora.xtec.cat\/escolacharlierivel\/?page_id=4690"},"modified":"2026-02-07T16:10:57","modified_gmt":"2026-02-07T15:10:57","slug":"fem-comunitat-educativa","status":"publish","type":"page","link":"https:\/\/agora.xtec.cat\/escolacharlierivel\/fem-comunitat-educativa\/","title":{"rendered":"Fem comunitat educativa"},"content":{"rendered":"\n<p>\u00c9s una proposta d\u2019intervenci\u00f3 amplia i contextualitzada centrada en millorar el benestar emocional i relacional de la Comunitat Educativa: alumnes, fam\u00edlies i docents.<br>Es fa un treball sist\u00e8mic en els centres educatius, desenvolupant serveis tenint molt en compte necessitats relacionals i emocionals que ha detectat la Comunitat Educativa.<\/p>\n\n\n\n<p>Els objectius s\u00f3n els seg\u00fcents:<\/p>\n\n\n\n<ul class=\"wp-block-list\">\n<li>Introduir i promoure una mirada ecol\u00f2gica, sist\u00e8mica i relacional que tingui en compte la interacci\u00f3 entre els diferents subsistemes (professorat, alumnes i fam\u00edlies) que conformen comunitat educativa.<\/li>\n\n\n\n<li>Potenciar les possibilitats de connexi\u00f3 entre l\u2019espai escolar i la participaci\u00f3 de les fam\u00edlies.<\/li>\n\n\n\n<li>Facilitar eines al professorat basades en el model d\u2019intervenci\u00f3 conjuntiva.<\/li>\n\n\n\n<li>Facilitar una mirada m\u00faltiple dels alumnes i les seves fam\u00edlies, que permeti acompanyar des de la possibilitat.<\/li>\n<\/ul>\n","protected":false},"excerpt":{"rendered":"<p>\u00c9s una proposta d\u2019intervenci\u00f3 amplia i contextualitzada centrada en millorar el benestar emocional i relacional de la Comunitat Educativa: alumnes, fam\u00edlies i docents.Es fa un treball sist\u00e8mic en els centres educatius, desenvolupant serveis tenint molt en compte necessitats relacionals i emocionals que ha detectat la Comunitat Educativa. Els objectius s\u00f3n els seg\u00fcents:<\/p>\n","protected":false},"author":14,"featured_media":0,"parent":0,"menu_order":0,"comment_status":"closed","ping_status":"close","template":"","meta":{"_bbp_topic_count":0,"_bbp_reply_count":0,"_bbp_total_topic_count":0,"_bbp_total_reply_count":0,"_bbp_voice_count":0,"_bbp_anonymous_reply_count":0,"_bbp_topic_count_hidden":0,"_bbp_reply_count_hidden":0,"_bbp_forum_subforum_count":0,"site-sidebar-layout":"default","site-content-layout":"","ast-site-content-layout":"default","site-content-style":"default","site-sidebar-style":"default","ast-global-header-display":"","ast-banner-title-visibility":"","ast-main-header-display":"","ast-hfb-above-header-display":"","ast-hfb-below-header-display":"","ast-hfb-mobile-header-display":"","site-post-title":"","ast-breadcrumbs-content":"","ast-featured-img":"","footer-sml-layout":"","theme-transparent-header-meta":"","adv-header-id-meta":"","stick-header-meta":"","header-above-stick-meta":"","header-main-stick-meta":"","header-below-stick-meta":"","astra-migrate-meta-layouts":"set","ast-page-background-enabled":"default","ast-page-background-meta":{"desktop":{"background-color":"var(--ast-global-color-4)","background-image":"","background-repeat":"repeat","background-position":"center center","background-size":"auto","background-attachment":"scroll","background-type":"","background-media":"","overlay-type":"","overlay-color":"","overlay-opacity":"","overlay-gradient":""},"tablet":{"background-color":"","background-image":"","background-repeat":"repeat","background-position":"center center","background-size":"auto","background-attachment":"scroll","background-type":"","background-media":"","overlay-type":"","overlay-color":"","overlay-opacity":"","overlay-gradient":""},"mobile":{"background-color":"","background-image":"","background-repeat":"repeat","background-position":"center center","background-size":"auto","background-attachment":"scroll","background-type":"","background-media":"","overlay-type":"","overlay-color":"","overlay-opacity":"","overlay-gradient":""}},"ast-content-background-meta":{"desktop":{"background-color":"var(--ast-global-color-5)","background-image":"","background-repeat":"repeat","background-position":"center center","background-size":"auto","background-attachment":"scroll","background-type":"","background-media":"","overlay-type":"","overlay-color":"","overlay-opacity":"","overlay-gradient":""},"tablet":{"background-color":"var(--ast-global-color-5)","background-image":"","background-repeat":"repeat","background-position":"center center","background-size":"auto","background-attachment":"scroll","background-type":"","background-media":"","overlay-type":"","overlay-color":"","overlay-opacity":"","overlay-gradient":""},"mobile":{"background-color":"var(--ast-global-color-5)","background-image":"","background-repeat":"repeat","background-position":"center center","background-size":"auto","background-attachment":"scroll","background-type":"","background-media":"","overlay-type":"","overlay-color":"","overlay-opacity":"","overlay-gradient":""}},"footnotes":""},"class_list":["post-4690","page","type-page","status-publish","hentry"],"post_mailing_queue_ids":[],"_links":{"self":[{"href":"https:\/\/agora.xtec.cat\/escolacharlierivel\/wp-json\/wp\/v2\/pages\/4690","targetHints":{"allow":["GET"]}}],"collection":[{"href":"https:\/\/agora.xtec.cat\/escolacharlierivel\/wp-json\/wp\/v2\/pages"}],"about":[{"href":"https:\/\/agora.xtec.cat\/escolacharlierivel\/wp-json\/wp\/v2\/types\/page"}],"author":[{"embeddable":true,"href":"https:\/\/agora.xtec.cat\/escolacharlierivel\/wp-json\/wp\/v2\/users\/14"}],"replies":[{"embeddable":true,"href":"https:\/\/agora.xtec.cat\/escolacharlierivel\/wp-json\/wp\/v2\/comments?post=4690"}],"version-history":[{"count":2,"href":"https:\/\/agora.xtec.cat\/escolacharlierivel\/wp-json\/wp\/v2\/pages\/4690\/revisions"}],"predecessor-version":[{"id":5413,"href":"https:\/\/agora.xtec.cat\/escolacharlierivel\/wp-json\/wp\/v2\/pages\/4690\/revisions\/5413"}],"wp:attachment":[{"href":"https:\/\/agora.xtec.cat\/escolacharlierivel\/wp-json\/wp\/v2\/media?parent=4690"}],"curies":[{"name":"wp","href":"https:\/\/api.w.org\/{rel}","templated":true}]}}