{"id":4645,"date":"2025-11-11T21:34:38","date_gmt":"2025-11-11T20:34:38","guid":{"rendered":"https:\/\/agora.xtec.cat\/escolacharlierivel\/?page_id=4645"},"modified":"2026-03-28T09:07:17","modified_gmt":"2026-03-28T08:07:17","slug":"menjador","status":"publish","type":"page","link":"https:\/\/agora.xtec.cat\/escolacharlierivel\/menjador\/","title":{"rendered":"Menjador"},"content":{"rendered":"\n<p><strong>SERVEI DE MENJADOR \u2013 <\/strong><a href=\"https:\/\/agora.xtec.cat\/escolacharlierivel\/lescola\/serveis\/menjador-escolar\/beques-menjador\/\">BEQUES MENJADOR<\/a><\/p>\n\n\n\n<p>La Fundaci\u00f3 Cassi\u00e0 Just-Cuina Justa va n\u00e8ixer el 1995 amb la vocaci\u00f3 d\u2019inserir persones especialment fr\u00e0gils (salut mental i d\u2019altres col\u00b7lectius amb risc d\u2019exclusi\u00f3 social) a l\u2019entorn laboral alhora que oferir un menjar d\u2019alta qualitat.&nbsp;<\/p>\n\n\n\n<p>Els men\u00fas s\u2019elaboren mensualment i estan supervisats per una especialista de nutrici\u00f3 i diet\u00e8tica que segueix la guia de <a href=\"http:\/\/salutweb.gencat.cat\/web\/.content\/_ambits-actuacio\/Per-perfils\/Centres-educatius\/menus-escolars\/document-consens-alimentacio-centres-educatius\/guialimentacio.pdf\">\u201c<strong>L\u2019alimentaci\u00f3 saludable en l\u2019etapa escolar<\/strong>\u201d<\/a> de l\u2019Ag\u00e8ncia de Salut P\u00fablica de la Generalitat de Catalunya. D\u2019aquesta manera, assegurem una dieta equilibrada, rica i sana. Trobareu el men\u00fa al web, on l\u2019anem actualitzant mensualment. A m\u00e9s, sota prescripci\u00f3 m\u00e8dica, la cuina de l\u2019escola elabora dietes especialitzades per a intoler\u00e0ncies, al\u00b7l\u00e8rgies i r\u00e8gims espec\u00edfics. Des del web de l\u2019escola publicarem els men\u00fas de cada mes per a que les fam\u00edlies puguin consultar qu\u00e8 \u00e9s el que mengen els seus fills cada dia al menjador.&nbsp;<\/p>\n\n\n\n<p><strong>Coordinadora de Menjador:<\/strong> Nuria Capilla<\/p>\n\n\n\n<p><strong>PREUS DEL SERVEI:<\/strong><\/p>\n\n\n\n<ul class=\"wp-block-list\">\n<li>Preu per dia fixos <strong>prim\u00e0ria: <\/strong>7,34\u20ac<\/li>\n\n\n\n<li>Preu per dia eventuals <strong>prim\u00e0ria: <\/strong> 8,07\u20ac<\/li>\n<\/ul>\n\n\n\n<p><strong>FUNCIONAMENT:<\/strong><\/p>\n\n\n\n<ul class=\"wp-block-list\">\n<li>Cal haver omplert la fitxa d\u2019inscripci\u00f3 del curs, tant si es fa \u00fas de forma fixa com eventual. S\u2019ha de lliurar a la coordinadora del menjador (Nuria Capilla, tel\u00e8fon <strong>689 571 188<\/strong>).<\/li>\n\n\n\n<li><strong>El pagament del servei fix s\u2019efectuar\u00e0 mensualment, del dia 1 al 10, de forma anticipada<\/strong> mitjan\u00e7ant rebut bancari domiciliat al compte coorent designat, mitjan\u00e7ant ingr\u00e9s bancari o b\u00e9 efectiu al menjador. (<strong>Si no s\u2019ha efectuat el pagament del rebut del mes, l\u2019usuari\/a no podr\u00e0 continuar fent \u00fas del servei de menjador.<\/strong> Les despeses de devoluci\u00f3 dels rebuts domiciliats tornats seran a c\u00e0rrec de la fam\u00edlia).<\/li>\n\n\n\n<li>L\u2019horari del coordinador de menjador per rebre a les fam\u00edlies \u00e9s de dilluns a divendres de 8:30h a 11h.<\/li>\n\n\n\n<li>Els nens\/es que es quedin de forma eventual al menjador hauran d\u2019avisar al coordinador del menjador abans de les 9:30 hores.<\/li>\n\n\n\n<li>Les faltes d\u2019assist\u00e8ncia s\u2019han de comunicar abans de les 9:30 hores de forma justificada al menjador. Si han estat comunicades dintre del termini, es descomptaran, dels usuaris fixos o becats pel Consell Comarcal, Ajuntament o Probitas, el 35% de la part que paga la fam\u00edlia.<\/li>\n\n\n\n<li>Els dies de sortides o excursions es prepararan picnics. Els usuaris\/es eventuals que ho desitgin, ho sol\u00b7licitaran amb una setmana d\u2019antelaci\u00f3. Els usuaris fixos que <strong>no vulguin p\u00edcnic<\/strong> ho hauran de comunicar per escrit a l\u2019inici del curs a la inscripci\u00f3. El p\u00edcnic consistir\u00e0 en dos entrepans, una pe\u00e7a de fruita i una ampolla d\u2019aigua.<\/li>\n\n\n\n<li>El subministrament de medicines i\/o dietes especials seguint la normativa del Departament d\u2019Ensenyament de la Generalitat de Catalunya, s\u2019haur\u00e0 de comunicar al coordinador de menjador i omplir el model corresponent.<\/li>\n\n\n\n<li>Perqu\u00e8 sigui possible que el nen\/a pugui abandonar el centre dins l\u2019horari del menjador, caldr\u00e0 entregar l\u2019autoritzaci\u00f3 de recollida al coordinador. Ser\u00e0 imprescindible la identificaci\u00f3 amb DNI o NIE. El personal del menjador no lliurar\u00e0 cap nen\/a a cap persona que no porti els documents identificatius.<\/li>\n\n\n\n<li>El servei de menjador est\u00e0 subjecte al reglament del centre pel que fa a situacions excepcionals o d\u2019indisciplina.<\/li>\n\n\n\n<li>Els nens i nenes de P3 hauran de portar pitet, una manteta i un llen\u00e7ol tot ben marcat amb el nom.<\/li>\n<\/ul>\n\n\n\n<p><strong>Per qualsevol consulta o dubte sobre el funcionament del servei, poden adre\u00e7ar-se al coordinador\/a (horari d\u2019atenci\u00f3 a les fam\u00edlies de dilluns a divendres de 8:30h a 11h o al tel\u00e8fon 689 571 188)<\/strong><\/p>\n\n\n\n<div class=\"wp-block-getwid-tabs\" data-active-tab=\"0\"><ul class=\"wp-block-getwid-tabs__nav-links\"><\/ul>\n<div class=\"wp-block-getwid-tabs__nav-link\"><span class=\"wp-block-getwid-tabs__title-wrapper\"><a href=\"#\"><span class=\"wp-block-getwid-tabs__title\">Men\u00fa Basal <\/span><\/a><\/span><\/div><div class=\"wp-block-getwid-tabs__tab-content-wrapper\"><div class=\"wp-block-getwid-tabs__tab-content\">\n<p><\/p>\n\n\n\n<div data-wp-interactive=\"core\/file\" class=\"wp-block-file\"><object data-wp-bind--hidden=\"!state.hasPdfPreview\" hidden class=\"wp-block-file__embed\" data=\"https:\/\/agora.xtec.cat\/escolacharlierivel\/wp-content\/uploads\/usu1727\/2026\/03\/Menu-basal-charlie-rivel-ABRIL-1.pdf\" type=\"application\/pdf\" style=\"width:100%;height:600px\" aria-label=\"Incrustaci\u00f3 del fitxer Menu-basal-charlie-rivel-ABRIL (1).\"><\/object><a id=\"wp-block-file--media-edc0e780-bcbd-46bc-84ac-204a6e266ea0\" href=\"https:\/\/agora.xtec.cat\/escolacharlierivel\/wp-content\/uploads\/usu1727\/2026\/03\/Menu-basal-charlie-rivel-ABRIL-1.pdf\">Menu-basal-charlie-rivel-ABRIL (1)<\/a><a href=\"https:\/\/agora.xtec.cat\/escolacharlierivel\/wp-content\/uploads\/usu1727\/2026\/03\/Menu-basal-charlie-rivel-ABRIL-1.pdf\" class=\"wp-block-file__button wp-element-button\" download aria-describedby=\"wp-block-file--media-edc0e780-bcbd-46bc-84ac-204a6e266ea0\">Baixa<\/a><\/div>\n<\/div><\/div>\n\n\n\n<div class=\"wp-block-getwid-tabs__nav-link\"><span class=\"wp-block-getwid-tabs__title-wrapper\"><a href=\"#\"><span class=\"wp-block-getwid-tabs__title\">Men\u00fa halal <\/span><\/a><\/span><\/div><div class=\"wp-block-getwid-tabs__tab-content-wrapper\"><div class=\"wp-block-getwid-tabs__tab-content\">\n<p>Aqu\u00ed trobareu el men\u00fa Halal de l&#8217;escola<\/p>\n\n\n\n<div data-wp-interactive=\"core\/file\" class=\"wp-block-file\"><object data-wp-bind--hidden=\"!state.hasPdfPreview\" hidden class=\"wp-block-file__embed\" data=\"https:\/\/agora.xtec.cat\/escolacharlierivel\/wp-content\/uploads\/usu1727\/2026\/03\/Menu-halal-charlie-rivel-ABRIL-1.pdf\" type=\"application\/pdf\" style=\"width:100%;height:600px\" aria-label=\"Incrustaci\u00f3 del fitxer Menu-halal-charlie-rivel-ABRIL (1).\"><\/object><a id=\"wp-block-file--media-e6493b29-7041-48d1-874a-a2159010e256\" href=\"https:\/\/agora.xtec.cat\/escolacharlierivel\/wp-content\/uploads\/usu1727\/2026\/03\/Menu-halal-charlie-rivel-ABRIL-1.pdf\">Menu-halal-charlie-rivel-ABRIL (1)<\/a><a href=\"https:\/\/agora.xtec.cat\/escolacharlierivel\/wp-content\/uploads\/usu1727\/2026\/03\/Menu-halal-charlie-rivel-ABRIL-1.pdf\" class=\"wp-block-file__button wp-element-button\" download aria-describedby=\"wp-block-file--media-e6493b29-7041-48d1-874a-a2159010e256\">Baixa<\/a><\/div>\n<\/div><\/div>\n\n\n\n<div class=\"wp-block-getwid-tabs__nav-link\"><span class=\"wp-block-getwid-tabs__title-wrapper\"><a href=\"#\"><span class=\"wp-block-getwid-tabs__title\">Men\u00fa sense lactora<\/span><\/a><\/span><\/div><div class=\"wp-block-getwid-tabs__tab-content-wrapper\"><div class=\"wp-block-getwid-tabs__tab-content\">\n<p><\/p>\n\n\n\n<div data-wp-interactive=\"core\/file\" class=\"wp-block-file\"><object data-wp-bind--hidden=\"!state.hasPdfPreview\" hidden class=\"wp-block-file__embed\" data=\"https:\/\/agora.xtec.cat\/escolacharlierivel\/wp-content\/uploads\/usu1727\/2026\/03\/Menu-Sense-Lactosa-Charlie-Rivel-ABRIL-1.pdf\" type=\"application\/pdf\" style=\"width:100%;height:600px\" aria-label=\"Incrustaci\u00f3 del fitxer Menu-Sense-Lactosa-Charlie-Rivel-ABRIL (1).\"><\/object><a id=\"wp-block-file--media-b688122a-79bb-4909-83ae-16a8f96c9807\" href=\"https:\/\/agora.xtec.cat\/escolacharlierivel\/wp-content\/uploads\/usu1727\/2026\/03\/Menu-Sense-Lactosa-Charlie-Rivel-ABRIL-1.pdf\">Menu-Sense-Lactosa-Charlie-Rivel-ABRIL (1)<\/a><a href=\"https:\/\/agora.xtec.cat\/escolacharlierivel\/wp-content\/uploads\/usu1727\/2026\/03\/Menu-Sense-Lactosa-Charlie-Rivel-ABRIL-1.pdf\" class=\"wp-block-file__button wp-element-button\" download aria-describedby=\"wp-block-file--media-b688122a-79bb-4909-83ae-16a8f96c9807\">Baixa<\/a><\/div>\n<\/div><\/div>\n\n\n\n<div class=\"wp-block-getwid-tabs__nav-link\"><span class=\"wp-block-getwid-tabs__title-wrapper\"><a href=\"#\"><span class=\"wp-block-getwid-tabs__title\">Men\u00fa sense gluten<\/span><\/a><\/span><\/div><div class=\"wp-block-getwid-tabs__tab-content-wrapper\"><div class=\"wp-block-getwid-tabs__tab-content\">\n<p><\/p>\n\n\n\n<div data-wp-interactive=\"core\/file\" class=\"wp-block-file\"><object data-wp-bind--hidden=\"!state.hasPdfPreview\" hidden class=\"wp-block-file__embed\" data=\"https:\/\/agora.xtec.cat\/escolacharlierivel\/wp-content\/uploads\/usu1727\/2026\/03\/Menu-Sense-Gluten-i-Vedella-Charlie-Rivel-ABRIL.pdf\" type=\"application\/pdf\" style=\"width:100%;height:600px\" aria-label=\"Incrustaci\u00f3 del fitxer Menu-Sense-Gluten-i-Vedella-Charlie-Rivel-ABRIL.\"><\/object><a id=\"wp-block-file--media-44d0d0ee-6f52-43ea-aa6a-42adac80b040\" href=\"https:\/\/agora.xtec.cat\/escolacharlierivel\/wp-content\/uploads\/usu1727\/2026\/03\/Menu-Sense-Gluten-i-Vedella-Charlie-Rivel-ABRIL.pdf\">Menu-Sense-Gluten-i-Vedella-Charlie-Rivel-ABRIL<\/a><a href=\"https:\/\/agora.xtec.cat\/escolacharlierivel\/wp-content\/uploads\/usu1727\/2026\/03\/Menu-Sense-Gluten-i-Vedella-Charlie-Rivel-ABRIL.pdf\" class=\"wp-block-file__button wp-element-button\" download aria-describedby=\"wp-block-file--media-44d0d0ee-6f52-43ea-aa6a-42adac80b040\">Baixa<\/a><\/div>\n\n\n\n<p><\/p>\n<\/div><\/div>\n<\/div>\n\n\n\n<p><\/p>\n","protected":false},"excerpt":{"rendered":"<p>SERVEI DE MENJADOR \u2013 BEQUES MENJADOR La Fundaci\u00f3 Cassi\u00e0 Just-Cuina Justa va n\u00e8ixer el 1995 amb la vocaci\u00f3 d\u2019inserir persones especialment fr\u00e0gils (salut mental i d\u2019altres col\u00b7lectius amb risc d\u2019exclusi\u00f3 social) a l\u2019entorn laboral alhora que oferir un menjar d\u2019alta qualitat.&nbsp; Els men\u00fas s\u2019elaboren mensualment i estan supervisats per una especialista de nutrici\u00f3 i diet\u00e8tica [&hellip;]<\/p>\n","protected":false},"author":14,"featured_media":0,"parent":0,"menu_order":0,"comment_status":"closed","ping_status":"close","template":"","meta":{"_bbp_topic_count":0,"_bbp_reply_count":0,"_bbp_total_topic_count":0,"_bbp_total_reply_count":0,"_bbp_voice_count":0,"_bbp_anonymous_reply_count":0,"_bbp_topic_count_hidden":0,"_bbp_reply_count_hidden":0,"_bbp_forum_subforum_count":0,"site-sidebar-layout":"default","site-content-layout":"","ast-site-content-layout":"default","site-content-style":"default","site-sidebar-style":"default","ast-global-header-display":"","ast-banner-title-visibility":"","ast-main-header-display":"","ast-hfb-above-header-display":"","ast-hfb-below-header-display":"","ast-hfb-mobile-header-display":"","site-post-title":"","ast-breadcrumbs-content":"","ast-featured-img":"","footer-sml-layout":"","theme-transparent-header-meta":"","adv-header-id-meta":"","stick-header-meta":"","header-above-stick-meta":"","header-main-stick-meta":"","header-below-stick-meta":"","astra-migrate-meta-layouts":"set","ast-page-background-enabled":"default","ast-page-background-meta":{"desktop":{"background-color":"var(--ast-global-color-4)","background-image":"","background-repeat":"repeat","background-position":"center center","background-size":"auto","background-attachment":"scroll","background-type":"","background-media":"","overlay-type":"","overlay-color":"","overlay-opacity":"","overlay-gradient":""},"tablet":{"background-color":"","background-image":"","background-repeat":"repeat","background-position":"center center","background-size":"auto","background-attachment":"scroll","background-type":"","background-media":"","overlay-type":"","overlay-color":"","overlay-opacity":"","overlay-gradient":""},"mobile":{"background-color":"","background-image":"","background-repeat":"repeat","background-position":"center center","background-size":"auto","background-attachment":"scroll","background-type":"","background-media":"","overlay-type":"","overlay-color":"","overlay-opacity":"","overlay-gradient":""}},"ast-content-background-meta":{"desktop":{"background-color":"var(--ast-global-color-5)","background-image":"","background-repeat":"repeat","background-position":"center center","background-size":"auto","background-attachment":"scroll","background-type":"","background-media":"","overlay-type":"","overlay-color":"","overlay-opacity":"","overlay-gradient":""},"tablet":{"background-color":"var(--ast-global-color-5)","background-image":"","background-repeat":"repeat","background-position":"center center","background-size":"auto","background-attachment":"scroll","background-type":"","background-media":"","overlay-type":"","overlay-color":"","overlay-opacity":"","overlay-gradient":""},"mobile":{"background-color":"var(--ast-global-color-5)","background-image":"","background-repeat":"repeat","background-position":"center center","background-size":"auto","background-attachment":"scroll","background-type":"","background-media":"","overlay-type":"","overlay-color":"","overlay-opacity":"","overlay-gradient":""}},"footnotes":""},"class_list":["post-4645","page","type-page","status-publish","hentry"],"post_mailing_queue_ids":[],"_links":{"self":[{"href":"https:\/\/agora.xtec.cat\/escolacharlierivel\/wp-json\/wp\/v2\/pages\/4645","targetHints":{"allow":["GET"]}}],"collection":[{"href":"https:\/\/agora.xtec.cat\/escolacharlierivel\/wp-json\/wp\/v2\/pages"}],"about":[{"href":"https:\/\/agora.xtec.cat\/escolacharlierivel\/wp-json\/wp\/v2\/types\/page"}],"author":[{"embeddable":true,"href":"https:\/\/agora.xtec.cat\/escolacharlierivel\/wp-json\/wp\/v2\/users\/14"}],"replies":[{"embeddable":true,"href":"https:\/\/agora.xtec.cat\/escolacharlierivel\/wp-json\/wp\/v2\/comments?post=4645"}],"version-history":[{"count":6,"href":"https:\/\/agora.xtec.cat\/escolacharlierivel\/wp-json\/wp\/v2\/pages\/4645\/revisions"}],"predecessor-version":[{"id":5694,"href":"https:\/\/agora.xtec.cat\/escolacharlierivel\/wp-json\/wp\/v2\/pages\/4645\/revisions\/5694"}],"wp:attachment":[{"href":"https:\/\/agora.xtec.cat\/escolacharlierivel\/wp-json\/wp\/v2\/media?parent=4645"}],"curies":[{"name":"wp","href":"https:\/\/api.w.org\/{rel}","templated":true}]}}