{"id":4644,"date":"2025-11-11T21:34:38","date_gmt":"2025-11-11T20:34:38","guid":{"rendered":"https:\/\/agora.xtec.cat\/escolacharlierivel\/?page_id=4644"},"modified":"2025-12-10T20:25:25","modified_gmt":"2025-12-10T19:25:25","slug":"secretaria","status":"publish","type":"page","link":"https:\/\/agora.xtec.cat\/escolacharlierivel\/secretaria\/","title":{"rendered":"Secretaria"},"content":{"rendered":"\n<p>La&nbsp;<strong>secretaria<\/strong>&nbsp;\u00e9s el servei de l\u2019escola que s\u2019encarrega de la&nbsp;<strong>gesti\u00f3 administrativa i documental<\/strong>&nbsp;del centre. At\u00e9n les fam\u00edlies i l\u2019alumnat, tramita&nbsp;<strong>matr\u00edcules, certificats i comunicacions<\/strong>, gestiona&nbsp;<strong>informaci\u00f3 acad\u00e8mica<\/strong>&nbsp;i dona suport a l\u2019organitzaci\u00f3 interna perqu\u00e8 tot el funcionament administratiu de l\u2019escola sigui \u00e0gil i ordenat.<\/p>\n\n\n\n<p>La secretaria de l\u2019escola \u00e9s aqu\u00ed per ajudar-vos en tot el que necessiteu i per fer-vos els tr\u00e0mits m\u00e9s f\u00e0cils.<\/p>\n","protected":false},"excerpt":{"rendered":"<p>La&nbsp;secretaria&nbsp;\u00e9s el servei de l\u2019escola que s\u2019encarrega de la&nbsp;gesti\u00f3 administrativa i documental&nbsp;del centre. At\u00e9n les fam\u00edlies i l\u2019alumnat, tramita&nbsp;matr\u00edcules, certificats i comunicacions, gestiona&nbsp;informaci\u00f3 acad\u00e8mica&nbsp;i dona suport a l\u2019organitzaci\u00f3 interna perqu\u00e8 tot el funcionament administratiu de l\u2019escola sigui \u00e0gil i ordenat. La secretaria de l\u2019escola \u00e9s aqu\u00ed per ajudar-vos en tot el que necessiteu i per [&hellip;]<\/p>\n","protected":false},"author":14,"featured_media":0,"parent":0,"menu_order":0,"comment_status":"closed","ping_status":"close","template":"","meta":{"_bbp_topic_count":0,"_bbp_reply_count":0,"_bbp_total_topic_count":0,"_bbp_total_reply_count":0,"_bbp_voice_count":0,"_bbp_anonymous_reply_count":0,"_bbp_topic_count_hidden":0,"_bbp_reply_count_hidden":0,"_bbp_forum_subforum_count":0,"site-sidebar-layout":"default","site-content-layout":"","ast-site-content-layout":"default","site-content-style":"default","site-sidebar-style":"default","ast-global-header-display":"","ast-banner-title-visibility":"","ast-main-header-display":"","ast-hfb-above-header-display":"","ast-hfb-below-header-display":"","ast-hfb-mobile-header-display":"","site-post-title":"","ast-breadcrumbs-content":"","ast-featured-img":"","footer-sml-layout":"","theme-transparent-header-meta":"","adv-header-id-meta":"","stick-header-meta":"","header-above-stick-meta":"","header-main-stick-meta":"","header-below-stick-meta":"","astra-migrate-meta-layouts":"set","ast-page-background-enabled":"default","ast-page-background-meta":{"desktop":{"background-color":"var(--ast-global-color-4)","background-image":"","background-repeat":"repeat","background-position":"center center","background-size":"auto","background-attachment":"scroll","background-type":"","background-media":"","overlay-type":"","overlay-color":"","overlay-opacity":"","overlay-gradient":""},"tablet":{"background-color":"","background-image":"","background-repeat":"repeat","background-position":"center center","background-size":"auto","background-attachment":"scroll","background-type":"","background-media":"","overlay-type":"","overlay-color":"","overlay-opacity":"","overlay-gradient":""},"mobile":{"background-color":"","background-image":"","background-repeat":"repeat","background-position":"center center","background-size":"auto","background-attachment":"scroll","background-type":"","background-media":"","overlay-type":"","overlay-color":"","overlay-opacity":"","overlay-gradient":""}},"ast-content-background-meta":{"desktop":{"background-color":"var(--ast-global-color-5)","background-image":"","background-repeat":"repeat","background-position":"center center","background-size":"auto","background-attachment":"scroll","background-type":"","background-media":"","overlay-type":"","overlay-color":"","overlay-opacity":"","overlay-gradient":""},"tablet":{"background-color":"var(--ast-global-color-5)","background-image":"","background-repeat":"repeat","background-position":"center center","background-size":"auto","background-attachment":"scroll","background-type":"","background-media":"","overlay-type":"","overlay-color":"","overlay-opacity":"","overlay-gradient":""},"mobile":{"background-color":"var(--ast-global-color-5)","background-image":"","background-repeat":"repeat","background-position":"center center","background-size":"auto","background-attachment":"scroll","background-type":"","background-media":"","overlay-type":"","overlay-color":"","overlay-opacity":"","overlay-gradient":""}},"footnotes":""},"class_list":["post-4644","page","type-page","status-publish","hentry"],"post_mailing_queue_ids":[],"_links":{"self":[{"href":"https:\/\/agora.xtec.cat\/escolacharlierivel\/wp-json\/wp\/v2\/pages\/4644","targetHints":{"allow":["GET"]}}],"collection":[{"href":"https:\/\/agora.xtec.cat\/escolacharlierivel\/wp-json\/wp\/v2\/pages"}],"about":[{"href":"https:\/\/agora.xtec.cat\/escolacharlierivel\/wp-json\/wp\/v2\/types\/page"}],"author":[{"embeddable":true,"href":"https:\/\/agora.xtec.cat\/escolacharlierivel\/wp-json\/wp\/v2\/users\/14"}],"replies":[{"embeddable":true,"href":"https:\/\/agora.xtec.cat\/escolacharlierivel\/wp-json\/wp\/v2\/comments?post=4644"}],"version-history":[{"count":2,"href":"https:\/\/agora.xtec.cat\/escolacharlierivel\/wp-json\/wp\/v2\/pages\/4644\/revisions"}],"predecessor-version":[{"id":4966,"href":"https:\/\/agora.xtec.cat\/escolacharlierivel\/wp-json\/wp\/v2\/pages\/4644\/revisions\/4966"}],"wp:attachment":[{"href":"https:\/\/agora.xtec.cat\/escolacharlierivel\/wp-json\/wp\/v2\/media?parent=4644"}],"curies":[{"name":"wp","href":"https:\/\/api.w.org\/{rel}","templated":true}]}}