{"id":4598,"date":"2025-11-11T21:28:12","date_gmt":"2025-11-11T20:28:12","guid":{"rendered":"https:\/\/agora.xtec.cat\/escolacharlierivel\/?page_id=4598"},"modified":"2026-02-07T16:00:22","modified_gmt":"2026-02-07T15:00:22","slug":"consell-escolar","status":"publish","type":"page","link":"https:\/\/agora.xtec.cat\/escolacharlierivel\/consell-escolar\/","title":{"rendered":"Consell escolar"},"content":{"rendered":"\n<p>El <strong>Consell Escolar<\/strong> \u00e9s l\u2019\u00f2rgan col\u00b7legiat que garanteix la <strong>participaci\u00f3 de tota la comunitat educativa<\/strong> en la presa de decisions i en la gesti\u00f3 del centre. \u00c9s un espai de di\u00e0leg i col\u00b7laboraci\u00f3 on es representen els diferents sectors que intervenen en la vida escolar, amb l\u2019objectiu de millorar el funcionament i la qualitat educativa del centre.<\/p>\n\n\n\n<p><strong>Composici\u00f3:<\/strong><strong><br><\/strong> El Consell Escolar est\u00e0 format per representants de tots els col\u00b7lectius de la comunitat educativa:<\/p>\n\n\n\n<ul class=\"wp-block-list\">\n<li><strong>Direcci\u00f3 del centre<\/strong><strong><br><\/strong><\/li>\n\n\n\n<li><strong>Professorat<\/strong><strong><br><\/strong><\/li>\n\n\n\n<li><strong>Fam\u00edlies<\/strong><strong><br><\/strong><\/li>\n\n\n\n<li><strong>Personal d\u2019administraci\u00f3 i serveis (PAS)<\/strong><strong><br><\/strong><\/li>\n\n\n\n<li><strong>Representant de l\u2019administraci\u00f3 local<\/strong><strong><br><\/strong><\/li>\n<\/ul>\n\n\n\n<p>Aquesta composici\u00f3 assegura que totes les veus implicades en el dia a dia de l\u2019escola tinguin un espai per expressar les seves opinions i contribuir en les decisions importants.<\/p>\n\n\n\n<div class=\"wp-block-getwid-accordion has-icon-left\" data-active-element=\"none\">\n<div class=\"wp-block-getwid-accordion__header-wrapper\"><span class=\"wp-block-getwid-accordion__header\"><a href=\"#\"><span class=\"wp-block-getwid-accordion__header-title\">Funcions del consell escolar<\/span><span class=\"wp-block-getwid-accordion__icon is-active\"><i class=\"fas fa-plus\"><\/i><\/span><span class=\"wp-block-getwid-accordion__icon is-passive\"><i class=\"fas fa-minus\"><\/i><\/span><\/a><\/span><\/div><div class=\"wp-block-getwid-accordion__content-wrapper\"><div class=\"wp-block-getwid-accordion__content\">\n<p>Corresponen al Consell Escolar les seg\u00fcents funcions:<\/p>\n\n\n\n<ol class=\"wp-block-list\">\n<li><strong>Participar en l\u2019aprovaci\u00f3 del projecte educatiu i les seves modificacions<\/strong>. El Consell Escolar ha de ser consultat de manera preceptiva pel director o directora per valorar la proposta del projecte i manifestar el seu suport amb\u00a0<strong>majoria de les tres cinquenes parts<\/strong>\u00a0dels membres.<\/li>\n\n\n\n<li><strong>Participar en l\u2019aprovaci\u00f3 de la programaci\u00f3 general anual, de les normes de funcionament i de la gesti\u00f3 econ\u00f2mica del centre<\/strong>. En aquests casos, la consulta \u00e9s\u00a0<strong>preceptiva<\/strong>\u00a0i el suport s\u2019expressa per\u00a0<strong>majoria simple<\/strong>\u00a0dels membres.<\/li>\n\n\n\n<li><strong>Avaluar l\u2019aplicaci\u00f3 del projecte educatiu i de la resta de documents de gesti\u00f3 del centre<\/strong>, incloses les seves modificacions.<\/li>\n\n\n\n<li><strong>Aprovar propostes d\u2019acords de coresponsabilitat, convenis i altres acords de col\u00b7laboraci\u00f3 amb entitats i institucions<\/strong>.<\/li>\n\n\n\n<li><strong>Intervenir en el procediment d\u2019admissi\u00f3 d\u2019alumnes<\/strong>, assegurant la transpar\u00e8ncia i l\u2019equitat en els processos.<\/li>\n\n\n\n<li><strong>Participar en el procediment de selecci\u00f3 i en la proposta de cessament del director o directora<\/strong>\u00a0quan sigui necessari.<\/li>\n\n\n\n<li><strong>Intervenir en la resoluci\u00f3 de conflictes<\/strong>, revisar sancions a l\u2019alumnat i vetllar per una conviv\u00e8ncia justa i respectuosa.<\/li>\n\n\n\n<li><strong>Aprovar les directrius per a la programaci\u00f3 d\u2019activitats escolars complement\u00e0ries i extraescolars<\/strong>, i avaluar-ne el desenvolupament.<\/li>\n\n\n\n<li><strong>Participar en l\u2019an\u00e0lisi i l\u2019avaluaci\u00f3 del funcionament general del centre<\/strong>\u00a0i con\u00e8ixer l\u2019evoluci\u00f3 del rendiment escolar.<\/li>\n\n\n\n<li><strong>Aprovar els criteris de col\u00b7laboraci\u00f3 amb altres centres i amb l\u2019entorn<\/strong>.<\/li>\n<\/ol>\n\n\n\n<p><strong>Qualsevol altra funci\u00f3 que li sigui atribu\u00efda per les normes legals o reglament\u00e0ries.<\/strong><strong><\/strong><\/p>\n\n\n\n<p><a href=\"https:\/\/agora.xtec.cat\/#twitter\" rel=\"noreferrer noopener\" target=\"_blank\"><\/a><\/p>\n<\/div><\/div>\n\n\n\n<div class=\"wp-block-getwid-accordion__header-wrapper\"><span class=\"wp-block-getwid-accordion__header\"><a href=\"#\"><span class=\"wp-block-getwid-accordion__header-title\">Membres del consell escolar<\/span><span class=\"wp-block-getwid-accordion__icon is-active\"><i class=\"fas fa-plus\"><\/i><\/span><span class=\"wp-block-getwid-accordion__icon is-passive\"><i class=\"fas fa-minus\"><\/i><\/span><\/a><\/span><\/div><div class=\"wp-block-getwid-accordion__content-wrapper\"><div class=\"wp-block-getwid-accordion__content\">\n<p>Els membres del Consell Escolar s\u00f3n elegits per un&nbsp;<strong>per\u00edode de quatre anys<\/strong>, amb la particularitat que&nbsp;<strong>cada dos anys es renova la meitat dels membres<\/strong>, assegurant aix\u00ed una renovaci\u00f3 constant i mantenint l\u2019experi\u00e8ncia i la continu\u00eftat en el funcionament de l\u2019\u00f2rgan.<\/p>\n\n\n\n<p>En resum, el Consell Escolar \u00e9s un espai fonamental per garantir la&nbsp;<strong>participaci\u00f3, la transpar\u00e8ncia i la col\u00b7laboraci\u00f3<\/strong>&nbsp;entre tots els membres de la comunitat educativa, contribuint a la millora cont\u00ednua del centre i al benestar de l\u2019alumnat.<\/p>\n\n\n\n<p>El Consell Escolar del centre est\u00e0 format per:<\/p>\n<\/div><\/div>\n<\/div>\n","protected":false},"excerpt":{"rendered":"<p>El Consell Escolar \u00e9s l\u2019\u00f2rgan col\u00b7legiat que garanteix la participaci\u00f3 de tota la comunitat educativa en la presa de decisions i en la gesti\u00f3 del centre. \u00c9s un espai de di\u00e0leg i col\u00b7laboraci\u00f3 on es representen els diferents sectors que intervenen en la vida escolar, amb l\u2019objectiu de millorar el funcionament i la qualitat educativa [&hellip;]<\/p>\n","protected":false},"author":14,"featured_media":0,"parent":0,"menu_order":0,"comment_status":"closed","ping_status":"close","template":"","meta":{"_bbp_topic_count":0,"_bbp_reply_count":0,"_bbp_total_topic_count":0,"_bbp_total_reply_count":0,"_bbp_voice_count":0,"_bbp_anonymous_reply_count":0,"_bbp_topic_count_hidden":0,"_bbp_reply_count_hidden":0,"_bbp_forum_subforum_count":0,"site-sidebar-layout":"default","site-content-layout":"","ast-site-content-layout":"default","site-content-style":"default","site-sidebar-style":"default","ast-global-header-display":"","ast-banner-title-visibility":"","ast-main-header-display":"","ast-hfb-above-header-display":"","ast-hfb-below-header-display":"","ast-hfb-mobile-header-display":"","site-post-title":"","ast-breadcrumbs-content":"","ast-featured-img":"","footer-sml-layout":"","theme-transparent-header-meta":"","adv-header-id-meta":"","stick-header-meta":"","header-above-stick-meta":"","header-main-stick-meta":"","header-below-stick-meta":"","astra-migrate-meta-layouts":"set","ast-page-background-enabled":"default","ast-page-background-meta":{"desktop":{"background-color":"var(--ast-global-color-4)","background-image":"","background-repeat":"repeat","background-position":"center center","background-size":"auto","background-attachment":"scroll","background-type":"","background-media":"","overlay-type":"","overlay-color":"","overlay-opacity":"","overlay-gradient":""},"tablet":{"background-color":"","background-image":"","background-repeat":"repeat","background-position":"center center","background-size":"auto","background-attachment":"scroll","background-type":"","background-media":"","overlay-type":"","overlay-color":"","overlay-opacity":"","overlay-gradient":""},"mobile":{"background-color":"","background-image":"","background-repeat":"repeat","background-position":"center center","background-size":"auto","background-attachment":"scroll","background-type":"","background-media":"","overlay-type":"","overlay-color":"","overlay-opacity":"","overlay-gradient":""}},"ast-content-background-meta":{"desktop":{"background-color":"var(--ast-global-color-5)","background-image":"","background-repeat":"repeat","background-position":"center center","background-size":"auto","background-attachment":"scroll","background-type":"","background-media":"","overlay-type":"","overlay-color":"","overlay-opacity":"","overlay-gradient":""},"tablet":{"background-color":"var(--ast-global-color-5)","background-image":"","background-repeat":"repeat","background-position":"center center","background-size":"auto","background-attachment":"scroll","background-type":"","background-media":"","overlay-type":"","overlay-color":"","overlay-opacity":"","overlay-gradient":""},"mobile":{"background-color":"var(--ast-global-color-5)","background-image":"","background-repeat":"repeat","background-position":"center center","background-size":"auto","background-attachment":"scroll","background-type":"","background-media":"","overlay-type":"","overlay-color":"","overlay-opacity":"","overlay-gradient":""}},"footnotes":""},"class_list":["post-4598","page","type-page","status-publish","hentry"],"post_mailing_queue_ids":[],"_links":{"self":[{"href":"https:\/\/agora.xtec.cat\/escolacharlierivel\/wp-json\/wp\/v2\/pages\/4598","targetHints":{"allow":["GET"]}}],"collection":[{"href":"https:\/\/agora.xtec.cat\/escolacharlierivel\/wp-json\/wp\/v2\/pages"}],"about":[{"href":"https:\/\/agora.xtec.cat\/escolacharlierivel\/wp-json\/wp\/v2\/types\/page"}],"author":[{"embeddable":true,"href":"https:\/\/agora.xtec.cat\/escolacharlierivel\/wp-json\/wp\/v2\/users\/14"}],"replies":[{"embeddable":true,"href":"https:\/\/agora.xtec.cat\/escolacharlierivel\/wp-json\/wp\/v2\/comments?post=4598"}],"version-history":[{"count":3,"href":"https:\/\/agora.xtec.cat\/escolacharlierivel\/wp-json\/wp\/v2\/pages\/4598\/revisions"}],"predecessor-version":[{"id":5410,"href":"https:\/\/agora.xtec.cat\/escolacharlierivel\/wp-json\/wp\/v2\/pages\/4598\/revisions\/5410"}],"wp:attachment":[{"href":"https:\/\/agora.xtec.cat\/escolacharlierivel\/wp-json\/wp\/v2\/media?parent=4598"}],"curies":[{"name":"wp","href":"https:\/\/api.w.org\/{rel}","templated":true}]}}