{"id":4597,"date":"2025-11-11T21:28:12","date_gmt":"2025-11-11T20:28:12","guid":{"rendered":"https:\/\/agora.xtec.cat\/escolacharlierivel\/?page_id=4597"},"modified":"2026-02-11T11:17:00","modified_gmt":"2026-02-11T10:17:00","slug":"lequip-huma","status":"publish","type":"page","link":"https:\/\/agora.xtec.cat\/escolacharlierivel\/lequip-huma\/","title":{"rendered":"L&#8217;equip hum\u00e0"},"content":{"rendered":"\n<p><strong>EQUIP DIRECTIU<\/strong><\/p>\n\n\n\n<p><strong>DIRECTORA: <\/strong>Anna B.<\/p>\n\n\n\n<p><strong>CAP D\u2019ESTUDIS:<\/strong> Asun G.<\/p>\n\n\n\n<p><strong>SECRET\u00c0RIA:<\/strong> Raquel B.<\/p>\n\n\n\n<p><strong>COORDINADORS I COORDINADORES<\/strong><\/p>\n\n\n\n<ul class=\"wp-block-list\">\n<li>COORDINADORA D\u2019EDUCACI\u00d3 INFANTIL: Lourdes P<\/li>\n\n\n\n<li>COORDINADORA DE PRIMARIA: Nerea S<\/li>\n\n\n\n<li>COORDINADOR DIGITAL: Marina M<\/li>\n\n\n\n<li>COORDINADOR DE RISCOS LABORALS: Paqui M<\/li>\n\n\n\n<li>COORDINADOR CLIC: Fina B<\/li>\n\n\n\n<li>COORDINADORA COCOBE: Xavi C<\/li>\n<\/ul>\n\n\n\n<p><strong>EDUCACI\u00d3 INFANTIL<\/strong><\/p>\n\n\n\n<ul class=\"wp-block-list\">\n<li>TUTORA GRUP DE I3: Laila S i Liber G<\/li>\n\n\n\n<li>TUTORA GRUP DE I4: Marta J<\/li>\n\n\n\n<li>TUTORA GRUP DE I5: Lourdes P<\/li>\n<\/ul>\n\n\n\n<p><strong>EDUCACI\u00d3 PRIM\u00c0RIA<\/strong><\/p>\n\n\n\n<ul class=\"wp-block-list\">\n<li>TUTORA&nbsp; DE CICLE INICIAL (PRIMER): Marta B<\/li>\n\n\n\n<li>TUTORA&nbsp; DE CICLE INICIAL (SEGON): Anna G i Rebeca P<\/li>\n<\/ul>\n\n\n\n<ul class=\"wp-block-list\">\n<li>TUTOR&nbsp; DE CICLE MITJ\u00c0 (TERCER): Ra\u00fal D<\/li>\n\n\n\n<li>TUTORA&nbsp; CICLE MITJ\u00c0 (QUART): Nerea S<\/li>\n<\/ul>\n\n\n\n<ul class=\"wp-block-list\">\n<li>TUTORA&nbsp; DE CICLE SUPERIOR (CINQU\u00c8): Marina M<\/li>\n\n\n\n<li>TUTOR&nbsp; CICLE SUPERIOR (SIS\u00c8): Miquel V<\/li>\n<\/ul>\n\n\n\n<p><strong>ESPECIALISTES I PERSONAL DE SUPORT<\/strong><\/p>\n\n\n\n<ul class=\"wp-block-list\">\n<li>AULA D&#8217;ACOLLIDA: Amanda A.<\/li>\n\n\n\n<li>M\u00daSICA: Xavi C.<\/li>\n\n\n\n<li>EDUCACI\u00d3 F\u00cdSICA: Cesc J.<\/li>\n\n\n\n<li>EDUCACI\u00d3 ESPECIAL: \u00d2scar G. i Encarni I.<\/li>\n\n\n\n<li>ANGL\u00c8S: Fina B.<\/li>\n\n\n\n<li>RELIGI\u00d3: Elizabeth P.<\/li>\n\n\n\n<li>SUPORT INFANTIL: Clara R i Rafaela G.<\/li>\n\n\n\n<li>SUPORT PRIM\u00c0RIA: Paqui M.<\/li>\n\n\n\n<li>TUTORA SIEI: Esmeralda P.<\/li>\n<\/ul>\n\n\n\n<p><strong>PERSONAL NO DOCENT<\/strong><\/p>\n\n\n\n<ul class=\"wp-block-list\">\n<li>T\u00c8CNICA D\u2019EDUCACI\u00d3 INFANTIL (TEI) : Eva B.<\/li>\n\n\n\n<li>T\u00c8CNICA D\u2019INTEGRACI\u00d3 SOCIAL (TIS): Cl\u00e0udia L.<\/li>\n\n\n\n<li>EDUCADORA D\u2019EDUCACI\u00d3 ESPECIAL: Adriana M.<\/li>\n\n\n\n<li>ADMINISTRATIVA: Lourdes M.<\/li>\n\n\n\n<li>CONSERGE: Carles B.<\/li>\n\n\n\n<li>VETLLADORS\/ES: Guadalupe A. i Toni G.<\/li>\n\n\n\n<li>COORDINADORA MENJADOR: N\u00faria C.<\/li>\n<\/ul>\n","protected":false},"excerpt":{"rendered":"<p>EQUIP DIRECTIU DIRECTORA: Anna B. CAP D\u2019ESTUDIS: Asun G. SECRET\u00c0RIA: Raquel B. COORDINADORS I COORDINADORES EDUCACI\u00d3 INFANTIL EDUCACI\u00d3 PRIM\u00c0RIA ESPECIALISTES I PERSONAL DE SUPORT PERSONAL NO DOCENT<\/p>\n","protected":false},"author":14,"featured_media":0,"parent":0,"menu_order":0,"comment_status":"closed","ping_status":"close","template":"","meta":{"_bbp_topic_count":0,"_bbp_reply_count":0,"_bbp_total_topic_count":0,"_bbp_total_reply_count":0,"_bbp_voice_count":0,"_bbp_anonymous_reply_count":0,"_bbp_topic_count_hidden":0,"_bbp_reply_count_hidden":0,"_bbp_forum_subforum_count":0,"site-sidebar-layout":"default","site-content-layout":"","ast-site-content-layout":"default","site-content-style":"default","site-sidebar-style":"default","ast-global-header-display":"","ast-banner-title-visibility":"","ast-main-header-display":"","ast-hfb-above-header-display":"","ast-hfb-below-header-display":"","ast-hfb-mobile-header-display":"","site-post-title":"","ast-breadcrumbs-content":"","ast-featured-img":"","footer-sml-layout":"","theme-transparent-header-meta":"","adv-header-id-meta":"","stick-header-meta":"","header-above-stick-meta":"","header-main-stick-meta":"","header-below-stick-meta":"","astra-migrate-meta-layouts":"set","ast-page-background-enabled":"default","ast-page-background-meta":{"desktop":{"background-color":"var(--ast-global-color-4)","background-image":"","background-repeat":"repeat","background-position":"center center","background-size":"auto","background-attachment":"scroll","background-type":"","background-media":"","overlay-type":"","overlay-color":"","overlay-opacity":"","overlay-gradient":""},"tablet":{"background-color":"","background-image":"","background-repeat":"repeat","background-position":"center center","background-size":"auto","background-attachment":"scroll","background-type":"","background-media":"","overlay-type":"","overlay-color":"","overlay-opacity":"","overlay-gradient":""},"mobile":{"background-color":"","background-image":"","background-repeat":"repeat","background-position":"center center","background-size":"auto","background-attachment":"scroll","background-type":"","background-media":"","overlay-type":"","overlay-color":"","overlay-opacity":"","overlay-gradient":""}},"ast-content-background-meta":{"desktop":{"background-color":"var(--ast-global-color-5)","background-image":"","background-repeat":"repeat","background-position":"center center","background-size":"auto","background-attachment":"scroll","background-type":"","background-media":"","overlay-type":"","overlay-color":"","overlay-opacity":"","overlay-gradient":""},"tablet":{"background-color":"var(--ast-global-color-5)","background-image":"","background-repeat":"repeat","background-position":"center center","background-size":"auto","background-attachment":"scroll","background-type":"","background-media":"","overlay-type":"","overlay-color":"","overlay-opacity":"","overlay-gradient":""},"mobile":{"background-color":"var(--ast-global-color-5)","background-image":"","background-repeat":"repeat","background-position":"center center","background-size":"auto","background-attachment":"scroll","background-type":"","background-media":"","overlay-type":"","overlay-color":"","overlay-opacity":"","overlay-gradient":""}},"footnotes":""},"class_list":["post-4597","page","type-page","status-publish","hentry"],"post_mailing_queue_ids":[],"_links":{"self":[{"href":"https:\/\/agora.xtec.cat\/escolacharlierivel\/wp-json\/wp\/v2\/pages\/4597","targetHints":{"allow":["GET"]}}],"collection":[{"href":"https:\/\/agora.xtec.cat\/escolacharlierivel\/wp-json\/wp\/v2\/pages"}],"about":[{"href":"https:\/\/agora.xtec.cat\/escolacharlierivel\/wp-json\/wp\/v2\/types\/page"}],"author":[{"embeddable":true,"href":"https:\/\/agora.xtec.cat\/escolacharlierivel\/wp-json\/wp\/v2\/users\/14"}],"replies":[{"embeddable":true,"href":"https:\/\/agora.xtec.cat\/escolacharlierivel\/wp-json\/wp\/v2\/comments?post=4597"}],"version-history":[{"count":4,"href":"https:\/\/agora.xtec.cat\/escolacharlierivel\/wp-json\/wp\/v2\/pages\/4597\/revisions"}],"predecessor-version":[{"id":5446,"href":"https:\/\/agora.xtec.cat\/escolacharlierivel\/wp-json\/wp\/v2\/pages\/4597\/revisions\/5446"}],"wp:attachment":[{"href":"https:\/\/agora.xtec.cat\/escolacharlierivel\/wp-json\/wp\/v2\/media?parent=4597"}],"curies":[{"name":"wp","href":"https:\/\/api.w.org\/{rel}","templated":true}]}}