{"id":4594,"date":"2025-11-11T21:28:12","date_gmt":"2025-11-11T20:28:12","guid":{"rendered":"https:\/\/agora.xtec.cat\/escolacharlierivel\/?page_id=4594"},"modified":"2025-11-12T12:04:51","modified_gmt":"2025-11-12T11:04:51","slug":"on-som","status":"publish","type":"page","link":"https:\/\/agora.xtec.cat\/escolacharlierivel\/on-som\/","title":{"rendered":"On som?"},"content":{"rendered":"\n<p><strong>L\u2019ESCOLA CHARLIE RIVEL ES TROBA AL\u2026<\/strong><\/p>\n\n\n\n<p>Carrer Llan\u00e7\u00e0 20, L\u2019Hospitalet de Llobregat (08904)<\/p>\n\n\n\n<p>MAPA<br><a href=\"https:\/\/maps.google.com\/maps?q=carrer+llan%C3%A7a+20+hospitalet&amp;oe=utf-8&amp;client=firefox-a&amp;ie=UTF8&amp;hq=carrer+llan%C3%A7a+20+hospitalet&amp;hnear=&amp;ll=41.372276,2.117041&amp;spn=0.006295,0.006295&amp;t=h&amp;source=embed\">View Larger<\/a><\/p>\n\n\n\n\n\n<p><strong>T\u2019expliquem com arrribar-hi en transport p\u00fablic:<\/strong><\/p>\n\n\n\n<p>T\u2019hi pots acostar en <strong>Metro<\/strong>: L\u00ednies L1 (Torrassa) i L5 (Collblanc)<\/p>\n\n\n\n<p>Tamb\u00e9 tenim el <strong>Tram<\/strong> a prop: L\u00ednies T1, T2 i T3 (Ernest Lluch)<\/p>\n\n\n\n<p><\/p>\n","protected":false},"excerpt":{"rendered":"<p>L\u2019ESCOLA CHARLIE RIVEL ES TROBA AL\u2026 Carrer Llan\u00e7\u00e0 20, L\u2019Hospitalet de Llobregat (08904) MAPAView Larger T\u2019expliquem com arrribar-hi en transport p\u00fablic: T\u2019hi pots acostar en Metro: L\u00ednies L1 (Torrassa) i L5 (Collblanc) Tamb\u00e9 tenim el Tram a prop: L\u00ednies T1, T2 i T3 (Ernest Lluch)<\/p>\n","protected":false},"author":14,"featured_media":0,"parent":0,"menu_order":0,"comment_status":"closed","ping_status":"close","template":"","meta":{"_bbp_topic_count":0,"_bbp_reply_count":0,"_bbp_total_topic_count":0,"_bbp_total_reply_count":0,"_bbp_voice_count":0,"_bbp_anonymous_reply_count":0,"_bbp_topic_count_hidden":0,"_bbp_reply_count_hidden":0,"_bbp_forum_subforum_count":0,"site-sidebar-layout":"default","site-content-layout":"","ast-site-content-layout":"default","site-content-style":"default","site-sidebar-style":"default","ast-global-header-display":"","ast-banner-title-visibility":"","ast-main-header-display":"","ast-hfb-above-header-display":"","ast-hfb-below-header-display":"","ast-hfb-mobile-header-display":"","site-post-title":"","ast-breadcrumbs-content":"","ast-featured-img":"","footer-sml-layout":"","theme-transparent-header-meta":"","adv-header-id-meta":"","stick-header-meta":"","header-above-stick-meta":"","header-main-stick-meta":"","header-below-stick-meta":"","astra-migrate-meta-layouts":"set","ast-page-background-enabled":"default","ast-page-background-meta":{"desktop":{"background-color":"var(--ast-global-color-4)","background-image":"","background-repeat":"repeat","background-position":"center center","background-size":"auto","background-attachment":"scroll","background-type":"","background-media":"","overlay-type":"","overlay-color":"","overlay-opacity":"","overlay-gradient":""},"tablet":{"background-color":"","background-image":"","background-repeat":"repeat","background-position":"center center","background-size":"auto","background-attachment":"scroll","background-type":"","background-media":"","overlay-type":"","overlay-color":"","overlay-opacity":"","overlay-gradient":""},"mobile":{"background-color":"","background-image":"","background-repeat":"repeat","background-position":"center center","background-size":"auto","background-attachment":"scroll","background-type":"","background-media":"","overlay-type":"","overlay-color":"","overlay-opacity":"","overlay-gradient":""}},"ast-content-background-meta":{"desktop":{"background-color":"var(--ast-global-color-5)","background-image":"","background-repeat":"repeat","background-position":"center center","background-size":"auto","background-attachment":"scroll","background-type":"","background-media":"","overlay-type":"","overlay-color":"","overlay-opacity":"","overlay-gradient":""},"tablet":{"background-color":"var(--ast-global-color-5)","background-image":"","background-repeat":"repeat","background-position":"center center","background-size":"auto","background-attachment":"scroll","background-type":"","background-media":"","overlay-type":"","overlay-color":"","overlay-opacity":"","overlay-gradient":""},"mobile":{"background-color":"var(--ast-global-color-5)","background-image":"","background-repeat":"repeat","background-position":"center center","background-size":"auto","background-attachment":"scroll","background-type":"","background-media":"","overlay-type":"","overlay-color":"","overlay-opacity":"","overlay-gradient":""}},"footnotes":""},"class_list":["post-4594","page","type-page","status-publish","hentry"],"post_mailing_queue_ids":[],"_links":{"self":[{"href":"https:\/\/agora.xtec.cat\/escolacharlierivel\/wp-json\/wp\/v2\/pages\/4594","targetHints":{"allow":["GET"]}}],"collection":[{"href":"https:\/\/agora.xtec.cat\/escolacharlierivel\/wp-json\/wp\/v2\/pages"}],"about":[{"href":"https:\/\/agora.xtec.cat\/escolacharlierivel\/wp-json\/wp\/v2\/types\/page"}],"author":[{"embeddable":true,"href":"https:\/\/agora.xtec.cat\/escolacharlierivel\/wp-json\/wp\/v2\/users\/14"}],"replies":[{"embeddable":true,"href":"https:\/\/agora.xtec.cat\/escolacharlierivel\/wp-json\/wp\/v2\/comments?post=4594"}],"version-history":[{"count":2,"href":"https:\/\/agora.xtec.cat\/escolacharlierivel\/wp-json\/wp\/v2\/pages\/4594\/revisions"}],"predecessor-version":[{"id":4758,"href":"https:\/\/agora.xtec.cat\/escolacharlierivel\/wp-json\/wp\/v2\/pages\/4594\/revisions\/4758"}],"wp:attachment":[{"href":"https:\/\/agora.xtec.cat\/escolacharlierivel\/wp-json\/wp\/v2\/media?parent=4594"}],"curies":[{"name":"wp","href":"https:\/\/api.w.org\/{rel}","templated":true}]}}