{"id":71,"date":"2014-09-18T12:44:56","date_gmt":"2014-09-18T12:44:56","guid":{"rendered":"http:\/\/agora.xtec.cat\/escolacharlesdarwin\/?page_id=71"},"modified":"2025-09-01T12:13:12","modified_gmt":"2025-09-01T10:13:12","slug":"serveis-digitals","status":"publish","type":"page","link":"https:\/\/agora.xtec.cat\/escolacharlesdarwin\/serveis\/serveis-digitals\/","title":{"rendered":"Documents descarregables"},"content":{"rendered":"\n<figure class=\"wp-block-table\"><table class=\"has-fixed-layout\" style=\"border-width:3px\"><tbody><tr><td>\n<h5>AUTORITZACIONS<\/h5>\n<\/td><td>\n<h5>GENERAL<\/h5>\n<\/td><\/tr><tr><td><ul><br><li><a href=\"https:\/\/agora.xtec.cat\/escolacharlesdarwin\/wp-content\/uploads\/usu160\/2024\/01\/Autoritzacio-sortides.pdf\">Autoritzaci\u00f3 sortides<\/a><\/li><br><li><a href=\"https:\/\/agora.xtec.cat\/escolacharlesdarwin\/wp-content\/uploads\/usu160\/2019\/10\/Autoritzaci\u00f3-medicaments.pdf\">Autoritzaci\u00f3 per subministrar medicaments<\/a><\/li><br><li><a href=\"https:\/\/agora.xtec.cat\/escolacharlesdarwin\/wp-content\/uploads\/usu160\/2019\/10\/Autoritzaci\u00f3-a-marxar-sols.pdf\">Autoritzaci\u00f3 a marxar sols<\/a><\/li><br><li><a href=\"https:\/\/agora.xtec.cat\/escolacharlesdarwin\/wp-content\/uploads\/usu160\/2019\/10\/Autoritzaci\u00f3-a-marxar-amb-un-familiar.pdf\">Autoritzaci\u00f3 a marxar amb un familiar<\/a><\/li><br><li><a href=\"https:\/\/drive.google.com\/file\/d\/1C-SDK4lATqsuMyxBUo0vFQxscFCMR-Ku\/view?usp=sharing\">Autoritzaci\u00f3 d&#8217;imatge<\/a><\/li><br><li><a href=\"https:\/\/agora.xtec.cat\/escolacharlesdarwin\/wp-content\/uploads\/usu160\/2022\/05\/Autoritzacio-us-de-serveis-i-recursos-digitals.pdf\">Autoritzaci\u00f3 \u00fas de serveis i recursos digitals<\/a><\/li><br><li><a href=\"https:\/\/agora.xtec.cat\/escolacharlesdarwin\/wp-content\/uploads\/usu160\/2020\/09\/Autoritzaci\u00f3-a-marxar-amb-un-menor.pdf\">Autoritzaci\u00f3 a marxar amb un menor<\/a><\/li><br><li><a href=\"https:\/\/agora.xtec.cat\/escolacharlesdarwin\/wp-content\/uploads\/usu160\/2023\/10\/Domiciliacio-bancaria.pdf\">Consentiment per al tractament de dades banc\u00e0ries<\/a><\/li><br><\/ul><\/td><td>\n<ul style=\"list-style-type: disc;\">\n<li><a href=\"https:\/\/agora.xtec.cat\/escolacharlesdarwin\/wp-content\/uploads\/usu160\/2023\/05\/Carta-compromis-educatiu.pdf\">Carta comprom\u00eds educatiu<\/a><\/li>\n<li><a href=\"https:\/\/agora.xtec.cat\/escolacharlesdarwin\/wp-content\/uploads\/usu160\/2023\/05\/peticio_generica_CAT.pdf\">Petici\u00f3 gen\u00e8rica<\/a><\/li>\n<\/ul>\n<\/td><\/tr><tr><td>\n<h5>ABS\u00c8NCIES<\/h5>\n<\/td><td rowspan=\"2\">&nbsp;<\/td><\/tr><tr><td>\n<ul>\n<li><a href=\"https:\/\/agora.xtec.cat\/escolacharlesdarwin\/wp-content\/uploads\/usu160\/2019\/10\/Justificaci\u00f3-abs\u00e8ncies-alumnat.pdf\">Justificaci\u00f3 abs\u00e8ncies alumnat<\/a><\/li>\n<\/ul>\n<\/td><\/tr><\/tbody><\/table><\/figure>\n","protected":false},"excerpt":{"rendered":"<p>AUTORITZACIONS GENERAL Autoritzaci\u00f3 sortides Autoritzaci\u00f3 per subministrar medicaments Autoritzaci\u00f3 a marxar sols Autoritzaci\u00f3 a marxar amb un familiar Autoritzaci\u00f3 d&#8217;imatge [&hellip;]<\/p>\n","protected":false},"author":2,"featured_media":0,"parent":66,"menu_order":10,"comment_status":"closed","ping_status":"closed","template":"","meta":{"site-sidebar-layout":"default","site-content-layout":"","ast-site-content-layout":"default","site-content-style":"default","site-sidebar-style":"default","ast-global-header-display":"","ast-banner-title-visibility":"","ast-main-header-display":"","ast-hfb-above-header-display":"","ast-hfb-below-header-display":"","ast-hfb-mobile-header-display":"","site-post-title":"","ast-breadcrumbs-content":"","ast-featured-img":"","footer-sml-layout":"","theme-transparent-header-meta":"","adv-header-id-meta":"","stick-header-meta":"","header-above-stick-meta":"","header-main-stick-meta":"","header-below-stick-meta":"","astra-migrate-meta-layouts":"set","ast-page-background-enabled":"default","ast-page-background-meta":{"desktop":{"background-color":"var(--ast-global-color-4)","background-image":"","background-repeat":"repeat","background-position":"center center","background-size":"auto","background-attachment":"scroll","background-type":"","background-media":"","overlay-type":"","overlay-color":"","overlay-opacity":"","overlay-gradient":""},"tablet":{"background-color":"","background-image":"","background-repeat":"repeat","background-position":"center center","background-size":"auto","background-attachment":"scroll","background-type":"","background-media":"","overlay-type":"","overlay-color":"","overlay-opacity":"","overlay-gradient":""},"mobile":{"background-color":"","background-image":"","background-repeat":"repeat","background-position":"center center","background-size":"auto","background-attachment":"scroll","background-type":"","background-media":"","overlay-type":"","overlay-color":"","overlay-opacity":"","overlay-gradient":""}},"ast-content-background-meta":{"desktop":{"background-color":"var(--ast-global-color-5)","background-image":"","background-repeat":"repeat","background-position":"center center","background-size":"auto","background-attachment":"scroll","background-type":"","background-media":"","overlay-type":"","overlay-color":"","overlay-opacity":"","overlay-gradient":""},"tablet":{"background-color":"var(--ast-global-color-5)","background-image":"","background-repeat":"repeat","background-position":"center center","background-size":"auto","background-attachment":"scroll","background-type":"","background-media":"","overlay-type":"","overlay-color":"","overlay-opacity":"","overlay-gradient":""},"mobile":{"background-color":"var(--ast-global-color-5)","background-image":"","background-repeat":"repeat","background-position":"center center","background-size":"auto","background-attachment":"scroll","background-type":"","background-media":"","overlay-type":"","overlay-color":"","overlay-opacity":"","overlay-gradient":""}},"footnotes":""},"class_list":["post-71","page","type-page","status-publish","hentry"],"post_mailing_queue_ids":[],"_links":{"self":[{"href":"https:\/\/agora.xtec.cat\/escolacharlesdarwin\/wp-json\/wp\/v2\/pages\/71","targetHints":{"allow":["GET"]}}],"collection":[{"href":"https:\/\/agora.xtec.cat\/escolacharlesdarwin\/wp-json\/wp\/v2\/pages"}],"about":[{"href":"https:\/\/agora.xtec.cat\/escolacharlesdarwin\/wp-json\/wp\/v2\/types\/page"}],"author":[{"embeddable":true,"href":"https:\/\/agora.xtec.cat\/escolacharlesdarwin\/wp-json\/wp\/v2\/users\/2"}],"replies":[{"embeddable":true,"href":"https:\/\/agora.xtec.cat\/escolacharlesdarwin\/wp-json\/wp\/v2\/comments?post=71"}],"version-history":[{"count":6,"href":"https:\/\/agora.xtec.cat\/escolacharlesdarwin\/wp-json\/wp\/v2\/pages\/71\/revisions"}],"predecessor-version":[{"id":29648,"href":"https:\/\/agora.xtec.cat\/escolacharlesdarwin\/wp-json\/wp\/v2\/pages\/71\/revisions\/29648"}],"up":[{"embeddable":true,"href":"https:\/\/agora.xtec.cat\/escolacharlesdarwin\/wp-json\/wp\/v2\/pages\/66"}],"wp:attachment":[{"href":"https:\/\/agora.xtec.cat\/escolacharlesdarwin\/wp-json\/wp\/v2\/media?parent=71"}],"curies":[{"name":"wp","href":"https:\/\/api.w.org\/{rel}","templated":true}]}}