{"id":36,"date":"2014-09-18T12:33:11","date_gmt":"2014-09-18T12:33:11","guid":{"rendered":"http:\/\/agora.xtec.cat\/escolacharlesdarwin\/?page_id=36"},"modified":"2025-09-12T12:28:49","modified_gmt":"2025-09-12T10:28:49","slug":"material-escolar","status":"publish","type":"page","link":"https:\/\/agora.xtec.cat\/escolacharlesdarwin\/lescola\/material-escolar\/","title":{"rendered":"Material escolar i llibres de text 2025-26"},"content":{"rendered":"<div class=\"container-wrapper-genially\" style=\"position: relative; min-height: 400px; max-width: 100%;\">\n<p><video class=\"loader-genially\" style=\"position: absolute; top: 45%; left: 50%; transform: translate(-50%, -50%); width: 80px; height: 80px; margin-bottom: 10%;\" autoplay=\"autoplay\" loop=\"loop\" muted=\"muted\" width=\"300\" height=\"150\"><source src=\"https:\/\/static.genially.com\/resources\/loader-default-rebranding.mp4\" type=\"video\/mp4\" \/>Your browser does not support the video tag.<\/video><\/p>\n<div id=\"66619940013c0c0014193049\" class=\"genially-embed\" style=\"margin: 0px auto; position: relative; height: auto; width: 100%;\"><\/div>\n<\/div>\n<p><script>(function (d) { var js, id = \"genially-embed-js\", ref = d.getElementsByTagName(\"script\")[0]; if (d.getElementById(id)) { return; } js = d.createElement(\"script\"); js.id = id; js.async = true; js.src = \"https:\/\/view.genially.com\/static\/embed\/embed.js\"; ref.parentNode.insertBefore(js, ref); }(document));<\/script><br \/>\n<img loading=\"lazy\" decoding=\"async\" id=\"irc_mi\" class=\"aligncenter\" src=\"http:\/\/4.bp.blogspot.com\/-j-d8erwGT1k\/TaYM89o47PI\/AAAAAAAAATE\/adiMmfY41eM\/s1600\/organizador_escritorio%255B1%255D.jpg\" alt=\"\" width=\"304\" height=\"265\" \/><\/p>\n<p>Es fixa una aportaci\u00f3 volunt\u00e0ria anual de <strong>70 \u20ac per alumne\/a<\/strong>, que es far\u00e0 efectiva el dia <strong>5 de setembre de 2025<\/strong>, destinada a cobrir les despeses de material fungible emprat a les aules, aix\u00ed com les fotoc\u00f2pies necess\u00e0ries per a les diferents \u00e0rees.<\/p>\n<p>El <strong>val escolar de 60 euros<\/strong> s\u2019adre\u00e7a a les fam\u00edlies dels alumnes que al curs 2025-2026 facin prim\u00e0ria i es pot cedir al centre educatiu abans del dia 1 de setembre de 2025. En aquest cas, la quota de cobrament per part de l&#8217;escola es redueix a 10\u20ac.<\/p>\n","protected":false},"excerpt":{"rendered":"<p>Your browser does not support the video tag. Es fixa una aportaci\u00f3 volunt\u00e0ria anual de 70 \u20ac per alumne\/a, que [&hellip;]<\/p>\n","protected":false},"author":2,"featured_media":0,"parent":22,"menu_order":70,"comment_status":"closed","ping_status":"closed","template":"","meta":{"site-sidebar-layout":"default","site-content-layout":"","ast-site-content-layout":"default","site-content-style":"default","site-sidebar-style":"default","ast-global-header-display":"","ast-banner-title-visibility":"","ast-main-header-display":"","ast-hfb-above-header-display":"","ast-hfb-below-header-display":"","ast-hfb-mobile-header-display":"","site-post-title":"","ast-breadcrumbs-content":"","ast-featured-img":"","footer-sml-layout":"","theme-transparent-header-meta":"","adv-header-id-meta":"","stick-header-meta":"","header-above-stick-meta":"","header-main-stick-meta":"","header-below-stick-meta":"","astra-migrate-meta-layouts":"set","ast-page-background-enabled":"default","ast-page-background-meta":{"desktop":{"background-color":"var(--ast-global-color-4)","background-image":"","background-repeat":"repeat","background-position":"center center","background-size":"auto","background-attachment":"scroll","background-type":"","background-media":"","overlay-type":"","overlay-color":"","overlay-opacity":"","overlay-gradient":""},"tablet":{"background-color":"","background-image":"","background-repeat":"repeat","background-position":"center center","background-size":"auto","background-attachment":"scroll","background-type":"","background-media":"","overlay-type":"","overlay-color":"","overlay-opacity":"","overlay-gradient":""},"mobile":{"background-color":"","background-image":"","background-repeat":"repeat","background-position":"center center","background-size":"auto","background-attachment":"scroll","background-type":"","background-media":"","overlay-type":"","overlay-color":"","overlay-opacity":"","overlay-gradient":""}},"ast-content-background-meta":{"desktop":{"background-color":"var(--ast-global-color-5)","background-image":"","background-repeat":"repeat","background-position":"center center","background-size":"auto","background-attachment":"scroll","background-type":"","background-media":"","overlay-type":"","overlay-color":"","overlay-opacity":"","overlay-gradient":""},"tablet":{"background-color":"var(--ast-global-color-5)","background-image":"","background-repeat":"repeat","background-position":"center center","background-size":"auto","background-attachment":"scroll","background-type":"","background-media":"","overlay-type":"","overlay-color":"","overlay-opacity":"","overlay-gradient":""},"mobile":{"background-color":"var(--ast-global-color-5)","background-image":"","background-repeat":"repeat","background-position":"center center","background-size":"auto","background-attachment":"scroll","background-type":"","background-media":"","overlay-type":"","overlay-color":"","overlay-opacity":"","overlay-gradient":""}},"footnotes":""},"class_list":["post-36","page","type-page","status-publish","hentry"],"post_mailing_queue_ids":[],"_links":{"self":[{"href":"https:\/\/agora.xtec.cat\/escolacharlesdarwin\/wp-json\/wp\/v2\/pages\/36","targetHints":{"allow":["GET"]}}],"collection":[{"href":"https:\/\/agora.xtec.cat\/escolacharlesdarwin\/wp-json\/wp\/v2\/pages"}],"about":[{"href":"https:\/\/agora.xtec.cat\/escolacharlesdarwin\/wp-json\/wp\/v2\/types\/page"}],"author":[{"embeddable":true,"href":"https:\/\/agora.xtec.cat\/escolacharlesdarwin\/wp-json\/wp\/v2\/users\/2"}],"replies":[{"embeddable":true,"href":"https:\/\/agora.xtec.cat\/escolacharlesdarwin\/wp-json\/wp\/v2\/comments?post=36"}],"version-history":[{"count":6,"href":"https:\/\/agora.xtec.cat\/escolacharlesdarwin\/wp-json\/wp\/v2\/pages\/36\/revisions"}],"predecessor-version":[{"id":29660,"href":"https:\/\/agora.xtec.cat\/escolacharlesdarwin\/wp-json\/wp\/v2\/pages\/36\/revisions\/29660"}],"up":[{"embeddable":true,"href":"https:\/\/agora.xtec.cat\/escolacharlesdarwin\/wp-json\/wp\/v2\/pages\/22"}],"wp:attachment":[{"href":"https:\/\/agora.xtec.cat\/escolacharlesdarwin\/wp-json\/wp\/v2\/media?parent=36"}],"curies":[{"name":"wp","href":"https:\/\/api.w.org\/{rel}","templated":true}]}}